{"id":19119,"date":"2023-05-29T09:42:15","date_gmt":"2023-05-29T12:42:15","guid":{"rendered":"https:\/\/vetsul.com\/?post_type=product&#038;p=19119"},"modified":"2025-02-07T16:00:39","modified_gmt":"2025-02-07T19:00:39","slug":"caneleira-atria-ultra-com-velcro","status":"publish","type":"product","link":"https:\/\/vetsul.com\/index.php\/product\/caneleira-atria-ultra-com-velcro\/","title":{"rendered":"CANELEIRA ATRIA ULTRA COM VELCRO"},"content":{"rendered":"<p>Caneleira produzida com composto termopl\u00e1stico de alta qualidade, possuindo flexibilidade, resist\u00eancia, absor\u00e7\u00e3o de impacto e formato anat\u00f4mico. Duplo fechamento em el\u00e1stico de alta tens\u00e3o, com regulador de tr\u00eas est\u00e1gios e pinos em a\u00e7o inox. Forro interno em Neoprene de f\u00e1cil higieniza\u00e7\u00e3o e debrum em lycra.<\/p>\n<p>Previne e ameniza les\u00f5es nos tend\u00f5es, proporcionando ao cavalo conforto e elevada prote\u00e7\u00e3o<\/p>\n","protected":false},"excerpt":{"rendered":"<p>Caneleira produzida com composto termopl\u00e1stico de alta qualidade, possuindo flexibilidade, resist\u00eancia, absor\u00e7\u00e3o de impacto e formato anat\u00f4mico. Duplo fechamento em el\u00e1stico de<\/p>\n","protected":false},"featured_media":19115,"template":"","meta":{"_acf_changed":false},"product_brand":[1177],"product_cat":[200,163,192,194],"product_tag":[1178],"class_list":{"0":"post-19119","1":"product","2":"type-product","3":"status-publish","4":"has-post-thumbnail","6":"product_brand-vtr-ventury","7":"product_cat-agropecuaria-equipamentos","8":"product_cat-equinos","9":"product_cat-higiene-e-cuidados","10":"product_cat-todos-os-produtos","11":"product_tag-hipismo","13":"first","14":"outofstock","15":"shipping-taxable","16":"purchasable","17":"product-type-simple"},"acf":[],"_links":{"self":[{"href":"https:\/\/vetsul.com\/index.php\/wp-json\/wp\/v2\/product\/19119","targetHints":{"allow":["GET"]}}],"collection":[{"href":"https:\/\/vetsul.com\/index.php\/wp-json\/wp\/v2\/product"}],"about":[{"href":"https:\/\/vetsul.com\/index.php\/wp-json\/wp\/v2\/types\/product"}],"wp:featuredmedia":[{"embeddable":true,"href":"https:\/\/vetsul.com\/index.php\/wp-json\/wp\/v2\/media\/19115"}],"wp:attachment":[{"href":"https:\/\/vetsul.com\/index.php\/wp-json\/wp\/v2\/media?parent=19119"}],"wp:term":[{"taxonomy":"product_brand","embeddable":true,"href":"https:\/\/vetsul.com\/index.php\/wp-json\/wp\/v2\/product_brand?post=19119"},{"taxonomy":"product_cat","embeddable":true,"href":"https:\/\/vetsul.com\/index.php\/wp-json\/wp\/v2\/product_cat?post=19119"},{"taxonomy":"product_tag","embeddable":true,"href":"https:\/\/vetsul.com\/index.php\/wp-json\/wp\/v2\/product_tag?post=19119"}],"curies":[{"name":"wp","href":"https:\/\/api.w.org\/{rel}","templated":true}]}}