{"id":19117,"date":"2023-05-29T09:33:29","date_gmt":"2023-05-29T12:33:29","guid":{"rendered":"https:\/\/vetsul.com\/?post_type=product&#038;p=19117"},"modified":"2025-02-07T16:00:39","modified_gmt":"2025-02-07T19:00:39","slug":"caneleira-nekkar-velcro","status":"publish","type":"product","link":"https:\/\/vetsul.com\/index.php\/product\/caneleira-nekkar-velcro\/","title":{"rendered":"CANELEIRA NEKKAR VELCRO"},"content":{"rendered":"<p>Caneleira com sistema TOP FLEX, proporcionando flexibilidade e movimento na parte superior. Produzida com composto termopl\u00e1stico de alta qualidade, possuindo flexibilidade, resist\u00eancia, maior absor\u00e7\u00e3o de impacto e formato anat\u00f4mico. Duplo fechamento em el\u00e1stico de alta tens\u00e3o, velcro com refor\u00e7o, de \u00f3tima ader\u00eancia, permite praticidade na coloca\u00e7\u00e3o e retirada. Forro interno em Neoprene de f\u00e1cil higieniza\u00e7\u00e3o e debrum em lycra. Previne e ameniza les\u00f5es nos tend\u00f5es, proporcionando ao cavalo conforto e elevada prote\u00e7\u00e3o.<\/p>\n","protected":false},"excerpt":{"rendered":"<p>Caneleira com sistema TOP FLEX, proporcionando flexibilidade e movimento na parte superior. Produzida com composto termopl\u00e1stico de alta qualidade, possuindo flexibilidade, resist\u00eancia,<\/p>\n","protected":false},"featured_media":19110,"template":"","meta":{"_acf_changed":false},"product_brand":[1177],"product_cat":[15],"product_tag":[1179,1178],"class_list":{"0":"post-19117","1":"product","2":"type-product","3":"status-publish","4":"has-post-thumbnail","6":"product_brand-vtr-ventury","7":"product_cat-uncategorized","8":"product_tag-caneleira","9":"product_tag-hipismo","11":"first","12":"outofstock","13":"shipping-taxable","14":"purchasable","15":"product-type-simple"},"acf":[],"_links":{"self":[{"href":"https:\/\/vetsul.com\/index.php\/wp-json\/wp\/v2\/product\/19117","targetHints":{"allow":["GET"]}}],"collection":[{"href":"https:\/\/vetsul.com\/index.php\/wp-json\/wp\/v2\/product"}],"about":[{"href":"https:\/\/vetsul.com\/index.php\/wp-json\/wp\/v2\/types\/product"}],"wp:featuredmedia":[{"embeddable":true,"href":"https:\/\/vetsul.com\/index.php\/wp-json\/wp\/v2\/media\/19110"}],"wp:attachment":[{"href":"https:\/\/vetsul.com\/index.php\/wp-json\/wp\/v2\/media?parent=19117"}],"wp:term":[{"taxonomy":"product_brand","embeddable":true,"href":"https:\/\/vetsul.com\/index.php\/wp-json\/wp\/v2\/product_brand?post=19117"},{"taxonomy":"product_cat","embeddable":true,"href":"https:\/\/vetsul.com\/index.php\/wp-json\/wp\/v2\/product_cat?post=19117"},{"taxonomy":"product_tag","embeddable":true,"href":"https:\/\/vetsul.com\/index.php\/wp-json\/wp\/v2\/product_tag?post=19117"}],"curies":[{"name":"wp","href":"https:\/\/api.w.org\/{rel}","templated":true}]}}