{"id":19093,"date":"2023-05-27T11:48:15","date_gmt":"2023-05-27T14:48:15","guid":{"rendered":"https:\/\/vetsul.com\/?post_type=product&#038;p=19093"},"modified":"2025-04-08T10:41:54","modified_gmt":"2025-04-08T13:41:54","slug":"pa-peneira-limpa-baias-de-cavalo-modelo-pequeno-sem-cabo","status":"publish","type":"product","link":"https:\/\/vetsul.com\/index.php\/product\/pa-peneira-limpa-baias-de-cavalo-modelo-pequeno-sem-cabo\/","title":{"rendered":"P\u00e1-peneira Limpa Baias de Cavalo &#8211; Modelo Pequeno SEM CABO"},"content":{"rendered":"<h1><span data-darkreader-inline-color=\"\"><strong>P\u00e1-peneira Limpa Baias de Cavalo &#8211; Pequena<\/strong><\/span><\/h1>\n<p><strong>Retira as fezes sem desperdi\u00e7ar areia.<\/strong><\/p>\n<p>A\u00a0<span data-darkreader-inline-color=\"\">P\u00e1-Peneira<\/span>\u00a0\u00e9 a ferramenta mais efetiva na limpeza das baias com areia lavada.<\/p>\n<p><strong>Alta durabilidade<\/strong>, para aguentar grandes cargas de trabalho por longos per\u00edodos.<\/p>\n<p>Por ser menor, ela entra mais f\u00e1cil na areia. Como a areia \u00e9 pesada, com o modelo Pequeno \u00e9 mais f\u00e1cil trabalhar.<\/p>\n<p>Com ela, voc\u00ea n\u00e3o precisa mais usar v\u00e1rias ferramentas, nem ficar se abaixando e nem levar mais tempo do que o necess\u00e1rio.<\/p>\n<p>Fa\u00e7a a limpeza de chocheiras muito mais r\u00e1pido, com uma ferramenta pr\u00e1tica e resistente.<\/p>\n<p><strong>Voc\u00ea merece uma ferramenta boa pra esse servi\u00e7o.<\/strong>\u00a0Comprar o melhor para voc\u00ea e para o seu cavalo, presentear voc\u00ea mesmo.\u00a0Essa\u00a0ferramenta\u00a0te recompensam cada vez que \u00e9 usada. Todo santo dia, sem falta.<br \/>\n<span data-darkreader-inline-color=\"\"><strong>O QUE ACOMPANHA?<\/strong><\/span><\/p>\n<p>&#8211; P\u00e1-peneira Tamanho Pequena;<br \/>\n<span data-darkreader-inline-color=\"\"><strong>CARACTER\u00cdSTICAS:<\/strong><\/span><\/p>\n<p><strong>Dimens\u00f5es<\/strong>: 33 x 33 x 6\u00a0cm;<br \/>\n<strong>Peso<\/strong>: 1250 gramas;<br \/>\n<strong>Material<\/strong>: A\u00e7o Carbono;<br \/>\n<strong>Tratamento<\/strong>: Galvaniza\u00e7\u00e3o \/ Zincagem.<br \/>\n<strong>Tamanho dos v\u00e3os<\/strong>: 1,8mm<br \/>\n<strong>SKU<\/strong>: AM003\u00a0(Sem cabo)<\/p>\n","protected":false},"excerpt":{"rendered":"<p>P\u00e1-peneira Limpa Baias de Cavalo &#8211; Pequena Retira as fezes sem desperdi\u00e7ar areia. A\u00a0P\u00e1-Peneira\u00a0\u00e9 a ferramenta mais efetiva na limpeza das baias<\/p>\n","protected":false},"featured_media":19096,"template":"","meta":{"_acf_changed":false},"product_brand":[1172],"product_cat":[200,166,194],"product_tag":[1173,1175,988,1174],"class_list":{"0":"post-19093","1":"product","2":"type-product","3":"status-publish","4":"has-post-thumbnail","6":"product_brand-am-ferramentas","7":"product_cat-agropecuaria-equipamentos","8":"product_cat-equipamentos-utensilios-e-materiais-hospitalares","9":"product_cat-todos-os-produtos","10":"product_tag-baia","11":"product_tag-cocheira","12":"product_tag-limpeza","13":"product_tag-maravalha","15":"first","16":"outofstock","17":"shipping-taxable","18":"purchasable","19":"product-type-simple"},"acf":[],"_links":{"self":[{"href":"https:\/\/vetsul.com\/index.php\/wp-json\/wp\/v2\/product\/19093","targetHints":{"allow":["GET"]}}],"collection":[{"href":"https:\/\/vetsul.com\/index.php\/wp-json\/wp\/v2\/product"}],"about":[{"href":"https:\/\/vetsul.com\/index.php\/wp-json\/wp\/v2\/types\/product"}],"wp:featuredmedia":[{"embeddable":true,"href":"https:\/\/vetsul.com\/index.php\/wp-json\/wp\/v2\/media\/19096"}],"wp:attachment":[{"href":"https:\/\/vetsul.com\/index.php\/wp-json\/wp\/v2\/media?parent=19093"}],"wp:term":[{"taxonomy":"product_brand","embeddable":true,"href":"https:\/\/vetsul.com\/index.php\/wp-json\/wp\/v2\/product_brand?post=19093"},{"taxonomy":"product_cat","embeddable":true,"href":"https:\/\/vetsul.com\/index.php\/wp-json\/wp\/v2\/product_cat?post=19093"},{"taxonomy":"product_tag","embeddable":true,"href":"https:\/\/vetsul.com\/index.php\/wp-json\/wp\/v2\/product_tag?post=19093"}],"curies":[{"name":"wp","href":"https:\/\/api.w.org\/{rel}","templated":true}]}}