{"id":19084,"date":"2023-05-27T11:33:01","date_gmt":"2023-05-27T14:33:01","guid":{"rendered":"https:\/\/vetsul.com\/?post_type=product&#038;p=19084"},"modified":"2025-08-11T10:40:46","modified_gmt":"2025-08-11T13:40:46","slug":"garfo-de-aco-profissional-para-limpar-baia-de-cavalo-sem-cabo","status":"publish","type":"product","link":"https:\/\/vetsul.com\/index.php\/product\/garfo-de-aco-profissional-para-limpar-baia-de-cavalo-sem-cabo\/","title":{"rendered":"Garfo de A\u00e7o Profissional para Limpar Baia de Cavalo &#8211; SEM CABO"},"content":{"rendered":"<h1><span data-darkreader-inline-color=\"\"><strong>Garfo De A\u00e7o Forcado Profissional<\/strong><\/span><\/h1>\n<p>O Garfo forcado da AM Ferramentas \u00e9\u00a0o equil\u00edbrio perfeito entre\u00a0<span data-darkreader-inline-color=\"\"><strong>efici\u00eancia<\/strong><\/span>\u00a0e\u00a0<strong><span data-darkreader-inline-color=\"\">durabilidade<\/span><\/strong>. Produzidos artesanalmente\u00a0em a\u00e7o e revestido com uma pintura ep\u00f3xi, garantindo maior resist\u00eancia \u00e0 oxida\u00e7\u00e3o do ferro.\u00a0Material de excelente qualidade, pensado para trabalhos leves e pesados, e para durar por muito tempo!<\/p>\n<p>Tem a exclusividade das grades laterais para auxiliar no momento de peneirar.<\/p>\n<p><strong>O QUE ACOMPANHA?<\/strong><\/p>\n<p>&#8211; Garfo de A\u00e7o Profissional;<\/p>\n<p><span data-darkreader-inline-color=\"\"><strong>VANTAGENS DE USAR NOSSO\u00a0GARFO FORCADO:<\/strong><\/span><\/p>\n<p>&#8211; Mais Robusto e Simples de usar do que os Garfos semelhantes;<br \/>\n&#8211; Mais Forte e Resistente do que os similares de pl\u00e1stico.<\/p>\n<p>&nbsp;<\/p>\n<p><span data-darkreader-inline-color=\"\"><b>UTILIDADES:<\/b><\/span><\/p>\n<p>Dentre as ferramentas de jardinagem, o Garfo Forcado \u00e9 uma das que mais tem utilidades:<br \/>\n&#8211; Remover sujeira das baias dos cavalos;- Amontoar pasto;<br \/>\n&#8211; Revirar o solo;- Misturar adubo;- Movimenta feno ou alfafa;<br \/>\n&#8211; Retirar detritos da horta e tantas outras utilidades que voc\u00ea pode pensar.<\/p>\n<p data-darkreader-inline-color=\"\"><span data-darkreader-inline-color=\"\"><b>CARACTER\u00cdSTICAS:<\/b><\/span><\/p>\n<p data-darkreader-inline-color=\"\"><strong>Material<\/strong>: A\u00e7o com Pintura Ep\u00f3xi<br \/>\n<strong>Dimens\u00f5es<\/strong>: 32\u00a0x 32 x 8,5\u00a0cm<br \/>\n<strong>Peso<\/strong>: 1800\u00a0g<br \/>\n<span data-darkreader-inline-color=\"\"><b>Modelo<\/b>: Profissional<br \/>\n<strong>Quantidade de Dentes<\/strong>: 16<\/span><br \/>\n<strong>SKU<\/strong>: AM033 (Sem Cabo)<\/p>\n","protected":false},"excerpt":{"rendered":"<p>Garfo De A\u00e7o Forcado Profissional O Garfo forcado da AM Ferramentas \u00e9\u00a0o equil\u00edbrio perfeito entre\u00a0efici\u00eancia\u00a0e\u00a0durabilidade. Produzidos artesanalmente\u00a0em a\u00e7o e revestido com uma<\/p>\n","protected":false},"featured_media":19085,"template":"","meta":{"_acf_changed":false},"product_brand":[1172],"product_cat":[200,166,194],"product_tag":[1173,1175,988],"class_list":{"0":"post-19084","1":"product","2":"type-product","3":"status-publish","4":"has-post-thumbnail","6":"product_brand-am-ferramentas","7":"product_cat-agropecuaria-equipamentos","8":"product_cat-equipamentos-utensilios-e-materiais-hospitalares","9":"product_cat-todos-os-produtos","10":"product_tag-baia","11":"product_tag-cocheira","12":"product_tag-limpeza","14":"first","15":"instock","16":"shipping-taxable","17":"purchasable","18":"product-type-simple"},"acf":[],"_links":{"self":[{"href":"https:\/\/vetsul.com\/index.php\/wp-json\/wp\/v2\/product\/19084","targetHints":{"allow":["GET"]}}],"collection":[{"href":"https:\/\/vetsul.com\/index.php\/wp-json\/wp\/v2\/product"}],"about":[{"href":"https:\/\/vetsul.com\/index.php\/wp-json\/wp\/v2\/types\/product"}],"wp:featuredmedia":[{"embeddable":true,"href":"https:\/\/vetsul.com\/index.php\/wp-json\/wp\/v2\/media\/19085"}],"wp:attachment":[{"href":"https:\/\/vetsul.com\/index.php\/wp-json\/wp\/v2\/media?parent=19084"}],"wp:term":[{"taxonomy":"product_brand","embeddable":true,"href":"https:\/\/vetsul.com\/index.php\/wp-json\/wp\/v2\/product_brand?post=19084"},{"taxonomy":"product_cat","embeddable":true,"href":"https:\/\/vetsul.com\/index.php\/wp-json\/wp\/v2\/product_cat?post=19084"},{"taxonomy":"product_tag","embeddable":true,"href":"https:\/\/vetsul.com\/index.php\/wp-json\/wp\/v2\/product_tag?post=19084"}],"curies":[{"name":"wp","href":"https:\/\/api.w.org\/{rel}","templated":true}]}}