{"id":19068,"date":"2023-05-10T16:25:44","date_gmt":"2023-05-10T19:25:44","guid":{"rendered":"https:\/\/vetsul.com\/?post_type=product&#038;p=19068"},"modified":"2025-02-07T16:00:38","modified_gmt":"2025-02-07T19:00:38","slug":"pitium-vac-vacina-contra-pitiose-equina","status":"publish","type":"product","link":"https:\/\/vetsul.com\/index.php\/product\/pitium-vac-vacina-contra-pitiose-equina\/","title":{"rendered":"PITIUM-VAC &#8211; VACINA CONTRA PITIOSE EQUINA"},"content":{"rendered":"<div><span style=\"font-family: Arial;\">Pitium-Vac Imunoter\u00e1pico contra piti\u00f3se em equinos.<\/span><\/div>\n<div><span style=\"font-family: Arial;\">Eficiente para o controle da pitiose, doen\u00e7a tumoral dos equinos, que pastejam em locais alagados como beira de lagoas, a\u00e7udes, p\u00e2ntanos.<\/span><\/div>\n<div><span style=\"font-family: Arial;\">\u00c9 causada pelo fungo Pythium insidiosum que se desenvolve sobre plantas aqu\u00e1ticas.<\/span><\/div>\n<div><span style=\"font-family: Arial;\">Pitium-Vac altera a resposta imunit\u00e1ria dos animais doentes, promovendo diminui\u00e7\u00e3o e cicatriza\u00e7\u00e3o dos tumores provocados pelo fungo em 85% dos animais com pitiose cl\u00ednica.<\/span><\/div>\n<div><span style=\"font-family: Arial;\">\u00a0<\/span><\/div>\n<div><span style=\"font-family: Arial;\">Indica\u00e7\u00e3o<\/span><\/div>\n<div><span style=\"font-family: Arial;\">Pitium-Vac \u00e9 indicado para o combate da pitiose dos equinos.<\/span><\/div>\n<div>Aconselha aplica\u00e7\u00e3o antes de 60 dias do aparecimento no corpo do equino.<\/div>\n<div><span style=\"font-family: Arial;\">O tempo necess\u00e1rio para conferir a imunidade e a dura\u00e7\u00e3o da mesma \u00e9 de 14 dias ap\u00f3s a aplica\u00e7\u00e3o.\u00a0\u00a0<\/span><\/div>\n<div><span style=\"font-family: Arial;\">O tempo m\u00ednimo para se obter a cura do animal \u00e9 de 1 m\u00eas e no m\u00e1ximo 10 meses.<\/span><\/div>\n<div><span style=\"font-family: Arial;\">O tempo necess\u00e1rio para conferir a imunidade e a dura\u00e7\u00e3o da mesma \u00e9 de 14 dias ap\u00f3s a aplica\u00e7\u00e3o.<\/span><\/div>\n<div><span style=\"font-family: Arial;\">O tempo m\u00ednimo para se obter a cura do animal \u00e9 de 1 m\u00eas e no m\u00e1ximo 10 meses.<\/span><\/div>\n<div><span style=\"font-family: Arial;\">\u00a0<\/span><\/div>\n<div><span style=\"font-family: Arial;\">F\u00f3rmula<\/span><\/div>\n<div><span style=\"font-family: Arial;\">Cada embalagem cont\u00e9m<\/span><\/div>\n<div><span style=\"font-family: Arial;\">1 frasco com Prote\u00ednas liofilizadas do fungo Pythium insidiosum\u2026\u2026\u2026\u2026\u2026\u2026\u2026\u2026\u2026\u2026 34 mg.<\/span><\/div>\n<div><span style=\"font-family: Arial;\">1 frasco com \u00e1gua bi-destilada est\u00e9ril \u2026\u2026\u2026\u2026\u2026\u2026\u2026\u2026\u2026\u2026\u2026\u2026\u2026\u2026\u2026\u2026\u2026\u2026\u2026\u2026\u2026\u2026. 2 ml.<\/span><\/div>\n<div><span style=\"font-family: Arial;\">\u00a0<\/span><\/div>\n<div><span style=\"font-family: Arial;\">Modo de usar e dosagem<\/span><\/div>\n<div><span style=\"font-family: Arial;\">Utilizar 1 frasco reconstituindo com 2 mililitros de \u00e1gua est\u00e9ril e previamente agitado vigorosamente durante 3 minutos.<\/span><\/div>\n<div><span style=\"font-family: Arial;\">Aplicar todo o conte\u00fado pela via sub cut\u00e2nea na regi\u00e3o do pesco\u00e7o de equinos de qualquer idade ou peso.\u00a0<\/span><\/div>\n<div><span style=\"font-family: Arial;\">Aplicar o conte\u00fado de um frasco no intervalo 14 dias entre uma aplica\u00e7\u00e3o e outra, at\u00e9 a regress\u00e3o total dos tumores.<\/span><\/div>\n<div><span style=\"font-family: Arial;\">Pode aparecer edema na regi\u00e3o da aplica\u00e7\u00e3o, mas este desaparecer\u00e1 naturalmente.<\/span><\/div>\n<div><span style=\"font-family: Arial;\">\u00a0<\/span><\/div>\n<div><span style=\"font-family: Arial;\">Contra indica\u00e7\u00e3o<\/span><\/div>\n<div><span style=\"font-family: Arial;\">Em equinos o produto n\u00e3o possui contraindica\u00e7\u00f5es.<\/span><\/div>\n<div><span style=\"font-family: Arial;\">Pitium-Vac \u00e9 um imunoter\u00e1pico n\u00e3o recomendado para uso em outros animais que n\u00e3o sejam em equinos.\u00a0<\/span><\/div>\n<div><span style=\"font-family: Arial;\">\u00a0<\/span><\/div>\n<div><span style=\"font-family: Arial;\">Conserva\u00e7\u00e3o\u00a0<\/span><\/div>\n<div><span style=\"font-family: Arial;\">Produto n\u00e3o refrigerado modo de conserva\u00e7\u00e3o \u00e9 em temperatura ambiente, local fresco e ventilado.<\/span><\/div>\n<div><span style=\"font-family: Arial;\">\u00a0<\/span><\/div>\n<div><span style=\"font-family: Arial;\">Apresenta\u00e7\u00e3o de venda e envio<\/span><\/div>\n<div><span style=\"font-family: Arial;\">Frasco de vidro com 34 mg equivalente a 1 dose.<\/span><\/div>\n","protected":false},"excerpt":{"rendered":"<p>Pitium-Vac Imunoter\u00e1pico contra piti\u00f3se em equinos. Eficiente para o controle da pitiose, doen\u00e7a tumoral dos equinos, que pastejam em locais alagados como<\/p>\n","protected":false},"featured_media":19069,"template":"","meta":{"_acf_changed":false},"product_brand":[1168],"product_cat":[163,178,194],"product_tag":[1171,1169,1170],"class_list":{"0":"post-19068","1":"product","2":"type-product","3":"status-publish","4":"has-post-thumbnail","6":"product_brand-lapemi-embrapa","7":"product_cat-equinos","8":"product_cat-suplementos-e-vitaminas-2","9":"product_cat-todos-os-produtos","10":"product_tag-embrapa","11":"product_tag-pitiose","12":"product_tag-pitium","14":"first","15":"instock","16":"shipping-taxable","17":"purchasable","18":"product-type-simple"},"acf":[],"_links":{"self":[{"href":"https:\/\/vetsul.com\/index.php\/wp-json\/wp\/v2\/product\/19068","targetHints":{"allow":["GET"]}}],"collection":[{"href":"https:\/\/vetsul.com\/index.php\/wp-json\/wp\/v2\/product"}],"about":[{"href":"https:\/\/vetsul.com\/index.php\/wp-json\/wp\/v2\/types\/product"}],"wp:featuredmedia":[{"embeddable":true,"href":"https:\/\/vetsul.com\/index.php\/wp-json\/wp\/v2\/media\/19069"}],"wp:attachment":[{"href":"https:\/\/vetsul.com\/index.php\/wp-json\/wp\/v2\/media?parent=19068"}],"wp:term":[{"taxonomy":"product_brand","embeddable":true,"href":"https:\/\/vetsul.com\/index.php\/wp-json\/wp\/v2\/product_brand?post=19068"},{"taxonomy":"product_cat","embeddable":true,"href":"https:\/\/vetsul.com\/index.php\/wp-json\/wp\/v2\/product_cat?post=19068"},{"taxonomy":"product_tag","embeddable":true,"href":"https:\/\/vetsul.com\/index.php\/wp-json\/wp\/v2\/product_tag?post=19068"}],"curies":[{"name":"wp","href":"https:\/\/api.w.org\/{rel}","templated":true}]}}