{"id":19059,"date":"2023-04-27T17:28:17","date_gmt":"2023-04-27T20:28:17","guid":{"rendered":"https:\/\/vetsul.com\/?post_type=product&#038;p=19059"},"modified":"2025-04-08T11:16:48","modified_gmt":"2025-04-08T14:16:48","slug":"skid-boot-longo-color-preto","status":"publish","type":"product","link":"https:\/\/vetsul.com\/index.php\/product\/skid-boot-longo-color-preto\/","title":{"rendered":"Skid Boot Longo Color &#8211; PRETO"},"content":{"rendered":"<h3 class=\"post-title\">Skid Boot Boots Horse, fabricados em neoprene refor\u00e7ado com revestimento nas partes interna e externa, refor\u00e7o para esbarro, proporcionando maior prote\u00e7\u00e3o e equil\u00edbrio contra impactos e impedindo les\u00f5es, fechamento em velcro.<\/h3>\n","protected":false},"excerpt":{"rendered":"<p>Skid Boot Boots Horse, fabricados em neoprene refor\u00e7ado com revestimento nas partes interna e externa, refor\u00e7o para esbarro, proporcionando maior prote\u00e7\u00e3o e<\/p>\n","protected":false},"featured_media":19060,"template":"","meta":{"_acf_changed":false},"product_brand":[1161],"product_cat":[163,192,194],"product_tag":[1166,1167],"class_list":{"0":"post-19059","1":"product","2":"type-product","3":"status-publish","4":"has-post-thumbnail","6":"product_brand-bootshorse","7":"product_cat-equinos","8":"product_cat-higiene-e-cuidados","9":"product_cat-todos-os-produtos","10":"product_tag-bootshorse","11":"product_tag-selaria","13":"first","14":"outofstock","15":"shipping-taxable","16":"purchasable","17":"product-type-simple"},"acf":[],"_links":{"self":[{"href":"https:\/\/vetsul.com\/index.php\/wp-json\/wp\/v2\/product\/19059","targetHints":{"allow":["GET"]}}],"collection":[{"href":"https:\/\/vetsul.com\/index.php\/wp-json\/wp\/v2\/product"}],"about":[{"href":"https:\/\/vetsul.com\/index.php\/wp-json\/wp\/v2\/types\/product"}],"wp:featuredmedia":[{"embeddable":true,"href":"https:\/\/vetsul.com\/index.php\/wp-json\/wp\/v2\/media\/19060"}],"wp:attachment":[{"href":"https:\/\/vetsul.com\/index.php\/wp-json\/wp\/v2\/media?parent=19059"}],"wp:term":[{"taxonomy":"product_brand","embeddable":true,"href":"https:\/\/vetsul.com\/index.php\/wp-json\/wp\/v2\/product_brand?post=19059"},{"taxonomy":"product_cat","embeddable":true,"href":"https:\/\/vetsul.com\/index.php\/wp-json\/wp\/v2\/product_cat?post=19059"},{"taxonomy":"product_tag","embeddable":true,"href":"https:\/\/vetsul.com\/index.php\/wp-json\/wp\/v2\/product_tag?post=19059"}],"curies":[{"name":"wp","href":"https:\/\/api.w.org\/{rel}","templated":true}]}}