{"id":19049,"date":"2023-04-26T09:48:57","date_gmt":"2023-04-26T12:48:57","guid":{"rendered":"https:\/\/vetsul.com\/?post_type=product&#038;p=19049"},"modified":"2025-04-08T11:16:32","modified_gmt":"2025-04-08T14:16:32","slug":"equijet-pasta","status":"publish","type":"product","link":"https:\/\/vetsul.com\/index.php\/product\/equijet-pasta\/","title":{"rendered":"Equijet pasta"},"content":{"rendered":"<div>\n<div>Equijet\u00ae \u00e9 um antiparasit\u00e1rio em pasta \u00e0 base de Ivermectina e Pamoato de Pirantel, que apresenta amplo espectro de a\u00e7\u00e3o no tratamento e controle das parasitoses internas dos equinos. Por ser hidrossol\u00favel, age em todo o percurso intestinal, eliminando at\u00e9 mesmo os vermes na por\u00e7\u00e3o final do intestino.<\/div>\n<div><\/div>\n<div><\/div>\n<div><strong>Modo de uso e dosagem<br \/>\n<\/strong>Aplica\u00e7\u00e3o via oral na dose de 5 g a cada 100 kg de peso vivo.<\/div>\n<\/div>\n<p><strong>Apresenta\u00e7\u00e3o<\/strong><span class=\"ml\"><img decoding=\"async\" src=\"https:\/\/www.jasaudeanimal.com.br\/uploads\/produtos\/caracteristicas\/small\/icone_202006121140485605490.png\" \/>\u00a0Seringa dosadora contendo 25 g<\/span><\/p>\n","protected":false},"excerpt":{"rendered":"<p>Equijet\u00ae \u00e9 um antiparasit\u00e1rio em pasta \u00e0 base de Ivermectina e Pamoato de Pirantel, que apresenta amplo espectro de a\u00e7\u00e3o no tratamento<\/p>\n","protected":false},"featured_media":19050,"template":"","meta":{"_acf_changed":false},"product_brand":[957],"product_cat":[163,194,186],"product_tag":[1160,267],"class_list":{"0":"post-19049","1":"product","2":"type-product","3":"status-publish","4":"has-post-thumbnail","6":"product_brand-j-a-saude-animal","7":"product_cat-equinos","8":"product_cat-todos-os-produtos","9":"product_cat-vermifugo-e-carrapaticida","10":"product_tag-pasta-vermes","11":"product_tag-vermifugo","13":"first","14":"outofstock","15":"shipping-taxable","16":"purchasable","17":"product-type-simple"},"acf":[],"_links":{"self":[{"href":"https:\/\/vetsul.com\/index.php\/wp-json\/wp\/v2\/product\/19049","targetHints":{"allow":["GET"]}}],"collection":[{"href":"https:\/\/vetsul.com\/index.php\/wp-json\/wp\/v2\/product"}],"about":[{"href":"https:\/\/vetsul.com\/index.php\/wp-json\/wp\/v2\/types\/product"}],"wp:featuredmedia":[{"embeddable":true,"href":"https:\/\/vetsul.com\/index.php\/wp-json\/wp\/v2\/media\/19050"}],"wp:attachment":[{"href":"https:\/\/vetsul.com\/index.php\/wp-json\/wp\/v2\/media?parent=19049"}],"wp:term":[{"taxonomy":"product_brand","embeddable":true,"href":"https:\/\/vetsul.com\/index.php\/wp-json\/wp\/v2\/product_brand?post=19049"},{"taxonomy":"product_cat","embeddable":true,"href":"https:\/\/vetsul.com\/index.php\/wp-json\/wp\/v2\/product_cat?post=19049"},{"taxonomy":"product_tag","embeddable":true,"href":"https:\/\/vetsul.com\/index.php\/wp-json\/wp\/v2\/product_tag?post=19049"}],"curies":[{"name":"wp","href":"https:\/\/api.w.org\/{rel}","templated":true}]}}