{"id":19047,"date":"2023-04-26T09:40:25","date_gmt":"2023-04-26T12:40:25","guid":{"rendered":"https:\/\/vetsul.com\/?post_type=product&#038;p=19047"},"modified":"2025-04-04T11:23:55","modified_gmt":"2025-04-04T14:23:55","slug":"equi-up-mo","status":"publish","type":"product","link":"https:\/\/vetsul.com\/index.php\/product\/equi-up-mo\/","title":{"rendered":"Equi UP MO"},"content":{"rendered":"<p><strong>Equi Up M.O.\u00ae<\/strong>\u00a0\u00e9 ideal para equ\u00eddeos que precisem de aux\u00edlio para\u00a0<strong>recupera\u00e7\u00e3o da condi\u00e7\u00e3o corporal<\/strong>. Sua composi\u00e7\u00e3o apresenta\u00a0<strong>nucleot\u00eddeos<\/strong>, elementos nobres que facilitam os processos de obten\u00e7\u00e3o de energia celulares, al\u00e9m de ser concentrado em\u00a0<strong>amino\u00e1cidos<\/strong>, que exercem diversas fun\u00e7\u00f5es no organismo e comp\u00f5em a musculatura. Destaca-se tamb\u00e9m a presen\u00e7a de\u00a0<strong>vitaminas e minerais<\/strong>, fundamentais para diversas fun\u00e7\u00f5es org\u00e2nicas. Por fim, apresenta\u00a0<strong>elementos<\/strong>, como a espirulina e o concentrado proteico de soro de leite, que, em conjunto com os elementos citados e ainda outros, comp\u00f5em a qualidade do produto.<\/p>\n<h5><strong>INDICA\u00c7\u00c3O<\/strong><\/h5>\n<p><strong>Equi Up M.O.\u00ae<\/strong>\u00a0\u00e9 um suplemento em pasta para equ\u00eddeos em qualquer fase da vida que necessitem de recupera\u00e7\u00e3o f\u00edsica, estejam debilitados ou com baixo escore de condi\u00e7\u00e3o corporal.<\/p>\n<h5><strong>MODO DE USAR<\/strong><\/h5>\n<p><strong>Equi Up M.O.\u00ae<\/strong>\u00a0deve ser utilizado pela via oral.<\/p>\n<p>\u2022\u00a0<strong>Equinos, muares e asininos adultos:<\/strong>\u00a0administrar 80g do produto (2 seringas inteiras) diretamente na boca. Repetir ap\u00f3s 15 dias.<br \/>\n\u2022\u00a0<strong>Potros:<\/strong>\u00a0administrar 40g do produto (1 seringa inteira) diretamente na boca. Repetir ap\u00f3s 15 dias.<\/p>\n<h5><strong>N\u00cdVEIS DE GARANTIA<\/strong><\/h5>\n<p><strong>POR kg DO PRODUTO<\/strong><\/p>\n<table width=\"60%\">\n<tbody>\n<tr>\n<td width=\"50%\">\u00a0<span class=\"fontstyle0\">\u00c1cido asp\u00e1rtico (M\u00edn.)<\/span><\/td>\n<td align=\"right\" width=\"50%\">\u00a0<span class=\"fontstyle0\">10,8 g<\/span><\/td>\n<\/tr>\n<tr>\n<td width=\"50%\">\u00a0<span class=\"fontstyle0\">\u00c1cido glut\u00e2mico (M\u00edn.)<\/span><\/td>\n<td align=\"right\" width=\"50%\">\u00a0<span class=\"fontstyle0\">95 g<\/span><\/td>\n<\/tr>\n<tr>\n<td width=\"50%\">\u00a0<span class=\"fontstyle0\">Alanina (M\u00edn.)<\/span><\/td>\n<td align=\"right\" width=\"50%\">18,7 g<\/td>\n<\/tr>\n<tr>\n<td width=\"50%\">\u00a0<span class=\"fontstyle0\">Arginina (M\u00edn.)<\/span><\/td>\n<td align=\"right\" width=\"50%\">6.200 mg<\/td>\n<\/tr>\n<tr>\n<td width=\"50%\">\u00a0<span class=\"fontstyle0\">Cistina (M\u00edn.)<\/span><\/td>\n<td align=\"right\" width=\"50%\">1.600 mg<\/td>\n<\/tr>\n<tr>\n<td width=\"50%\">\u00a0<span class=\"fontstyle0\">Fenilalanina (M\u00edn.)<\/span><\/td>\n<td align=\"right\" width=\"50%\">6.900 mg<\/td>\n<\/tr>\n<tr>\n<td width=\"50%\">\u00a0<span class=\"fontstyle0\">Glicina (M\u00edn.)<\/span><\/td>\n<td align=\"right\" width=\"50%\">25,1 g<\/td>\n<\/tr>\n<tr>\n<td width=\"50%\">\u00a0<span class=\"fontstyle0\">Histidina (M\u00edn.)<\/span><\/td>\n<td align=\"right\" width=\"50%\">1.600 mg<\/td>\n<\/tr>\n<tr>\n<td width=\"50%\">\u00a0<span class=\"fontstyle0\">Isoleucina (M\u00edn.)<\/span><\/td>\n<td align=\"right\" width=\"50%\">5.200 mg<\/td>\n<\/tr>\n<tr>\n<td width=\"50%\">\u00a0<span class=\"fontstyle0\">Leucina (M\u00edn.)<\/span><\/td>\n<td align=\"right\" width=\"50%\">7.600 mg<\/td>\n<\/tr>\n<tr>\n<td width=\"50%\">\u00a0<span class=\"fontstyle0\">Lisina (M\u00edn.)<\/span><\/td>\n<td align=\"right\" width=\"50%\">23,3 g<\/td>\n<\/tr>\n<tr>\n<td width=\"50%\">\u00a0<span class=\"fontstyle0\">Metionina (M\u00edn.)<\/span><\/td>\n<td align=\"right\" width=\"50%\">27,7 g<\/td>\n<\/tr>\n<tr>\n<td width=\"50%\">\u00a0<span class=\"fontstyle0\">Prolina (M\u00edn.)<\/span><\/td>\n<td align=\"right\" width=\"50%\">17,3 g<\/td>\n<\/tr>\n<tr>\n<td width=\"50%\">\u00a0<span class=\"fontstyle0\">Serina (M\u00edn.)<\/span><\/td>\n<td align=\"right\" width=\"50%\">3.700 mg<\/td>\n<\/tr>\n<tr>\n<td width=\"50%\">\u00a0<span class=\"fontstyle0\">Tirosina (M\u00edn.)<\/span><\/td>\n<td align=\"right\" width=\"50%\">3.100 mg<\/td>\n<\/tr>\n<tr>\n<td width=\"50%\">\u00a0<span class=\"fontstyle0\">Triptofano (M\u00edn.)<\/span><\/td>\n<td align=\"right\" width=\"50%\">1.000 mg<\/td>\n<\/tr>\n<tr>\n<td width=\"50%\">\u00a0<span class=\"fontstyle0\">Treonina (M\u00edn.)<\/span><\/td>\n<td align=\"right\" width=\"50%\">3.300 mg<\/td>\n<\/tr>\n<tr>\n<td width=\"50%\">\u00a0<span class=\"fontstyle0\">Valina (M\u00edn.)<\/span><\/td>\n<td align=\"right\" width=\"50%\">4.800 mg<\/td>\n<\/tr>\n<tr>\n<td width=\"50%\">\u00a0<span class=\"fontstyle0\">Colina (M\u00edn.)<\/span><\/td>\n<td align=\"right\" width=\"50%\">23,13 g<\/td>\n<\/tr>\n<tr>\n<td width=\"50%\">\u00a0<span class=\"fontstyle0\">Carnitina (M\u00edn.)<\/span><\/td>\n<td align=\"right\" width=\"50%\">14,21 g<\/td>\n<\/tr>\n<tr>\n<td width=\"50%\">\u00a0<span class=\"fontstyle0\">Glutamina (M\u00edn.)\u00a0<\/span><\/td>\n<td align=\"right\" width=\"50%\">83,52 g<\/td>\n<\/tr>\n<tr>\n<td width=\"50%\">\u00a0<span class=\"fontstyle0\">Inositol (M\u00edn.)<\/span><\/td>\n<td align=\"right\" width=\"50%\">108,9 mg<\/td>\n<\/tr>\n<tr>\n<td width=\"50%\">\u00a0<span class=\"fontstyle0\">F\u00f3sforo (M\u00edn.)<\/span><\/td>\n<td align=\"right\" width=\"50%\">8.200 mg<\/td>\n<\/tr>\n<tr>\n<td width=\"50%\">\u00a0<span class=\"fontstyle0\">C\u00e1lcio (M\u00edn.)<\/span><\/td>\n<td align=\"right\" width=\"50%\">9.300 mg<\/td>\n<\/tr>\n<tr>\n<td width=\"50%\">\u00a0<span class=\"fontstyle0\">C\u00e1lcio (M\u00e1x.)\u00a0<\/span><\/td>\n<td align=\"right\" width=\"50%\">9.900 mg<\/td>\n<\/tr>\n<tr>\n<td width=\"50%\">\u00a0<span class=\"fontstyle0\">Cobalto (M\u00edn.)<\/span><\/td>\n<td align=\"right\" width=\"50%\">270 mg<\/td>\n<\/tr>\n<tr>\n<td width=\"50%\">\u00a0<span class=\"fontstyle0\">Cobre (M\u00edn.)<\/span><\/td>\n<td align=\"right\" width=\"50%\">9,8 mg<\/td>\n<\/tr>\n<tr>\n<td width=\"50%\">\u00a0<span class=\"fontstyle0\">Cromo (M\u00edn.)<\/span><\/td>\n<td align=\"right\" width=\"50%\">6 mg<\/td>\n<\/tr>\n<tr>\n<td width=\"50%\">\u00a0<span class=\"fontstyle0\">Enxofre (M\u00edn.)<\/span><\/td>\n<td align=\"right\" width=\"50%\">4.734,4 mg<\/td>\n<\/tr>\n<tr>\n<td width=\"50%\">\u00a0<span class=\"fontstyle0\">Ferro (M\u00edn.)<\/span><\/td>\n<td align=\"right\" width=\"50%\">3.978 mg<\/td>\n<\/tr>\n<tr>\n<td width=\"50%\">\u00a0<span class=\"fontstyle0\">Magn\u00e9sio (M\u00edn.)<\/span><\/td>\n<td align=\"right\" width=\"50%\">3.200 mg<\/td>\n<\/tr>\n<tr>\n<td width=\"50%\">\u00a0<span class=\"fontstyle0\">Mangan\u00eas (M\u00edn.)<\/span><\/td>\n<td align=\"right\" width=\"50%\">437,1 mg<\/td>\n<\/tr>\n<tr>\n<td width=\"50%\">\u00a0<span class=\"fontstyle0\">Sel\u00eanio (M\u00edn.)<\/span><\/td>\n<td align=\"right\" width=\"50%\">13,5 mg<\/td>\n<\/tr>\n<tr>\n<td width=\"50%\">\u00a0<span class=\"fontstyle0\">Zinco (M\u00edn.)<\/span><\/td>\n<td align=\"right\" width=\"50%\">2.283,4 mg<\/td>\n<\/tr>\n<tr>\n<td width=\"50%\">\u00a0<span class=\"fontstyle0\">Vitamina A (M\u00edn.)<\/span><\/td>\n<td align=\"right\" width=\"50%\">9.500 UI<\/td>\n<\/tr>\n<tr>\n<td width=\"50%\">\u00a0<span class=\"fontstyle0\">Vitamina B1 (Tiamina) (M\u00edn.)\u00a0<\/span><\/td>\n<td align=\"right\" width=\"50%\">807,78 mg<\/td>\n<\/tr>\n<tr>\n<td width=\"50%\">\u00a0<span class=\"fontstyle0\">Vitamina B12 (M\u00edn.)<\/span><\/td>\n<td align=\"right\" width=\"50%\">17.424 mcg<\/td>\n<\/tr>\n<tr>\n<td width=\"50%\">\u00a0<span class=\"fontstyle0\">Vitamina B2 (M\u00edn.)<\/span><\/td>\n<td align=\"right\" width=\"50%\">8.456 mg<\/td>\n<\/tr>\n<tr>\n<td width=\"50%\">\u00a0<span class=\"fontstyle0\">\u00c1cido nicot\u00ednico (M\u00edn.)<\/span><\/td>\n<td align=\"right\" width=\"50%\">1.200 mg<\/td>\n<\/tr>\n<tr>\n<td width=\"50%\">\u00a0<span class=\"fontstyle0\">Pantotenato de c\u00e1lcio (Vitamina B5) (M\u00edn.)<\/span><\/td>\n<td align=\"right\" width=\"50%\">3.600 mg<\/td>\n<\/tr>\n<tr>\n<td width=\"50%\">\u00a0<span class=\"fontstyle0\">Vitamina B6 (M\u00edn.)<\/span><\/td>\n<td align=\"right\" width=\"50%\">2.096,78 mg<\/td>\n<\/tr>\n<tr>\n<td width=\"50%\">\u00a0<span class=\"fontstyle0\">Vitamina C (M\u00edn.)<\/span><\/td>\n<td align=\"right\" width=\"50%\">6.700 mg<\/td>\n<\/tr>\n<tr>\n<td width=\"50%\">\u00a0<span class=\"fontstyle0\">Vitamina D3 (M\u00edn.)\u00a0<\/span><\/td>\n<td align=\"right\" width=\"50%\">50.000 UI<\/td>\n<\/tr>\n<tr>\n<td width=\"50%\">\u00a0<span class=\"fontstyle0\">Vitamina E (M\u00edn.)\u00a0<\/span><\/td>\n<td align=\"right\" width=\"50%\">7.037,36 UI<\/td>\n<\/tr>\n<tr>\n<td width=\"50%\">\u00a0<span class=\"fontstyle0\">\u00c1cido f\u00f3lico (M\u00edn.)<\/span><\/td>\n<td align=\"right\" width=\"50%\">392,21 mg<\/td>\n<\/tr>\n<tr>\n<td width=\"50%\">\u00a0<span class=\"fontstyle0\">Prote\u00edna bruta (M\u00edn.)<\/span><\/td>\n<td align=\"right\" width=\"50%\">331,7\u00a0 g<\/td>\n<\/tr>\n<tr>\n<td width=\"50%\">\u00a0<span class=\"fontstyle0\">Nucleot\u00eddeos (M\u00edn.)<\/span><\/td>\n<td align=\"right\" width=\"50%\">500 mg<\/td>\n<\/tr>\n<\/tbody>\n<\/table>\n<h5><strong>APRESENTA\u00c7\u00c3O<\/strong><\/h5>\n<p><span class=\"fontstyle0\">Cartucho com 2 seringas de 40g.<\/span><\/p>\n<p>&nbsp;<\/p>\n<p><em>* Produto considerado\u00a0<strong>NO DOPING<\/strong>\u00a0segundo lista da FEI (Federa\u00e7\u00e3o Equestre Internacional). Por\u00e9m, sempre consultar regulamento espec\u00edfico da prova.<\/em><\/p>\n","protected":false},"excerpt":{"rendered":"<p>Equi Up M.O.\u00ae\u00a0\u00e9 ideal para equ\u00eddeos que precisem de aux\u00edlio para\u00a0recupera\u00e7\u00e3o da condi\u00e7\u00e3o corporal. Sua composi\u00e7\u00e3o apresenta\u00a0nucleot\u00eddeos, elementos nobres que facilitam os<\/p>\n","protected":false},"featured_media":19048,"template":"","meta":{"_acf_changed":false},"product_brand":[954],"product_cat":[163,178,194],"product_tag":[1158,1159,991],"class_list":{"0":"post-19047","1":"product","2":"type-product","3":"status-publish","4":"has-post-thumbnail","6":"product_brand-vetnil","7":"product_cat-equinos","8":"product_cat-suplementos-e-vitaminas-2","9":"product_cat-todos-os-produtos","10":"product_tag-mo","11":"product_tag-modificador","12":"product_tag-vetnil","14":"first","15":"instock","16":"shipping-taxable","17":"purchasable","18":"product-type-simple"},"acf":[],"_links":{"self":[{"href":"https:\/\/vetsul.com\/index.php\/wp-json\/wp\/v2\/product\/19047","targetHints":{"allow":["GET"]}}],"collection":[{"href":"https:\/\/vetsul.com\/index.php\/wp-json\/wp\/v2\/product"}],"about":[{"href":"https:\/\/vetsul.com\/index.php\/wp-json\/wp\/v2\/types\/product"}],"wp:featuredmedia":[{"embeddable":true,"href":"https:\/\/vetsul.com\/index.php\/wp-json\/wp\/v2\/media\/19048"}],"wp:attachment":[{"href":"https:\/\/vetsul.com\/index.php\/wp-json\/wp\/v2\/media?parent=19047"}],"wp:term":[{"taxonomy":"product_brand","embeddable":true,"href":"https:\/\/vetsul.com\/index.php\/wp-json\/wp\/v2\/product_brand?post=19047"},{"taxonomy":"product_cat","embeddable":true,"href":"https:\/\/vetsul.com\/index.php\/wp-json\/wp\/v2\/product_cat?post=19047"},{"taxonomy":"product_tag","embeddable":true,"href":"https:\/\/vetsul.com\/index.php\/wp-json\/wp\/v2\/product_tag?post=19047"}],"curies":[{"name":"wp","href":"https:\/\/api.w.org\/{rel}","templated":true}]}}