{"id":19001,"date":"2023-01-27T17:15:53","date_gmt":"2023-01-27T20:15:53","guid":{"rendered":"https:\/\/vetsul.com\/?post_type=product&#038;p=19001"},"modified":"2025-02-07T16:00:38","modified_gmt":"2025-02-07T19:00:38","slug":"golden-special-caes-adultos-frango-carne-15kg","status":"publish","type":"product","link":"https:\/\/vetsul.com\/index.php\/product\/golden-special-caes-adultos-frango-carne-15kg\/","title":{"rendered":"GoldeN Special C\u00e3es Adultos Frango &#038; Carne 15kg"},"content":{"rendered":"<h1 class=\"title\">GoldeN Special C\u00e3es Adultos Frango &amp; Carne<\/h1>\n<div class=\"show-more\">\n<p>GoldeN Special C\u00e3es Adultos Frango e Carne \u00e9 um alimento Premium Especial formulado a partir dos mais modernos conceitos em nutri\u00e7\u00e3o.<\/p>\n<p>&nbsp;<\/p>\n<p>GoldeN Special C\u00e3es Adultos \u00e9 um alimento completo e balanceado que proporciona aos c\u00e3es adultos o n\u00edvel ideal de todos os ingredientes que eles necessitam para uma vida longa e saud\u00e1vel.<\/p>\n<p>GoldeN Special utiliza somente prote\u00edna de origem animal, para c\u00e3es mais fortes e saud\u00e1veis, sendo indicado para c\u00e3es adultos de todas as ra\u00e7as.<\/p>\n<section class=\"mob-accordion   is-style--bg-gray \">\n<header class=\"mob-accordion__header\">\n<div class=\"limit\">\n<h2 class=\"mob-accordion__title title  -has_border\">Benef\u00edcios<\/h2>\n<\/div>\n<\/header>\n<div class=\"mob-accordion__body\">\n<div class=\"limit\">\n<ul class=\"grid\">\n<li class=\"grid__item  -m12 -td4\">\n<div class=\"topic\">\n<figure class=\"topic__thumb\"><picture><source srcset=\"https:\/\/www.premierpet.com.br\/wp-content\/webp-express\/webp-images\/uploads\/2020\/12\/maior-rendimento.png.webp\" type=\"image\/webp\" data-srcset=\"https:\/\/www.premierpet.com.br\/wp-content\/webp-express\/webp-images\/uploads\/2020\/12\/maior-rendimento.png.webp\" \/><img decoding=\"async\" class=\"webpexpress-processed lazyloaded\" src=\"https:\/\/www.premierpet.com.br\/wp-content\/uploads\/2020\/12\/maior-rendimento.png\" alt=\"Maior Rendimento\" data-src=\"https:\/\/www.premierpet.com.br\/wp-content\/uploads\/2020\/12\/maior-rendimento.png\" \/><\/picture><\/figure>\n<div class=\"topic__desc\">\n<h3 class=\"topic__title\">Maior Rendimento<\/h3>\n<div class=\"topic__resume\">\n<p>Ingredientes de alto aproveitamento.<\/p>\n<\/div>\n<\/div>\n<\/div>\n<\/li>\n<li class=\"grid__item  -m12 -td4\">\n<div class=\"topic\">\n<figure class=\"topic__thumb\"><picture><source srcset=\"https:\/\/www.premierpet.com.br\/wp-content\/webp-express\/webp-images\/uploads\/2020\/12\/reducao-do-odor-das-fezes.png.webp\" type=\"image\/webp\" data-srcset=\"https:\/\/www.premierpet.com.br\/wp-content\/webp-express\/webp-images\/uploads\/2020\/12\/reducao-do-odor-das-fezes.png.webp\" \/><img decoding=\"async\" class=\"webpexpress-processed lazyloaded\" src=\"https:\/\/www.premierpet.com.br\/wp-content\/uploads\/2020\/12\/reducao-do-odor-das-fezes.png\" alt=\"Redu\u00e7\u00e3o do odor das fezes\" data-src=\"https:\/\/www.premierpet.com.br\/wp-content\/uploads\/2020\/12\/reducao-do-odor-das-fezes.png\" \/><\/picture><\/figure>\n<div class=\"topic__desc\">\n<h3 class=\"topic__title\">Redu\u00e7\u00e3o do odor das fezes<\/h3>\n<div class=\"topic__resume\">\n<p>Sele\u00e7\u00e3o de ingredientes especiais que auxiliam na redu\u00e7\u00e3o do odor das fezes.<\/p>\n<\/div>\n<\/div>\n<\/div>\n<\/li>\n<li class=\"grid__item  -m12 -td4\">\n<div class=\"topic\">\n<figure class=\"topic__thumb\"><picture><source srcset=\"https:\/\/www.premierpet.com.br\/wp-content\/webp-express\/webp-images\/uploads\/2020\/12\/blend-de-proteinas.png.webp\" type=\"image\/webp\" data-srcset=\"https:\/\/www.premierpet.com.br\/wp-content\/webp-express\/webp-images\/uploads\/2020\/12\/blend-de-proteinas.png.webp\" \/><img decoding=\"async\" class=\"webpexpress-processed lazyloaded\" src=\"https:\/\/www.premierpet.com.br\/wp-content\/uploads\/2020\/12\/blend-de-proteinas.png\" alt=\"Blend de Prote\u00ednas\" data-src=\"https:\/\/www.premierpet.com.br\/wp-content\/uploads\/2020\/12\/blend-de-proteinas.png\" \/><\/picture><\/figure>\n<div class=\"topic__desc\">\n<h3 class=\"topic__title\">Blend de Prote\u00ednas<\/h3>\n<div class=\"topic__resume\">\n<p>M\u00e1xima satisfa\u00e7\u00e3o para o paladar.<\/p>\n<\/div>\n<\/div>\n<\/div>\n<\/li>\n<li class=\"grid__item  -m12 -td4\">\n<div class=\"topic\">\n<figure class=\"topic__thumb\"><picture><source srcset=\"https:\/\/www.premierpet.com.br\/wp-content\/webp-express\/webp-images\/uploads\/2020\/12\/saude-e-vitalidade.png.webp\" type=\"image\/webp\" data-srcset=\"https:\/\/www.premierpet.com.br\/wp-content\/webp-express\/webp-images\/uploads\/2020\/12\/saude-e-vitalidade.png.webp\" \/><img decoding=\"async\" class=\"webpexpress-processed lazyloaded\" src=\"https:\/\/www.premierpet.com.br\/wp-content\/uploads\/2020\/12\/saude-e-vitalidade.png\" alt=\"Sa\u00fade e Vitalidade\" data-src=\"https:\/\/www.premierpet.com.br\/wp-content\/uploads\/2020\/12\/saude-e-vitalidade.png\" \/><\/picture><\/figure>\n<div class=\"topic__desc\">\n<h3 class=\"topic__title\">Sa\u00fade e Vitalidade<\/h3>\n<div class=\"topic__resume\">\n<p>Alimento de alta qualidade, rico em vitaminas e minerais.<\/p>\n<\/div>\n<\/div>\n<\/div>\n<\/li>\n<\/ul>\n<\/div>\n<\/div>\n<\/section>\n<section class=\"mob-accordion   is-style--bg-gray\">\n<header class=\"mob-accordion__header\">\n<div class=\"limit\">\n<h2 class=\"mob-accordion__title  title\">COMPOSI\u00c7\u00c3O<\/h2>\n<\/div>\n<\/header>\n<div class=\"mob-accordion__body\">\n<div class=\"limit\">\n<div class=\"grid\">\n<div class=\"grid__item -m12 -td6\">\n<p>Farinha de v\u00edsceras de frango, farinha de carne e ossos de bovino, gr\u00e3o de milho*, quirera de arroz, polpa desidratada de beterraba, farelo de arroz desengordurado, gordura de frango, cloreto de pot\u00e1ssio, cloreto de s\u00f3dio, \u00e1cido propi\u00f4nico, bentonita, BHA (Butilhidroxianisol), BHT (Butilhidroxitolueno), extrato de yucca (0,04%), hidrolisado de f\u00edgado de aves e su\u00edno, acetato de DL-alfa tocoferol, acetato de retinol, \u00e1cido asc\u00f3rbico monofosfato, \u00e1cido f\u00f3lico, \u00e1cido pantot\u00eanico, biotina, bissulfito de menadiona nicotinamida, cianocobalamina, cloreto de colina, colecalciferol, niacina (\u00e1cido nicot\u00ednico), piridoxina, riboflavina, tiamina, iodeto de c\u00e1lcio, selenometionina hidroxi an\u00e1loga, sulfato de cobre pentahidratado, sulfato de ferro, sulfato de mangan\u00eas, sulfato de zinco monohidratado.<br \/>\n*Cont\u00e9m milho transg\u00eanico (esp\u00e9cies doadoras de gene: Bacillus thuringiensis, Agrobacterium tumefaciens, Streptomyces viridochromogenes, Zea mays).<\/p>\n<\/div>\n<div class=\"grid__item -m12 -td6\">\n<div class=\"wp-block-table  is-style-stripes\">\n<table>\n<tbody>\n<tr>\n<th>Umidade<\/th>\n<td>(m\u00e1x.)<\/td>\n<td>10,00<\/td>\n<td>%<\/td>\n<td>100<\/td>\n<td>g\/kg<\/td>\n<\/tr>\n<tr>\n<th>Prote\u00edna Bruta<\/th>\n<td>(m\u00edn)<\/td>\n<td>22,00<\/td>\n<td>%<\/td>\n<td>220<\/td>\n<td>g\/kg<\/td>\n<\/tr>\n<tr>\n<th>Extrato Et\u00e9reo<\/th>\n<td>(m\u00edn)<\/td>\n<td>9,00<\/td>\n<td>%<\/td>\n<td>90<\/td>\n<td>g\/kg<\/td>\n<\/tr>\n<tr>\n<th>Mat\u00e9ria Mineral<\/th>\n<td>(m\u00e1x.)<\/td>\n<td>8,50<\/td>\n<td>%<\/td>\n<td>85<\/td>\n<td>g\/kg<\/td>\n<\/tr>\n<tr>\n<th>Mat\u00e9ria Fibrosa<\/th>\n<td>(m\u00e1x.)<\/td>\n<td>4,00<\/td>\n<td>%<\/td>\n<td>40<\/td>\n<td>g\/kg<\/td>\n<\/tr>\n<tr>\n<th>C\u00e1lcio<\/th>\n<td>(m\u00e1x.)<\/td>\n<td>1,80<\/td>\n<td>%<\/td>\n<td>18<\/td>\n<td>g\/kg<\/td>\n<\/tr>\n<tr>\n<th>C\u00e1lcio<\/th>\n<td>(m\u00edn)<\/td>\n<td>1,00<\/td>\n<td>%<\/td>\n<td>10<\/td>\n<td>g\/kg<\/td>\n<\/tr>\n<tr>\n<th>F\u00f3sforo<\/th>\n<td>(m\u00edn)<\/td>\n<td>0,70<\/td>\n<td>%<\/td>\n<td>7.000<\/td>\n<td>mg\/kg<\/td>\n<\/tr>\n<tr>\n<th>S\u00f3dio<\/th>\n<td>(m\u00edn)<\/td>\n<td>0,20<\/td>\n<td>%<\/td>\n<td>2.000<\/td>\n<td>mg\/kg<\/td>\n<\/tr>\n<tr>\n<th>Pot\u00e1ssio<\/th>\n<td>(m\u00edn)<\/td>\n<td>0,58<\/td>\n<td>%<\/td>\n<td>5.800<\/td>\n<td>mg\/kg<\/td>\n<\/tr>\n<tr>\n<th>\u00d4mega 6<\/th>\n<td>(m\u00edn)<\/td>\n<td>1,50<\/td>\n<td>%<\/td>\n<td>15<\/td>\n<td>g\/kg<\/td>\n<\/tr>\n<tr>\n<th>Energia Metaboliz\u00e1vel<\/th>\n<td><\/td>\n<td><\/td>\n<td><\/td>\n<td>3.649<\/td>\n<td>kcal\/kg<\/td>\n<\/tr>\n<\/tbody>\n<\/table>\n<\/div>\n<\/div>\n<\/div>\n<\/div>\n<\/div>\n<\/section>\n<section class=\"mob-accordion  \">\n<header class=\"mob-accordion__header\">\n<div class=\"limit\">\n<h2 class=\"mob-accordion__title  title\">ENRIQUECIMENTO POR QUILOGRAMA DE PRODUTO<\/h2>\n<\/div>\n<\/header>\n<div class=\"mob-accordion__body\">\n<div class=\"limit\">\n<div class=\"grid\">\n<div class=\"grid__item -m12 -td6\">\n<p>Tamb\u00e9m dispon\u00edvel na embalagem do alimento PremieRpet\u00ae, \u2018Enriquecimento por quilograma de produto\u2019 informa a quantidade de vitaminas e microminerais adicionadas \u00e0 formula\u00e7\u00e3o da ra\u00e7\u00e3o, o que garante uma nutri\u00e7\u00e3o \u00f3tima para seu pet. De Verdade.<\/p>\n<\/div>\n<div class=\"grid__item -m12 -td6\">\n<div class=\"wp-block-table  is-style-stripes\">\n<table>\n<tbody>\n<tr>\n<th>\u00c1cido f\u00f3lico<\/th>\n<td>0,33<\/td>\n<td>mg<\/td>\n<td><\/td>\n<td><\/td>\n<td><\/td>\n<\/tr>\n<tr>\n<th>\u00c1cido pantot\u00eanico<\/th>\n<td>18,04<\/td>\n<td>mg<\/td>\n<td><\/td>\n<td><\/td>\n<td><\/td>\n<\/tr>\n<tr>\n<th>Biotina<\/th>\n<td>0,10<\/td>\n<td>mg<\/td>\n<td><\/td>\n<td><\/td>\n<td><\/td>\n<\/tr>\n<tr>\n<th>Cobre<\/th>\n<td>12,01<\/td>\n<td>mg<\/td>\n<td><\/td>\n<td><\/td>\n<td><\/td>\n<\/tr>\n<tr>\n<th>Colina<\/th>\n<td>1.900,00<\/td>\n<td>mg<\/td>\n<td><\/td>\n<td><\/td>\n<td><\/td>\n<\/tr>\n<tr>\n<th>Ferro<\/th>\n<td>96,80<\/td>\n<td>mg<\/td>\n<td><\/td>\n<td><\/td>\n<td><\/td>\n<\/tr>\n<tr>\n<th>Iodo<\/th>\n<td>1,65<\/td>\n<td>mg<\/td>\n<td><\/td>\n<td><\/td>\n<td><\/td>\n<\/tr>\n<tr>\n<th>Mangan\u00eas<\/th>\n<td>7,37<\/td>\n<td>mg<\/td>\n<td><\/td>\n<td><\/td>\n<td><\/td>\n<\/tr>\n<tr>\n<th>Niacina<\/th>\n<td>20,79<\/td>\n<td>mg<\/td>\n<td><\/td>\n<td><\/td>\n<td><\/td>\n<\/tr>\n<tr>\n<th>Sel\u00eanio<\/th>\n<td>0,44<\/td>\n<td>mg<\/td>\n<td><\/td>\n<td><\/td>\n<td><\/td>\n<\/tr>\n<tr>\n<th>Vitamina A<\/th>\n<td>7.722,00<\/td>\n<td>UI<\/td>\n<td><\/td>\n<td><\/td>\n<td><\/td>\n<\/tr>\n<tr>\n<th>Vitamina B1<\/th>\n<td>2,75<\/td>\n<td>mg<\/td>\n<td><\/td>\n<td><\/td>\n<td><\/td>\n<\/tr>\n<tr>\n<th>Vitamina B 12<\/th>\n<td>42,57<\/td>\n<td>mcg<\/td>\n<td><\/td>\n<td><\/td>\n<td><\/td>\n<\/tr>\n<tr>\n<th>Vitamina B 2<\/th>\n<td>7,59<\/td>\n<td>mg<\/td>\n<td><\/td>\n<td><\/td>\n<td><\/td>\n<\/tr>\n<tr>\n<th>Vitamina B 6<\/th>\n<td>1,87<\/td>\n<td>mg<\/td>\n<td><\/td>\n<td><\/td>\n<td><\/td>\n<\/tr>\n<tr>\n<th>Vitamina C<\/th>\n<td>13,50<\/td>\n<td>mg<\/td>\n<td><\/td>\n<td><\/td>\n<td><\/td>\n<\/tr>\n<tr>\n<th>Vitamina D3<\/th>\n<td>702,90<\/td>\n<td>UI<\/td>\n<td><\/td>\n<td><\/td>\n<td><\/td>\n<\/tr>\n<tr>\n<th>Vitamina E<\/th>\n<td>55,00<\/td>\n<td>UI<\/td>\n<td><\/td>\n<td><\/td>\n<td><\/td>\n<\/tr>\n<tr>\n<th>Vitamina K3<\/th>\n<td>0,56<\/td>\n<td>mg<\/td>\n<td><\/td>\n<td><\/td>\n<td><\/td>\n<\/tr>\n<tr>\n<th>Zinco<\/th>\n<td>110,00<\/td>\n<td>mg<\/td>\n<\/tr>\n<\/tbody>\n<\/table>\n<\/div>\n<\/div>\n<\/div>\n<\/div>\n<\/div>\n<\/section>\n<\/div>\n","protected":false},"excerpt":{"rendered":"<p>GoldeN Special C\u00e3es Adultos Frango &amp; Carne GoldeN Special C\u00e3es Adultos Frango e Carne \u00e9 um alimento Premium Especial formulado a partir<\/p>\n","protected":false},"featured_media":19002,"template":"","meta":{"_acf_changed":false},"product_brand":[],"product_cat":[165,183,194],"product_tag":[1141,1151],"class_list":{"0":"post-19001","1":"product","2":"type-product","3":"status-publish","4":"has-post-thumbnail","6":"product_cat-pet","7":"product_cat-racoes-2","8":"product_cat-todos-os-produtos","9":"product_tag-golden","10":"product_tag-premium","12":"first","13":"instock","14":"shipping-taxable","15":"purchasable","16":"product-type-simple"},"acf":[],"_links":{"self":[{"href":"https:\/\/vetsul.com\/index.php\/wp-json\/wp\/v2\/product\/19001","targetHints":{"allow":["GET"]}}],"collection":[{"href":"https:\/\/vetsul.com\/index.php\/wp-json\/wp\/v2\/product"}],"about":[{"href":"https:\/\/vetsul.com\/index.php\/wp-json\/wp\/v2\/types\/product"}],"wp:featuredmedia":[{"embeddable":true,"href":"https:\/\/vetsul.com\/index.php\/wp-json\/wp\/v2\/media\/19002"}],"wp:attachment":[{"href":"https:\/\/vetsul.com\/index.php\/wp-json\/wp\/v2\/media?parent=19001"}],"wp:term":[{"taxonomy":"product_brand","embeddable":true,"href":"https:\/\/vetsul.com\/index.php\/wp-json\/wp\/v2\/product_brand?post=19001"},{"taxonomy":"product_cat","embeddable":true,"href":"https:\/\/vetsul.com\/index.php\/wp-json\/wp\/v2\/product_cat?post=19001"},{"taxonomy":"product_tag","embeddable":true,"href":"https:\/\/vetsul.com\/index.php\/wp-json\/wp\/v2\/product_tag?post=19001"}],"curies":[{"name":"wp","href":"https:\/\/api.w.org\/{rel}","templated":true}]}}