{"id":18993,"date":"2023-01-25T17:40:58","date_gmt":"2023-01-25T20:40:58","guid":{"rendered":"https:\/\/vetsul.com\/?post_type=product&#038;p=18993"},"modified":"2025-04-08T11:16:27","modified_gmt":"2025-04-08T14:16:27","slug":"bravo-baby-1kg","status":"publish","type":"product","link":"https:\/\/vetsul.com\/index.php\/product\/bravo-baby-1kg\/","title":{"rendered":"Bravo Baby 1kg"},"content":{"rendered":"<h1>Bravo Baby<\/h1>\n<p>Alimento desenvolvido para c\u00e3es filhotes de todas as ra\u00e7as. Seus elevados n\u00edveis de prote\u00edna e energia garantem um desenvolvimento saud\u00e1vel. Sua composi\u00e7\u00e3o das fibras \u00e0 base de Polpa de Beterraba, \u00e9 ideal para estimular a atividade intestinal nesta fase. Com Bravo Baby, o filhote n\u00e3o necessita qualquer suplementa\u00e7\u00e3o mineral devido a alta bio-disponibilidade dos minerais (c\u00e1lcio) incorporados no leite em p\u00f3. Sendo fundamental durante o crescimento, o equil\u00edbrio destes minerais na dieta, por sua influ\u00eancia direta na forma\u00e7\u00e3o dos sistema \u00f3sseo e dentes fortes e saud\u00e1veis.<\/p>\n<div class=\"line blocoDados1\">\n<div class=\"ajuste\">\n<div class=\"content\">\n<div class=\"content1\">\n<p class=\"pl10 pr10\">Diferenciais do Produto<\/p>\n<\/div>\n<\/div>\n<\/div>\n<\/div>\n<div class=\"listaTextos\">\n<div class=\"listaTextosItem ativo\">\n<article>Leite em p\u00f3 integral, ovo desidratado, leveduras e prebi\u00f3ticos.<\/p>\n<div class=\"line blocoDados1\">\n<div class=\"ajuste\">\n<div class=\"content\">\n<div class=\"content1\">\n<p class=\"pl10 pr10\">Composi\u00e7\u00e3o<\/p>\n<\/div>\n<\/div>\n<\/div>\n<\/div>\n<div class=\"listaTextos\">\n<div class=\"listaTextosItem ativo\">\n<article>Farinha de V\u00edsceras de Aves, Farinha de Carne e Ossos de Bovino, Ovo em P\u00f3 (0.2%), Leite em P\u00f3 Integral (0.1%), Hidrolisado de F\u00edgado de Aves e Su\u00edno, Milho Mo\u00eddo*, Farinha de Trigo, Farelo de Soja**, Gr\u00e3o de Linha\u00e7a, Polpa Desidratada de Beterraba, Levedura de Cervejaria Inativada Desidratada (1%), Fibra de Ervilha, Farelo de Trigo, \u00d3leo de Aves, Cloreto de S\u00f3dio, Extrato de Yucca (0.05%), Bentonita, Vitaminas (Vitamina A, Vitamina C, Vitamina D3, Vitamina E, Vitamina K3, Vitamina B1, Vitamina B2, Niacina (\u00c1cido Nicot\u00ednico), D-Pantotenato de C\u00e1lcio, Vitamina B6, Biotina, \u00c1cido F\u00f3lico, Vitamina B12, Cloreto de Colina), Minerais (Sulfato de Cobre, Sulfato de Ferro, Iodato de C\u00e1lcio, Sulfato de Mangan\u00eas, Selenito de S\u00f3dio, \u00d3xido de Zinco), BHA (Butilhidroxianisol), BHT (Butilhidroxitolueno), Propionato de C\u00e1lcio, Sorbato de Pot\u00e1ssio, Aditivo Prebi\u00f3tico (Parede Celular de Levedura (Mananoligossacar\u00eddeos)).<\/p>\n<p>Este produto n\u00e3o possui corantes artificiais em sua composi\u00e7\u00e3o, estando sujeito a pequenas varia\u00e7\u00f5es em sua colora\u00e7\u00e3o.<\/p>\n<p><em>\u2013 Esp\u00e9cies doadoras de genes: *Agrobacterium tumefaciens, Bacillus subtilis, Bacillus thuringiensis, Diabrotica virgifera, Dicossoma sp., Escherichia coli, Sphingobium herbicidovorans, Stenotrophomonas maltophilia, Streptomyces viridochromogenes, Thermococcales spp., Zea mays. **Agrobacterium tumefaciens, Arabidopsis thaliana, Bacillus thuringiensis, Delftia acidovorans, Glycine max, Helianthus annuus, Pseudomonas fluorescens, Stenotrophomonas maltophilia, Streptomyces hygroscopicus, Streptomyces viridochromogenes, Zea mays.<\/em><\/p>\n<div class=\"line blocoDados1\">\n<div class=\"ajuste\">\n<div class=\"content\">\n<div class=\"content1\">\n<p class=\"pl10 pr10\">Informa\u00e7\u00f5es<br \/>\nt\u00e9cnicas<\/p>\n<\/div>\n<\/div>\n<\/div>\n<\/div>\n<div class=\"listaTextos\">\n<div class=\"listaTextosItem ativo\">\n<article><strong>N\u00edveis Garantia<\/strong><\/p>\n<p>Umidade (m\u00e1x) 100g\/kg (10%), Prote\u00edna Bruta (m\u00edn) 280g\/kg (28%), Extrato Et\u00e9reo (m\u00edn) 120g\/kg (12%), Mat\u00e9ria Fibrosa (m\u00e1x) 35g\/kg (3.5%), Mat\u00e9ria Mineral (m\u00e1x) 100g\/kg (10%), C\u00e1lcio (m\u00edn) 10g\/kg (1%), C\u00e1lcio (m\u00e1x) 19g\/kg (1.9%), F\u00f3sforo (m\u00edn) 9000mg\/kg (0.9%), \u00d4mega 3 (m\u00edn) 4000mg\/kg (0.4%), \u00d4mega 6 (m\u00edn) 20g\/kg (2%), S\u00f3dio (m\u00edn) 2000mg\/kg (0.2%), Pot\u00e1ssio (m\u00edn) 5000mg\/kg (0.5%), Mananoligossacar\u00eddeos (m\u00edn) 240mg\/kg.<\/p>\n<p><strong>Enriquecimento<\/strong><\/p>\n<p>Vitamina A (m\u00edn) 16000UI\/kg, Vitamina C (m\u00edn) 50mg\/kg, Vitamina D3 (m\u00edn) 1600UI\/kg, Vitamina E (m\u00edn) 120UI\/kg, Vitamina K3 (m\u00edn) 1.1mg\/kg, Vitamina B1 (m\u00edn) 8mg\/kg, Vitamina B2 (m\u00edn) 9mg\/kg, Vitamina B3 (m\u00edn) 40mg\/kg, Vitamina B5 (m\u00edn) 20mg\/kg, Vitamina B6 (m\u00edn) 6mg\/kg, Vitamina H (Vitamina B7) (m\u00edn) 0.34mg\/kg, Vitamina B9 (m\u00edn) 1mg\/kg, Vitamina B12 (m\u00edn) 130mcg\/kg, Colina (m\u00edn) 2700mg\/kg, Cobre (m\u00edn) 20mg\/kg, Ferro (m\u00edn) 90mg\/kg, Iodo (m\u00edn) 2mg\/kg, Mangan\u00eas (m\u00edn) 30mg\/kg, Sel\u00eanio (m\u00edn) 0.45mg\/kg, Zinco (m\u00edn) 175mg\/kg.<\/p>\n<p>&nbsp;<\/p>\n<\/article>\n<\/div>\n<\/div>\n<\/article>\n<\/div>\n<\/div>\n<\/article>\n<\/div>\n<\/div>\n","protected":false},"excerpt":{"rendered":"<p>Bravo Baby Alimento desenvolvido para c\u00e3es filhotes de todas as ra\u00e7as. Seus elevados n\u00edveis de prote\u00edna e energia garantem um desenvolvimento saud\u00e1vel.<\/p>\n","protected":false},"featured_media":18994,"template":"","meta":{"_acf_changed":false},"product_brand":[1022],"product_cat":[165,183,194],"product_tag":[1148,837],"class_list":{"0":"post-18993","1":"product","2":"type-product","3":"status-publish","4":"has-post-thumbnail","6":"product_brand-supra","7":"product_cat-pet","8":"product_cat-racoes-2","9":"product_cat-todos-os-produtos","10":"product_tag-filhote","11":"product_tag-racoo","13":"first","14":"outofstock","15":"shipping-taxable","16":"purchasable","17":"product-type-simple"},"acf":[],"_links":{"self":[{"href":"https:\/\/vetsul.com\/index.php\/wp-json\/wp\/v2\/product\/18993","targetHints":{"allow":["GET"]}}],"collection":[{"href":"https:\/\/vetsul.com\/index.php\/wp-json\/wp\/v2\/product"}],"about":[{"href":"https:\/\/vetsul.com\/index.php\/wp-json\/wp\/v2\/types\/product"}],"wp:featuredmedia":[{"embeddable":true,"href":"https:\/\/vetsul.com\/index.php\/wp-json\/wp\/v2\/media\/18994"}],"wp:attachment":[{"href":"https:\/\/vetsul.com\/index.php\/wp-json\/wp\/v2\/media?parent=18993"}],"wp:term":[{"taxonomy":"product_brand","embeddable":true,"href":"https:\/\/vetsul.com\/index.php\/wp-json\/wp\/v2\/product_brand?post=18993"},{"taxonomy":"product_cat","embeddable":true,"href":"https:\/\/vetsul.com\/index.php\/wp-json\/wp\/v2\/product_cat?post=18993"},{"taxonomy":"product_tag","embeddable":true,"href":"https:\/\/vetsul.com\/index.php\/wp-json\/wp\/v2\/product_tag?post=18993"}],"curies":[{"name":"wp","href":"https:\/\/api.w.org\/{rel}","templated":true}]}}