{"id":18315,"date":"2022-06-04T11:57:30","date_gmt":"2022-06-04T14:57:30","guid":{"rendered":"https:\/\/vetsul.com\/?post_type=product&#038;p=18315"},"modified":"2025-04-03T16:12:54","modified_gmt":"2025-04-03T19:12:54","slug":"aminopan-01kg","status":"publish","type":"product","link":"https:\/\/vetsul.com\/index.php\/product\/aminopan-01kg\/","title":{"rendered":"AMINOPAN 01KG"},"content":{"rendered":"<h2 class=\"topmargin_0 bottommargin_25\">Aminopan Forte (Cont\u00e9m Probi\u00f3tico)<\/h2>\n<p>Aminopan Forte \u00e9 um suplemento alimentar de pronto uso, indicado para equinos, nas diferentes fases de desenvolvimento.<\/p>\n<table class=\"table table-striped table-hover modo_apresentacao\">\n<thead>\n<tr>\n<th>Apresenta\u00e7\u00e3o<\/th>\n<\/tr>\n<\/thead>\n<tbody>\n<tr>\n<td>Pote contendo 1kg.<\/td>\n<\/tr>\n<tr>\n<td>Baldes contendo 5kg e 20kg, com medidor.<\/td>\n<\/tr>\n<\/tbody>\n<\/table>\n<table class=\"table table-striped table-hover modo_apresentacao\">\n<thead>\n<tr>\n<th>Modo de uso<\/th>\n<\/tr>\n<\/thead>\n<tbody>\n<tr>\n<td>Equinos, muares e asininos adultos: manuten\u00e7\u00e3o: 50g\/dia, treinamento: 60g\/dia, potros e p\u00f4neis: 60g\/dia; \u00c9guas prenhas ou em lacta\u00e7\u00e3o e reprodutores: 60g\/dia. Adicionar o produto na ra\u00e7\u00e3o.<\/td>\n<\/tr>\n<tr>\n<td><\/td>\n<\/tr>\n<tr>\n<td><\/td>\n<\/tr>\n<\/tbody>\n<\/table>\n<table class=\"table table-striped table-hover niveis_de_garantia\">\n<thead>\n<tr>\n<th colspan=\"3\">N\u00edveis de garantia por kilograma do produto<\/th>\n<\/tr>\n<\/thead>\n<tbody>\n<tr>\n<th>Garantia<\/th>\n<th>Valor<\/th>\n<th>Unidade<\/th>\n<\/tr>\n<tr>\n<td>\u00c1cido Asp\u00e1rtico (M\u00ednimo)<\/td>\n<td>4.860,80<\/td>\n<td>mg<\/td>\n<\/tr>\n<tr>\n<td>\u00c1cido F\u00f3lico (M\u00ednimo)<\/td>\n<td>6<\/td>\n<td>mg<\/td>\n<\/tr>\n<tr>\n<td>\u00c1cido Glut\u00e2mico (M\u00ednimo)<\/td>\n<td>6.803<\/td>\n<td>mg<\/td>\n<\/tr>\n<tr>\n<td>\u00c1cido Nicot\u00ednico (M\u00ednimo)<\/td>\n<td>600<\/td>\n<td>mg<\/td>\n<\/tr>\n<tr>\n<td>A\u00e7\u00facares totais (M\u00ednimo)<\/td>\n<td>20<\/td>\n<td>g<\/td>\n<\/tr>\n<tr>\n<td>Alanina (M\u00ednimo)<\/td>\n<td>7.032<\/td>\n<td>mg<\/td>\n<\/tr>\n<tr>\n<td>Arginina (M\u00ednimo)<\/td>\n<td>4.831<\/td>\n<td>mg<\/td>\n<\/tr>\n<tr>\n<td>Bacillus cereus (M\u00ednimo)<\/td>\n<td>9,6x10e9<\/td>\n<td>ufc<\/td>\n<\/tr>\n<tr>\n<td>Bacillus Subtilis (M\u00ednimo)<\/td>\n<td>9,6x10e9<\/td>\n<td>ufc<\/td>\n<\/tr>\n<tr>\n<td>Biotina (M\u00ednimo)<\/td>\n<td>18<\/td>\n<td>mg<\/td>\n<\/tr>\n<tr>\n<td>C\u00e1lcio (M\u00edn\/M\u00e1x)<\/td>\n<td>235\/265<\/td>\n<td>g<\/td>\n<\/tr>\n<tr>\n<td>Cistina (M\u00ednimo)<\/td>\n<td>245,52<\/td>\n<td>mg<\/td>\n<\/tr>\n<tr>\n<td>Cobalto (M\u00ednimo)<\/td>\n<td>126<\/td>\n<td>mg<\/td>\n<\/tr>\n<tr>\n<td>Cobre (M\u00ednimo)<\/td>\n<td>637,5<\/td>\n<td>mg<\/td>\n<\/tr>\n<tr>\n<td>Colina (M\u00ednimo)<\/td>\n<td>5.520<\/td>\n<td>mg<\/td>\n<\/tr>\n<tr>\n<td>Cromo (M\u00ednimo)<\/td>\n<td>51,60<\/td>\n<td>mg<\/td>\n<\/tr>\n<tr>\n<td>DL-Metionina (M\u00ednimo)<\/td>\n<td>4.554<\/td>\n<td>mg<\/td>\n<\/tr>\n<tr>\n<td>Enxofre (M\u00ednimo)<\/td>\n<td>7.920<\/td>\n<td>mg<\/td>\n<\/tr>\n<tr>\n<td>Fenilalanina (M\u00ednimo)<\/td>\n<td>1.646<\/td>\n<td>mg<\/td>\n<\/tr>\n<tr>\n<td>Ferro (M\u00ednimo)<\/td>\n<td>1.344<\/td>\n<td>mg<\/td>\n<\/tr>\n<tr>\n<td>Fl\u00faor (M\u00ednimo)<\/td>\n<td>760<\/td>\n<td>mg<\/td>\n<\/tr>\n<tr>\n<td>F\u00f3sforo (M\u00ednimo)<\/td>\n<td>75<\/td>\n<td>g<\/td>\n<\/tr>\n<tr>\n<td>Glicina (M\u00ednimo)<\/td>\n<td>8.712<\/td>\n<td>g<\/td>\n<\/tr>\n<tr>\n<td>Histidina (M\u00ednimo)<\/td>\n<td>704,88<\/td>\n<td>mg<\/td>\n<\/tr>\n<tr>\n<td>Iodo (M\u00ednimo)<\/td>\n<td>162,50<\/td>\n<td>mg<\/td>\n<\/tr>\n<tr>\n<td>Isoleucina (M\u00ednimo)<\/td>\n<td>1.617,60<\/td>\n<td>mg<\/td>\n<\/tr>\n<tr>\n<td>L-Carnitina (M\u00ednimo)<\/td>\n<td>1.237<\/td>\n<td>mg<\/td>\n<\/tr>\n<tr>\n<td>L-Lisina (M\u00ednimo)<\/td>\n<td>6.364,80<\/td>\n<td>mg<\/td>\n<\/tr>\n<tr>\n<td>Leucina (M\u00ednimo)<\/td>\n<td>2.692,80<\/td>\n<td>mg<\/td>\n<\/tr>\n<tr>\n<td>Magn\u00e9sio (M\u00ednimo)<\/td>\n<td>1.998<\/td>\n<td>mg<\/td>\n<\/tr>\n<tr>\n<td>Mangan\u00eas (M\u00ednimo)<\/td>\n<td>502<\/td>\n<td>mg<\/td>\n<\/tr>\n<tr>\n<td>Pantotenato de C\u00e1lcio (M\u00ednimo)<\/td>\n<td>392<\/td>\n<td>mg<\/td>\n<\/tr>\n<tr>\n<td>Prolina (M\u00ednimo)<\/td>\n<td>2.156<\/td>\n<td>mg<\/td>\n<\/tr>\n<tr>\n<td>Sel\u00eanio (M\u00ednimo)<\/td>\n<td>9<\/td>\n<td>mg<\/td>\n<\/tr>\n<tr>\n<td>Serina (M\u00ednimo)<\/td>\n<td>1.960<\/td>\n<td>mg<\/td>\n<\/tr>\n<tr>\n<td>Tirosina (M\u00ednimo)<\/td>\n<td>870<\/td>\n<td>mg<\/td>\n<\/tr>\n<tr>\n<td>Treonina (M\u00ednimo)<\/td>\n<td>1.568<\/td>\n<td>mg<\/td>\n<\/tr>\n<tr>\n<td>Triptofano (M\u00ednimo)<\/td>\n<td>1.019<\/td>\n<td>mg<\/td>\n<\/tr>\n<tr>\n<td>Valina (M\u00ednimo)<\/td>\n<td>1.980<\/td>\n<td>mg<\/td>\n<\/tr>\n<tr>\n<td>Vitamina A (M\u00ednimo)<\/td>\n<td>500.000<\/td>\n<td>UI<\/td>\n<\/tr>\n<tr>\n<td>Vitamina B1 (M\u00ednimo)<\/td>\n<td>186,90<\/td>\n<td>mg<\/td>\n<\/tr>\n<tr>\n<td>Vitamina B12 (M\u00ednimo)<\/td>\n<td>1.000<\/td>\n<td>mcg<\/td>\n<\/tr>\n<tr>\n<td>Vitamina B2 (M\u00ednimo)<\/td>\n<td>190<\/td>\n<td>mg<\/td>\n<\/tr>\n<tr>\n<td>Vitamina B6 (M\u00ednimo)<\/td>\n<td>74,70<\/td>\n<td>mg<\/td>\n<\/tr>\n<tr>\n<td>Vitamina C (M\u00ednimo)<\/td>\n<td>630<\/td>\n<td>mg<\/td>\n<\/tr>\n<tr>\n<td>Vitamina D3 (M\u00ednimo)<\/td>\n<td>160.000<\/td>\n<td>UI<\/td>\n<\/tr>\n<tr>\n<td>Vitamina E (M\u00ednimo)<\/td>\n<td>330<\/td>\n<td>UI<\/td>\n<\/tr>\n<tr>\n<td>Zinco (M\u00ednimo)<\/td>\n<td>2.415<\/td>\n<td>mg<\/td>\n<\/tr>\n<tr>\n<td>Excipiente q.s.p<\/td>\n<td>1.000<\/td>\n<td>g<\/td>\n<\/tr>\n<\/tbody>\n<\/table>\n","protected":false},"excerpt":{"rendered":"<p>Aminopan Forte (Cont\u00e9m Probi\u00f3tico) Aminopan Forte \u00e9 um suplemento alimentar de pronto uso, indicado para equinos, nas diferentes fases de desenvolvimento. Apresenta\u00e7\u00e3o<\/p>\n","protected":false},"featured_media":18316,"template":"","meta":{"_acf_changed":false},"product_brand":[952],"product_cat":[164,163,189,173,178],"product_tag":[1077,983,201],"class_list":{"0":"post-18315","1":"product","2":"type-product","3":"status-publish","4":"has-post-thumbnail","6":"product_brand-lavizoo","7":"product_cat-bovinos-e-ovinos","8":"product_cat-equinos","9":"product_cat-racoes-suplementos-alimentar-2","10":"product_cat-suplementos-e-vitaminas","11":"product_cat-suplementos-e-vitaminas-2","12":"product_tag-aminomix","13":"product_tag-lavizoo","14":"product_tag-suplemento","16":"first","17":"outofstock","18":"shipping-taxable","19":"purchasable","20":"product-type-simple"},"acf":[],"_links":{"self":[{"href":"https:\/\/vetsul.com\/index.php\/wp-json\/wp\/v2\/product\/18315","targetHints":{"allow":["GET"]}}],"collection":[{"href":"https:\/\/vetsul.com\/index.php\/wp-json\/wp\/v2\/product"}],"about":[{"href":"https:\/\/vetsul.com\/index.php\/wp-json\/wp\/v2\/types\/product"}],"wp:featuredmedia":[{"embeddable":true,"href":"https:\/\/vetsul.com\/index.php\/wp-json\/wp\/v2\/media\/18316"}],"wp:attachment":[{"href":"https:\/\/vetsul.com\/index.php\/wp-json\/wp\/v2\/media?parent=18315"}],"wp:term":[{"taxonomy":"product_brand","embeddable":true,"href":"https:\/\/vetsul.com\/index.php\/wp-json\/wp\/v2\/product_brand?post=18315"},{"taxonomy":"product_cat","embeddable":true,"href":"https:\/\/vetsul.com\/index.php\/wp-json\/wp\/v2\/product_cat?post=18315"},{"taxonomy":"product_tag","embeddable":true,"href":"https:\/\/vetsul.com\/index.php\/wp-json\/wp\/v2\/product_tag?post=18315"}],"curies":[{"name":"wp","href":"https:\/\/api.w.org\/{rel}","templated":true}]}}