{"id":18311,"date":"2022-06-04T11:26:37","date_gmt":"2022-06-04T14:26:37","guid":{"rendered":"https:\/\/vetsul.com\/?post_type=product&#038;p=18311"},"modified":"2025-02-07T16:00:37","modified_gmt":"2025-02-07T19:00:37","slug":"laviron-ferro-injetavel-20ml","status":"publish","type":"product","link":"https:\/\/vetsul.com\/index.php\/product\/laviron-ferro-injetavel-20ml\/","title":{"rendered":"LAVIRON &#8211; FERRO INJETAVEL 20ML"},"content":{"rendered":"<h2 class=\"topmargin_0 bottommargin_25\">Laviron<\/h2>\n<p>LAVIRON \u00e9 um complexo polinuclear de sacarato de hidr\u00f3xido de ferro(III), n\u00e3o i\u00f4nico, em solu\u00e7\u00e3o aquosa est\u00e1vel, destinado \u00e0 terapia marcial por via parenteral (endovenosa).<\/p>\n<p>FERRO injet\u00e1vel para equinos.<\/p>\n<p>Indica\u00e7\u00e3o:\u00a0 Anemias ferroprivas, incluindo anemia por defici\u00eancia nutricional; anemia por exaust\u00e3o; anemia devido a infesta\u00e7\u00f5es parasit\u00e1rias; anemia consequente a hemorragias.<\/p>\n<p>F\u00f3rmula do Produto:<br \/>\nCada 100mL cont\u00e9m:<br \/>\nFerro (III) 20,00 mg<br \/>\n\u00c1gua bidestilada 1,00 mL.<\/p>\n<p>FRASCO COM 20ML<\/p>\n","protected":false},"excerpt":{"rendered":"<p>Laviron LAVIRON \u00e9 um complexo polinuclear de sacarato de hidr\u00f3xido de ferro(III), n\u00e3o i\u00f4nico, em solu\u00e7\u00e3o aquosa est\u00e1vel, destinado \u00e0 terapia marcial<\/p>\n","protected":false},"featured_media":18313,"template":"","meta":{"_acf_changed":false},"product_brand":[952],"product_cat":[163,178],"product_tag":[1143,1038,1142],"class_list":{"0":"post-18311","1":"product","2":"type-product","3":"status-publish","4":"has-post-thumbnail","6":"product_brand-lavizoo","7":"product_cat-equinos","8":"product_cat-suplementos-e-vitaminas-2","9":"product_tag-anemia","10":"product_tag-ferro","11":"product_tag-globagem","13":"first","14":"instock","15":"shipping-taxable","16":"purchasable","17":"product-type-simple"},"acf":[],"_links":{"self":[{"href":"https:\/\/vetsul.com\/index.php\/wp-json\/wp\/v2\/product\/18311","targetHints":{"allow":["GET"]}}],"collection":[{"href":"https:\/\/vetsul.com\/index.php\/wp-json\/wp\/v2\/product"}],"about":[{"href":"https:\/\/vetsul.com\/index.php\/wp-json\/wp\/v2\/types\/product"}],"wp:featuredmedia":[{"embeddable":true,"href":"https:\/\/vetsul.com\/index.php\/wp-json\/wp\/v2\/media\/18313"}],"wp:attachment":[{"href":"https:\/\/vetsul.com\/index.php\/wp-json\/wp\/v2\/media?parent=18311"}],"wp:term":[{"taxonomy":"product_brand","embeddable":true,"href":"https:\/\/vetsul.com\/index.php\/wp-json\/wp\/v2\/product_brand?post=18311"},{"taxonomy":"product_cat","embeddable":true,"href":"https:\/\/vetsul.com\/index.php\/wp-json\/wp\/v2\/product_cat?post=18311"},{"taxonomy":"product_tag","embeddable":true,"href":"https:\/\/vetsul.com\/index.php\/wp-json\/wp\/v2\/product_tag?post=18311"}],"curies":[{"name":"wp","href":"https:\/\/api.w.org\/{rel}","templated":true}]}}