{"id":18309,"date":"2022-06-03T17:37:06","date_gmt":"2022-06-03T20:37:06","guid":{"rendered":"https:\/\/vetsul.com\/?post_type=product&#038;p=18309"},"modified":"2025-04-08T11:16:18","modified_gmt":"2025-04-08T14:16:18","slug":"relax-ice-6kg","status":"publish","type":"product","link":"https:\/\/vetsul.com\/index.php\/product\/relax-ice-6kg\/","title":{"rendered":"RELAX ICE 6KG"},"content":{"rendered":"<div class=\"row align-items-sm-center pt-5 pt-lg-0\">\n<div class=\"col-12 col-sm-7 mb-lg-5 pl-sm-5\">\n<h1 class=\"title-primary text-uppercase mb-4 notranslate\">RELAX ICE BARRO<\/h1>\n<p><strong>Indica\u00e7\u00e3o do produto<\/strong><\/p>\n<p>Relax Ice Barro \u00e9 uma pasta desenvolvida para equinos que promove o relaxamento dos m\u00fasculos e tend\u00f5es ap\u00f3s pr\u00e1ticas esportivas e\/ou trabalhos intensos. Atrav\u00e9s de componentes como mentol e c\u00e2nfora o produto atua no resfriamento dos tecidos, sendo de boa ader\u00eancia e f\u00e1cil aplica\u00e7\u00e3o.<\/p>\n<p>&nbsp;<\/p>\n<\/div>\n<\/div>\n<div class=\"row mb-5\">\n<div class=\"col-12 col-lg-4 mb-lg-4 pr-lg-5\">\n<h4 class=\"subtitle-primary mb-4\">Composi\u00e7\u00e3o b\u00e1sica<\/h4>\n<p>F\u00d3RMULA:<br \/>\nGlicerina, Mentol cristalizado, Etanol 50%, \u00d3leo de eucalipto, Sorbato de pot\u00e1ssio, Benzoato de s\u00f3dio, BHT, C\u00e2nfora sint\u00e9tica, Vitamina C, Bissulfito de s\u00f3dio, Bentonita, Caulim, Gel de hidroximetilcelulose 3,5%, Vitamina B2, Amido de milho, \u00d3xido de zinco, Polissorbato 80, Metilparabeno, Propilparabeno.<\/p>\n<\/div>\n<div class=\"col-12 col-lg-4 mb-lg-4 pr-lg-5\">\n<h4 class=\"subtitle-primary mb-4\">Modo de usar<\/h4>\n<p>Produto pronto para a utiliza\u00e7\u00e3o nos membros e dorso do cavalo e n\u00e3o necessita de liga devido \u00e0 sua excelente ader\u00eancia. Aplicar suavemente camadas regulares e finas sobre toda \u00e1rea que se deseja a a\u00e7\u00e3o e mant\u00ea-lo no local durante 12 a 24 horas. Em seguida, retirar o produto usando uma ducha de \u00e1gua para eliminar a pasta. Repetir a aplica\u00e7\u00e3o enquanto for necess\u00e1rio.<\/p>\n<\/div>\n<div class=\"col-12 col-lg-4 mb-lg-4 pr-lg-5\">\n<h4 class=\"subtitle-primary mb-4\">Precau\u00e7\u00f5es<\/h4>\n<p>Recomenda-se cautela na utiliza\u00e7\u00e3o do produto atrav\u00e9s de aplica\u00e7\u00f5es suaves e homog\u00eaneas, evitando assim, que ele fique mal distribu\u00eddo. O produto quando utilizado segundo as recomenda\u00e7\u00f5es n\u00e3o apresenta contraindica\u00e7\u00e3o. Animais hipersens\u00edveis aos componentes da f\u00f3rmula n\u00e3o devem utiliz\u00e1-lo. N\u00e3o reutilizar a embalagem vazia.<\/p>\n<\/div>\n<\/div>\n","protected":false},"excerpt":{"rendered":"<p>RELAX ICE BARRO Indica\u00e7\u00e3o do produto Relax Ice Barro \u00e9 uma pasta desenvolvida para equinos que promove o relaxamento dos m\u00fasculos e<\/p>\n","protected":false},"featured_media":18310,"template":"","meta":{"_acf_changed":false},"product_brand":[963],"product_cat":[174,163],"product_tag":[],"class_list":{"0":"post-18309","1":"product","2":"type-product","3":"status-publish","4":"has-post-thumbnail","6":"product_brand-organnact","7":"product_cat-anti-inflamatorios-3","8":"product_cat-equinos","10":"first","11":"outofstock","12":"shipping-taxable","13":"purchasable","14":"product-type-simple"},"acf":[],"_links":{"self":[{"href":"https:\/\/vetsul.com\/index.php\/wp-json\/wp\/v2\/product\/18309","targetHints":{"allow":["GET"]}}],"collection":[{"href":"https:\/\/vetsul.com\/index.php\/wp-json\/wp\/v2\/product"}],"about":[{"href":"https:\/\/vetsul.com\/index.php\/wp-json\/wp\/v2\/types\/product"}],"wp:featuredmedia":[{"embeddable":true,"href":"https:\/\/vetsul.com\/index.php\/wp-json\/wp\/v2\/media\/18310"}],"wp:attachment":[{"href":"https:\/\/vetsul.com\/index.php\/wp-json\/wp\/v2\/media?parent=18309"}],"wp:term":[{"taxonomy":"product_brand","embeddable":true,"href":"https:\/\/vetsul.com\/index.php\/wp-json\/wp\/v2\/product_brand?post=18309"},{"taxonomy":"product_cat","embeddable":true,"href":"https:\/\/vetsul.com\/index.php\/wp-json\/wp\/v2\/product_cat?post=18309"},{"taxonomy":"product_tag","embeddable":true,"href":"https:\/\/vetsul.com\/index.php\/wp-json\/wp\/v2\/product_tag?post=18309"}],"curies":[{"name":"wp","href":"https:\/\/api.w.org\/{rel}","templated":true}]}}