{"id":18190,"date":"2022-01-18T15:36:52","date_gmt":"2022-01-18T18:36:52","guid":{"rendered":"https:\/\/vetsul.com\/?post_type=product&#038;p=18190"},"modified":"2025-04-04T09:34:11","modified_gmt":"2025-04-04T12:34:11","slug":"disco-final-organnact","status":"publish","type":"product","link":"https:\/\/vetsul.com\/index.php\/product\/disco-final-organnact\/","title":{"rendered":"DISCO FINAL &#8211; ORGANNACT"},"content":{"rendered":"<div class=\"row align-items-sm-center pt-5 pt-lg-0\">\n<div class=\"col-12 col-sm-7 mb-lg-5 pl-sm-5\">\n<h1 class=\"title-primary text-uppercase mb-4 notranslate\">DISCO FINAL<\/h1>\n<p><strong>Indica\u00e7\u00e3o do produto<\/strong><\/p>\n<p>Suplemento vitam\u00ednico mineral amino\u00e1cido indicado para equinos adultos atletas para suporte nutricional na pr\u00e1tica de exerc\u00edcios.<\/p>\n<\/div>\n<\/div>\n<div class=\"row mb-5\">\n<div class=\"col-12 col-lg-4 mb-lg-4 pr-lg-5\">\n<h4 class=\"subtitle-primary mb-4\">Composi\u00e7\u00e3o b\u00e1sica<\/h4>\n<p>\u00c1gua, amido de milho, vitamina A, vitamina C, vitamina E, selenito de s\u00f3dio, glicina, isoleucina, L-carnitina, L-leucina, L-valina, extrato de Echinacea (Equin\u00e1cea angustifolia), glicerina, metilparabeno, propilparabeno, sucralose, goma xantana, aroma de caramelo, corante natural caramelo, bissulfito de s\u00f3dio.<\/p>\n<\/div>\n<div class=\"col-12 col-lg-4 mb-lg-4 pr-lg-5\">\n<h4 class=\"subtitle-primary mb-4\">Modo de usar<\/h4>\n<p>Fornecer diretamente na boca do animal.<\/p>\n<p>\u2013 60 ml de 4 a 6 horas antes da prova.<\/p>\n<p>\u2013 Para animais em treinamento: fornecer 60ml por dia nos 3 dias que antecedem a prova.<\/p>\n<\/div>\n<div class=\"col-12 col-lg-4 mb-lg-4 pr-lg-5\">\n<h4 class=\"subtitle-primary mb-4\">Apresenta\u00e7\u00e3o<\/h4>\n<p>60ml.<\/p>\n<\/div>\n<\/div>\n<div class=\"row niveis-garantia mb-lg-5\">\n<div class=\"col-12\">\n<h4 class=\"subtitle-primary mb-4\">N\u00edveis de garantia por Kg de produto<\/h4>\n<div class=\"table-responsive\">\n<table width=\"591\">\n<tbody>\n<tr>\n<td width=\"287\">Glicina (m\u00edn.)<\/td>\n<td width=\"286\">8.330 mg\/kg<\/td>\n<\/tr>\n<tr>\n<td width=\"287\">Isoleucina (m\u00edn.)<\/td>\n<td width=\"286\">39,2 g\/kg<\/td>\n<\/tr>\n<tr>\n<td width=\"287\">L-carnitina (m\u00edn.)<\/td>\n<td width=\"286\">78,4 g\/kg<\/td>\n<\/tr>\n<tr>\n<td width=\"287\">L-leucina (m\u00edn.)<\/td>\n<td width=\"286\">68,6 g\/kg<\/td>\n<\/tr>\n<tr>\n<td width=\"287\">L-valina (m\u00edn.)<\/td>\n<td width=\"286\">39,2 g\/kg<\/td>\n<\/tr>\n<tr>\n<td width=\"287\">Mat\u00e9ria-mineral (m\u00e1x.)<\/td>\n<td width=\"286\">4,1 g\/kg<\/td>\n<\/tr>\n<tr>\n<td width=\"287\">Sel\u00eanio (m\u00edn.)<\/td>\n<td width=\"286\">45,6 mg\/kg<\/td>\n<\/tr>\n<tr>\n<td width=\"287\">Umidade (m\u00edn.)<\/td>\n<td width=\"286\">481,6 g\/kg<\/td>\n<\/tr>\n<tr>\n<td width=\"287\">Vitamina A (m\u00edn.)<\/td>\n<td width=\"286\">10.000.000 UI\/kg<\/td>\n<\/tr>\n<tr>\n<td width=\"287\">Vitamina C (m\u00edn.)<\/td>\n<td width=\"286\">29,1 g\/kg<\/td>\n<\/tr>\n<tr>\n<td width=\"287\">Vitamina E (m\u00edn.)<\/td>\n<td width=\"286\">1.000 UI\/kg<\/td>\n<\/tr>\n<\/tbody>\n<\/table>\n<\/div>\n<\/div>\n<\/div>\n","protected":false},"excerpt":{"rendered":"<p>DISCO FINAL Indica\u00e7\u00e3o do produto Suplemento vitam\u00ednico mineral amino\u00e1cido indicado para equinos adultos atletas para suporte nutricional na pr\u00e1tica de exerc\u00edcios. Composi\u00e7\u00e3o<\/p>\n","protected":false},"featured_media":18191,"template":"","meta":{"_acf_changed":false},"product_brand":[963],"product_cat":[163,189,178,194],"product_tag":[1125,989,1120],"class_list":{"0":"post-18190","1":"product","2":"type-product","3":"status-publish","4":"has-post-thumbnail","6":"product_brand-organnact","7":"product_cat-equinos","8":"product_cat-racoes-suplementos-alimentar-2","9":"product_cat-suplementos-e-vitaminas-2","10":"product_cat-todos-os-produtos","11":"product_tag-organat","12":"product_tag-organnact","13":"product_tag-treino","15":"first","16":"instock","17":"shipping-taxable","18":"purchasable","19":"product-type-simple"},"acf":[],"_links":{"self":[{"href":"https:\/\/vetsul.com\/index.php\/wp-json\/wp\/v2\/product\/18190","targetHints":{"allow":["GET"]}}],"collection":[{"href":"https:\/\/vetsul.com\/index.php\/wp-json\/wp\/v2\/product"}],"about":[{"href":"https:\/\/vetsul.com\/index.php\/wp-json\/wp\/v2\/types\/product"}],"wp:featuredmedia":[{"embeddable":true,"href":"https:\/\/vetsul.com\/index.php\/wp-json\/wp\/v2\/media\/18191"}],"wp:attachment":[{"href":"https:\/\/vetsul.com\/index.php\/wp-json\/wp\/v2\/media?parent=18190"}],"wp:term":[{"taxonomy":"product_brand","embeddable":true,"href":"https:\/\/vetsul.com\/index.php\/wp-json\/wp\/v2\/product_brand?post=18190"},{"taxonomy":"product_cat","embeddable":true,"href":"https:\/\/vetsul.com\/index.php\/wp-json\/wp\/v2\/product_cat?post=18190"},{"taxonomy":"product_tag","embeddable":true,"href":"https:\/\/vetsul.com\/index.php\/wp-json\/wp\/v2\/product_tag?post=18190"}],"curies":[{"name":"wp","href":"https:\/\/api.w.org\/{rel}","templated":true}]}}