{"id":18086,"date":"2021-09-17T11:13:07","date_gmt":"2021-09-17T14:13:07","guid":{"rendered":"https:\/\/vetsul.com\/?post_type=product&#038;p=18086"},"modified":"2025-02-07T16:00:35","modified_gmt":"2025-02-07T19:00:35","slug":"cenoura-nantes-calibrada-media","status":"publish","type":"product","link":"https:\/\/vetsul.com\/index.php\/product\/cenoura-nantes-calibrada-media\/","title":{"rendered":"Cenoura Nantes Calibrada M\u00e9dia"},"content":{"rendered":"<h3 class=\"tituloproduto tituloprodutodesktop\">Cenoura Nantes Calibrada M\u00e9dia<\/h3>\n<div class=\"dif\">\n<div class=\"diferenciais\">DIFERENCIAIS<\/p>\n<div class=\"abreFecha over\"><\/div>\n<\/div>\n<div class=\"difDesc\">\n<p>&#8211; Variedade de alta qualidade e tolerante ao pendoamento precoce.<br \/>\n&#8211; Produz ra\u00edzes cil\u00edndricas, lisas, de colora\u00e7\u00e3o laranja acentuado.<br \/>\n&#8211; Melhor adapta\u00e7\u00e3o em temperaturas frias e amenas.<br \/>\n&#8211; Dispon\u00edvel calibrada tamanho M.<\/p>\n<\/div>\n<\/div>\n<div class=\"carac\">\n<div class=\"caracteristicas\">CARACTER\u00cdSTICAS GEN\u00c9RICAS:<\/p>\n<div class=\"abreFecha over\"><\/div>\n<\/div>\n<div class=\"caracDesc\">\n<table width=\"100%\">\n<tbody>\n<tr>\n<td>Ciclo Inverno (dias)<\/td>\n<td>110<\/td>\n<\/tr>\n<tr>\n<td>Tipo das ra\u00edzes<\/td>\n<td>Cil\u00edndrica<\/td>\n<\/tr>\n<tr>\n<td>Tipo das Folhas<\/td>\n<td>Recortada com pilosidade pubescente<\/td>\n<\/tr>\n<tr>\n<td>Cor da Casca<\/td>\n<td>Laranja<\/td>\n<\/tr>\n<tr>\n<td>Cor das Folhas<\/td>\n<td>Verde<\/td>\n<\/tr>\n<tr>\n<td>Cor das Flores<\/td>\n<td>Branca<\/td>\n<\/tr>\n<tr>\n<td>Cor da Polpa<\/td>\n<td>Laranja<\/td>\n<\/tr>\n<tr>\n<td>Comprimento ou Altura<\/td>\n<td>18 &#8211; 22 cm<\/td>\n<\/tr>\n<tr>\n<td>Di\u00e2metro<\/td>\n<td>3 &#8211; 4 cm<\/td>\n<\/tr>\n<\/tbody>\n<\/table>\n<\/div>\n<\/div>\n","protected":false},"excerpt":{"rendered":"<p>Cenoura Nantes Calibrada M\u00e9dia DIFERENCIAIS &#8211; Variedade de alta qualidade e tolerante ao pendoamento precoce. &#8211; Produz ra\u00edzes cil\u00edndricas, lisas, de colora\u00e7\u00e3o<\/p>\n","protected":false},"featured_media":18087,"template":"","meta":{"_acf_changed":false},"product_brand":[1116],"product_cat":[200,1117],"product_tag":[1118],"class_list":{"0":"post-18086","1":"product","2":"type-product","3":"status-publish","4":"has-post-thumbnail","6":"product_brand-isla-semente","7":"product_cat-agropecuaria-equipamentos","8":"product_cat-sementes","9":"product_tag-semente","11":"first","12":"instock","13":"shipping-taxable","14":"purchasable","15":"product-type-simple"},"acf":[],"_links":{"self":[{"href":"https:\/\/vetsul.com\/index.php\/wp-json\/wp\/v2\/product\/18086","targetHints":{"allow":["GET"]}}],"collection":[{"href":"https:\/\/vetsul.com\/index.php\/wp-json\/wp\/v2\/product"}],"about":[{"href":"https:\/\/vetsul.com\/index.php\/wp-json\/wp\/v2\/types\/product"}],"wp:featuredmedia":[{"embeddable":true,"href":"https:\/\/vetsul.com\/index.php\/wp-json\/wp\/v2\/media\/18087"}],"wp:attachment":[{"href":"https:\/\/vetsul.com\/index.php\/wp-json\/wp\/v2\/media?parent=18086"}],"wp:term":[{"taxonomy":"product_brand","embeddable":true,"href":"https:\/\/vetsul.com\/index.php\/wp-json\/wp\/v2\/product_brand?post=18086"},{"taxonomy":"product_cat","embeddable":true,"href":"https:\/\/vetsul.com\/index.php\/wp-json\/wp\/v2\/product_cat?post=18086"},{"taxonomy":"product_tag","embeddable":true,"href":"https:\/\/vetsul.com\/index.php\/wp-json\/wp\/v2\/product_tag?post=18086"}],"curies":[{"name":"wp","href":"https:\/\/api.w.org\/{rel}","templated":true}]}}