{"id":18046,"date":"2021-09-08T16:11:07","date_gmt":"2021-09-08T19:11:07","guid":{"rendered":"https:\/\/vetsul.com\/?post_type=product&#038;p=18046"},"modified":"2025-08-12T09:32:34","modified_gmt":"2025-08-12T12:32:34","slug":"tonnus-po-jcr-6kg","status":"publish","type":"product","link":"https:\/\/vetsul.com\/index.php\/product\/tonnus-po-jcr-6kg\/","title":{"rendered":"Tonnus P\u00f3 JCR 6kg"},"content":{"rendered":"<p>Tonnus P\u00f3 JCR<\/p>\n<p>Amino\u00e1cidos, HMB, Beta\u00edna e Nucleot\u00eddeos para<\/p>\n<p>a melhor performance em provas intensas<\/p>\n<p>&nbsp;<\/p>\n<p>Tonnus P\u00f3 JCR \u00e9 ideal para equinos submetidos a esfor\u00e7os f\u00edsicos intensos e extenuantes. Cont\u00e9m 40 elementos, essenciais para a melhora da performance f\u00edsica e manuten\u00e7\u00e3o do desempenho durante a competi\u00e7\u00e3o e o esfor\u00e7o. Cont\u00e9m em sua formula\u00e7\u00e3o amino\u00e1cidos, com destaque para os BCAA\u2019s, al\u00e9m de Gama-Orizanol, Cromo Quelato, \u00d4mega 3, Pr\u00e9 e Probi\u00f3ticos, que melhoram o desempenho dos animais de elite. Tonnus P\u00f3 JCR \u00e9 indicado para todas as ra\u00e7as e modalidades esportivas. O produto proporciona a melhora da condi\u00e7\u00e3o atl\u00e9tica dos cavalos, atuando na energia, for\u00e7a, resist\u00eancia, recupera\u00e7\u00e3o e manuten\u00e7\u00e3o do desempenho.<\/p>\n<p>&nbsp;<\/p>\n<p>INDICA\u00c7\u00c3O<\/p>\n<p>&nbsp;<\/p>\n<p>Indicado para a melhora da performance e do vigor f\u00edsico. Auxilia no ganho de massa corporal, for\u00e7a e resist\u00eancia, aumentando o rendimento em competi\u00e7\u00f5es extenuantes. Fornece energia, disposi\u00e7\u00e3o e explos\u00e3o nos momentos de maior desgaste, al\u00e9m de auxiliar na recupera\u00e7\u00e3o do organismo durante e ap\u00f3s as atividades f\u00edsicas intensas.<\/p>\n<p>&nbsp;<\/p>\n<p>PRINCIPAIS VANTAGENS<\/p>\n<p>&nbsp;<\/p>\n<p>\u2022 Melhora do desempenho atl\u00e9tico;<\/p>\n<p>\u2022 Energia, resist\u00eancia, disposi\u00e7\u00e3o e performance em competi\u00e7\u00f5es extenuantes;<\/p>\n<p>\u2022 R\u00e1pida recupera\u00e7\u00e3o em esfor\u00e7os f\u00edsicos extremos;<\/p>\n<p>\u2022 For\u00e7a e ganho de massa corporal;<\/p>\n<p>\u2022 Alta amplitude de utiliza\u00e7\u00e3o: todas as ra\u00e7as e modalidades.<\/p>\n<p>&nbsp;<\/p>\n<p>N\u00cdVEIS DE GARANTIA POR KG DO PRODUTO<\/p>\n<p>&nbsp;<\/p>\n<p>Vitamina B12 (m\u00edn.)\u2026\u2026\u2026\u2026\u2026\u2026\u2026\u2026\u20261.100 mcg<\/p>\n<p>Vitamina B6 (m\u00edn.)\u2026\u2026\u2026\u2026\u2026\u2026\u2026\u2026\u2026\u20261.030 mg<\/p>\n<p>\u00c1cido Asp\u00e1rtico (m\u00edn.)\u2026\u2026\u2026\u2026\u2026\u2026\u2026\u2026\u2026..84,9 g<\/p>\n<p>\u00c1cido Glut\u00e2mico (m\u00edn.)\u2026\u2026\u2026\u2026\u2026\u2026\u2026\u2026\u2026..133 g<\/p>\n<p>Alanina (m\u00edn.)\u2026\u2026\u2026\u2026\u2026\u2026\u2026\u2026\u2026\u2026\u2026\u2026\u2026.33,1 g<\/p>\n<p>Arginina (m\u00edn.)\u2026\u2026\u2026\u2026\u2026\u2026\u2026\u2026\u2026\u2026\u2026\u2026\u2026\u202652 g<\/p>\n<p>Beta Glucanas (m\u00edn.)\u2026\u2026\u2026\u2026\u2026\u2026\u2026\u2026\u2026\u202614,7 g<\/p>\n<p>Beta hidroxi metil butirato (m\u00edn.)\u2026\u2026\u2026\u2026..600 mg<\/p>\n<p>Beta\u00edna (m\u00edn.)\u2026\u2026\u2026\u2026\u2026\u2026\u2026\u2026\u2026\u2026\u2026\u2026\u2026\u202615 g<\/p>\n<p>Ciste\u00edna (m\u00edn.)\u2026\u2026\u2026\u2026\u2026\u2026\u2026\u2026\u2026\u2026\u2026\u2026\u202610,8 g<\/p>\n<p>Cistina (m\u00edn.)\u2026\u2026\u2026\u2026\u2026\u2026\u2026\u2026\u2026\u2026\u2026\u2026\u2026156 mg<\/p>\n<p>Colina (m\u00edn.)\u2026\u2026\u2026\u2026\u2026\u2026\u2026\u2026\u2026\u2026\u2026\u2026\u2026\u2026..12 g<\/p>\n<p>Creatina (m\u00edn.)\u2026\u2026\u2026\u2026\u2026\u2026\u2026\u2026\u2026\u2026\u2026.3.000 mg<\/p>\n<p>Cromo (m\u00edn.)\u2026\u2026\u2026\u2026\u2026\u2026\u2026\u2026\u2026\u2026\u2026\u2026\u2026..20 mg<\/p>\n<p>Fenilalanina (m\u00edn.)\u2026\u2026\u2026\u2026\u2026\u2026\u2026\u2026\u2026\u2026\u202637,6 g<\/p>\n<p>Fruto-oligossacarideos\u2026\u2026\u2026\u2026\u2026\u2026\u2026..1.600 mg<\/p>\n<p>Gama-orizanol (m\u00edn.)\u2026\u2026\u2026\u2026\u2026\u2026\u2026\u2026\u2026.61,3 mg<\/p>\n<p>Glicina (m\u00edn.)\u2026\u2026\u2026\u2026\u2026\u2026\u2026\u2026\u2026\u2026\u2026\u2026\u2026.32,1 g<\/p>\n<p>Hidroxiprolina (m\u00edn.)\u2026\u2026\u2026\u2026\u2026\u2026\u2026\u2026\u2026..69,8 mg<\/p>\n<p>Histidina (m\u00edn.)\u2026\u2026\u2026\u2026\u2026\u2026\u2026\u2026\u2026\u2026\u2026\u2026\u2026..20 g<\/p>\n<p>Isoleucina (m\u00edn.)\u2026\u2026\u2026\u2026\u2026\u2026\u2026\u2026\u2026\u2026\u2026\u202640,2 g<\/p>\n<p>Glutamina (m\u00edn.)\u2026\u2026\u2026\u2026\u2026\u2026\u2026\u2026\u2026\u2026..1.100 mg<\/p>\n<p>L-carnitina (m\u00edn.)\u2026\u2026\u2026\u2026\u2026\u2026\u2026\u2026\u2026\u2026.1.010 mg<\/p>\n<p>Leucina (m\u00edn.)\u2026\u2026\u2026\u2026\u2026\u2026\u2026\u2026\u2026\u2026\u2026\u2026\u202661,3 g<\/p>\n<p>Lisina (m\u00edn.)\u2026\u2026\u2026\u2026\u2026\u2026\u2026\u2026\u2026\u2026\u2026\u2026\u2026\u202668,1 g<\/p>\n<p>MOS\u2026\u2026\u2026\u2026\u2026\u2026\u2026\u2026\u2026\u2026\u2026\u2026\u2026\u2026\u2026\u2026\u2026.16,2 g<\/p>\n<p>Metionina (m\u00edn.)\u2026\u2026\u2026\u2026\u2026\u2026\u2026\u2026\u2026\u2026\u2026\u202634,9 g<\/p>\n<p>Nucleot\u00eddeos (m\u00edn.)\u2026\u2026\u2026\u2026\u2026\u2026\u2026\u2026\u2026.227,9 mg<\/p>\n<p>\u00d4mega 3 (m\u00edn.)\u2026\u2026\u2026\u2026\u2026\u2026\u2026\u2026\u2026\u2026\u20261.034 mg<\/p>\n<p>Prolina (m\u00edn.)\u2026\u2026\u2026\u2026\u2026\u2026\u2026\u2026\u2026\u2026\u2026\u2026\u2026.38,2 g<\/p>\n<p>Saccharomyces cerevisiae\u2026\u2026\u2026\u20261,2\u00d71011\u00a0 UFC<\/p>\n<p>Serina (m\u00edn.)\u2026\u2026\u2026\u2026\u2026\u2026\u2026\u2026\u2026\u2026\u2026\u2026\u2026..37,1 g<\/p>\n<p>Taurina (m\u00edn.)\u2026\u2026\u2026\u2026\u2026\u2026\u2026\u2026\u2026\u2026\u2026..1.000 mg<\/p>\n<p>Tirosina (m\u00edn.)\u2026\u2026\u2026\u2026\u2026\u2026\u2026\u2026\u2026\u2026\u2026\u2026\u202625,8 g<\/p>\n<p>Treonina (m\u00edn.)\u2026\u2026\u2026\u2026\u2026\u2026\u2026\u2026\u2026\u2026\u2026\u2026\u2026.30 g<\/p>\n<p>Triptofano (m\u00edn.)\u2026\u2026\u2026\u2026\u2026\u2026\u2026\u2026\u2026\u2026..9.064 mg<\/p>\n<p>Valina (m\u00edn.)\u2026\u2026\u2026\u2026\u2026\u2026\u2026\u2026\u2026\u2026\u2026\u2026\u2026..40,3 g<\/p>\n<p>&nbsp;<\/p>\n<p>MODO DE USAR<\/p>\n<p>&nbsp;<\/p>\n<p>Equinos adultos: Para ser utilizado por via oral. Utilizar 100g ao dia, preferencialmente divididos em 2 doses de 50g.<\/p>\n<p>&nbsp;<\/p>\n<p>Priorizar a utiliza\u00e7\u00e3o no per\u00edodo de 45 a 60 dias antes das competi\u00e7\u00f5es. N\u00e3o interromper o uso nos dias de prova.<\/p>\n<p>&nbsp;<\/p>\n<p>Potros: Para ser utilizado por via oral. Utilizar 70g ao dia, preferencialmente divididos em 2 doses de 35g.<\/p>\n<p>&nbsp;<\/p>\n<p>Priorizar a utiliza\u00e7\u00e3o nos animais em in\u00edcio de treinamento.<\/p>\n","protected":false},"excerpt":{"rendered":"<p>Tonnus P\u00f3 JCR Amino\u00e1cidos, HMB, Beta\u00edna e Nucleot\u00eddeos para a melhor performance em provas intensas &nbsp; Tonnus P\u00f3 JCR \u00e9 ideal para<\/p>\n","protected":false},"featured_media":18047,"template":"","meta":{"_acf_changed":false},"product_brand":[],"product_cat":[178],"product_tag":[991],"class_list":{"0":"post-18046","1":"product","2":"type-product","3":"status-publish","4":"has-post-thumbnail","6":"product_cat-suplementos-e-vitaminas-2","7":"product_tag-vetnil","9":"first","10":"instock","11":"purchasable","12":"product-type-simple"},"acf":[],"_links":{"self":[{"href":"https:\/\/vetsul.com\/index.php\/wp-json\/wp\/v2\/product\/18046","targetHints":{"allow":["GET"]}}],"collection":[{"href":"https:\/\/vetsul.com\/index.php\/wp-json\/wp\/v2\/product"}],"about":[{"href":"https:\/\/vetsul.com\/index.php\/wp-json\/wp\/v2\/types\/product"}],"wp:featuredmedia":[{"embeddable":true,"href":"https:\/\/vetsul.com\/index.php\/wp-json\/wp\/v2\/media\/18047"}],"wp:attachment":[{"href":"https:\/\/vetsul.com\/index.php\/wp-json\/wp\/v2\/media?parent=18046"}],"wp:term":[{"taxonomy":"product_brand","embeddable":true,"href":"https:\/\/vetsul.com\/index.php\/wp-json\/wp\/v2\/product_brand?post=18046"},{"taxonomy":"product_cat","embeddable":true,"href":"https:\/\/vetsul.com\/index.php\/wp-json\/wp\/v2\/product_cat?post=18046"},{"taxonomy":"product_tag","embeddable":true,"href":"https:\/\/vetsul.com\/index.php\/wp-json\/wp\/v2\/product_tag?post=18046"}],"curies":[{"name":"wp","href":"https:\/\/api.w.org\/{rel}","templated":true}]}}