{"id":18036,"date":"2021-09-02T14:30:35","date_gmt":"2021-09-02T17:30:35","guid":{"rendered":"https:\/\/vetsul.com\/?post_type=product&#038;p=18036"},"modified":"2025-04-04T09:34:11","modified_gmt":"2025-04-04T12:34:11","slug":"d-nitrox","status":"publish","type":"product","link":"https:\/\/vetsul.com\/index.php\/product\/d-nitrox\/","title":{"rendered":"D-NITROX"},"content":{"rendered":"<div class=\"row align-items-sm-center pt-5 pt-lg-0\">\n<div class=\"col-12 col-sm-7 mb-lg-5 pl-sm-5\">\n<h1 class=\"title-primary text-uppercase mb-4 notranslate\">D-NITROX<\/h1>\n<p><strong>Indica\u00e7\u00e3o do produto<\/strong><\/p>\n<p>Suplemento amino\u00e1cido indicado para equinos em competi\u00e7\u00e3o.<\/p>\n<\/div>\n<\/div>\n<div class=\"row mb-5\">\n<div class=\"col-12 col-lg-4 mb-lg-4 pr-lg-5\">\n<h4 class=\"subtitle-primary mb-4\">Composi\u00e7\u00e3o b\u00e1sica<\/h4>\n<p>Arginina, Taurina e ve\u00edculo q.s.p.<\/p>\n<\/div>\n<div class=\"col-12 col-lg-4 mb-lg-4 pr-lg-5\">\n<h4 class=\"subtitle-primary mb-4\">Modo de usar<\/h4>\n<p>Fornecer por via oral 40g\/30ml em todos os dias de provas, 6 a 8 horas antes da competi\u00e7\u00e3o.<\/p>\n<\/div>\n<div class=\"col-12 col-lg-4 mb-lg-4 pr-lg-5\">\n<h4 class=\"subtitle-primary mb-4\">Apresenta\u00e7\u00e3o<\/h4>\n<p>75ml\/100g.<\/p>\n<\/div>\n<\/div>\n<div class=\"row niveis-garantia mb-lg-5\">\n<div class=\"col-12\">\n<h4 class=\"subtitle-primary mb-4\">N\u00edveis de garantia por Kg de produto<\/h4>\n<div class=\"table-responsive\">\n<table>\n<tbody>\n<tr>\n<td>Arginina (m\u00edn.)<\/td>\n<td><\/td>\n<td>199,5 g\/kg<\/td>\n<\/tr>\n<tr>\n<td>Taurina (m\u00edn.)<\/td>\n<td><\/td>\n<td>40,8 g\/kg<\/td>\n<\/tr>\n<\/tbody>\n<\/table>\n<\/div>\n<\/div>\n<\/div>\n","protected":false},"excerpt":{"rendered":"<p>D-NITROX Indica\u00e7\u00e3o do produto Suplemento amino\u00e1cido indicado para equinos em competi\u00e7\u00e3o. Composi\u00e7\u00e3o b\u00e1sica Arginina, Taurina e ve\u00edculo q.s.p. Modo de usar Fornecer<\/p>\n","protected":false},"featured_media":18037,"template":"","meta":{"_acf_changed":false},"product_brand":[963],"product_cat":[163,178],"product_tag":[989,1113],"class_list":{"0":"post-18036","1":"product","2":"type-product","3":"status-publish","4":"has-post-thumbnail","6":"product_brand-organnact","7":"product_cat-equinos","8":"product_cat-suplementos-e-vitaminas-2","9":"product_tag-organnact","10":"product_tag-suplementos","12":"first","13":"instock","14":"shipping-taxable","15":"purchasable","16":"product-type-simple"},"acf":[],"_links":{"self":[{"href":"https:\/\/vetsul.com\/index.php\/wp-json\/wp\/v2\/product\/18036","targetHints":{"allow":["GET"]}}],"collection":[{"href":"https:\/\/vetsul.com\/index.php\/wp-json\/wp\/v2\/product"}],"about":[{"href":"https:\/\/vetsul.com\/index.php\/wp-json\/wp\/v2\/types\/product"}],"wp:featuredmedia":[{"embeddable":true,"href":"https:\/\/vetsul.com\/index.php\/wp-json\/wp\/v2\/media\/18037"}],"wp:attachment":[{"href":"https:\/\/vetsul.com\/index.php\/wp-json\/wp\/v2\/media?parent=18036"}],"wp:term":[{"taxonomy":"product_brand","embeddable":true,"href":"https:\/\/vetsul.com\/index.php\/wp-json\/wp\/v2\/product_brand?post=18036"},{"taxonomy":"product_cat","embeddable":true,"href":"https:\/\/vetsul.com\/index.php\/wp-json\/wp\/v2\/product_cat?post=18036"},{"taxonomy":"product_tag","embeddable":true,"href":"https:\/\/vetsul.com\/index.php\/wp-json\/wp\/v2\/product_tag?post=18036"}],"curies":[{"name":"wp","href":"https:\/\/api.w.org\/{rel}","templated":true}]}}