{"id":18025,"date":"2021-08-23T09:51:28","date_gmt":"2021-08-23T12:51:28","guid":{"rendered":"https:\/\/vetsul.com\/?post_type=product&#038;p=18025"},"modified":"2025-08-11T14:41:18","modified_gmt":"2025-08-11T17:41:18","slug":"racao-jazz-carne-20kg","status":"publish","type":"product","link":"https:\/\/vetsul.com\/index.php\/product\/racao-jazz-carne-20kg\/","title":{"rendered":"Ra\u00e7\u00e3o Jazz Carne 20kg"},"content":{"rendered":"<h1>Jazz Carne<\/h1>\n<p>Alimento Completo para Gatos Adultos<\/p>\n<p>Alimento com 26% de prote\u00edna e 8% de extrato et\u00e9rio. Cont\u00e9m taurina \u2013 cora\u00e7\u00e3o e vis\u00e3o saud\u00e1veis.<\/p>\n<p>COMPOSI\u00c7\u00c3O:<\/p>\n<p>Farinha de Carne e Osso de Bovinos, Hidrolisado de F\u00edgado de Aves e Su\u00ednos, Milho Mo\u00eddo*, Farelo de Soja**, Gr\u00e3o de Sorgo, Farelo de Trigo, G\u00e9rmen de Milho*, \u00d3leo de Aves, Cloreto de S\u00f3dio, L-Taurina, Bentonita, Vitaminas (Vitamina A, Vitamina D3, Vitamina E, Vitamina K3, Vitamina B1, Vitamina B2, Vitamina B6, Vitamina B12, \u00c1cido F\u00f3lico, Pantotenato de C\u00e1lcio, Biotina, Cloreto de Colina, \u00c1cido Nicot\u00ednico), Minerais (Sulfato de Cobre, Sulfato de Ferro, Iodato de C\u00e1lcio, Sulfato de Mangan\u00eas, Selenito de S\u00f3dio, \u00d3xido de Zinco), Bissulfato de S\u00f3dio (0.4%), B.H.A. (Butil Hidroxianisol), B.H.T. (Hidr\u00f3xido de Tolueno Butilado), Propionato de C\u00e1lcio.<\/p>\n<p>Este produto n\u00e3o possui corantes artificiais em sua composi\u00e7\u00e3o, estando sujeito a pequenas varia\u00e7\u00f5es em sua colora\u00e7\u00e3o.<\/p>\n<p>\u2013 Esp\u00e9cies doadoras de genes:\u00a0<em>*Agrobacterium tumefaciens, Bacillus thuringiensis, Streptomyces viridochromogenes, Zea mays. **Agrobacterium tumefaciens, Arabidopsis thaliana, Bacillus thuringiensis, Streptomyces viridochromogenes. ****BGMV \u2013 Bean Golden Mosaic Virus.<\/em><\/p>\n<p>&nbsp;<\/p>\n<p><strong>N\u00edveis de Garantia<\/strong><\/p>\n<p>Umidade (m\u00e1x) 100g\/kg (10%), Prote\u00edna Bruta (m\u00edn) 260g\/kg (26%), Extrato Et\u00e9reo (m\u00edn) 80g\/kg (8%), Mat\u00e9ria Fibrosa (m\u00e1x) 45g\/kg (4.5%), Mat\u00e9ria Mineral (m\u00e1x) 100g\/kg (10%), C\u00e1lcio (m\u00edn) 10g\/kg (1%), C\u00e1lcio (m\u00e1x) 24g\/kg (2.4%), F\u00f3sforo (m\u00edn) 7000mg\/kg (0.7%), S\u00f3dio (m\u00edn) 2000mg\/kg (0.2%), Pot\u00e1ssio (m\u00edn) 6000mg\/kg (0.6%), Taurina (m\u00edn) 1000mg\/kg.<\/p>\n<p><strong>Enriquecimento<\/strong><\/p>\n<p>Vitamina A (m\u00edn) 11000UI\/kg, Vitamina D3 (m\u00edn) 1500UI\/kg, Vitamina E (m\u00edn) 75UI\/kg, Vitamina K3 (m\u00edn) 1mg\/kg, Vitamina B1 (m\u00edn) 8mg\/kg, Vitamina B2 (m\u00edn) 6mg\/kg, Vitamina B6 (m\u00edn) 8mg\/kg, Vitamina B12 (m\u00edn) 75mcg\/kg, \u00c1cido F\u00f3lico (m\u00edn) 1mg\/kg, \u00c1cido Pantot\u00eanico (m\u00edn) 17.5mg\/kg, Biotina (m\u00edn) 0.2mg\/kg, Colina (m\u00edn) 2400mg\/kg, Niacina (m\u00edn) 62mg\/kg, Cobre (m\u00edn) 15mg\/kg, Ferro (m\u00edn) 66mg\/kg, Iodo (m\u00edn) 1mg\/kg, Mangan\u00eas (m\u00edn) 22mg\/kg, Sel\u00eanio (m\u00edn) 0.4mg\/kg, Zinco (m\u00edn) 81mg\/kg.<\/p>\n","protected":false},"excerpt":{"rendered":"<p>Jazz Carne Alimento Completo para Gatos Adultos Alimento com 26% de prote\u00edna e 8% de extrato et\u00e9rio. Cont\u00e9m taurina \u2013 cora\u00e7\u00e3o e<\/p>\n","protected":false},"featured_media":18026,"template":"","meta":{"_acf_changed":false},"product_brand":[1022],"product_cat":[191],"product_tag":[1112,837],"class_list":{"0":"post-18025","1":"product","2":"type-product","3":"status-publish","4":"has-post-thumbnail","6":"product_brand-supra","7":"product_cat-racoes-e-suplemento-alimentar-3","8":"product_tag-gato","9":"product_tag-racoo","11":"first","12":"instock","13":"shipping-taxable","14":"purchasable","15":"product-type-simple"},"acf":[],"_links":{"self":[{"href":"https:\/\/vetsul.com\/index.php\/wp-json\/wp\/v2\/product\/18025","targetHints":{"allow":["GET"]}}],"collection":[{"href":"https:\/\/vetsul.com\/index.php\/wp-json\/wp\/v2\/product"}],"about":[{"href":"https:\/\/vetsul.com\/index.php\/wp-json\/wp\/v2\/types\/product"}],"wp:featuredmedia":[{"embeddable":true,"href":"https:\/\/vetsul.com\/index.php\/wp-json\/wp\/v2\/media\/18026"}],"wp:attachment":[{"href":"https:\/\/vetsul.com\/index.php\/wp-json\/wp\/v2\/media?parent=18025"}],"wp:term":[{"taxonomy":"product_brand","embeddable":true,"href":"https:\/\/vetsul.com\/index.php\/wp-json\/wp\/v2\/product_brand?post=18025"},{"taxonomy":"product_cat","embeddable":true,"href":"https:\/\/vetsul.com\/index.php\/wp-json\/wp\/v2\/product_cat?post=18025"},{"taxonomy":"product_tag","embeddable":true,"href":"https:\/\/vetsul.com\/index.php\/wp-json\/wp\/v2\/product_tag?post=18025"}],"curies":[{"name":"wp","href":"https:\/\/api.w.org\/{rel}","templated":true}]}}