{"id":18017,"date":"2021-08-17T16:15:17","date_gmt":"2021-08-17T19:15:17","guid":{"rendered":"https:\/\/vetsul.com\/?post_type=product&#038;p=18017"},"modified":"2025-02-07T16:00:35","modified_gmt":"2025-02-07T19:00:35","slug":"triptocalm-pasta","status":"publish","type":"product","link":"https:\/\/vetsul.com\/index.php\/product\/triptocalm-pasta\/","title":{"rendered":"Triptocalm Pasta"},"content":{"rendered":"<div class=\"row\">\n<div class=\"col-sm-7\">\n<p>Suplemento de pronto uso, indicado para equinos a partir dos 6 meses de vida.<\/p>\n<p>&nbsp;<\/p>\n<div class=\"clearfix\"><\/div>\n<table class=\"table table-striped table-hover modo_apresentacao\">\n<thead>\n<tr>\n<th>Apresenta\u00e7\u00e3o<\/th>\n<\/tr>\n<\/thead>\n<tbody>\n<tr>\n<td>Seringa contendo 35g.<\/td>\n<\/tr>\n<\/tbody>\n<\/table>\n<div class=\"clear\"><\/div>\n<table class=\"table  table-striped table-hover modo_apresentacao\">\n<thead>\n<tr>\n<th>Modo de uso<\/th>\n<\/tr>\n<\/thead>\n<tbody>\n<tr>\n<td>Potros de 6 a 18 meses: Administrar o conte\u00fado de meia seringa, via oral. Animais acima de 18 meses administrar o conte\u00fado de uma seringa (35g), via oral antes dos treinos.<\/td>\n<\/tr>\n<\/tbody>\n<\/table>\n<\/div>\n<div class=\"col-sm-5\">\n<div class=\"thumb-box\"><img loading=\"lazy\" decoding=\"async\" class=\"attachment-full size-full wp-post-image\" src=\"http:\/\/www.lavizoo.com.br\/wp-content\/uploads\/2017\/10\/triptocalm_gel_35g.png\" alt=\"\" width=\"232\" height=\"209\" \/><\/div>\n<\/div>\n<\/div>\n<div class=\"row\">\n<div class=\"col-sm-12\">\n<table class=\"table  table-striped table-hover niveis_de_garantia\">\n<thead>\n<tr>\n<th colspan=\"3\">N\u00edveis de garantia por kilograma do produto<\/th>\n<\/tr>\n<\/thead>\n<tbody>\n<tr>\n<th>Garantia<\/th>\n<th>Valor<\/th>\n<th>Unidade<\/th>\n<\/tr>\n<tr>\n<td>\u00c1cido linol\u00e9ico (M\u00ednimo)<\/td>\n<td>13<\/td>\n<td>g<\/td>\n<\/tr>\n<tr>\n<td>\u00c1cido linol\u00eanico (M\u00ednimo)<\/td>\n<td>500<\/td>\n<td>mg<\/td>\n<\/tr>\n<tr>\n<td>\u00c1cido Nicot\u00ednico (M\u00ednimo)<\/td>\n<td>5.000<\/td>\n<td>mg<\/td>\n<\/tr>\n<tr>\n<td>Dextrose (M\u00ednimo)<\/td>\n<td>10<\/td>\n<td>g<\/td>\n<\/tr>\n<tr>\n<td>Fenilalanina (M\u00ednimo)<\/td>\n<td>9.800<\/td>\n<td>mg<\/td>\n<\/tr>\n<tr>\n<td>Gama-orizanol (M\u00ednimo)<\/td>\n<td>500<\/td>\n<td>mg<\/td>\n<\/tr>\n<tr>\n<td>L-TRIPTOFANO (M\u00ednimo)<\/td>\n<td>250<\/td>\n<td>g<\/td>\n<\/tr>\n<tr>\n<td>Magn\u00e9sio (M\u00ednimo)<\/td>\n<td>13<\/td>\n<td>g<\/td>\n<\/tr>\n<tr>\n<td>mat\u00e9ria mineral (M\u00ednimo)<\/td>\n<td>35<\/td>\n<td>g<\/td>\n<\/tr>\n<tr>\n<td>Umidade (M\u00ednimo)<\/td>\n<td>232,60<\/td>\n<td>g<\/td>\n<\/tr>\n<tr>\n<td>Vitamina B1 (M\u00ednimo)<\/td>\n<td>78<\/td>\n<td>g<\/td>\n<\/tr>\n<tr>\n<td>Vitamina B6 (M\u00ednimo)<\/td>\n<td>2.900<\/td>\n<td>mg<\/td>\n<\/tr>\n<tr>\n<td>Vitamina C (M\u00ednimo)<\/td>\n<td>35<\/td>\n<td>mg<\/td>\n<\/tr>\n<\/tbody>\n<\/table>\n<\/div>\n<\/div>\n","protected":false},"excerpt":{"rendered":"<p>Suplemento de pronto uso, indicado para equinos a partir dos 6 meses de vida. &nbsp; Apresenta\u00e7\u00e3o Seringa contendo 35g. Modo de uso<\/p>\n","protected":false},"featured_media":18018,"template":"","meta":{"_acf_changed":false},"product_brand":[952],"product_cat":[163,189,178],"product_tag":[983,201],"class_list":{"0":"post-18017","1":"product","2":"type-product","3":"status-publish","4":"has-post-thumbnail","6":"product_brand-lavizoo","7":"product_cat-equinos","8":"product_cat-racoes-suplementos-alimentar-2","9":"product_cat-suplementos-e-vitaminas-2","10":"product_tag-lavizoo","11":"product_tag-suplemento","13":"first","14":"instock","15":"shipping-taxable","16":"purchasable","17":"product-type-simple"},"acf":[],"_links":{"self":[{"href":"https:\/\/vetsul.com\/index.php\/wp-json\/wp\/v2\/product\/18017","targetHints":{"allow":["GET"]}}],"collection":[{"href":"https:\/\/vetsul.com\/index.php\/wp-json\/wp\/v2\/product"}],"about":[{"href":"https:\/\/vetsul.com\/index.php\/wp-json\/wp\/v2\/types\/product"}],"wp:featuredmedia":[{"embeddable":true,"href":"https:\/\/vetsul.com\/index.php\/wp-json\/wp\/v2\/media\/18018"}],"wp:attachment":[{"href":"https:\/\/vetsul.com\/index.php\/wp-json\/wp\/v2\/media?parent=18017"}],"wp:term":[{"taxonomy":"product_brand","embeddable":true,"href":"https:\/\/vetsul.com\/index.php\/wp-json\/wp\/v2\/product_brand?post=18017"},{"taxonomy":"product_cat","embeddable":true,"href":"https:\/\/vetsul.com\/index.php\/wp-json\/wp\/v2\/product_cat?post=18017"},{"taxonomy":"product_tag","embeddable":true,"href":"https:\/\/vetsul.com\/index.php\/wp-json\/wp\/v2\/product_tag?post=18017"}],"curies":[{"name":"wp","href":"https:\/\/api.w.org\/{rel}","templated":true}]}}