{"id":17967,"date":"2021-07-05T08:52:18","date_gmt":"2021-07-05T11:52:18","guid":{"rendered":"https:\/\/vetsul.com\/?post_type=product&#038;p=17967"},"modified":"2025-02-07T16:00:34","modified_gmt":"2025-02-07T19:00:34","slug":"barro-branco-balde-12kg","status":"publish","type":"product","link":"https:\/\/vetsul.com\/index.php\/product\/barro-branco-balde-12kg\/","title":{"rendered":"BARRO BRANCO &#8211; Balde 1,2kg"},"content":{"rendered":"<p>Produto destinado \u00e0 massagem em equinos atletas. Recomendado para massagem e como auxiliar no relaxamento de m\u00fasculos e tend\u00f5es de equinos. Promove o resfriamento destes tecidos atrav\u00e9s de agentes t\u00e9rmicos mentol e c\u00e2nfora. Seu uso \u00e9 indicado ap\u00f3s pr\u00e1ticas esportivas ou trabalhos intensos<\/p>\n<p>Apresenta\u00e7\u00e3o<br \/>\nBalde contendo 6 kg.<br \/>\nBalde contendo 1,2 kg.<br \/>\nModo de uso<br \/>\nAplicar com esp\u00e1tula uma camada do produto sobre a regi\u00e3o desejada, deixando uma pel\u00edcula de 5mm de espessura. Para retirar a pasta, basta aplicar uma ducha de \u00e1gua.<\/p>\n<p>Composi\u00e7\u00e3o b\u00e1sica\/F\u00f3rmula<br \/>\n\u00c1lcool et\u00edlico, glicerina, mentol cristal, eucaliptol, salicilato de metila, c\u00e2nfora e \u00f3leo de copa\u00edba.<\/p>\n","protected":false},"excerpt":{"rendered":"<p>Produto destinado \u00e0 massagem em equinos atletas. Recomendado para massagem e como auxiliar no relaxamento de m\u00fasculos e tend\u00f5es de equinos. Promove<\/p>\n","protected":false},"featured_media":17968,"template":"","meta":{"_acf_changed":false},"product_brand":[952],"product_cat":[174,163,194],"product_tag":[383,1108,1106,983,1107],"class_list":{"0":"post-17967","1":"product","2":"type-product","3":"status-publish","4":"has-post-thumbnail","6":"product_brand-lavizoo","7":"product_cat-anti-inflamatorios-3","8":"product_cat-equinos","9":"product_cat-todos-os-produtos","10":"product_tag-dor","11":"product_tag-flop","12":"product_tag-fumentacao","13":"product_tag-lavizoo","14":"product_tag-ngf5","16":"first","17":"instock","18":"shipping-taxable","19":"purchasable","20":"product-type-simple"},"acf":[],"_links":{"self":[{"href":"https:\/\/vetsul.com\/index.php\/wp-json\/wp\/v2\/product\/17967","targetHints":{"allow":["GET"]}}],"collection":[{"href":"https:\/\/vetsul.com\/index.php\/wp-json\/wp\/v2\/product"}],"about":[{"href":"https:\/\/vetsul.com\/index.php\/wp-json\/wp\/v2\/types\/product"}],"wp:featuredmedia":[{"embeddable":true,"href":"https:\/\/vetsul.com\/index.php\/wp-json\/wp\/v2\/media\/17968"}],"wp:attachment":[{"href":"https:\/\/vetsul.com\/index.php\/wp-json\/wp\/v2\/media?parent=17967"}],"wp:term":[{"taxonomy":"product_brand","embeddable":true,"href":"https:\/\/vetsul.com\/index.php\/wp-json\/wp\/v2\/product_brand?post=17967"},{"taxonomy":"product_cat","embeddable":true,"href":"https:\/\/vetsul.com\/index.php\/wp-json\/wp\/v2\/product_cat?post=17967"},{"taxonomy":"product_tag","embeddable":true,"href":"https:\/\/vetsul.com\/index.php\/wp-json\/wp\/v2\/product_tag?post=17967"}],"curies":[{"name":"wp","href":"https:\/\/api.w.org\/{rel}","templated":true}]}}