{"id":17949,"date":"2021-06-18T15:32:47","date_gmt":"2021-06-18T18:32:47","guid":{"rendered":"https:\/\/vetsul.com\/?post_type=product&#038;p=17949"},"modified":"2025-04-08T11:15:01","modified_gmt":"2025-04-08T14:15:01","slug":"naturalgama-strong-pro-25kg","status":"publish","type":"product","link":"https:\/\/vetsul.com\/index.php\/product\/naturalgama-strong-pro-25kg\/","title":{"rendered":"NATURALGAMA STRONG PR\u00d3 25kg"},"content":{"rendered":"<p>NATURALGAMA STRONG PR\u00d3<br \/>\nSuplemento Energ\u00e9tico, Proteico, Vitam\u00ednico e Mineral que tem por base o farelo de<br \/>\narroz estabilizado. Para equinos a partir de 12 meses de idade e durante toda a vida<br \/>\natl\u00e9tica.<br \/>\nApresenta\u00e7\u00e3o: 25kg<\/p>\n<p>N\u00edveis de garantia por quilograma de produto:<br \/>\n\u00c1cido f\u00f3lico (m\u00ednimo) 20 mg<br \/>\nBiotina (m\u00ednimo) 10 mg<br \/>\nC\u00e1lcio (m\u00ednimo-m\u00e1ximo) 22g \u2013 26g<br \/>\nCobalto (m\u00ednimo) 0,3 mg<br \/>\nCobre (m\u00ednimo) 50 mg<br \/>\nColina (m\u00ednimo) 340 mg<br \/>\nExtrato Et\u00e9reo (m\u00ednimo) 150g<br \/>\nFerro (m\u00ednimo) 200 mg<br \/>\nFibra Bruta (m\u00e1xima) 80 g<br \/>\nFitase (m\u00ednimo) 1500 FTU<br \/>\nF\u00f3sforo (m\u00ednimo) 13g<br \/>\nGama Orizanol (m\u00ednimo) 1300 mg<br \/>\n\u00cdndice de per\u00f3xido (m\u00e1ximo) 5 meq\/1000g<br \/>\nIodo (m\u00ednimo) 1,8 mg<br \/>\nL-Lisina (m\u00ednimo) 20g<br \/>\nMangan\u00eas (m\u00ednimo) 200 mg<br \/>\nMat\u00e9ria Mineral (m\u00e1xima) 120g<br \/>\nProte\u00edna Bruta (m\u00ednima) 110g<br \/>\nSaccharomyces cerevisae 3&#215;1010 UFC<br \/>\nSel\u00eanio (m\u00ednimo) 0,50 mg<br \/>\nS\u00f3dio (m\u00ednimo) 7850mg<br \/>\nUmidade (m\u00e1xima): 120g<br \/>\nVitamina A (m\u00ednimo) 22000 UI<br \/>\nVitamina B1 (m\u00ednimo) 24 mg<br \/>\nVitamina B12 (m\u00ednimo) 120 mcg<br \/>\nVitamina B2 (m\u00ednimo) 24 mg<br \/>\nVitamina B3 (niacina) (m\u00ednimo) 40 mg<br \/>\nVitamina B5 (\u00e1cido pantot\u00eanico) (m\u00ednimo) 16 mg<br \/>\nVitamina B6 (m\u00ednimo) 14 mg<br \/>\nVitamina C (m\u00ednimo) 340 mg<br \/>\nVitamina D3 (m\u00ednimo) 2200 UI<br \/>\nVitamina E (m\u00ednimo) 525 UI<br \/>\nVitamina K3 (m\u00ednimo) 4 mg<br \/>\nZinco (m\u00ednimo) 200 mg<\/p>\n","protected":false},"excerpt":{"rendered":"<p>NATURALGAMA STRONG PR\u00d3 Suplemento Energ\u00e9tico, Proteico, Vitam\u00ednico e Mineral que tem por base o farelo de arroz estabilizado. Para equinos a partir<\/p>\n","protected":false},"featured_media":17951,"template":"","meta":{"_acf_changed":false},"product_brand":[952,954],"product_cat":[163,189,178,194],"product_tag":[1105,1104],"class_list":{"0":"post-17949","1":"product","2":"type-product","3":"status-publish","4":"has-post-thumbnail","6":"product_brand-lavizoo","7":"product_brand-vetnil","8":"product_cat-equinos","9":"product_cat-racoes-suplementos-alimentar-2","10":"product_cat-suplementos-e-vitaminas-2","11":"product_cat-todos-os-produtos","12":"product_tag-equino","13":"product_tag-natural-gama","15":"first","16":"outofstock","17":"shipping-taxable","18":"purchasable","19":"product-type-simple"},"acf":[],"_links":{"self":[{"href":"https:\/\/vetsul.com\/index.php\/wp-json\/wp\/v2\/product\/17949","targetHints":{"allow":["GET"]}}],"collection":[{"href":"https:\/\/vetsul.com\/index.php\/wp-json\/wp\/v2\/product"}],"about":[{"href":"https:\/\/vetsul.com\/index.php\/wp-json\/wp\/v2\/types\/product"}],"wp:featuredmedia":[{"embeddable":true,"href":"https:\/\/vetsul.com\/index.php\/wp-json\/wp\/v2\/media\/17951"}],"wp:attachment":[{"href":"https:\/\/vetsul.com\/index.php\/wp-json\/wp\/v2\/media?parent=17949"}],"wp:term":[{"taxonomy":"product_brand","embeddable":true,"href":"https:\/\/vetsul.com\/index.php\/wp-json\/wp\/v2\/product_brand?post=17949"},{"taxonomy":"product_cat","embeddable":true,"href":"https:\/\/vetsul.com\/index.php\/wp-json\/wp\/v2\/product_cat?post=17949"},{"taxonomy":"product_tag","embeddable":true,"href":"https:\/\/vetsul.com\/index.php\/wp-json\/wp\/v2\/product_tag?post=17949"}],"curies":[{"name":"wp","href":"https:\/\/api.w.org\/{rel}","templated":true}]}}