{"id":17934,"date":"2021-05-24T13:56:13","date_gmt":"2021-05-24T16:56:13","guid":{"rendered":"https:\/\/vetsul.com\/?post_type=product&#038;p=17934"},"modified":"2025-02-07T16:18:00","modified_gmt":"2025-02-07T19:18:00","slug":"lidovet-50ml-lidocaina-sem-vaso-constritor","status":"publish","type":"product","link":"https:\/\/vetsul.com\/index.php\/product\/lidovet-50ml-lidocaina-sem-vaso-constritor\/","title":{"rendered":"Lidovet 50ml &#8211; Lidocaina sem Vaso Constritor"},"content":{"rendered":"<div class=\"infoProd\">\n<div class=\"paddingbox\">Indica\u00e7\u00f5es: anest\u00e9sico local sem vaso constritor indicado para bovinos equinos su\u00ednos caprinos ovinos c\u00e3es e gatos nos casos de: cesarianas castra\u00e7\u00f5es descornas manobras cl\u00ednico-cir\u00fargicas cirurgias de extremidade (membros tetas p\u00eanis prep\u00facio)\u00a0laparatomia\u00a0explorat\u00f3ria\u00a0ruminotomia\u00a0e como auxiliar na redu\u00e7\u00e3o de prolapso.<\/div>\n<\/div>\n<div class=\"clear\"><\/div>\n<div class=\"clear\"><\/div>\n<div class=\"infoProd\">\n<div class=\"line\">\n<h3 class=\"title big\">BULA<\/h3>\n<\/div>\n<div class=\"paddingbox\">\n<p><strong>F\u00f3rmula:<\/strong><\/p>\n<p>Cada 100 mL cont\u00e9m:<br \/>\nCloridrato de lidoca\u00edna &#8211; 2 g;<br \/>\nSolu\u00e7\u00e3o Ringer q.s.p. &#8211; 100 mL.<br \/>\n<strong>Indica\u00e7\u00f5es:<\/strong><\/p>\n<p>Anest\u00e9sico local sem vasoconstritor para todas esp\u00e9cies animais.<br \/>\n<strong>Dosagem:<\/strong><\/p>\n<p>A dose\u00a0maxima\u00a0permitida de lidoca\u00edna \u00e9 de 7 mg\/kg de peso.<br \/>\nSeu per\u00edodo de a\u00e7\u00e3o varia de 60 a 120 minutos de a\u00e7\u00e3o.<\/p>\n<p><strong>Administra\u00e7\u00e3o:<\/strong><\/p>\n<p>Injet\u00e1vel por via subcut\u00e2nea ou epidural.<\/p>\n<p><strong>Precau\u00e7\u00f5es:<\/strong><\/p>\n<p>N\u00e3o aplicar em animais que apresentem hipersensibilidade a lidoca\u00edna e em animais em tratamentos com sulfonamidas.<br \/>\nDesinfetar o local da aplica\u00e7\u00e3o.<br \/>\nUsar seringas e agulhas descart\u00e1veis ou esterilizadas.<\/p>\n<p><strong>Apresenta\u00e7\u00e3o:<\/strong><\/p>\n<p>Frasco-ampola com 50\u00a0mL.<\/p>\n<p><strong>Classe Terap\u00eautica:<\/strong><\/p>\n<p>ANEST\u00c9SICOS SEDATIVOS E SIMILARES<\/p>\n<p><strong>Princ\u00edpio(s) Ativo(s):<\/strong><\/p>\n<p>LIDOCA\u00cdNA<br \/>\n<strong>Registro no Minist\u00e9rio da Agricultura Pecu\u00e1ria e\u00a0Abastecimento:<\/strong><\/p>\n<p>5989 em 02\/06\/1997<\/p>\n<p><strong>Respons\u00e1vel T\u00e9cnico:<\/strong><\/p>\n<p>Dr\u00aa Patricia Pedroso Porto &#8211; CRMV: n\u00ba 3273<\/p>\n<\/div>\n<\/div>\n","protected":false},"excerpt":{"rendered":"<p>Indica\u00e7\u00f5es: anest\u00e9sico local sem vaso constritor indicado para bovinos equinos su\u00ednos caprinos ovinos c\u00e3es e gatos nos casos de: cesarianas castra\u00e7\u00f5es descornas<\/p>\n","protected":false},"featured_media":17935,"template":"","meta":{"_acf_changed":false},"product_brand":[1102],"product_cat":[199,164,163,165,194],"product_tag":[885,1103],"class_list":{"0":"post-17934","1":"product","2":"type-product","3":"status-publish","4":"has-post-thumbnail","6":"product_brand-bravet","7":"product_cat-anestesicos","8":"product_cat-bovinos-e-ovinos","9":"product_cat-equinos","10":"product_cat-pet","11":"product_cat-todos-os-produtos","12":"product_tag-anestesico","13":"product_tag-lidocaina","15":"first","16":"outofstock","17":"shipping-taxable","18":"purchasable","19":"product-type-simple"},"acf":[],"_links":{"self":[{"href":"https:\/\/vetsul.com\/index.php\/wp-json\/wp\/v2\/product\/17934","targetHints":{"allow":["GET"]}}],"collection":[{"href":"https:\/\/vetsul.com\/index.php\/wp-json\/wp\/v2\/product"}],"about":[{"href":"https:\/\/vetsul.com\/index.php\/wp-json\/wp\/v2\/types\/product"}],"wp:featuredmedia":[{"embeddable":true,"href":"https:\/\/vetsul.com\/index.php\/wp-json\/wp\/v2\/media\/17935"}],"wp:attachment":[{"href":"https:\/\/vetsul.com\/index.php\/wp-json\/wp\/v2\/media?parent=17934"}],"wp:term":[{"taxonomy":"product_brand","embeddable":true,"href":"https:\/\/vetsul.com\/index.php\/wp-json\/wp\/v2\/product_brand?post=17934"},{"taxonomy":"product_cat","embeddable":true,"href":"https:\/\/vetsul.com\/index.php\/wp-json\/wp\/v2\/product_cat?post=17934"},{"taxonomy":"product_tag","embeddable":true,"href":"https:\/\/vetsul.com\/index.php\/wp-json\/wp\/v2\/product_tag?post=17934"}],"curies":[{"name":"wp","href":"https:\/\/api.w.org\/{rel}","templated":true}]}}