{"id":17930,"date":"2021-05-24T13:38:02","date_gmt":"2021-05-24T16:38:02","guid":{"rendered":"https:\/\/vetsul.com\/?post_type=product&#038;p=17930"},"modified":"2025-04-08T11:14:55","modified_gmt":"2025-04-08T14:14:55","slug":"insemax-pour-on-01lt","status":"publish","type":"product","link":"https:\/\/vetsul.com\/index.php\/product\/insemax-pour-on-01lt\/","title":{"rendered":"Insemax\u00ae Pour-on 01lt"},"content":{"rendered":"<div id=\"breadcrumb\" class=\"row container\">\n<div class=\"columns\">\n<div class=\"subtitulo text-center\">\n<div class=\"infoProd\">\n<div class=\"line\">\n<h3 class=\"title big\">DESCRI\u00c7\u00c3O:<\/h3>\n<\/div>\n<div class=\"paddingbox\">Insemax \u00e9 um ectoparasiticida \u00e0 base de Cipermetrina, Clorpirif\u00f3s e But\u00f3xido de Piperonila que age no combate de parasitas externos, como: carrapatos, moscas e berne. \u00c9 uma associa\u00e7\u00e3o de Organofosforado, Piretr\u00f3ide de \u00faltima gera\u00e7\u00e3o e uma Piretrina, que aliados conferem melhor a\u00e7\u00e3o contra os ectoparasitas, al\u00e9m de baixo per\u00edodo de car\u00eancia para leite e corte, permitindo utiliza\u00e7\u00e3o com seguran\u00e7a em bovinos.<\/p>\n<p>M\u00e1xima efic\u00e1cia contra carrapatos, moscas e bernes.<\/p><\/div>\n<\/div>\n<div class=\"clear\"><\/div>\n<div class=\"clear\"><\/div>\n<div class=\"infoProd\">\n<div class=\"line\">\n<h3 class=\"title big\">INDICA\u00c7\u00d5ES:<\/h3>\n<\/div>\n<div class=\"paddingbox\">Insemax Pour On \u00e9 indicado para uso t\u00f3pico (pour on), no combate aos seguintes ectoparasitas que acometem os bovinos: Carrapatos do g\u00eanero Boophilus microplus (adultos e imaturos); Larvas de Dermatobia hominis (berne) e Moscas dos g\u00eaneros Haematobia irritans (adultos) e Dermatobia hominis (adultos).\n<\/div>\n<\/div>\n<div class=\"clear\"><\/div>\n<div class=\"clear\"><\/div>\n<div class=\"infoProd\">\n<div class=\"line\">\n<h3 class=\"title big\">COMPOSI\u00c7\u00c3O:<\/h3>\n<\/div>\n<div class=\"paddingbox\">Cada 100 mL do produto cont\u00e9m:<\/p>\n<p>Cipermetrina &#8230;&#8230;&#8230;&#8230;&#8230;&#8230;&#8230; 5,0 g<br \/>\nClorpirif\u00f3s &#8230;&#8230;&#8230;&#8230;&#8230;&#8230;&#8230;&#8230;. 7,0 g<br \/>\nBut\u00f3xido de Piperonila &#8230;&#8230;1,0 mL<br \/>\nVe\u00edculo q.s.p. &#8230;&#8230;&#8230;&#8230;&#8230;&#8230; 100,0 mL\n<\/p><\/div>\n<\/div>\n<div class=\"clear\"><\/div>\n<div class=\"clear\"><\/div>\n<div class=\"infoProd\">\n<div class=\"line\">\n<h3 class=\"title big\">POSOLOGIA E MODO DE USAR:<\/h3>\n<\/div>\n<div class=\"paddingbox\">A dosagem recomendada \u00e9 de 10 mL para cada 100 kg de peso vivo.<br \/>\nBOVINOS: Insemax Pour on \u00e9 uma solu\u00e7\u00e3o oleosa pronta para uso que deve ser aplicada em toda linha dorsal do animal, vertendo a dose separada no frasco dosador, do pesco\u00e7o at\u00e9 a anca do animal.<br \/>\nO intervalo entre as aplica\u00e7\u00f5es varia de acordo com o programa adotado no controle dos ectoparasitas, condi\u00e7\u00f5es ambientais, n\u00edvel de infesta\u00e7\u00e3o e taxa de reinfesta\u00e7\u00e3o do rebanho e a crit\u00e9rio do M\u00e9dico Veterin\u00e1rio.<\/p>\n<p>\u00c9 recomendada a utiliza\u00e7\u00e3o de carrapaticidograma, para avaliar a resist\u00eancia dos carrapatos ao medicamento.\n<\/p><\/div>\n<\/div>\n<div class=\"clear\"><\/div>\n<div class=\"clear\"><\/div>\n<div class=\"infoProd\">\n<div class=\"line\">\n<h3 class=\"title big\">PER\u00cdODO DE CAR\u00caNCIA:<\/h3>\n<\/div>\n<div class=\"paddingbox\">\u201cATEN\u00c7\u00c3O: OBEDECER AOS SEGUINTES PER\u00cdODOS DE CAR\u00caNCIA\u201d<\/p>\n<p>BOVINOS:<\/p>\n<p>ABATE: O ABATE DOS ANIMAIS TRATADOS COM ESTE PRODUTO SOMENTE DEVE SER REALIZADO 6 DIAS AP\u00d3S A \u00daLTIMA APLICA\u00c7\u00c3O.<\/p>\n<p>LEITE: O LEITE DOS ANIMAIS TRATADOS COM ESTE PRODUTO N\u00c3O DEVE SER DESTINADO AO CONSUMO HUMANO AT\u00c9 24 HORAS AP\u00d3S A \u00daLTIMA APLICA\u00c7\u00c3O.<\/p>\n<p>A UTILIZA\u00c7\u00c3O DO PRODUTO EM CONDI\u00c7\u00d5ES DIFERENTES DAS INDICADAS NESTA BULA PODE CAUSAR A PRESEN\u00c7A DE RES\u00cdDUOS DO PRODUTO ACIMA DOS LIMITES APROVADOS, TORNANDO O ALIMENTO DE ORIGEM ANIMAL IMPR\u00d3PRIO PARA O CONSUMO.\n<\/p><\/div>\n<\/div>\n<div class=\"clear\"><\/div>\n<div class=\"clear\"><\/div>\n<div class=\"infoProd\">\n<div class=\"line\">\n<h3 class=\"title big\">PRECAU\u00c7\u00d5ES:<\/h3>\n<\/div>\n<div class=\"paddingbox\">Manter a embalagem fechada.<br \/>\nObedecer \u00e0s dosagens e recomenda\u00e7\u00f5es para o uso do produto.<br \/>\nProduto t\u00f3xico para peixes, p\u00e1ssaros e abelhas.<br \/>\nEvitar longo contato com pele, mucosa e a inala\u00e7\u00e3o do produto.<br \/>\nLavar as m\u00e3os ap\u00f3s o manuseio do produto e n\u00e3o fumar ou alimentar-se durante o manuseio do produto.<br \/>\nN\u00e3o guardar junto a medicamentos, produtos de higiene ou dom\u00e9sticos.<br \/>\nLavar muito bem as m\u00e3os e a parte exposta do corpo antes de comer e de beber, e ap\u00f3s o trabalho com o produto.<br \/>\nUtilizar equipamentos de prote\u00e7\u00e3o individual (luvas, macac\u00e3o, \u00f3culos de prote\u00e7\u00e3o, gorro e m\u00e1scara contra gases t\u00f3xicos) no momento da aplica\u00e7\u00e3o do produto.<br \/>\nN\u00e3o reutilizar as embalagens vazias.<br \/>\nN\u00e3o contaminar rios e outros cursos de \u00e1gua.<br \/>\nConservar o produto em locais secos e frescos, ao abrigo da luz solar, longe do alcance de crian\u00e7as e animais dom\u00e9sticos.<br \/>\nCaso o produto entre em contato com os olhos lav\u00e1-los imediatamente com \u00e1gua abundante, durante 15 minutos.<br \/>\nCaso ocorra intoxica\u00e7\u00e3o acidental proceder da seguinte forma: retirar as roupas contaminadas e lavar as partes atingidas do corpo com \u00e1gua e sab\u00e3o.<br \/>\nEm casos de ingest\u00e3o acidental n\u00e3o provocar v\u00f4mito e n\u00e3o oferecer leite, gorduras ou \u00f3leos ao paciente.<br \/>\nProcurar imediatamente atendimento m\u00e9dico, levando consigo o r\u00f3tulo do produto.<br \/>\nN\u00e3o diluir o produto em \u00f3leos.\n<\/div>\n<\/div>\n<div class=\"clear\"><\/div>\n<div class=\"clear\"><\/div>\n<div class=\"infoProd\">\n<div class=\"line\">\n<h3 class=\"title big\">CONTRAINDICA\u00c7\u00d5ES:<\/h3>\n<\/div>\n<div class=\"paddingbox\">N\u00e3o aplicar em animais rec\u00e9m nascidos, debilitados, exaustos, estressados ou doentes.<br \/>\nN\u00e3o administrar em animais com a pele lesionada.<br \/>\nN\u00e3o administrar em animais com hipersensibilidade conhecida aos princ\u00edpios ativos do produto.<br \/>\nN\u00e3o aplicar o produto nas horas de calor intenso.<br \/>\nN\u00e3o tratar os animais quando h\u00e1 amea\u00e7a de chuva.<br \/>\nNo caso de chover dentro das 24 hs ap\u00f3s o tratamento, recomenda-se repetir o tratamento.<br \/>\nN\u00e3o aplicar em f\u00eameas no ter\u00e7o final de gesta\u00e7\u00e3o<\/div>\n<\/div>\n<\/div>\n<\/div>\n<\/div>\n","protected":false},"excerpt":{"rendered":"<p>DESCRI\u00c7\u00c3O: Insemax \u00e9 um ectoparasiticida \u00e0 base de Cipermetrina, Clorpirif\u00f3s e But\u00f3xido de Piperonila que age no combate de parasitas externos, como:<\/p>\n","protected":false},"featured_media":17931,"template":"","meta":{"_acf_changed":false},"product_brand":[957],"product_cat":[164,194,167],"product_tag":[505,1012,797,1101],"class_list":{"0":"post-17930","1":"product","2":"type-product","3":"status-publish","4":"has-post-thumbnail","6":"product_brand-j-a-saude-animal","7":"product_cat-bovinos-e-ovinos","8":"product_cat-todos-os-produtos","9":"product_cat-vermifugos-e-carrapaticidas","10":"product_tag-carrapato","11":"product_tag-dectomax","12":"product_tag-ja-saude-animal","13":"product_tag-pour-on","15":"first","16":"outofstock","17":"shipping-taxable","18":"purchasable","19":"product-type-simple"},"acf":[],"_links":{"self":[{"href":"https:\/\/vetsul.com\/index.php\/wp-json\/wp\/v2\/product\/17930","targetHints":{"allow":["GET"]}}],"collection":[{"href":"https:\/\/vetsul.com\/index.php\/wp-json\/wp\/v2\/product"}],"about":[{"href":"https:\/\/vetsul.com\/index.php\/wp-json\/wp\/v2\/types\/product"}],"wp:featuredmedia":[{"embeddable":true,"href":"https:\/\/vetsul.com\/index.php\/wp-json\/wp\/v2\/media\/17931"}],"wp:attachment":[{"href":"https:\/\/vetsul.com\/index.php\/wp-json\/wp\/v2\/media?parent=17930"}],"wp:term":[{"taxonomy":"product_brand","embeddable":true,"href":"https:\/\/vetsul.com\/index.php\/wp-json\/wp\/v2\/product_brand?post=17930"},{"taxonomy":"product_cat","embeddable":true,"href":"https:\/\/vetsul.com\/index.php\/wp-json\/wp\/v2\/product_cat?post=17930"},{"taxonomy":"product_tag","embeddable":true,"href":"https:\/\/vetsul.com\/index.php\/wp-json\/wp\/v2\/product_tag?post=17930"}],"curies":[{"name":"wp","href":"https:\/\/api.w.org\/{rel}","templated":true}]}}