{"id":17924,"date":"2021-05-22T10:09:30","date_gmt":"2021-05-22T13:09:30","guid":{"rendered":"https:\/\/vetsul.com\/?post_type=product&#038;p=17924"},"modified":"2025-04-08T14:59:21","modified_gmt":"2025-04-08T17:59:21","slug":"tormicina-100-10ml","status":"publish","type":"product","link":"https:\/\/vetsul.com\/index.php\/product\/tormicina-100-10ml\/","title":{"rendered":"Tormicina 100 10ml"},"content":{"rendered":"<p>Antibi\u00f3tico de longa a\u00e7\u00e3o e amplo espectro, indicado para preven\u00e7\u00e3o e tratamento de doen\u00e7as infecciosas.<\/p>\n<p>&nbsp;<\/p>\n<p><strong>Composi\u00e7\u00e3o<\/strong><br \/>\nF\u00f3rmula (em 100mL):<br \/>\nOxitetraciclina base&#8230;&#8230;&#8230;&#8230;&#8230;&#8230;&#8230;&#8230;&#8230;&#8230;10.000 mg<br \/>\nLidoca\u00edna&#8230;&#8230;&#8230;&#8230;&#8230;&#8230;&#8230;&#8230;&#8230;&#8230;&#8230;&#8230;&#8230;&#8230;&#8230;. 2.000 mg<br \/>\nVe\u00edculo q.s.p&#8230;&#8230;&#8230;&#8230;&#8230;&#8230;&#8230;&#8230;&#8230;&#8230;&#8230;&#8230;&#8230;. 100 mL<\/p>\n<p>&nbsp;<\/p>\n<p><strong>Indica\u00e7\u00e3o<br \/>\n<\/strong>Nas infec\u00e7\u00f5es produzidas por microorganismos sens\u00edveis a oxitetraciclina, e como auxiliar no controle e preven\u00e7\u00e3o das infec\u00e7\u00f5es p\u00f3s-operat\u00f3rias e p\u00f3s-parto ocasionadas por microorganismos sens\u00edveis \u00e0 oxitetraciclina.<\/p>\n<p>&nbsp;<\/p>\n<p><strong>Modo de uso e posologia<\/strong><br \/>\nVia injet\u00e1vel intramuscular profunda.<br \/>\nDe prefer\u00eancia n\u00e3o aplicar mais de 10mL no mesmo local.<br \/>\nDoses di\u00e1rias conforme o peso do animal:<br \/>\n&#8211; Bovinos e Eq\u00fcinos: administrar 1mL para cada 10kg de peso corporal, ou seja, 10mg\/kg de peso vivo.<br \/>\n&#8211; Su\u00ednos, Ovinos e Caprinos: at\u00e9 5kg, administrar uma dose de 0,5mL, acima de 5kg, administrar 1mL para cada 10kg de peso corporal.<br \/>\n&#8211; C\u00e3es, Gatos e Coelhos: 0,5mL para cada 5kg de peso.<br \/>\n&#8211; Aves: 0,25mL\/kg a 0,5mL\/kg de peso vivo.<\/p>\n<p>&nbsp;<\/p>\n<p><strong>Per\u00edodo de car\u00eancia<\/strong><br \/>\n&#8211; N\u00e3o diluir o medicamento<br \/>\n&#8211; N\u00e3o administrar em vacas leiteiras lactantes<br \/>\n&#8211; Suspender a medica\u00e7\u00e3o 30 dias antes do abate dos animais para consumo humano<\/p>\n<p>&nbsp;<\/p>\n<p><strong>Apresenta\u00e7\u00e3o<\/strong><br \/>\nDispon\u00edvel em Frasco com 10mL<\/p>\n","protected":false},"excerpt":{"rendered":"<p>Antibi\u00f3tico de longa a\u00e7\u00e3o e amplo espectro, indicado para preven\u00e7\u00e3o e tratamento de doen\u00e7as infecciosas. &nbsp; Composi\u00e7\u00e3o F\u00f3rmula (em 100mL): Oxitetraciclina base&#8230;&#8230;&#8230;&#8230;&#8230;&#8230;&#8230;&#8230;&#8230;&#8230;10.000<\/p>\n","protected":false},"featured_media":17925,"template":"","meta":{"_acf_changed":false},"product_brand":[1099],"product_cat":[170,175,164,163,194],"product_tag":[1100,1013],"class_list":{"0":"post-17924","1":"product","2":"type-product","3":"status-publish","4":"has-post-thumbnail","6":"product_brand-fabiani","7":"product_cat-anti-microbianos","8":"product_cat-antimicrobianos-2","9":"product_cat-bovinos-e-ovinos","10":"product_cat-equinos","11":"product_cat-todos-os-produtos","12":"product_tag-oxitetraciclina","13":"product_tag-terramicina","15":"first","16":"instock","17":"shipping-taxable","18":"purchasable","19":"product-type-simple"},"acf":[],"_links":{"self":[{"href":"https:\/\/vetsul.com\/index.php\/wp-json\/wp\/v2\/product\/17924","targetHints":{"allow":["GET"]}}],"collection":[{"href":"https:\/\/vetsul.com\/index.php\/wp-json\/wp\/v2\/product"}],"about":[{"href":"https:\/\/vetsul.com\/index.php\/wp-json\/wp\/v2\/types\/product"}],"wp:featuredmedia":[{"embeddable":true,"href":"https:\/\/vetsul.com\/index.php\/wp-json\/wp\/v2\/media\/17925"}],"wp:attachment":[{"href":"https:\/\/vetsul.com\/index.php\/wp-json\/wp\/v2\/media?parent=17924"}],"wp:term":[{"taxonomy":"product_brand","embeddable":true,"href":"https:\/\/vetsul.com\/index.php\/wp-json\/wp\/v2\/product_brand?post=17924"},{"taxonomy":"product_cat","embeddable":true,"href":"https:\/\/vetsul.com\/index.php\/wp-json\/wp\/v2\/product_cat?post=17924"},{"taxonomy":"product_tag","embeddable":true,"href":"https:\/\/vetsul.com\/index.php\/wp-json\/wp\/v2\/product_tag?post=17924"}],"curies":[{"name":"wp","href":"https:\/\/api.w.org\/{rel}","templated":true}]}}