{"id":17917,"date":"2021-05-19T15:19:07","date_gmt":"2021-05-19T18:19:07","guid":{"rendered":"https:\/\/vetsul.com\/?post_type=product&#038;p=17917"},"modified":"2025-02-07T16:00:33","modified_gmt":"2025-02-07T19:00:33","slug":"reset-iombina-botupharma","status":"publish","type":"product","link":"https:\/\/vetsul.com\/index.php\/product\/reset-iombina-botupharma\/","title":{"rendered":"Reset (Iombina) Botupharma"},"content":{"rendered":"<h2>Descri\u00e7\u00e3o<\/h2>\n<div id=\"cmsms_row_60a555b68ed3c\" class=\"cmsms_row cmsms_color_scheme_default\">\n<div class=\"cmsms_row_outer_parent\">\n<div class=\"cmsms_row_outer\">\n<div class=\"cmsms_row_inner\">\n<div class=\"cmsms_row_margin cmsms_1212\">\n<div class=\"cmsms_column one_half\">\n<div class=\"cmsms_text\">\n<h5><strong>Por que RESET?<\/strong><br \/>\nO principal mecanismo de a\u00e7\u00e3o do\u00a0<strong>RESET<\/strong>\u00a0\u00e9 reverter a a\u00e7\u00e3o de agonistas alfa-2-adren\u00e9rgicos, como Xilazina e Detomidina, diminuindo ou eliminando os efeitos desses sedativos de uma maneira r\u00e1pida e segura.<\/h5>\n<h5><strong>RESET<\/strong>\u00a0cont\u00e9m\u00a0<strong>CLORIDRATO DE IOIMBINA<\/strong>, um antagonista alfa-2-adren\u00e9rgico, na concentra\u00e7\u00e3o de 1%.<\/h5>\n<\/div>\n<div class=\"content_slider_wrap\">\n<div id=\"cmsms_slider_60a555b68f970\" class=\"content_slider owl-carousel owl-theme\">\n<div class=\"owl-wrapper-outer autoHeight\">\n<div class=\"owl-wrapper\">\n<div class=\"owl-item\">\n<div class=\"item\"><\/div>\n<\/div>\n<div class=\"owl-item\">\n<div class=\"item\"><img decoding=\"async\" class=\"attachment-full size-full\" src=\"https:\/\/botupharma.com.br\/wp-content\/uploads\/2020\/08\/Reset_Botupharma_VR.jpg\" sizes=\"(max-width: 800px) 100vw, 800px\" srcset=\"https:\/\/botupharma.com.br\/wp-content\/uploads\/2020\/08\/Reset_Botupharma_VR.jpg 800w, https:\/\/botupharma.com.br\/wp-content\/uploads\/2020\/08\/Reset_Botupharma_VR-300x300.jpg 300w, https:\/\/botupharma.com.br\/wp-content\/uploads\/2020\/08\/Reset_Botupharma_VR-768x768.jpg 768w, https:\/\/botupharma.com.br\/wp-content\/uploads\/2020\/08\/Reset_Botupharma_VR-100x100.jpg 100w, https:\/\/botupharma.com.br\/wp-content\/uploads\/2020\/08\/Reset_Botupharma_VR-55x55.jpg 55w, https:\/\/botupharma.com.br\/wp-content\/uploads\/2020\/08\/Reset_Botupharma_VR-250x250.jpg 250w, https:\/\/botupharma.com.br\/wp-content\/uploads\/2020\/08\/Reset_Botupharma_VR-580x580.jpg 580w, https:\/\/botupharma.com.br\/wp-content\/uploads\/2020\/08\/Reset_Botupharma_VR-600x600.jpg 600w\" alt=\"\" width=\"800\" height=\"800\" \/><\/div>\n<\/div>\n<div class=\"owl-item\">\n<div class=\"item\"><\/div>\n<\/div>\n<\/div>\n<\/div>\n<div class=\"owl-controls clickable\">\n<div class=\"owl-pagination\">\n<div class=\"owl-page\"><\/div>\n<\/div>\n<\/div>\n<\/div>\n<\/div>\n<div class=\"cmsms_text\">\n<h5><strong>INDICA\u00c7\u00d5ES:<br \/>\nRESET<\/strong>\u00a0\u00e9 indicado para reverter os efeitos sedativos produzidos pelos agonistas alfa-2-adren\u00e9rgicos que agem no sistema nervoso central (SNC), como Xilazina e Detomidina.<\/h5>\n<h5>A Ioimbina \u00e9 um f\u00e1rmaco antagonista predominante sobre os receptores alfa-2-adren\u00e9rgicos que cessa a intera\u00e7\u00e3o dos neurotransmissores com os receptores reduzindo a atividade nervosa simp\u00e1tica e revertendo os efeitos de analgesia, seda\u00e7\u00e3o e relaxamento da Xilazina e Detomidina.<\/h5>\n<\/div>\n<\/div>\n<div class=\"cmsms_column one_half\">\n<div class=\"cmsms_text\">\n<h5><strong>MODO DE USAR:<br \/>\nRESET<\/strong>\u00a0deve ser administrado lentamente por via intravenosa, na dose de 0,1 mg\/kg, ou seja, 1 mL para cada 100 kg de peso corporal.\u200b<\/h5>\n<\/div>\n<table class=\"cmsms_table\">\n<caption>\u00a0<\/caption>\n<thead>\n<tr class=\"cmsms_table_row_header\">\n<th class=\"cmsms_table_cell_alignleft\">Peso Vivo<\/th>\n<th class=\"cmsms_table_cell_alignleft\">Volume de RESET<\/th>\n<\/tr>\n<\/thead>\n<tbody>\n<tr>\n<td class=\"cmsms_table_cell_alignleft\">100 kg<\/td>\n<td class=\"cmsms_table_cell_alignleft\">1 mL<\/td>\n<\/tr>\n<tr>\n<td class=\"cmsms_table_cell_alignleft\">200 kg<\/td>\n<td class=\"cmsms_table_cell_alignleft\">2 mL<\/td>\n<\/tr>\n<tr>\n<td class=\"cmsms_table_cell_alignleft\">300 kg<\/td>\n<td class=\"cmsms_table_cell_alignleft\">3 mL<\/td>\n<\/tr>\n<tr>\n<td class=\"cmsms_table_cell_alignleft\">400 kg<\/td>\n<td class=\"cmsms_table_cell_alignleft\">4 mL<\/td>\n<\/tr>\n<tr>\n<td class=\"cmsms_table_cell_alignleft\">500 kg<\/td>\n<td class=\"cmsms_table_cell_alignleft\">5 mL<\/td>\n<\/tr>\n<\/tbody>\n<\/table>\n<div class=\"cmsms_text\">\n<h5><\/h5>\n<h5><strong>F\u00d3RMULA:<br \/>\n<\/strong>Cada 1 mL cont\u00e9m:\u200b<br \/>\nCloridrato de Ioimbina\u2026\u2026\u2026\u2026\u2026..10,00 mg\u200b<br \/>\nVe\u00edculo q.s.p\u2026\u2026\u2026\u2026\u2026\u2026\u2026\u2026\u2026\u2026\u2026\u2026\u2026.1,0 mL\u200b<\/h5>\n<\/div>\n<div class=\"aligncenter\">\n<div class=\"cmsms_img cmsms_image_c\"><img decoding=\"async\" src=\"https:\/\/botupharma.com.br\/wp-content\/uploads\/2020\/08\/Cavalo.jpg\" alt=\"\" \/><\/div>\n<\/div>\n<div class=\"aligncenter\">\n<div class=\"cmsms_img cmsms_image_c\"><img decoding=\"async\" src=\"https:\/\/botupharma.com.br\/wp-content\/uploads\/2020\/08\/Retorno_reset.jpg\" alt=\"\" \/><\/div>\n<\/div>\n<\/div>\n<\/div>\n<\/div>\n<\/div>\n<\/div>\n<\/div>\n","protected":false},"excerpt":{"rendered":"<p>Descri\u00e7\u00e3o Por que RESET? O principal mecanismo de a\u00e7\u00e3o do\u00a0RESET\u00a0\u00e9 reverter a a\u00e7\u00e3o de agonistas alfa-2-adren\u00e9rgicos, como Xilazina e Detomidina, diminuindo ou<\/p>\n","protected":false},"featured_media":17918,"template":"","meta":{"_acf_changed":false},"product_brand":[953],"product_cat":[199,198,163,178,194],"product_tag":[986],"class_list":{"0":"post-17917","1":"product","2":"type-product","3":"status-publish","4":"has-post-thumbnail","6":"product_brand-botupharma","7":"product_cat-anestesicos","8":"product_cat-anestesicos-2","9":"product_cat-equinos","10":"product_cat-suplementos-e-vitaminas-2","11":"product_cat-todos-os-produtos","12":"product_tag-botupharma","14":"first","15":"instock","16":"shipping-taxable","17":"purchasable","18":"product-type-simple"},"acf":[],"_links":{"self":[{"href":"https:\/\/vetsul.com\/index.php\/wp-json\/wp\/v2\/product\/17917","targetHints":{"allow":["GET"]}}],"collection":[{"href":"https:\/\/vetsul.com\/index.php\/wp-json\/wp\/v2\/product"}],"about":[{"href":"https:\/\/vetsul.com\/index.php\/wp-json\/wp\/v2\/types\/product"}],"wp:featuredmedia":[{"embeddable":true,"href":"https:\/\/vetsul.com\/index.php\/wp-json\/wp\/v2\/media\/17918"}],"wp:attachment":[{"href":"https:\/\/vetsul.com\/index.php\/wp-json\/wp\/v2\/media?parent=17917"}],"wp:term":[{"taxonomy":"product_brand","embeddable":true,"href":"https:\/\/vetsul.com\/index.php\/wp-json\/wp\/v2\/product_brand?post=17917"},{"taxonomy":"product_cat","embeddable":true,"href":"https:\/\/vetsul.com\/index.php\/wp-json\/wp\/v2\/product_cat?post=17917"},{"taxonomy":"product_tag","embeddable":true,"href":"https:\/\/vetsul.com\/index.php\/wp-json\/wp\/v2\/product_tag?post=17917"}],"curies":[{"name":"wp","href":"https:\/\/api.w.org\/{rel}","templated":true}]}}