{"id":17786,"date":"2021-04-12T09:14:29","date_gmt":"2021-04-12T12:14:29","guid":{"rendered":"https:\/\/vetsul.com\/?post_type=product&#038;p=17786"},"modified":"2025-02-07T16:00:32","modified_gmt":"2025-02-07T19:00:32","slug":"procavalo-melacado-40kg","status":"publish","type":"product","link":"https:\/\/vetsul.com\/index.php\/product\/procavalo-melacado-40kg\/","title":{"rendered":"Procavalo Mela\u00e7ado 40kg"},"content":{"rendered":"<h3 style=\"margin: 15pt 0cm 7.5pt; background-image: initial; background-position: initial; background-size: initial; background-repeat: initial; background-attachment: initial; background-origin: initial; background-clip: initial;\"><b><span style=\"font-size: 16.0pt; mso-bidi-font-size: 12.0pt; line-height: 107{bad89740ab836af8afd78adf22d5854117f226b234e4f8ee83a0ac8d28f68ffc}; font-family: 'Arial',sans-serif; color: #bf8f00; mso-themecolor: accent4; mso-themeshade: 191;\">Procavalo Mela\u00e7ado<\/span><\/b><\/h3>\n<p style=\"margin: 0cm 0cm 7.5pt; background-image: initial; background-position: initial; background-size: initial; background-repeat: initial; background-attachment: initial; background-origin: initial; background-clip: initial;\">Alimento de alta palatabilidade, proporciona nutri\u00e7\u00e3o equilibrada quando em adi\u00e7\u00e3o a volumosos e a sal mineral<\/p>\n<p>Composi\u00e7\u00e3o<\/p>\n<p>Milho (Gr\u00e3os Laminados)*, Aveia Laminada, Milho Mo\u00eddo*, Farelo de Trigo, Mela\u00e7o de Cana L\u00edquido, Casca de Arroz, Calc\u00e1rio Calc\u00edtico, Cloreto de S\u00f3dio, DL-Metionina, L-Lisina, Vitamina A, Vitamina D3, Vitamina E, Vitamina B1, Vitamina B2, Sulfato de Cobre, Sulfato de Ferro, Iodato de C\u00e1lcio, Sulfato de Mangan\u00eas, Selenito de S\u00f3dio, Sulfato de Cobalto, \u00d3xido de Zinco, Corantes (Artificial Vermelho Allura), Etoxiquin, Propionato de C\u00e1lcio, Caulim. \u2013 Esp\u00e9cies doadoras de genes: *Agrobacterium tumefaciens, Bacillus thuringiensis, Streptomyces viridochromogenes, Zea mays. **Agrobacterium tumefaciens, Arabidopsis thaliana, Bacillus thuringiensis, Streptomyces viridochromogenes.<\/p>\n<p>N\u00edveis de Garantia:<\/p>\n<p>Umidade (m\u00e1x) 120g\/kg (12%), Prote\u00edna Bruta (m\u00edn) 120g\/kg (12%), Extrato Et\u00e9reo (m\u00edn) 40g\/kg (4%), Mat\u00e9ria Fibrosa (m\u00e1x) 150g\/kg (15%), Fibra Detergente \u00c1cido \u2013 FDA (m\u00e1x) 180g\/kg (18%), Mat\u00e9ria Mineral (m\u00e1x) 120g\/kg (12%), C\u00e1lcio (m\u00edn) 15g\/kg (1.5%), C\u00e1lcio (m\u00e1x) 20g\/kg (2%), F\u00f3sforo (m\u00edn) 5000mg\/kg (0.5%), Energia Digest\u00edvel (m\u00edn) 2700kcal\/kg, Metionina (m\u00edn) 1800mg\/kg, Lisina (m\u00edn) 4800mg\/kg, Vitamina A (m\u00edn) 5000UI\/kg, Vitamina D3 (m\u00edn) 1000UI\/kg, Vitamina E (m\u00edn) 100UI\/kg, Vitamina B1 (m\u00edn) 5mg\/kg, Vitamina B2 (m\u00edn) 4mg\/kg, Cobre (m\u00edn) 20mg\/kg, Ferro (m\u00edn) 52mg\/kg, Iodo (m\u00edn) 0.5mg\/kg, Mangan\u00eas (m\u00edn) 64mg\/kg, Sel\u00eanio (m\u00edn) 0.2mg\/kg, Cobalto (m\u00edn) 0.14mg\/kg, Zinco (m\u00edn) 80mg\/kg.<\/p>\n<p>Ajustar a quantidade a ser fornecida entre 1 a 1,5kg para cada 100kg de peso vivo de acordo com o estado nutricional do animal, a oferta e a qualidade do alimento volumoso e o grau de atividade f\u00edsica.<\/p>\n<p style=\"margin: 0cm 0cm 7.5pt; background-image: initial; background-position: initial; background-size: initial; background-repeat: initial; background-attachment: initial; background-origin: initial; background-clip: initial;\">\n","protected":false},"excerpt":{"rendered":"<p>Procavalo Mela\u00e7ado Alimento de alta palatabilidade, proporciona nutri\u00e7\u00e3o equilibrada quando em adi\u00e7\u00e3o a volumosos e a sal mineral Composi\u00e7\u00e3o Milho (Gr\u00e3os Laminados)*,<\/p>\n","protected":false},"featured_media":16762,"template":"","meta":{"_acf_changed":false},"product_brand":[],"product_cat":[189],"product_tag":[],"class_list":{"0":"post-17786","1":"product","2":"type-product","3":"status-publish","4":"has-post-thumbnail","6":"product_cat-racoes-suplementos-alimentar-2","8":"first","9":"instock","10":"shipping-taxable","11":"purchasable","12":"product-type-simple"},"acf":[],"_links":{"self":[{"href":"https:\/\/vetsul.com\/index.php\/wp-json\/wp\/v2\/product\/17786","targetHints":{"allow":["GET"]}}],"collection":[{"href":"https:\/\/vetsul.com\/index.php\/wp-json\/wp\/v2\/product"}],"about":[{"href":"https:\/\/vetsul.com\/index.php\/wp-json\/wp\/v2\/types\/product"}],"wp:featuredmedia":[{"embeddable":true,"href":"https:\/\/vetsul.com\/index.php\/wp-json\/wp\/v2\/media\/16762"}],"wp:attachment":[{"href":"https:\/\/vetsul.com\/index.php\/wp-json\/wp\/v2\/media?parent=17786"}],"wp:term":[{"taxonomy":"product_brand","embeddable":true,"href":"https:\/\/vetsul.com\/index.php\/wp-json\/wp\/v2\/product_brand?post=17786"},{"taxonomy":"product_cat","embeddable":true,"href":"https:\/\/vetsul.com\/index.php\/wp-json\/wp\/v2\/product_cat?post=17786"},{"taxonomy":"product_tag","embeddable":true,"href":"https:\/\/vetsul.com\/index.php\/wp-json\/wp\/v2\/product_tag?post=17786"}],"curies":[{"name":"wp","href":"https:\/\/api.w.org\/{rel}","templated":true}]}}