{"id":17776,"date":"2021-04-09T16:39:40","date_gmt":"2021-04-09T19:39:40","guid":{"rendered":"https:\/\/vetsul.com\/?post_type=product&#038;p=17776"},"modified":"2025-04-08T10:13:09","modified_gmt":"2025-04-08T13:13:09","slug":"pulmonil-gel-500ml-vetnil-venda-somente-com-receituario","status":"publish","type":"product","link":"https:\/\/vetsul.com\/index.php\/product\/pulmonil-gel-500ml-vetnil-venda-somente-com-receituario\/","title":{"rendered":"Pulmonil Gel 500ml Vetnil &#8211; Venda Somente Com Receitu\u00e1rio"},"content":{"rendered":"<header>\n<h1><strong><span style=\"color: #ff0000;\">ATEN\u00c7\u00c3O:<br \/>\nPRODUTO DE USO<br \/>\nEXCLUSIVO VETERIN\u00c1RIO<\/span><\/strong><\/h1>\n<h1><strong><span style=\"color: #ff0000;\">VENDA APENAS COM APRESENTA\u00c7\u00c3O DE RECEITU\u00c1RIO ESPECIAL<\/span><\/strong><\/h1>\n<h1>Pulmonil Gel<\/h1>\n<p>&nbsp;<\/p>\n<p>Broncodilatador. Espasmol\u00edtico bronquial para equinos.<\/p>\n<p>&nbsp;<\/p>\n<\/header>\n<div class=\"entry\">\n<h2><strong>INDICA\u00c7\u00c3O DO PRODUTO<\/strong><\/h2>\n<p>Devido sua capacidade broncodilatadora e espasmol\u00edtica, \u00e9 indicado no tratamento das enfermidades respirat\u00f3rias caracterizadas por espasmos bronquiais. Coadjuvante no tratamento de enfermidades respirat\u00f3rias tais como pneumonias, bronquites, profilaxia de rea\u00e7\u00f5es al\u00e9rgicas causadas por agentes al\u00e9rgenos ambientais (poeira do feno ou serragem). Ensaios cl\u00ednicos demonstraram not\u00e1vel melhora em casos de hemorragias pulmonares.<\/p>\n<h2><strong>COMPOSI\u00c7\u00c3O:<\/strong><\/h2>\n<p>Cada 100 mL cont\u00e9m:<br \/>\nCloridrato de Clembuterol \u2026\u2026\u2026\u2026\u2026\u2026\u2026\u2026\u2026\u2026\u2026\u2026\u2026\u2026\u2026\u2026\u2026\u2026.. 2,0 mg<br \/>\nExcipientes q.s.p\u2026\u2026\u2026\u2026\u2026\u2026\u2026\u2026\u2026\u2026\u2026\u2026\u2026\u2026\u2026\u2026\u2026\u2026\u2026\u2026\u2026\u2026.100,0 mL<\/p>\n<h2><strong>MODO DE USAR:<\/strong><\/h2>\n<p>Dose b\u00e1sica: 0,8 mcg\/kg de peso, duas vezes ao dia \u2013 o que representa 5 mL de PULMONIL\u00ae GEL para 125 kg de peso, duas vezes ao dia. Uma medida dosadora cont\u00e9m 4 mL de PULMONIL\u00ae GEL.<\/p>\n<h2><strong>DURA\u00c7\u00c3O DO TRATAMENTO:<\/strong><\/h2>\n<p>A dura\u00e7\u00e3o do tratamento depende fundamentalmente dos fatores relacionados \u00e0 enfermidade, etiologia, estado geral do animal, quadro que somente o M\u00e9dico Veterin\u00e1rio poder\u00e1 avaliar. Para orienta\u00e7\u00e3o baseada em ensaios cl\u00ednicos, recomendamos para os estados agudos um tratamento de at\u00e9 2 semanas, para os estados cr\u00f4nicos at\u00e9 4 semanas. Nos equinos hipersens\u00edveis a agentes ambientais recomenda-se o uso de PULMONIL\u00ae GEL cada vez que o animal apresentar epis\u00f3dios al\u00e9rgicos.<\/p>\n<h2><strong>EFEITOS COLATERAIS:<\/strong><\/h2>\n<p>Excepcionalmente pode ser observada sudorese na regi\u00e3o do pesco\u00e7o provocada por vasodilata\u00e7\u00e3o perif\u00e9rica passageira.<\/p>\n<h2><strong>CONTRAINDICA\u00c7\u00c3O:<\/strong><\/h2>\n<p>Devido ao antagonismo de PULMONIL\u00ae GEL com as prostaglandinas e ocitocinas, recomendamos suspender o uso de PULMONIL\u00ae GEL em \u00e9guas gestantes uma semana antes da data prevista do parto. Devido ao risco de potencializa\u00e7\u00e3o dos efeitos de vasodilata\u00e7\u00e3o perif\u00e9rica dos cortic\u00f3ides, n\u00e3o \u00e9 recomendada a associa\u00e7\u00e3o destes com PULMONIL\u00ae GEL.<\/p>\n<h2><strong>APRESENTA\u00c7\u00c3O:<\/strong><\/h2>\n<p>Frasco pl\u00e1stico contendo 500mL.<\/p>\n<\/div>\n","protected":false},"excerpt":{"rendered":"<p>ATEN\u00c7\u00c3O: PRODUTO DE USO EXCLUSIVO VETERIN\u00c1RIO VENDA APENAS COM APRESENTA\u00c7\u00c3O DE RECEITU\u00c1RIO ESPECIAL Pulmonil Gel &nbsp; Broncodilatador. Espasmol\u00edtico bronquial para equinos. &nbsp;<\/p>\n","protected":false},"featured_media":17777,"template":"","meta":{"_acf_changed":false},"product_brand":[954],"product_cat":[163,178,194],"product_tag":[990,991],"class_list":{"0":"post-17776","1":"product","2":"type-product","3":"status-publish","4":"has-post-thumbnail","6":"product_brand-vetnil","7":"product_cat-equinos","8":"product_cat-suplementos-e-vitaminas-2","9":"product_cat-todos-os-produtos","10":"product_tag-clenbuterol","11":"product_tag-vetnil","13":"first","14":"outofstock","15":"shipping-taxable","16":"purchasable","17":"product-type-simple"},"acf":[],"_links":{"self":[{"href":"https:\/\/vetsul.com\/index.php\/wp-json\/wp\/v2\/product\/17776","targetHints":{"allow":["GET"]}}],"collection":[{"href":"https:\/\/vetsul.com\/index.php\/wp-json\/wp\/v2\/product"}],"about":[{"href":"https:\/\/vetsul.com\/index.php\/wp-json\/wp\/v2\/types\/product"}],"wp:featuredmedia":[{"embeddable":true,"href":"https:\/\/vetsul.com\/index.php\/wp-json\/wp\/v2\/media\/17777"}],"wp:attachment":[{"href":"https:\/\/vetsul.com\/index.php\/wp-json\/wp\/v2\/media?parent=17776"}],"wp:term":[{"taxonomy":"product_brand","embeddable":true,"href":"https:\/\/vetsul.com\/index.php\/wp-json\/wp\/v2\/product_brand?post=17776"},{"taxonomy":"product_cat","embeddable":true,"href":"https:\/\/vetsul.com\/index.php\/wp-json\/wp\/v2\/product_cat?post=17776"},{"taxonomy":"product_tag","embeddable":true,"href":"https:\/\/vetsul.com\/index.php\/wp-json\/wp\/v2\/product_tag?post=17776"}],"curies":[{"name":"wp","href":"https:\/\/api.w.org\/{rel}","templated":true}]}}