{"id":17668,"date":"2021-03-09T09:43:10","date_gmt":"2021-03-09T12:43:10","guid":{"rendered":"http:\/\/imaginis.com.br\/?post_type=product&#038;p=17668"},"modified":"2025-08-09T10:36:45","modified_gmt":"2025-08-09T13:36:45","slug":"botumix-pre-racing","status":"publish","type":"product","link":"https:\/\/vetsul.com\/index.php\/product\/botumix-pre-racing\/","title":{"rendered":"Botumix Pr\u00e9-Racing"},"content":{"rendered":"<h4><strong>SUPERE O L\u00cdDER.<\/strong><\/h4>\n<h5><strong>MAIOR CONCENTRA\u00c7\u00c3O DE:<\/strong><br \/>\nBETA\u00cdNA<br \/>\nCARNITINA<br \/>\nGAMA-ORIZANOL<br \/>\nGLUTAMINA<br \/>\nTAURINA<\/h5>\n<h5><strong>AL\u00c9M DE:<\/strong><br \/>\nHMB<br \/>\nCREATINA<br \/>\nBCAA<br \/>\nALANINA<br \/>\nMALTODEXTRINA<\/h5>\n<h6>Suplementa\u00e7\u00e3o pr\u00e9-prova para equinos atletas.<\/h6>\n<p><strong>NO DOPPING<\/strong><\/p>\n<p><strong>Apresenta\u00e7\u00e3o:<\/strong><br \/>\nCont\u00e9m uma bisnaga com 38 g<\/p>\n<div class=\"cmsms_img  cmsms_image_n\">\n<h2>Descri\u00e7\u00e3o<\/h2>\n<div id=\"cmsms_row_60476c3747e7c\" class=\"cmsms_row cmsms_color_scheme_default\">\n<div class=\"cmsms_row_outer_parent\">\n<div class=\"cmsms_row_outer\">\n<div class=\"cmsms_row_inner\">\n<div class=\"cmsms_row_margin cmsms_1212\">\n<div class=\"cmsms_column one_half\">\n<div class=\"cmsms_text\">\n<h5><strong>INDICA\u00c7\u00c3O DE USO:<br \/>\n<\/strong>Suplementa\u00e7\u00e3o de vitaminas, minerais e amino\u00e1cidos elaborada para todas as ra\u00e7as de equinos atletas submetidosa treinamentos e competi\u00e7\u00f5es das mais diversas modalidades equestres. Cont\u00e9m ingredientes que d\u00e3o suporte para alta performance esportiva.<\/h5>\n<\/div>\n<div class=\"content_slider_wrap\">\n<div id=\"cmsms_slider_60476c3748576\" class=\"content_slider owl-carousel owl-theme\">\n<div class=\"owl-wrapper-outer autoHeight\">\n<div class=\"owl-wrapper\">\n<div class=\"owl-item\">\n<div class=\"item\"><img decoding=\"async\" class=\"attachment-full size-full\" src=\"https:\/\/botupharma.com.br\/wp-content\/uploads\/2020\/07\/PreRacing.jpg\" sizes=\"(max-width: 800px) 100vw, 800px\" srcset=\"https:\/\/botupharma.com.br\/wp-content\/uploads\/2020\/07\/PreRacing.jpg 800w, https:\/\/botupharma.com.br\/wp-content\/uploads\/2020\/07\/PreRacing-300x300.jpg 300w, https:\/\/botupharma.com.br\/wp-content\/uploads\/2020\/07\/PreRacing-768x768.jpg 768w, https:\/\/botupharma.com.br\/wp-content\/uploads\/2020\/07\/PreRacing-100x100.jpg 100w, https:\/\/botupharma.com.br\/wp-content\/uploads\/2020\/07\/PreRacing-55x55.jpg 55w, https:\/\/botupharma.com.br\/wp-content\/uploads\/2020\/07\/PreRacing-250x250.jpg 250w, https:\/\/botupharma.com.br\/wp-content\/uploads\/2020\/07\/PreRacing-580x580.jpg 580w, https:\/\/botupharma.com.br\/wp-content\/uploads\/2020\/07\/PreRacing-600x600.jpg 600w\" alt=\"\" width=\"800\" height=\"800\" \/><\/div>\n<\/div>\n<div class=\"owl-item\">\n<div class=\"item\"><\/div>\n<\/div>\n<div class=\"owl-item\">\n<div class=\"item\"><\/div>\n<\/div>\n<\/div>\n<\/div>\n<div class=\"owl-controls clickable\">\n<div class=\"owl-pagination\">\n<div class=\"owl-page\"><\/div>\n<div class=\"owl-page active\"><\/div>\n<div class=\"owl-page\"><\/div>\n<\/div>\n<\/div>\n<\/div>\n<\/div>\n<div class=\"cmsms_text\">\n<h5><strong>MODO DE USAR:<br \/>\n<\/strong>Para animais em treinamentos, fornecer diariamente por via oral, na dose de 19 g\/animal (1\/2 seringa). Para animais em competi\u00e7\u00e3o, fornecer por via oral, na dose de 38 g\/animal (1 seringa) antes da prova.<\/h5>\n<\/div>\n<\/div>\n<div class=\"cmsms_column one_half\">\n<table class=\"cmsms_table\">\n<caption>\u00a0<\/caption>\n<tbody>\n<tr>\n<td class=\"cmsms_table_cell_alignleft\">Beta hidroxi metil butirato (m\u00edn.)<\/td>\n<td class=\"cmsms_table_cell_alignleft\">38<\/td>\n<td class=\"cmsms_table_cell_alignleft\">g\/kg<\/td>\n<\/tr>\n<tr>\n<td class=\"cmsms_table_cell_alignleft\">Beta\u00edna (m\u00edn.)<\/td>\n<td class=\"cmsms_table_cell_alignleft\">25<\/td>\n<td class=\"cmsms_table_cell_alignleft\">g\/kg<\/td>\n<\/tr>\n<tr>\n<td class=\"cmsms_table_cell_alignleft\">Creatina (m\u00edn.)<\/td>\n<td class=\"cmsms_table_cell_alignleft\">160<\/td>\n<td class=\"cmsms_table_cell_alignleft\">g\/kg<\/td>\n<\/tr>\n<tr>\n<td class=\"cmsms_table_cell_alignleft\">Cromo (m\u00edn.)<\/td>\n<td class=\"cmsms_table_cell_alignleft\">130<\/td>\n<td class=\"cmsms_table_cell_alignleft\">mg\/kg<\/td>\n<\/tr>\n<tr>\n<td class=\"cmsms_table_cell_alignleft\">Gama-orizanol (m\u00edn.)<\/td>\n<td class=\"cmsms_table_cell_alignleft\">1.000<\/td>\n<td class=\"cmsms_table_cell_alignleft\">mg\/kg<\/td>\n<\/tr>\n<tr>\n<td class=\"cmsms_table_cell_alignleft\">L-Alanina (m\u00edn.)<\/td>\n<td class=\"cmsms_table_cell_alignleft\">7.500<\/td>\n<td class=\"cmsms_table_cell_alignleft\">mg\/kg<\/td>\n<\/tr>\n<tr>\n<td class=\"cmsms_table_cell_alignleft\">L-Arginina (m\u00edn.)<\/td>\n<td class=\"cmsms_table_cell_alignleft\">82<\/td>\n<td class=\"cmsms_table_cell_alignleft\">g\/kg<\/td>\n<\/tr>\n<tr>\n<td class=\"cmsms_table_cell_alignleft\">L-Carnitina (m\u00edn.)<\/td>\n<td class=\"cmsms_table_cell_alignleft\">42<\/td>\n<td class=\"cmsms_table_cell_alignleft\">g\/kg<\/td>\n<\/tr>\n<tr>\n<td class=\"cmsms_table_cell_alignleft\">L-Glutamina (m\u00edn.)<\/td>\n<td class=\"cmsms_table_cell_alignleft\">22<\/td>\n<td class=\"cmsms_table_cell_alignleft\">g\/kg<\/td>\n<\/tr>\n<tr>\n<td class=\"cmsms_table_cell_alignleft\">L-Isoleucina (m\u00edn.)<\/td>\n<td class=\"cmsms_table_cell_alignleft\">7.500<\/td>\n<td class=\"cmsms_table_cell_alignleft\">mg\/kg<\/td>\n<\/tr>\n<tr>\n<td class=\"cmsms_table_cell_alignleft\">L-Leucina (m\u00edn.)<\/td>\n<td class=\"cmsms_table_cell_alignleft\">15<\/td>\n<td class=\"cmsms_table_cell_alignleft\">g\/kg<\/td>\n<\/tr>\n<tr>\n<td class=\"cmsms_table_cell_alignleft\">L-Valina (m\u00edn.)<\/td>\n<td class=\"cmsms_table_cell_alignleft\">7.500<\/td>\n<td class=\"cmsms_table_cell_alignleft\">mg\/kg<\/td>\n<\/tr>\n<tr>\n<td class=\"cmsms_table_cell_alignleft\">Maltodextrina (m\u00edn.)<\/td>\n<td class=\"cmsms_table_cell_alignleft\">50<\/td>\n<td class=\"cmsms_table_cell_alignleft\">g\/kg<\/td>\n<\/tr>\n<tr>\n<td class=\"cmsms_table_cell_alignleft\">Taurina (m\u00edn.)<\/td>\n<td class=\"cmsms_table_cell_alignleft\">20<\/td>\n<td class=\"cmsms_table_cell_alignleft\">g\/kg<\/td>\n<\/tr>\n<tr>\n<td class=\"cmsms_table_cell_alignleft\">Vitamina C (m\u00edn.)<\/td>\n<td class=\"cmsms_table_cell_alignleft\">4.000<\/td>\n<td class=\"cmsms_table_cell_alignleft\">mg\/kg<\/td>\n<\/tr>\n<tr>\n<td class=\"cmsms_table_cell_alignleft\">Vitamina E (m\u00edn.)<\/td>\n<td class=\"cmsms_table_cell_alignleft\">9.000<\/td>\n<td class=\"cmsms_table_cell_alignleft\">UI\/kg<\/td>\n<\/tr>\n<\/tbody>\n<thead>\n<tr class=\"cmsms_table_row_header\">\n<th class=\"cmsms_table_cell_alignleft\">N\u00edveis de Garantia por Kg do Produto<\/th>\n<th class=\"cmsms_table_cell_alignleft\"><\/th>\n<th class=\"cmsms_table_cell_alignleft\"><\/th>\n<\/tr>\n<\/thead>\n<\/table>\n<div class=\"cmsms_text\">\n<h5><strong><br \/>\nCOMPOSI\u00c7\u00c3O:<br \/>\n<\/strong>Aroma de Caramelo, B.H.T. (Hidr\u00f3xido de Tolueno Butilado), Beta Hidroxi Metil Butirato \u2013 HMB, Beta\u00edna, Corante Natural de Caramelo, Creatina, Di\u00f3xido de Sil\u00edcio (S\u00edlica), Farelo de Arroz, L-Alanina, L-Arginina, L-Carnitina, L-Glutamina, L-Isoleucina, L-Leucina, L-Valina, Maltodextrina, Picolinato de Cromo, Sorbitol, Taurina, Vitamina C, Vitamina E.<\/h5>\n<\/div>\n<\/div>\n<\/div>\n<\/div>\n<\/div>\n<\/div>\n<\/div>\n<\/div>\n<div><\/div>\n","protected":false},"excerpt":{"rendered":"<p>SUPERE O L\u00cdDER. MAIOR CONCENTRA\u00c7\u00c3O DE: BETA\u00cdNA CARNITINA GAMA-ORIZANOL GLUTAMINA TAURINA AL\u00c9M DE: HMB CREATINA BCAA ALANINA MALTODEXTRINA Suplementa\u00e7\u00e3o pr\u00e9-prova para equinos<\/p>\n","protected":false},"featured_media":17665,"template":"","meta":{"_acf_changed":false},"product_brand":[953],"product_cat":[163,189,178],"product_tag":[986,760,201,395,795],"class_list":{"0":"post-17668","1":"product","2":"type-product","3":"status-publish","4":"has-post-thumbnail","6":"product_brand-botupharma","7":"product_cat-equinos","8":"product_cat-racoes-suplementos-alimentar-2","9":"product_cat-suplementos-e-vitaminas-2","10":"product_tag-botupharma","11":"product_tag-equinos-3","12":"product_tag-suplemento","13":"product_tag-vitamina","14":"product_tag-vitaminas","16":"first","17":"instock","18":"shipping-taxable","19":"purchasable","20":"product-type-simple"},"acf":[],"_links":{"self":[{"href":"https:\/\/vetsul.com\/index.php\/wp-json\/wp\/v2\/product\/17668","targetHints":{"allow":["GET"]}}],"collection":[{"href":"https:\/\/vetsul.com\/index.php\/wp-json\/wp\/v2\/product"}],"about":[{"href":"https:\/\/vetsul.com\/index.php\/wp-json\/wp\/v2\/types\/product"}],"wp:featuredmedia":[{"embeddable":true,"href":"https:\/\/vetsul.com\/index.php\/wp-json\/wp\/v2\/media\/17665"}],"wp:attachment":[{"href":"https:\/\/vetsul.com\/index.php\/wp-json\/wp\/v2\/media?parent=17668"}],"wp:term":[{"taxonomy":"product_brand","embeddable":true,"href":"https:\/\/vetsul.com\/index.php\/wp-json\/wp\/v2\/product_brand?post=17668"},{"taxonomy":"product_cat","embeddable":true,"href":"https:\/\/vetsul.com\/index.php\/wp-json\/wp\/v2\/product_cat?post=17668"},{"taxonomy":"product_tag","embeddable":true,"href":"https:\/\/vetsul.com\/index.php\/wp-json\/wp\/v2\/product_tag?post=17668"}],"curies":[{"name":"wp","href":"https:\/\/api.w.org\/{rel}","templated":true}]}}