{"id":17241,"date":"2021-02-10T09:18:20","date_gmt":"2021-02-10T12:18:20","guid":{"rendered":"http:\/\/35.194.95.18\/wp-admin\/?post_type=product&#038;p=17241"},"modified":"2025-02-07T16:00:32","modified_gmt":"2025-02-07T19:00:32","slug":"bota-de-pvc-cano-medio-com-polaina-azul-e-amarela-vonder-calfor","status":"publish","type":"product","link":"https:\/\/vetsul.com\/index.php\/product\/bota-de-pvc-cano-medio-com-polaina-azul-e-amarela-vonder-calfor\/","title":{"rendered":"Bota de Pvc  Cano M\u00e9dio Com Polaina Azul e Amarela VONDER CALFOR"},"content":{"rendered":"<p>Bota de Pvc Calfor Pampeana Cano Longo Com Polaina Azul e Amarela CA 39764<\/p>\n<p><\/p>\n<p>Descri\u00e7\u00e3o:<\/p>\n<p>&nbsp;<\/p>\n<p>Bota ocupacional, em cano longo, com cabedal na cor azul e solado na cor amarela, acess\u00f3rio amarra na cor amarela, imperme\u00e1vel, solado antiderrapante, resistente a \u00f3leo combust\u00edvel, de uso profissional, confeccionada em policloreto de vinila (PVC), injetada em uma pe\u00e7a s\u00f3. Grava\u00e7\u00e3o CALFOR Pampeana nas laterais externas do cano. Acabamento interior com meia poli\u00e9ster 100{bad89740ab836af8afd78adf22d5854117f226b234e4f8ee83a0ac8d28f68ffc} na cor Azul<\/p>\n<p><\/p>\n<p>Vantagens:<\/p>\n<p>&nbsp;<\/p>\n<p>&#8211; Resistente a reagentes qu\u00edmicos.<\/p>\n<p>&#8211; Amarra como acess\u00f3rio protegendo entrada de res\u00edduos.<\/p>\n<p>&#8211; PVC resistente aos principais defensivos do mercado (n\u00e3o<\/p>\n<p>resseca).<\/p>\n<p>&nbsp;<\/p>\n<p>CONFORTO: A original do mercado agro.<\/p>\n<p><\/p>\n<p>DURABILIDADE:<\/p>\n<p>\u2022 Combina\u00e7\u00e3o \u00fanica de PVC, borracha nitr\u00edlica e pol\u00edmeros<\/p>\n<p>especiais traz mais durabilidade que o PVC tradicional.<\/p>\n<p>&nbsp;<\/p>\n<p>AMBIENTES INDICADOS:<\/p>\n<p>\u2022 Agricultura, pecu\u00e1ria, campo, veterin\u00e1ria e ind\u00fastria.<\/p>\n<p>&nbsp;<\/p>\n<p>INDICA\u00c7\u00c3O DE USO:<\/p>\n<p>&nbsp;<\/p>\n<p>\u2022 Prote\u00e7\u00e3o dos p\u00e9s do usu\u00e1rio contra riscos de natureza<\/p>\n<p>leve, contra agentes abrasivos e escoriantes, contra<\/p>\n<p>umidade proveniente de opera\u00e7\u00f5es com uso de \u00e1gua e<\/p>\n<p>contra riscos de origem qu\u00edmica.<\/p>\n<p>&nbsp;<\/p>\n<p>RESTRI\u00c7\u00d5ES:<\/p>\n<p>\u2022 N\u00e3o utilizar em opera\u00e7\u00f5es de combate a inc\u00eandio.<\/p>\n<p><\/p>\n<p>Caracter\u00edsticas Gerais:<\/p>\n<p>&nbsp;<\/p>\n<p>C\u00f3digo: CLAAA 508<\/p>\n<p>CA: 39.764<\/p>\n<p>Validade: 23\/02\/2022<\/p>\n<p>Simbologia: OB, SRA, FO<\/p>\n<p>Normas T\u00e9cnicas: ABNT NBR ISO 20344:2015 \/<\/p>\n<p>20347:2015 e EN 13832-2:2006<\/p>\n<p>Altura de Cano: 33 cm \/ cano longo + amarra<\/p>\n<p>Peso M\u00e9dio*: 1,59 Kg<\/p>\n<p>Espessura Desenho Solado: 4,5 mm<\/p>\n<p>Superf\u00edcie do Cabedal: Espelhado<\/p>\n<p>Forra\u00e7\u00e3o: Meia 100{bad89740ab836af8afd78adf22d5854117f226b234e4f8ee83a0ac8d28f68ffc} poli\u00e9ster<\/p>\n<p>Cor Cano: Azul<\/p>\n<p>Cor Sola: Amarela<\/p>\n<p>Embalagem: Sacola pl\u00e1stica<\/p>\n<p>Numera\u00e7\u00e3o: 38, 39, 40, 41, 42<\/p>\n","protected":false},"excerpt":{"rendered":"<p>Bota de Pvc Calfor Pampeana Cano Longo Com Polaina Azul e Amarela CA 39764 Descri\u00e7\u00e3o: &nbsp; Bota ocupacional, em cano longo, com<\/p>\n","protected":false},"featured_media":17242,"template":"","meta":{"_acf_changed":false},"product_brand":[956],"product_cat":[200],"product_tag":[941,942,914],"class_list":{"0":"post-17241","1":"product","2":"type-product","3":"status-publish","4":"has-post-thumbnail","6":"product_brand-vonder","7":"product_cat-agropecuaria-equipamentos","8":"product_tag-bota","9":"product_tag-botas","10":"product_tag-vonder","12":"first","13":"instock","14":"purchasable","15":"product-type-simple"},"acf":[],"_links":{"self":[{"href":"https:\/\/vetsul.com\/index.php\/wp-json\/wp\/v2\/product\/17241","targetHints":{"allow":["GET"]}}],"collection":[{"href":"https:\/\/vetsul.com\/index.php\/wp-json\/wp\/v2\/product"}],"about":[{"href":"https:\/\/vetsul.com\/index.php\/wp-json\/wp\/v2\/types\/product"}],"wp:featuredmedia":[{"embeddable":true,"href":"https:\/\/vetsul.com\/index.php\/wp-json\/wp\/v2\/media\/17242"}],"wp:attachment":[{"href":"https:\/\/vetsul.com\/index.php\/wp-json\/wp\/v2\/media?parent=17241"}],"wp:term":[{"taxonomy":"product_brand","embeddable":true,"href":"https:\/\/vetsul.com\/index.php\/wp-json\/wp\/v2\/product_brand?post=17241"},{"taxonomy":"product_cat","embeddable":true,"href":"https:\/\/vetsul.com\/index.php\/wp-json\/wp\/v2\/product_cat?post=17241"},{"taxonomy":"product_tag","embeddable":true,"href":"https:\/\/vetsul.com\/index.php\/wp-json\/wp\/v2\/product_tag?post=17241"}],"curies":[{"name":"wp","href":"https:\/\/api.w.org\/{rel}","templated":true}]}}