{"id":17215,"date":"2021-01-25T10:41:36","date_gmt":"2021-01-25T13:41:36","guid":{"rendered":"http:\/\/35.194.95.18\/wp-admin\/?post_type=product&#038;p=17215"},"modified":"2025-02-07T16:00:31","modified_gmt":"2025-02-07T19:00:31","slug":"bota-de-pvc-preta-cano-3-4-com-forro-vonder-informar-nas-observa-es-o-tamanho-desejado","status":"publish","type":"product","link":"https:\/\/vetsul.com\/index.php\/product\/bota-de-pvc-preta-cano-3-4-com-forro-vonder-informar-nas-observa-es-o-tamanho-desejado\/","title":{"rendered":"Bota de PVC preta, cano 3\/4, com forro, VONDER &#8211; &#8211; INFORMAR NAS OBSERVA\u00c7\u00d5ES O TAMANHO DESEJADO"},"content":{"rendered":"<p><span style=\"background-color: rgb(255, 255, 0);\">&#8212;<span style=\"font-size: 18px;\">\ufeffINFORMAR NAS OBSERVA\u00c7\u00d5ES O TAMANHO DESEJADO<\/span><\/span><\/p>\n<p><span style=\"font-size: 18px;\">Tamanhos dispon\u00edveis: 38, 40 e&nbsp; 42<\/span><\/p>\n<p>1 Par de botas de PVC&nbsp;<\/p>\n<p>Indicada para constru\u00e7\u00e3o civil, postos de gasolina, lojas de moto pe\u00e7as, agroind\u00fastrias, atividades agr\u00edcolas, pesca, entre outros<\/p>\n<p>Produto injetado em duas etapas, solado mais duro (maior vida \u00fatil) e cano mais macio (maior conforto)<\/p>\n<p><\/p>\n<p>Certificados: 37285 Certificado de Aprova\u00e7\u00e3o &#8211; CA: 3728<\/p>\n<p><\/p>\n<p>Material da bota: PVC<\/p>\n<p>Cor da bota: Preto<\/p>\n<p>Tamanho do cano da bota: Cano 3\/4<\/p>\n<p>Medida do cano da bota:19,0 cm<\/p>\n<p>Tipo de solado da bota: PVC<\/p>\n<p>Acabamento interno da bota: Com forro<\/p>\n<p><\/p>\n","protected":false},"excerpt":{"rendered":"<p>&#8212;\ufeffINFORMAR NAS OBSERVA\u00c7\u00d5ES O TAMANHO DESEJADO Tamanhos dispon\u00edveis: 38, 40 e&nbsp; 42 1 Par de botas de PVC&nbsp; Indicada para constru\u00e7\u00e3o civil,<\/p>\n","protected":false},"featured_media":17216,"template":"","meta":{"_acf_changed":false},"product_brand":[956],"product_cat":[200],"product_tag":[919,920],"class_list":{"0":"post-17215","1":"product","2":"type-product","3":"status-publish","4":"has-post-thumbnail","6":"product_brand-vonder","7":"product_cat-agropecuaria-equipamentos","8":"product_tag-bota-de-pvc-preta","9":"product_tag-cano-3-4","11":"first","12":"instock","13":"purchasable","14":"product-type-simple"},"acf":[],"_links":{"self":[{"href":"https:\/\/vetsul.com\/index.php\/wp-json\/wp\/v2\/product\/17215","targetHints":{"allow":["GET"]}}],"collection":[{"href":"https:\/\/vetsul.com\/index.php\/wp-json\/wp\/v2\/product"}],"about":[{"href":"https:\/\/vetsul.com\/index.php\/wp-json\/wp\/v2\/types\/product"}],"wp:featuredmedia":[{"embeddable":true,"href":"https:\/\/vetsul.com\/index.php\/wp-json\/wp\/v2\/media\/17216"}],"wp:attachment":[{"href":"https:\/\/vetsul.com\/index.php\/wp-json\/wp\/v2\/media?parent=17215"}],"wp:term":[{"taxonomy":"product_brand","embeddable":true,"href":"https:\/\/vetsul.com\/index.php\/wp-json\/wp\/v2\/product_brand?post=17215"},{"taxonomy":"product_cat","embeddable":true,"href":"https:\/\/vetsul.com\/index.php\/wp-json\/wp\/v2\/product_cat?post=17215"},{"taxonomy":"product_tag","embeddable":true,"href":"https:\/\/vetsul.com\/index.php\/wp-json\/wp\/v2\/product_tag?post=17215"}],"curies":[{"name":"wp","href":"https:\/\/api.w.org\/{rel}","templated":true}]}}