{"id":17208,"date":"2021-01-25T09:29:55","date_gmt":"2021-01-25T12:29:55","guid":{"rendered":"http:\/\/35.194.95.18\/wp-admin\/?post_type=product&#038;p=17208"},"modified":"2025-04-07T11:54:42","modified_gmt":"2025-04-07T14:54:42","slug":"glicosol-sport-01lt","status":"publish","type":"product","link":"https:\/\/vetsul.com\/index.php\/product\/glicosol-sport-01lt\/","title":{"rendered":"Glicosol Sport 01lt"},"content":{"rendered":"<h2 class=\"title-produto\" style=\"font-family: Lato; color: #727272; margin-top: 20px; margin-bottom: 25px; font-size: 20px; padding-bottom: 15px; border-bottom: 1px solid #367554;\"><span style=\"color: #2a2a2b; font-weight: 900; font-size: 30px;\">Glicosol Sport<\/span><\/h2>\n<div class=\"row\" style=\"color: #727272; font-family: Lato; font-size: 14px; margin: 0px !important;\">\n<div class=\"col-sm-7\" style=\"width: 402.5px;\">\n<div id=\"ctl00_ContentPlaceHolder2_divDescProduto\" style=\"color: #414042;\"><\/div>\n<div id=\"ctl00_ContentPlaceHolder2_divIndicacao\" style=\"font-style: italic; color: #414042;\">Glicosol Sport \u00e9 um suplemento pronto para uso, na forma de gel palat\u00e1vel. Cont\u00e9m cromo, H.M.B (beta hidroximetilbutirato) e amino\u00e1cidos. Produto indicado para equinos adultos e potros em exerc\u00edcio.<\/div>\n<p style=\"margin-bottom: 10px;\">\n<div class=\"clearfix\"><\/div>\n<table class=\"table table-striped table-hover modo_apresentacao\" style=\"width: 372px; margin-bottom: 20px; border-radius: 5px; margin-top: 20px; float: left; border-spacing: inherit !important; border-collapse: inherit !important; border: 1px solid #c7c7c7 !important;\">\n<thead style=\"background: #dfdfdf;\">\n<tr>\n<th style=\"color: #2a2a2b; font-size: 16px; padding: 10px 15px !important;\">Apresenta\u00e7\u00e3o<\/th>\n<\/tr>\n<\/thead>\n<tbody>\n<tr>\n<td style=\"vertical-align: top; border-bottom-right-radius: 5px; border-bottom-left-radius: 5px; overflow: hidden;\">Frasco contendo 1 kg, com seringa dosadora.<\/td>\n<\/tr>\n<\/tbody>\n<\/table>\n<div class=\"clear\" style=\"clear: both; height: 0px;\"><\/div>\n<table class=\"table table-striped table-hover modo_apresentacao\" style=\"width: 372px; margin-bottom: 40px; border-radius: 5px; margin-top: 20px; float: left; border-spacing: inherit !important; border-collapse: inherit !important; border: 1px solid #c7c7c7 !important;\">\n<thead style=\"background: #dfdfdf;\">\n<tr>\n<th style=\"color: #2a2a2b; font-size: 16px; padding: 10px 15px !important;\">Modo de uso<\/th>\n<\/tr>\n<\/thead>\n<tbody>\n<tr>\n<td style=\"vertical-align: top; border-bottom-right-radius: 5px; border-bottom-left-radius: 5px; overflow: hidden;\">Equinos adultos: 30mL\/animal\/dia;<\/td>\n<\/tr>\n<tr>\n<td style=\"vertical-align: top; border-bottom-right-radius: 5px; border-bottom-left-radius: 5px; overflow: hidden;\">Potros em exerc\u00edcio f\u00edsico: 15mL\/animal\/dia (diretamente na boca ou sobre a ra\u00e7\u00e3o).<\/td>\n<\/tr>\n<\/tbody>\n<\/table>\n<\/div>\n<div class=\"col-sm-5\" style=\"width: 287.5px;\">\n<p>&nbsp;<\/p>\n<\/div>\n<\/div>\n<div class=\"row\" style=\"color: #727272; font-family: Lato; font-size: 14px; margin: 0px !important;\">\n<div class=\"col-sm-12\" style=\"width: 690px;\">\n<table class=\"table table-striped table-hover niveis_de_garantia\" style=\"width: 660px; margin-bottom: 20px; border-radius: 5px; border-spacing: inherit !important; border-collapse: inherit !important; border: 1px solid #367554 !important;\">\n<thead>\n<tr>\n<th style=\"text-align: center; color: white; font-size: 16px; background: #367554; padding: 10px 15px !important;\" colspan=\"3\">N\u00edveis de garantia por kilograma do produto<\/th>\n<\/tr>\n<\/thead>\n<tbody>\n<tr>\n<th style=\"font-size: 16px; border-right: 1px solid #c7c7c7;\">Garantia<\/th>\n<th style=\"font-size: 16px;\">Valor<\/th>\n<th style=\"font-size: 16px; border-left: 1px solid #c7c7c7;\">Unidade<\/th>\n<\/tr>\n<tr>\n<td style=\"vertical-align: top; border-right: 1px solid #c7c7c7;\">\u00c1cido Asp\u00e1rtico (M\u00ednimo)<\/td>\n<td style=\"vertical-align: top;\">9.212<\/td>\n<td style=\"vertical-align: top; border-left: 1px solid #c7c7c7;\">mg<\/td>\n<\/tr>\n<tr>\n<td style=\"vertical-align: top; border-right: 1px solid #c7c7c7;\">\u00c1cido Glut\u00e2mico (M\u00ednimo)<\/td>\n<td style=\"vertical-align: top;\">19,80<\/td>\n<td style=\"vertical-align: top; border-left: 1px solid #c7c7c7;\">g<\/td>\n<\/tr>\n<tr>\n<td style=\"vertical-align: top; border-right: 1px solid #c7c7c7;\">Alanina (M\u00ednimo)<\/td>\n<td style=\"vertical-align: top;\">22,83<\/td>\n<td style=\"vertical-align: top; border-left: 1px solid #c7c7c7;\">g<\/td>\n<\/tr>\n<tr>\n<td style=\"vertical-align: top; border-right: 1px solid #c7c7c7;\">Arginina (M\u00ednimo)<\/td>\n<td style=\"vertical-align: top;\">7.227<\/td>\n<td style=\"vertical-align: top; border-left: 1px solid #c7c7c7;\">mg<\/td>\n<\/tr>\n<tr>\n<td style=\"vertical-align: top; border-right: 1px solid #c7c7c7;\">Beta hidroxi metil butirato (m\u00ednimo)<\/td>\n<td style=\"vertical-align: top;\">1.840<\/td>\n<td style=\"vertical-align: top; border-left: 1px solid #c7c7c7;\">mg<\/td>\n<\/tr>\n<tr>\n<td style=\"vertical-align: top; border-right: 1px solid #c7c7c7;\">Beta\u00edna (M\u00ednimo)<\/td>\n<td style=\"vertical-align: top;\">9.996<\/td>\n<td style=\"vertical-align: top; border-left: 1px solid #c7c7c7;\">mg<\/td>\n<\/tr>\n<tr>\n<td style=\"vertical-align: top; border-right: 1px solid #c7c7c7;\">Ciste\u00edna (m\u00ednimo)<\/td>\n<td style=\"vertical-align: top;\">594<\/td>\n<td style=\"vertical-align: top; border-left: 1px solid #c7c7c7;\">mg<\/td>\n<\/tr>\n<tr>\n<td style=\"vertical-align: top; border-right: 1px solid #c7c7c7;\">Cistina (M\u00ednimo)<\/td>\n<td style=\"vertical-align: top;\">198<\/td>\n<td style=\"vertical-align: top; border-left: 1px solid #c7c7c7;\">mg<\/td>\n<\/tr>\n<tr>\n<td style=\"vertical-align: top; border-right: 1px solid #c7c7c7;\">Colina (M\u00ednimo)<\/td>\n<td style=\"vertical-align: top;\">10,50<\/td>\n<td style=\"vertical-align: top; border-left: 1px solid #c7c7c7;\">g<\/td>\n<\/tr>\n<tr>\n<td style=\"vertical-align: top; border-right: 1px solid #c7c7c7;\">Cromo (M\u00ednimo)<\/td>\n<td style=\"vertical-align: top;\">105<\/td>\n<td style=\"vertical-align: top; border-left: 1px solid #c7c7c7;\">mg<\/td>\n<\/tr>\n<tr>\n<td style=\"vertical-align: top; border-right: 1px solid #c7c7c7;\">Dextrose (m\u00ednimo)<\/td>\n<td style=\"vertical-align: top;\">202<\/td>\n<td style=\"vertical-align: top; border-left: 1px solid #c7c7c7;\">g<\/td>\n<\/tr>\n<tr>\n<td style=\"vertical-align: top; border-right: 1px solid #c7c7c7;\">DL-Metionina (M\u00ednimo)<\/td>\n<td style=\"vertical-align: top;\">13,46<\/td>\n<td style=\"vertical-align: top; border-left: 1px solid #c7c7c7;\">g<\/td>\n<\/tr>\n<tr>\n<td style=\"vertical-align: top; border-right: 1px solid #c7c7c7;\">Fenilalanina (M\u00ednimo)<\/td>\n<td style=\"vertical-align: top;\">7.175<\/td>\n<td style=\"vertical-align: top; border-left: 1px solid #c7c7c7;\">mg<\/td>\n<\/tr>\n<tr>\n<td style=\"vertical-align: top; border-right: 1px solid #c7c7c7;\">Equivalente dextrose (m\u00ednimo)<\/td>\n<td style=\"vertical-align: top;\">15,20<\/td>\n<td style=\"vertical-align: top; border-left: 1px solid #c7c7c7;\">g<\/td>\n<\/tr>\n<tr>\n<td style=\"vertical-align: top; border-right: 1px solid #c7c7c7;\">Fenilalanina (m\u00ednimo)<\/td>\n<td style=\"vertical-align: top;\">4.214<\/td>\n<td style=\"vertical-align: top; border-left: 1px solid #c7c7c7;\">mg<\/td>\n<\/tr>\n<tr>\n<td style=\"vertical-align: top; border-right: 1px solid #c7c7c7;\">Glicina (M\u00ednimo)<\/td>\n<td style=\"vertical-align: top;\">50,49<\/td>\n<td style=\"vertical-align: top; border-left: 1px solid #c7c7c7;\">g<\/td>\n<\/tr>\n<tr>\n<td style=\"vertical-align: top; border-right: 1px solid #c7c7c7;\">Histidina (M\u00ednimo)<\/td>\n<td style=\"vertical-align: top;\">1.188<\/td>\n<td style=\"vertical-align: top; border-left: 1px solid #c7c7c7;\">mg<\/td>\n<\/tr>\n<tr>\n<td style=\"vertical-align: top; border-right: 1px solid #c7c7c7;\">Isoleucina (M\u00ednimo)<\/td>\n<td style=\"vertical-align: top;\">2.100<\/td>\n<td style=\"vertical-align: top; border-left: 1px solid #c7c7c7;\">mg<\/td>\n<\/tr>\n<tr>\n<td style=\"vertical-align: top; border-right: 1px solid #c7c7c7;\">L-Carnitina (M\u00ednimo)<\/td>\n<td style=\"vertical-align: top;\">20,79<\/td>\n<td style=\"vertical-align: top; border-left: 1px solid #c7c7c7;\">g<\/td>\n<\/tr>\n<tr>\n<td style=\"vertical-align: top; border-right: 1px solid #c7c7c7;\">L-Lisina (M\u00ednimo)<\/td>\n<td style=\"vertical-align: top;\">28,93<\/td>\n<td style=\"vertical-align: top; border-left: 1px solid #c7c7c7;\">g<\/td>\n<\/tr>\n<tr>\n<td style=\"vertical-align: top; border-right: 1px solid #c7c7c7;\">Leucina (M\u00ednimo)<\/td>\n<td style=\"vertical-align: top;\">7.524<\/td>\n<td style=\"vertical-align: top; border-left: 1px solid #c7c7c7;\">mg<\/td>\n<\/tr>\n<tr>\n<td style=\"vertical-align: top; border-right: 1px solid #c7c7c7;\">Magn\u00e9sio (M\u00ednimo)<\/td>\n<td style=\"vertical-align: top;\">51,84<\/td>\n<td style=\"vertical-align: top; border-left: 1px solid #c7c7c7;\">mg<\/td>\n<\/tr>\n<tr>\n<td style=\"vertical-align: top; border-right: 1px solid #c7c7c7;\">Prolina (M\u00ednimo)<\/td>\n<td style=\"vertical-align: top;\">28,11<\/td>\n<td style=\"vertical-align: top; border-left: 1px solid #c7c7c7;\">g<\/td>\n<\/tr>\n<tr>\n<td style=\"vertical-align: top; border-right: 1px solid #c7c7c7;\">Serina (M\u00ednimo)<\/td>\n<td style=\"vertical-align: top;\">1.274<\/td>\n<td style=\"vertical-align: top; border-left: 1px solid #c7c7c7;\">mg<\/td>\n<\/tr>\n<tr>\n<td style=\"vertical-align: top; border-right: 1px solid #c7c7c7;\">Tirosina (M\u00ednimo)<\/td>\n<td style=\"vertical-align: top;\">1.176<\/td>\n<td style=\"vertical-align: top; border-left: 1px solid #c7c7c7;\">mg<\/td>\n<\/tr>\n<tr>\n<td style=\"vertical-align: top; border-right: 1px solid #c7c7c7;\">Treonina (M\u00ednimo)<\/td>\n<td style=\"vertical-align: top;\">392<\/td>\n<td style=\"vertical-align: top; border-left: 1px solid #c7c7c7;\">mg<\/td>\n<\/tr>\n<tr>\n<td style=\"vertical-align: top; border-right: 1px solid #c7c7c7;\">Triptofano (M\u00ednimo)<\/td>\n<td style=\"vertical-align: top;\">539<\/td>\n<td style=\"vertical-align: top; border-left: 1px solid #c7c7c7;\">mg<\/td>\n<\/tr>\n<tr>\n<td style=\"vertical-align: top; border-right: 1px solid #c7c7c7;\">Valina (M\u00ednimo)<\/td>\n<td style=\"vertical-align: top;\">5.544<\/td>\n<td style=\"vertical-align: top; border-left: 1px solid #c7c7c7;\">mg<\/td>\n<\/tr>\n<tr>\n<td style=\"vertical-align: top; border-right: 1px solid #c7c7c7;\">Ve\u00edculo q.s.p<\/td>\n<td style=\"vertical-align: top;\">1.000<\/td>\n<td style=\"vertical-align: top; border-left: 1px solid #c7c7c7;\">mL<\/td>\n<\/tr>\n<\/tbody>\n<\/table>\n<\/div>\n<\/div>\n","protected":false},"excerpt":{"rendered":"<p>Glicosol Sport Glicosol Sport \u00e9 um suplemento pronto para uso, na forma de gel palat\u00e1vel. Cont\u00e9m cromo, H.M.B (beta hidroximetilbutirato) e amino\u00e1cidos.<\/p>\n","protected":false},"featured_media":17209,"template":"","meta":{"_acf_changed":false},"product_brand":[952],"product_cat":[163,189,178],"product_tag":[907,807,983,201,865,395,795],"class_list":{"0":"post-17208","1":"product","2":"type-product","3":"status-publish","4":"has-post-thumbnail","6":"product_brand-lavizoo","7":"product_cat-equinos","8":"product_cat-racoes-suplementos-alimentar-2","9":"product_cat-suplementos-e-vitaminas-2","10":"product_tag-creatina","11":"product_tag-crescimento","12":"product_tag-lavizoo","13":"product_tag-suplemento","14":"product_tag-suplemento-alimentar","15":"product_tag-vitamina","16":"product_tag-vitaminas","18":"first","19":"instock","20":"purchasable","21":"product-type-simple"},"acf":[],"_links":{"self":[{"href":"https:\/\/vetsul.com\/index.php\/wp-json\/wp\/v2\/product\/17208","targetHints":{"allow":["GET"]}}],"collection":[{"href":"https:\/\/vetsul.com\/index.php\/wp-json\/wp\/v2\/product"}],"about":[{"href":"https:\/\/vetsul.com\/index.php\/wp-json\/wp\/v2\/types\/product"}],"wp:featuredmedia":[{"embeddable":true,"href":"https:\/\/vetsul.com\/index.php\/wp-json\/wp\/v2\/media\/17209"}],"wp:attachment":[{"href":"https:\/\/vetsul.com\/index.php\/wp-json\/wp\/v2\/media?parent=17208"}],"wp:term":[{"taxonomy":"product_brand","embeddable":true,"href":"https:\/\/vetsul.com\/index.php\/wp-json\/wp\/v2\/product_brand?post=17208"},{"taxonomy":"product_cat","embeddable":true,"href":"https:\/\/vetsul.com\/index.php\/wp-json\/wp\/v2\/product_cat?post=17208"},{"taxonomy":"product_tag","embeddable":true,"href":"https:\/\/vetsul.com\/index.php\/wp-json\/wp\/v2\/product_tag?post=17208"}],"curies":[{"name":"wp","href":"https:\/\/api.w.org\/{rel}","templated":true}]}}