{"id":17204,"date":"2021-01-25T09:13:20","date_gmt":"2021-01-25T12:13:20","guid":{"rendered":"http:\/\/35.194.95.18\/wp-admin\/?post_type=product&#038;p=17204"},"modified":"2025-04-03T16:12:48","modified_gmt":"2025-04-03T19:12:48","slug":"cask-gold-01lt","status":"publish","type":"product","link":"https:\/\/vetsul.com\/index.php\/product\/cask-gold-01lt\/","title":{"rendered":"Cask Gold 01lt"},"content":{"rendered":"<h2 class=\"title-produto\" style=\"font-family: Lato; color: rgb(114, 114, 114); margin-top: 20px; margin-bottom: 25px; font-size: 20px; padding-bottom: 15px; border-bottom: 1px solid rgb(54, 117, 84);\"><span style=\"color: rgb(42, 42, 43); font-weight: 900; font-size: 30px;\">Cask Gold<\/span><\/h2>\n<div class=\"row\" style=\"color: rgb(114, 114, 114); font-family: Lato; font-size: 14px; margin: 0px !important;\">\n<div class=\"col-sm-7\" style=\"width: 402.5px;\">\n<p style=\"margin-bottom: 10px;\">\n<div id=\"ctl00_ContentPlaceHolder2_divDescProduto\" style=\"color: rgb(65, 64, 66);\">\n<p style=\"margin-bottom: 10px;\">Suplemento nutricional palat\u00e1vel, de uso oral, que cont\u00e9m minerais, vitaminas e amino\u00e1cidos. Produto indicado para equ\u00eddeos nas diversas fases de vida.<\/p>\n<\/div>\n<p style=\"margin-bottom: 10px;\">\n<div class=\"clearfix\"><\/div>\n<table class=\"table table-striped table-hover modo_apresentacao\" style=\"width: 372px; margin-bottom: 20px; border-radius: 5px; margin-top: 20px; float: left; border-spacing: inherit !important; border-collapse: inherit !important; border: 1px solid rgb(199, 199, 199) !important;\">\n<thead style=\"background: rgb(223, 223, 223);\">\n<tr>\n<th style=\"color: rgb(42, 42, 43); font-size: 16px; padding: 10px 15px !important;\">Apresenta\u00e7\u00e3o<\/th>\n<\/tr>\n<\/thead>\n<tbody>\n<tr>\n<td style=\"vertical-align: top; border-bottom-right-radius: 5px; border-bottom-left-radius: 5px; overflow: hidden;\">Frasco contendo 1 litro (com seringa dosadora).<\/td>\n<\/tr>\n<\/tbody>\n<\/table>\n<div class=\"clear\" style=\"clear: both; height: 0px;\"><\/div>\n<table class=\"table  table-striped table-hover modo_apresentacao\" style=\"width: 372px; margin-bottom: 40px; border-radius: 5px; margin-top: 20px; float: left; border-spacing: inherit !important; border-collapse: inherit !important; border: 1px solid rgb(199, 199, 199) !important;\">\n<thead style=\"background: rgb(223, 223, 223);\">\n<tr>\n<th style=\"color: rgb(42, 42, 43); font-size: 16px; padding: 10px 15px !important;\">Modo de uso<\/th>\n<\/tr>\n<\/thead>\n<tbody>\n<tr>\n<td style=\"vertical-align: top; border-bottom-right-radius: 5px; border-bottom-left-radius: 5px; overflow: hidden;\">Equinos, muares e asininos adultos: administrar 10mL\/animal\/dia; potros, p\u00f4neis, muares e asininos em crescimento: administrar 5mL\/animal dia (diretamente na boca ou sobre a ra\u00e7\u00e3o).<\/td>\n<\/tr>\n<\/tbody>\n<\/table>\n<\/div>\n<div class=\"col-sm-5\" style=\"width: 287.5px;\">\n<div class=\"thumb-box\" style=\"padding: 15px; background-image: initial; background-position: initial; background-size: initial; background-repeat: initial; background-attachment: initial; background-origin: initial; background-clip: initial; border: 1px solid rgb(199, 199, 199); text-align: center; height: 202px; overflow: hidden;\"><img loading=\"lazy\" decoding=\"async\" width=\"232\" height=\"209\" src=\"http:\/\/www.lavizoo.com.br\/wp-content\/uploads\/2014\/06\/LHP_cask_gold_1L.png\" class=\"attachment-full size-full wp-post-image\" alt=\"\" style=\"max-width: 100{bad89740ab836af8afd78adf22d5854117f226b234e4f8ee83a0ac8d28f68ffc}; width: auto; height: 170px; margin: 0px auto;\"><\/div>\n<p><a class=\"representantes-small-produto\" href=\"http:\/\/www.lavizoo.com.br\/index.php\/representante\" style=\"color: rgb(66, 139, 202); margin: 20px auto 10px; float: left; width: 258px; height: 79px; background-image: url(&quot;img\/representante-small-produto.png&quot;) !important; background-position: center center !important; background-size: initial !important; background-repeat: no-repeat !important; background-attachment: initial !important; background-origin: initial !important; background-clip: initial !important;\"><\/a><\/div>\n<\/div>\n<div class=\"row\" style=\"color: rgb(114, 114, 114); font-family: Lato; font-size: 14px; margin: 0px !important;\">\n<div class=\"col-sm-12\" style=\"width: 690px;\">\n<table class=\"table  table-striped table-hover niveis_de_garantia\" style=\"width: 660px; margin-bottom: 20px; border-radius: 5px; border-spacing: inherit !important; border-collapse: inherit !important; border: 1px solid rgb(54, 117, 84) !important;\">\n<thead>\n<tr>\n<th colspan=\"3\" style=\"text-align: center; color: white; font-size: 16px; background: rgb(54, 117, 84); padding: 10px 15px !important;\">N\u00edveis de garantia por litro do produto<\/th>\n<\/tr>\n<\/thead>\n<tbody>\n<tr>\n<th style=\"font-size: 16px; border-right: 1px solid rgb(199, 199, 199);\">Garantia<\/th>\n<th style=\"font-size: 16px;\">Valor<\/th>\n<th style=\"font-size: 16px; border-left: 1px solid rgb(199, 199, 199);\">Unidade<\/th>\n<\/tr>\n<tr>\n<td style=\"vertical-align: top; border-right: 1px solid rgb(199, 199, 199);\">\u00c1cido F\u00f3lico (M\u00ednimo)<\/td>\n<td style=\"vertical-align: top;\">2.500<\/td>\n<td style=\"vertical-align: top; border-left: 1px solid rgb(199, 199, 199);\">mg<\/td>\n<\/tr>\n<tr>\n<td style=\"vertical-align: top; border-right: 1px solid rgb(199, 199, 199);\">\u00c1cido Linol\u00e9ico (M\u00ednimo)<\/td>\n<td style=\"vertical-align: top;\">20,40<\/td>\n<td style=\"vertical-align: top; border-left: 1px solid rgb(199, 199, 199);\">g<\/td>\n<\/tr>\n<tr>\n<td style=\"vertical-align: top; border-right: 1px solid rgb(199, 199, 199);\">\u00c1cido Linol\u00eanico (M\u00ednimo)<\/td>\n<td style=\"vertical-align: top;\">62,40<\/td>\n<td style=\"vertical-align: top; border-left: 1px solid rgb(199, 199, 199);\">g<\/td>\n<\/tr>\n<tr>\n<td style=\"vertical-align: top; border-right: 1px solid rgb(199, 199, 199);\">\u00c1cido Ol\u00e9ico (M\u00ednimo)<\/td>\n<td style=\"vertical-align: top;\">24<\/td>\n<td style=\"vertical-align: top; border-left: 1px solid rgb(199, 199, 199);\">g<\/td>\n<\/tr>\n<tr>\n<td style=\"vertical-align: top; border-right: 1px solid rgb(199, 199, 199);\">Betacaroteno<\/td>\n<td style=\"vertical-align: top;\">12<\/td>\n<td style=\"vertical-align: top; border-left: 1px solid rgb(199, 199, 199);\">mg<\/td>\n<\/tr>\n<tr>\n<td style=\"vertical-align: top; border-right: 1px solid rgb(199, 199, 199);\">Biotina (M\u00ednimo)<\/td>\n<td style=\"vertical-align: top;\">3.000<\/td>\n<td style=\"vertical-align: top; border-left: 1px solid rgb(199, 199, 199);\">mg<\/td>\n<\/tr>\n<tr>\n<td style=\"vertical-align: top; border-right: 1px solid rgb(199, 199, 199);\">Cobre Quelatado (M\u00ednimo)<\/td>\n<td style=\"vertical-align: top;\">2.100<\/td>\n<td style=\"vertical-align: top; border-left: 1px solid rgb(199, 199, 199);\">mg<\/td>\n<\/tr>\n<tr>\n<td style=\"vertical-align: top; border-right: 1px solid rgb(199, 199, 199);\">Enxofre (M\u00ednimo)<\/td>\n<td style=\"vertical-align: top;\">19,60<\/td>\n<td style=\"vertical-align: top; border-left: 1px solid rgb(199, 199, 199);\">g<\/td>\n<\/tr>\n<tr>\n<td style=\"vertical-align: top; border-right: 1px solid rgb(199, 199, 199);\">L-Lisina (M\u00ednimo)<\/td>\n<td style=\"vertical-align: top;\">160<\/td>\n<td style=\"vertical-align: top; border-left: 1px solid rgb(199, 199, 199);\">g<\/td>\n<\/tr>\n<tr>\n<td style=\"vertical-align: top; border-right: 1px solid rgb(199, 199, 199);\">Magn\u00e9sio (M\u00ednimo)<\/td>\n<td style=\"vertical-align: top;\">64,80<\/td>\n<td style=\"vertical-align: top; border-left: 1px solid rgb(199, 199, 199);\">mg<\/td>\n<\/tr>\n<tr>\n<td style=\"vertical-align: top; border-right: 1px solid rgb(199, 199, 199);\">Mangan\u00eas (M\u00ednimo)<\/td>\n<td style=\"vertical-align: top;\">4.200<\/td>\n<td style=\"vertical-align: top; border-left: 1px solid rgb(199, 199, 199);\">mg<\/td>\n<\/tr>\n<tr>\n<td style=\"vertical-align: top; border-right: 1px solid rgb(199, 199, 199);\">Metionina (M\u00ednimo)<\/td>\n<td style=\"vertical-align: top;\">100,98<\/td>\n<td style=\"vertical-align: top; border-left: 1px solid rgb(199, 199, 199);\">g<\/td>\n<\/tr>\n<tr>\n<td style=\"vertical-align: top; border-right: 1px solid rgb(199, 199, 199);\">Sel\u00eanio (M\u00ednimo)<\/td>\n<td style=\"vertical-align: top;\">135<\/td>\n<td style=\"vertical-align: top; border-left: 1px solid rgb(199, 199, 199);\">mg<\/td>\n<\/tr>\n<tr>\n<td style=\"vertical-align: top; border-right: 1px solid rgb(199, 199, 199);\">Vitamina A (M\u00ednimo)<\/td>\n<td style=\"vertical-align: top;\">1.500<\/td>\n<td style=\"vertical-align: top; border-left: 1px solid rgb(199, 199, 199);\">UI<\/td>\n<\/tr>\n<tr>\n<td style=\"vertical-align: top; border-right: 1px solid rgb(199, 199, 199);\">Vitamina B2 (M\u00ednimo)<\/td>\n<td style=\"vertical-align: top;\">5.040<\/td>\n<td style=\"vertical-align: top; border-left: 1px solid rgb(199, 199, 199);\">mg<\/td>\n<\/tr>\n<tr>\n<td style=\"vertical-align: top; border-right: 1px solid rgb(199, 199, 199); color: white; background: rgb(100, 155, 125) !important;\">Zinco quelatado<\/td>\n<td style=\"vertical-align: top; color: white; background: rgb(100, 155, 125) !important;\">12,75<\/td>\n<td style=\"vertical-align: top; border-left: 1px solid rgb(199, 199, 199); color: white; background: rgb(100, 155, 125) !important;\">g<\/td>\n<\/tr>\n<tr>\n<td style=\"vertical-align: top; border-right: 1px solid rgb(199, 199, 199);\">Ve\u00edculo q.s.p<\/td>\n<td style=\"vertical-align: top;\">1.000<\/td>\n<td style=\"vertical-align: top; border-left: 1px solid rgb(199, 199, 199);\">mL<\/td>\n<\/tr>\n<\/tbody>\n<\/table>\n<\/div>\n<\/div>\n","protected":false},"excerpt":{"rendered":"<p>Cask Gold Suplemento nutricional palat\u00e1vel, de uso oral, que cont\u00e9m minerais, vitaminas e amino\u00e1cidos. Produto indicado para equ\u00eddeos nas diversas fases de<\/p>\n","protected":false},"featured_media":17205,"template":"","meta":{"_acf_changed":false},"product_brand":[952],"product_cat":[163,189,178],"product_tag":[905,983],"class_list":{"0":"post-17204","1":"product","2":"type-product","3":"status-publish","4":"has-post-thumbnail","6":"product_brand-lavizoo","7":"product_cat-equinos","8":"product_cat-racoes-suplementos-alimentar-2","9":"product_cat-suplementos-e-vitaminas-2","10":"product_tag-fortalecer-casco","11":"product_tag-lavizoo","13":"first","14":"instock","15":"purchasable","16":"product-type-simple"},"acf":[],"_links":{"self":[{"href":"https:\/\/vetsul.com\/index.php\/wp-json\/wp\/v2\/product\/17204","targetHints":{"allow":["GET"]}}],"collection":[{"href":"https:\/\/vetsul.com\/index.php\/wp-json\/wp\/v2\/product"}],"about":[{"href":"https:\/\/vetsul.com\/index.php\/wp-json\/wp\/v2\/types\/product"}],"wp:featuredmedia":[{"embeddable":true,"href":"https:\/\/vetsul.com\/index.php\/wp-json\/wp\/v2\/media\/17205"}],"wp:attachment":[{"href":"https:\/\/vetsul.com\/index.php\/wp-json\/wp\/v2\/media?parent=17204"}],"wp:term":[{"taxonomy":"product_brand","embeddable":true,"href":"https:\/\/vetsul.com\/index.php\/wp-json\/wp\/v2\/product_brand?post=17204"},{"taxonomy":"product_cat","embeddable":true,"href":"https:\/\/vetsul.com\/index.php\/wp-json\/wp\/v2\/product_cat?post=17204"},{"taxonomy":"product_tag","embeddable":true,"href":"https:\/\/vetsul.com\/index.php\/wp-json\/wp\/v2\/product_tag?post=17204"}],"curies":[{"name":"wp","href":"https:\/\/api.w.org\/{rel}","templated":true}]}}