{"id":17200,"date":"2021-01-25T09:03:46","date_gmt":"2021-01-25T12:03:46","guid":{"rendered":"http:\/\/35.194.95.18\/wp-admin\/?post_type=product&#038;p=17200"},"modified":"2025-02-07T16:00:31","modified_gmt":"2025-02-07T19:00:31","slug":"eletrovit-05-lt","status":"publish","type":"product","link":"https:\/\/vetsul.com\/index.php\/product\/eletrovit-05-lt\/","title":{"rendered":"Eletrovit 05 Lt"},"content":{"rendered":"<h2 class=\"title-produto\" style=\"font-family: Lato; color: rgb(114, 114, 114); margin-top: 20px; margin-bottom: 25px; font-size: 20px; padding-bottom: 15px; border-bottom: 1px solid rgb(54, 117, 84);\"><span style=\"color: rgb(42, 42, 43); font-weight: 900; font-size: 30px;\">Eletrovitt<\/span><\/h2>\n<div class=\"row\" style=\"color: rgb(114, 114, 114); font-family: Lato; font-size: 14px; margin: 0px !important;\">\n<div class=\"col-sm-7\" style=\"width: 402.5px;\">\n<p style=\"margin-bottom: 10px;\">\n<div id=\"ctl00_ContentPlaceHolder2_divDescProduto\" style=\"color: rgb(65, 64, 66);\">\n<p style=\"margin-bottom: 10px;\">Produto composto por eletr\u00f3litos, inositol e vitaminas do complexo B. Indicado para&nbsp; equinos em todas as fases de vida.<\/p>\n<\/div>\n<p style=\"margin-bottom: 10px;\">\n<div class=\"clearfix\"><\/div>\n<table class=\"table table-striped table-hover modo_apresentacao\" style=\"width: 372px; margin-bottom: 20px; border-radius: 5px; margin-top: 20px; float: left; border-spacing: inherit !important; border-collapse: inherit !important; border: 1px solid rgb(199, 199, 199) !important;\">\n<thead style=\"background: rgb(223, 223, 223);\">\n<tr>\n<th style=\"color: rgb(42, 42, 43); font-size: 16px; padding: 10px 15px !important;\">Apresenta\u00e7\u00e3o<\/th>\n<\/tr>\n<\/thead>\n<tbody>\n<tr>\n<td style=\"vertical-align: top; border-bottom-right-radius: 5px; border-bottom-left-radius: 5px; overflow: hidden;\">Frasco gotejador contendo 10 mL.<\/td>\n<\/tr>\n<tr>\n<td style=\"vertical-align: top; border-bottom-right-radius: 5px; border-bottom-left-radius: 5px; overflow: hidden;\">Frasco gotejador contendo 50 mL e 200 mL, com seringa dosadora.<\/td>\n<\/tr>\n<tr>\n<td style=\"vertical-align: top; border-bottom-right-radius: 5px; border-bottom-left-radius: 5px; overflow: hidden;\">Frasco dosador contendo 1 litro.<\/td>\n<\/tr>\n<tr>\n<td style=\"vertical-align: top; border-bottom-right-radius: 5px; border-bottom-left-radius: 5px; overflow: hidden;\">Bombona contendo 5 litros.<\/td>\n<\/tr>\n<\/tbody>\n<\/table>\n<div class=\"clear\" style=\"clear: both; height: 0px;\"><\/div>\n<table class=\"table  table-striped table-hover modo_apresentacao\" style=\"width: 372px; margin-bottom: 40px; border-radius: 5px; margin-top: 20px; float: left; border-spacing: inherit !important; border-collapse: inherit !important; border: 1px solid rgb(199, 199, 199) !important;\">\n<thead style=\"background: rgb(223, 223, 223);\">\n<tr>\n<th style=\"color: rgb(42, 42, 43); font-size: 16px; padding: 10px 15px !important;\">Modo de uso<\/th>\n<\/tr>\n<\/thead>\n<tbody>\n<tr>\n<td style=\"vertical-align: top; border-bottom-right-radius: 5px; border-bottom-left-radius: 5px; overflow: hidden;\"><\/td>\n<\/tr>\n<tr>\n<td style=\"vertical-align: top; border-bottom-right-radius: 5px; border-bottom-left-radius: 5px; overflow: hidden;\"><\/td>\n<\/tr>\n<tr>\n<td style=\"vertical-align: top; border-bottom-right-radius: 5px; border-bottom-left-radius: 5px; overflow: hidden;\">Equinos adultos: 20mL\/dia; potros: 10mL\/dia (diretamente na boca).<\/td>\n<\/tr>\n<\/tbody>\n<\/table>\n<\/div>\n<div class=\"col-sm-5\" style=\"width: 287.5px;\">\n<div class=\"thumb-box\" style=\"padding: 15px; background-image: initial; background-position: initial; background-size: initial; background-repeat: initial; background-attachment: initial; background-origin: initial; background-clip: initial; border: 1px solid rgb(199, 199, 199); text-align: center; height: 202px; overflow: hidden;\"><\/div>\n<p><a class=\"representantes-small-produto\" href=\"http:\/\/www.lavizoo.com.br\/index.php\/representante\" style=\"color: rgb(66, 139, 202); margin: 20px auto 10px; float: left; width: 258px; height: 79px; background-image: url(&quot;img\/representante-small-produto.png&quot;) !important; background-position: center center !important; background-size: initial !important; background-repeat: no-repeat !important; background-attachment: initial !important; background-origin: initial !important; background-clip: initial !important;\"><\/a><\/div>\n<\/div>\n<div class=\"row\" style=\"color: rgb(114, 114, 114); font-family: Lato; font-size: 14px; margin: 0px !important;\">\n<div class=\"col-sm-12\" style=\"width: 690px;\">\n<table class=\"table  table-striped table-hover niveis_de_garantia\" style=\"width: 660px; margin-bottom: 20px; border-radius: 5px; border-spacing: inherit !important; border-collapse: inherit !important; border: 1px solid rgb(54, 117, 84) !important;\">\n<thead>\n<tr>\n<th colspan=\"3\" style=\"text-align: center; color: white; font-size: 16px; background: rgb(54, 117, 84); padding: 10px 15px !important;\">N\u00edveis de garantia por litro do produto<\/th>\n<\/tr>\n<\/thead>\n<tbody>\n<tr>\n<th style=\"font-size: 16px; border-right: 1px solid rgb(199, 199, 199);\">Garantia<\/th>\n<th style=\"font-size: 16px;\">Valor<\/th>\n<th style=\"font-size: 16px; border-left: 1px solid rgb(199, 199, 199);\">Unidade<\/th>\n<\/tr>\n<tr>\n<td style=\"vertical-align: top; border-right: 1px solid rgb(199, 199, 199);\">\u00c1cido Nicot\u00ednico (M\u00ednimo)<\/td>\n<td style=\"vertical-align: top;\">5.000<\/td>\n<td style=\"vertical-align: top; border-left: 1px solid rgb(199, 199, 199);\">mg<\/td>\n<\/tr>\n<tr>\n<td style=\"vertical-align: top; border-right: 1px solid rgb(199, 199, 199);\">Cloro (M\u00ednimo)<\/td>\n<td style=\"vertical-align: top;\">5.880<\/td>\n<td style=\"vertical-align: top; border-left: 1px solid rgb(199, 199, 199);\">mg<\/td>\n<\/tr>\n<tr>\n<td style=\"vertical-align: top; border-right: 1px solid rgb(199, 199, 199);\">Inositol (M\u00ednimo)<\/td>\n<td style=\"vertical-align: top;\">5.000<\/td>\n<td style=\"vertical-align: top; border-left: 1px solid rgb(199, 199, 199);\">mg<\/td>\n<\/tr>\n<tr>\n<td style=\"vertical-align: top; border-right: 1px solid rgb(199, 199, 199);\">Magn\u00e9sio (M\u00ednimo)<\/td>\n<td style=\"vertical-align: top;\">275<\/td>\n<td style=\"vertical-align: top; border-left: 1px solid rgb(199, 199, 199);\">mg<\/td>\n<\/tr>\n<tr>\n<td style=\"vertical-align: top; border-right: 1px solid rgb(199, 199, 199);\">Pantotenato de C\u00e1lcio (M\u00ednimo)<\/td>\n<td style=\"vertical-align: top;\">2.646<\/td>\n<td style=\"vertical-align: top; border-left: 1px solid rgb(199, 199, 199);\">mg<\/td>\n<\/tr>\n<tr>\n<td style=\"vertical-align: top; border-right: 1px solid rgb(199, 199, 199);\">Pot\u00e1ssio (M\u00ednimo)<\/td>\n<td style=\"vertical-align: top;\">4.800<\/td>\n<td style=\"vertical-align: top; border-left: 1px solid rgb(199, 199, 199);\">mg<\/td>\n<\/tr>\n<tr>\n<td style=\"vertical-align: top; border-right: 1px solid rgb(199, 199, 199);\">S\u00f3dio (M\u00ednimo)<\/td>\n<td style=\"vertical-align: top;\">6.422<\/td>\n<td style=\"vertical-align: top; border-left: 1px solid rgb(199, 199, 199);\">mg<\/td>\n<\/tr>\n<tr>\n<td style=\"vertical-align: top; border-right: 1px solid rgb(199, 199, 199);\">Vitamina B1 (M\u00ednimo)<\/td>\n<td style=\"vertical-align: top;\">890<\/td>\n<td style=\"vertical-align: top; border-left: 1px solid rgb(199, 199, 199);\">mg<\/td>\n<\/tr>\n<tr>\n<td style=\"vertical-align: top; border-right: 1px solid rgb(199, 199, 199);\">Vitamina B2 (M\u00ednimo)<\/td>\n<td style=\"vertical-align: top;\">228<\/td>\n<td style=\"vertical-align: top; border-left: 1px solid rgb(199, 199, 199);\">mg<\/td>\n<\/tr>\n<tr>\n<td style=\"vertical-align: top; border-right: 1px solid rgb(199, 199, 199);\">Vitamina B6 (M\u00ednimo)<\/td>\n<td style=\"vertical-align: top;\">415<\/td>\n<td style=\"vertical-align: top; border-left: 1px solid rgb(199, 199, 199);\">mg<\/td>\n<\/tr>\n<tr>\n<td style=\"vertical-align: top; border-right: 1px solid rgb(199, 199, 199);\">Ve\u00edculo q.s.p<\/td>\n<td style=\"vertical-align: top;\">1.000<\/td>\n<td style=\"vertical-align: top; border-left: 1px solid rgb(199, 199, 199);\">mL<\/td>\n<\/tr>\n<\/tbody>\n<\/table>\n<\/div>\n<\/div>\n","protected":false},"excerpt":{"rendered":"<p>Eletrovitt Produto composto por eletr\u00f3litos, inositol e vitaminas do complexo B. Indicado para&nbsp; equinos em todas as fases de vida. Apresenta\u00e7\u00e3o Frasco<\/p>\n","protected":false},"featured_media":17201,"template":"","meta":{"_acf_changed":false},"product_brand":[952],"product_cat":[163,178],"product_tag":[900,983,901],"class_list":{"0":"post-17200","1":"product","2":"type-product","3":"status-publish","4":"has-post-thumbnail","6":"product_brand-lavizoo","7":"product_cat-equinos","8":"product_cat-suplementos-e-vitaminas-2","9":"product_tag-eletrolitico","10":"product_tag-lavizoo","11":"product_tag-repositor","13":"first","14":"instock","15":"purchasable","16":"product-type-simple"},"acf":[],"_links":{"self":[{"href":"https:\/\/vetsul.com\/index.php\/wp-json\/wp\/v2\/product\/17200","targetHints":{"allow":["GET"]}}],"collection":[{"href":"https:\/\/vetsul.com\/index.php\/wp-json\/wp\/v2\/product"}],"about":[{"href":"https:\/\/vetsul.com\/index.php\/wp-json\/wp\/v2\/types\/product"}],"wp:featuredmedia":[{"embeddable":true,"href":"https:\/\/vetsul.com\/index.php\/wp-json\/wp\/v2\/media\/17201"}],"wp:attachment":[{"href":"https:\/\/vetsul.com\/index.php\/wp-json\/wp\/v2\/media?parent=17200"}],"wp:term":[{"taxonomy":"product_brand","embeddable":true,"href":"https:\/\/vetsul.com\/index.php\/wp-json\/wp\/v2\/product_brand?post=17200"},{"taxonomy":"product_cat","embeddable":true,"href":"https:\/\/vetsul.com\/index.php\/wp-json\/wp\/v2\/product_cat?post=17200"},{"taxonomy":"product_tag","embeddable":true,"href":"https:\/\/vetsul.com\/index.php\/wp-json\/wp\/v2\/product_tag?post=17200"}],"curies":[{"name":"wp","href":"https:\/\/api.w.org\/{rel}","templated":true}]}}