{"id":17196,"date":"2021-01-22T13:35:27","date_gmt":"2021-01-22T16:35:27","guid":{"rendered":"http:\/\/35.194.95.18\/wp-admin\/?post_type=product&#038;p=17196"},"modified":"2025-02-07T16:00:31","modified_gmt":"2025-02-07T19:00:31","slug":"firovet-horse-pasta-oral","status":"publish","type":"product","link":"https:\/\/vetsul.com\/index.php\/product\/firovet-horse-pasta-oral\/","title":{"rendered":"Firovet Horse Pasta Oral"},"content":{"rendered":"<p>FIROVET pasta oral, cont\u00e9m FIROCOXIBE (DCI:08359), um f\u00e1rmaco anti-inflamat\u00f3rio n\u00e3o esteroide (AINE) que apresenta propriedades analg\u00e9sicas, anti-inflamat\u00f3rias e antipir\u00e9ticas.<\/p>\n<p>&nbsp;<\/p>\n<p>FIROCOXIBE inibe as prostaglandinas pr\u00f3-inflamat\u00f3rias desencadeadas pela s\u00edntese da cicloxigenase-2 (COX-2).<\/p>\n<p>&nbsp;<\/p>\n<p>Entretanto, n\u00e3o age sobre as prostaglandinas citoprotetoras derivadas da cicloxigenase-1 (COX-1), as quais conferem prote\u00e7\u00e3o ao trato gastrointestinal. Desta forma, \u00e9 mais seguro que os AINEs preferenciais a integridade do trato gastrointestinal.<\/p>\n<p>&nbsp;<\/p>\n<p>Potente e mais seguro!<\/p>\n<p>&nbsp;<\/p>\n<p>INDICA\u00c7\u00d5ES:<\/p>\n<p>FIROVET pasta oral \u00e9 indicado para equinos no tratamento de inflama\u00e7\u00f5es e para o al\u00edvio de dor p\u00f3s-traum\u00e1tica e p\u00f3s-cir\u00fargicas, quando h\u00e1 acometimento de tecidos moles ou musculoesquel\u00e9ticos.<\/p>\n<p>A efic\u00e1cia desse produto n\u00e3o foi avaliada pelo Minist\u00e9rio da Agricultura, Pecu\u00e1ria e Abastecimento.<\/p>\n<p>&nbsp;<\/p>\n<p>MODO DE USO E DOSAGEM:<\/p>\n<p>FIROVET pasta oral deve ser administrada a cada 24 horas, na dose de 0,1 mg\/kg, o que equivale a 1 g do produto para cada 100 kg de peso vivo.<\/p>\n<p>A seringa cont\u00e9m 35 g de pasta oral e apresenta gradua\u00e7\u00f5es de meia e uma dose.<\/p>\n<p>Cada meia dose trata 250 kg de peso vivo e cada dose \u00e9 suficiente para tratar 500 kg de peso vivo.<\/p>\n<p>Portanto FIROVET pasta oral possui 7 doses para animais de 500 kg e 14 doses para animais de 250 kg.<\/p>\n<p>Gire o anel presente no \u00eambolo da seringa at\u00e9 a marca desejada.<\/p>\n<p>Para administrar o produto, deposite a pasta lateralmente no fundo da boca e logo em seguida, levante a cabe\u00e7a do animal para garantir a ingest\u00e3o adequada a pasta.<\/p>\n","protected":false},"excerpt":{"rendered":"<p>FIROVET pasta oral, cont\u00e9m FIROCOXIBE (DCI:08359), um f\u00e1rmaco anti-inflamat\u00f3rio n\u00e3o esteroide (AINE) que apresenta propriedades analg\u00e9sicas, anti-inflamat\u00f3rias e antipir\u00e9ticas. &nbsp; FIROCOXIBE inibe<\/p>\n","protected":false},"featured_media":17197,"template":"","meta":{"_acf_changed":false},"product_brand":[953],"product_cat":[163],"product_tag":[985,984,986],"class_list":{"0":"post-17196","1":"product","2":"type-product","3":"status-publish","4":"has-post-thumbnail","6":"product_brand-botupharma","7":"product_cat-equinos","8":"product_tag-anti-inflamatorio","9":"product_tag-antiinflamatorio","10":"product_tag-botupharma","12":"first","13":"instock","14":"purchasable","15":"product-type-simple"},"acf":[],"_links":{"self":[{"href":"https:\/\/vetsul.com\/index.php\/wp-json\/wp\/v2\/product\/17196","targetHints":{"allow":["GET"]}}],"collection":[{"href":"https:\/\/vetsul.com\/index.php\/wp-json\/wp\/v2\/product"}],"about":[{"href":"https:\/\/vetsul.com\/index.php\/wp-json\/wp\/v2\/types\/product"}],"wp:featuredmedia":[{"embeddable":true,"href":"https:\/\/vetsul.com\/index.php\/wp-json\/wp\/v2\/media\/17197"}],"wp:attachment":[{"href":"https:\/\/vetsul.com\/index.php\/wp-json\/wp\/v2\/media?parent=17196"}],"wp:term":[{"taxonomy":"product_brand","embeddable":true,"href":"https:\/\/vetsul.com\/index.php\/wp-json\/wp\/v2\/product_brand?post=17196"},{"taxonomy":"product_cat","embeddable":true,"href":"https:\/\/vetsul.com\/index.php\/wp-json\/wp\/v2\/product_cat?post=17196"},{"taxonomy":"product_tag","embeddable":true,"href":"https:\/\/vetsul.com\/index.php\/wp-json\/wp\/v2\/product_tag?post=17196"}],"curies":[{"name":"wp","href":"https:\/\/api.w.org\/{rel}","templated":true}]}}