{"id":17188,"date":"2020-10-09T11:52:21","date_gmt":"2020-10-09T14:52:21","guid":{"rendered":"http:\/\/35.194.95.18\/wp-admin\/?post_type=product&#038;p=17188"},"modified":"2025-08-11T10:40:46","modified_gmt":"2025-08-11T13:40:46","slug":"hiprosil-bisnaga","status":"publish","type":"product","link":"https:\/\/vetsul.com\/index.php\/product\/hiprosil-bisnaga\/","title":{"rendered":"HIPROSIL &#8211; BISNAGA"},"content":{"rendered":"<div id=\"product-374\" class=\"post-374 product type-product status-publish has-post-thumbnail product_cat-equinos first instock shipping-taxable product-type-simple\" style=\"box-sizing: inherit; margin-top: 3rem; margin-bottom: 0px; position: relative; color: rgb(41, 43, 44); font-family: &quot;Roboto Condensed&quot;, sans-serif; font-size: 16px; display: flex !important; flex-direction: row !important;\">\n<div class=\"summary entry-summary\" style=\"box-sizing: inherit; float: right; width: 547.188px; clear: none; margin-bottom: 2em;\">\n<h1 class=\"product_title entry-title\" style=\"box-sizing: inherit; font-size: 2.5rem; margin-bottom: 0.5rem; clear: none; padding: 0px;\">Hiprosil<\/h1>\n<p style=\"box-sizing: inherit; margin-bottom: 1rem; color: rgb(119, 119, 119) !important;\"><span style=\"box-sizing: inherit; font-weight: bolder;\">Tratamento e preven\u00e7\u00e3o da \u201cBambeira\u201d<\/span><\/p>\n<p style=\"box-sizing: inherit; margin-bottom: 1rem; color: rgb(119, 119, 119) !important;\">A Mieloencefalite Protozo\u00e1ria Equina (EPM), mais conhecida como Bambeira, \u00e9 uma doen\u00e7a causada pelo protozo\u00e1rio&nbsp;<em style=\"box-sizing: inherit;\">Sarcocystis neurona<\/em>. Hiprosil \u00e9 um composto vitam\u00ednico com comprovada efic\u00e1cia no tratamento e preven\u00e7\u00e3o desta grave patologia.<\/p>\n<p style=\"box-sizing: inherit; margin-bottom: 1rem; color: rgb(119, 119, 119) !important;\">&nbsp;<\/p>\n<\/div>\n<\/div>\n<div class=\"container\" style=\"box-sizing: inherit; position: relative; width: 1140px; max-width: 100{bad89740ab836af8afd78adf22d5854117f226b234e4f8ee83a0ac8d28f68ffc}; color: rgb(41, 43, 44); font-family: &quot;Roboto Condensed&quot;, sans-serif; font-size: 16px;\">\n<div class=\"row espaco-linha\" style=\"box-sizing: inherit; padding: 2rem 0px; display: flex; flex-wrap: wrap;\">\n<div class=\"col-md-6 col-12 col-sm-6\" style=\"box-sizing: inherit; width: 570px; flex: 0 0 50{bad89740ab836af8afd78adf22d5854117f226b234e4f8ee83a0ac8d28f68ffc}; max-width: 50{bad89740ab836af8afd78adf22d5854117f226b234e4f8ee83a0ac8d28f68ffc};\">\n<div class=\"produto-single-titulo\" style=\"box-sizing: inherit;\">\n<h3 style=\"box-sizing: inherit; margin-bottom: 0.5rem; color: rgb(255, 255, 255); font-size: 1rem; background-color: rgb(164, 15, 55); border-radius: 30px; padding: 2px 20px; display: inline; text-align: center;\">DESCRI\u00c7\u00c3O<\/h3>\n<\/div>\n<div class=\"produto-single-conteudo\" style=\"box-sizing: inherit; padding: 1.5rem 0px; color: rgb(119, 119, 119) !important;\">\n<p style=\"box-sizing: inherit; margin-bottom: 1rem;\"><span style=\"box-sizing: inherit; font-weight: bolder;\">Tratamento e preven\u00e7\u00e3o da \u201cBambeira\u201d<\/span><\/p>\n<p style=\"box-sizing: inherit; margin-bottom: 1rem;\">A Mieloencefalite Protozo\u00e1ria Equina (EPM), mais conhecida como Bambeira, \u00e9 uma doen\u00e7a causada pelo protozo\u00e1rio&nbsp;<em style=\"box-sizing: inherit;\">Sarcocystis neurona<\/em>. Hiprosil \u00e9 um composto vitam\u00ednico com comprovada efic\u00e1cia no tratamento e preven\u00e7\u00e3o desta grave patologia.<\/p>\n<p style=\"box-sizing: inherit; margin-bottom: 1rem;\">&nbsp;<\/p>\n<\/div>\n<\/div>\n<div class=\"col-md-6 col-12 col-sm-6\" style=\"box-sizing: inherit; width: 570px; flex: 0 0 50{bad89740ab836af8afd78adf22d5854117f226b234e4f8ee83a0ac8d28f68ffc}; max-width: 50{bad89740ab836af8afd78adf22d5854117f226b234e4f8ee83a0ac8d28f68ffc};\">\n<div class=\"produto-single-titulo\" style=\"box-sizing: inherit;\">\n<h3 style=\"box-sizing: inherit; margin-bottom: 0.5rem; color: rgb(255, 255, 255); font-size: 1rem; background-color: rgb(164, 15, 55); border-radius: 30px; padding: 2px 20px; display: inline; text-align: center;\">F\u00d3RMULA<\/h3>\n<\/div>\n<div class=\"produto-single-conteudo\" style=\"box-sizing: inherit; padding: 1.5rem 0px; color: rgb(119, 119, 119) !important;\">\n<div class=\"formula\" style=\"box-sizing: inherit; margin-bottom: 2rem;\">\n<table border=\"0\" style=\"box-sizing: inherit;\">\n<tbody style=\"box-sizing: inherit;\">\n<tr style=\"box-sizing: inherit;\">\n<td style=\"box-sizing: inherit;\">Cada 100 g cont\u00e9m:<\/td>\n<td style=\"box-sizing: inherit;\"><\/td>\n<\/tr>\n<tr style=\"box-sizing: inherit;\">\n<td style=\"box-sizing: inherit;\">Diclazurila<\/td>\n<td style=\"box-sizing: inherit;\">10 g<\/td>\n<\/tr>\n<tr style=\"box-sizing: inherit;\">\n<td style=\"box-sizing: inherit;\">\u00c1cido F\u00f3lico<\/td>\n<td style=\"box-sizing: inherit;\">2,2 g<\/td>\n<\/tr>\n<tr style=\"box-sizing: inherit;\">\n<td style=\"box-sizing: inherit;\">Vitamina B1<\/td>\n<td style=\"box-sizing: inherit;\">0,33 g<\/td>\n<\/tr>\n<tr style=\"box-sizing: inherit;\">\n<td style=\"box-sizing: inherit;\">Vitamina B12<\/td>\n<td style=\"box-sizing: inherit;\">0,03 g<\/td>\n<\/tr>\n<tr style=\"box-sizing: inherit;\">\n<td style=\"box-sizing: inherit;\">Vitamina C<\/td>\n<td style=\"box-sizing: inherit;\">0,33 g<\/td>\n<\/tr>\n<tr style=\"box-sizing: inherit;\">\n<td style=\"box-sizing: inherit;\">Vitamina E<\/td>\n<td style=\"box-sizing: inherit;\">0,15 g<\/td>\n<\/tr>\n<tr style=\"box-sizing: inherit;\">\n<td style=\"box-sizing: inherit;\">Ve\u00edculo q.s.p.<\/td>\n<td style=\"box-sizing: inherit;\">100 g<\/td>\n<\/tr>\n<tr style=\"box-sizing: inherit;\">\n<td style=\"box-sizing: inherit;\">Apresenta\u00e7\u00e3o:<\/td>\n<td style=\"box-sizing: inherit;\">Display com 7 seringas de 30 g<\/td>\n<\/tr>\n<\/tbody>\n<\/table>\n<\/div>\n<\/div>\n<\/div>\n<\/div>\n<div class=\"row espaco-linha\" style=\"box-sizing: inherit; padding: 2rem 0px; display: flex; flex-wrap: wrap;\">\n<div class=\"col-md-6 col-12 col-sm-6\" style=\"box-sizing: inherit; width: 570px; flex: 0 0 50{bad89740ab836af8afd78adf22d5854117f226b234e4f8ee83a0ac8d28f68ffc}; max-width: 50{bad89740ab836af8afd78adf22d5854117f226b234e4f8ee83a0ac8d28f68ffc};\">\n<div class=\"produto-single-titulo\" style=\"box-sizing: inherit;\">\n<h3 style=\"box-sizing: inherit; margin-bottom: 0.5rem; color: rgb(255, 255, 255); font-size: 1rem; background-color: rgb(164, 15, 55); border-radius: 30px; padding: 2px 20px; display: inline; text-align: center;\">INDICA\u00c7\u00d5ES<\/h3>\n<\/div>\n<div class=\"produto-single-conteudo\" style=\"box-sizing: inherit; padding: 1.5rem 0px; color: rgb(119, 119, 119) !important;\">\n<div class=\"indicacoes\" style=\"box-sizing: inherit;\">Tratamento e preven\u00e7\u00e3o da Mieloencefalite Protozo\u00e1ria Equina (MEP) ou \u201cbambeira\u201d, causada por&nbsp;<em style=\"box-sizing: inherit;\">Sarcocystis neurona<\/em>,&nbsp;<em style=\"box-sizing: inherit;\">Neospora huguesi<\/em>, caracterizada por d\u00e9ficit neurol\u00f3gico com incoordena\u00e7\u00e3o motora, claudica\u00e7\u00e3o e atrofia muscular, levando o animal \u00e0 incapacidade funcional e \u00e0 morte. Baixe&nbsp;<a href=\"http:\/\/vansil.com.br\/wp-content\/uploads\/2018\/03\/hiprosil-web.pdf\" style=\"box-sizing: inherit; color: rgb(177, 12, 61); touch-action: manipulation;\"><span style=\"box-sizing: inherit; font-weight: bolder;\">AQUI<\/span><\/a>&nbsp;o informativo.<\/div>\n<\/div>\n<\/div>\n<div class=\"col-md-6 col-12 col-sm-6\" style=\"box-sizing: inherit; width: 570px; flex: 0 0 50{bad89740ab836af8afd78adf22d5854117f226b234e4f8ee83a0ac8d28f68ffc}; max-width: 50{bad89740ab836af8afd78adf22d5854117f226b234e4f8ee83a0ac8d28f68ffc};\">\n<div class=\"produto-single-titulo\" style=\"box-sizing: inherit;\">\n<h3 style=\"box-sizing: inherit; margin-bottom: 0.5rem; color: rgb(255, 255, 255); font-size: 1rem; background-color: rgb(164, 15, 55); border-radius: 30px; padding: 2px 20px; display: inline; text-align: center;\">MODO DE USAR<\/h3>\n<\/div>\n<div class=\"produto-single-conteudo\" style=\"box-sizing: inherit; padding: 1.5rem 0px; color: rgb(119, 119, 119) !important;\">\n<div class=\"mododeusar\" style=\"box-sizing: inherit;\"><span style=\"box-sizing: inherit; font-weight: bolder;\">Via de administra\u00e7\u00e3o:<\/span>&nbsp;Oral. Coloque a seringa graduada atr\u00e1s da l\u00edngua do animal, e administre a dose correta. Manter a boca do animal fechada, por alguns minutos, para que a pasta seja deglutida (engolida), sem perda da dose. Dose terap\u00eautica: 5 mg\/ Kg de peso vivo. Administrar 0,05 g de pasta\/ Kg de peso vivo. Uma seringa de 30 g de pasta trata um animal de 600 Kg de peso vivo\/dia. O produto deve ser administrado no m\u00ednimo por 28 dias consecutivos. O tratamento poder\u00e1 ser prolongado, de acordo com a evolu\u00e7\u00e3o cl\u00ednica da doen\u00e7a. Altera\u00e7\u00f5es na posologia e modo de uso a crit\u00e9rio do M\u00e9dico Veterin\u00e1rio.<\/div>\n<\/div>\n<\/div>\n<\/div>\n<\/div>\n","protected":false},"excerpt":{"rendered":"<p>Hiprosil Tratamento e preven\u00e7\u00e3o da \u201cBambeira\u201d A Mieloencefalite Protozo\u00e1ria Equina (EPM), mais conhecida como Bambeira, \u00e9 uma doen\u00e7a causada pelo protozo\u00e1rio&nbsp;Sarcocystis neurona.<\/p>\n","protected":false},"featured_media":17189,"template":"","meta":{"_acf_changed":false},"product_brand":[],"product_cat":[174,175,185,163,192],"product_tag":[1058,1057,1056],"class_list":{"0":"post-17188","1":"product","2":"type-product","3":"status-publish","4":"has-post-thumbnail","6":"product_cat-anti-inflamatorios-3","7":"product_cat-antimicrobianos-2","8":"product_cat-cicatrizantes-e-mata-bicheiras","9":"product_cat-equinos","10":"product_cat-higiene-e-cuidados","11":"product_tag-bambeira","12":"product_tag-doenca-do-gamba","13":"product_tag-vansil","15":"first","16":"instock","17":"purchasable","18":"product-type-simple"},"acf":[],"_links":{"self":[{"href":"https:\/\/vetsul.com\/index.php\/wp-json\/wp\/v2\/product\/17188","targetHints":{"allow":["GET"]}}],"collection":[{"href":"https:\/\/vetsul.com\/index.php\/wp-json\/wp\/v2\/product"}],"about":[{"href":"https:\/\/vetsul.com\/index.php\/wp-json\/wp\/v2\/types\/product"}],"wp:featuredmedia":[{"embeddable":true,"href":"https:\/\/vetsul.com\/index.php\/wp-json\/wp\/v2\/media\/17189"}],"wp:attachment":[{"href":"https:\/\/vetsul.com\/index.php\/wp-json\/wp\/v2\/media?parent=17188"}],"wp:term":[{"taxonomy":"product_brand","embeddable":true,"href":"https:\/\/vetsul.com\/index.php\/wp-json\/wp\/v2\/product_brand?post=17188"},{"taxonomy":"product_cat","embeddable":true,"href":"https:\/\/vetsul.com\/index.php\/wp-json\/wp\/v2\/product_cat?post=17188"},{"taxonomy":"product_tag","embeddable":true,"href":"https:\/\/vetsul.com\/index.php\/wp-json\/wp\/v2\/product_tag?post=17188"}],"curies":[{"name":"wp","href":"https:\/\/api.w.org\/{rel}","templated":true}]}}