{"id":17185,"date":"2020-09-23T09:13:27","date_gmt":"2020-09-23T12:13:27","guid":{"rendered":"http:\/\/35.194.95.18\/wp-admin\/?post_type=product&#038;p=17185"},"modified":"2025-08-11T10:40:46","modified_gmt":"2025-08-11T13:40:46","slug":"endurance-500g","status":"publish","type":"product","link":"https:\/\/vetsul.com\/index.php\/product\/endurance-500g\/","title":{"rendered":"Endurance\u00ae 500g"},"content":{"rendered":"<div class=\"wysiwyg\" style=\"margin: 0px;padding: 0px;font-family: Verdana, Arial, sans-serif;font-size: 14px;line-height: 1.286em\">\n<div style=\"margin: 0px;padding: 0px\">\n<p style=\"margin-bottom: 16px;padding: 0px\">Suplemento oral para equinos de esporte.<\/p>\n<\/div>\n<\/div>\n<div class=\"wysiwyg\" id=\"ToggleId\" style=\"margin: 0px;padding: 0px;font-family: Verdana, Arial, sans-serif;font-size: 14px;line-height: 1.286em\">\n<p style=\"margin-bottom: 16px;padding: 0px\"><span class=\"virbac-blue\">F\u00f3rmula<\/span><\/p>\n<p style=\"margin-bottom: 16px;padding: 0px\">Cada 100g cont\u00e9m:<\/p>\n<p style=\"margin-bottom: 16px;padding: 0px\">Dimetilglicina (hidrocloridrato)&#8230;&#8230;&#8230;&#8230;&#8230;&#8230;.6,521 g<\/p>\n<p style=\"margin-bottom: 16px;padding: 0px\">Excipiente&#8230;&#8230;&#8230;.q.s.p&#8230;&#8230;&#8230;&#8230;&#8230;&#8230;&#8230;&#8230;&#8230;&#8230;&#8230;.100,0 g<\/p>\n<p style=\"margin-bottom: 16px;padding: 0px\">&nbsp;<\/p>\n<p style=\"margin-bottom: 16px;padding: 0px\"><span class=\"virbac-blue\">Via de Administra\u00e7\u00e3o e Modo de usar<\/span><\/p>\n<p style=\"margin-bottom: 16px;padding: 0px\">Uso oral, misturado \u00e0 ra\u00e7\u00e3o alimentar. Endurance<span style=\"font-size: 10.5px;line-height: 0;vertical-align: baseline\">\u00ae<\/span>&nbsp;vem acompanhado de um dosador pl\u00e1stico, onde cada medida \u00fanica fornece 4 g de produto.<\/p>\n<p style=\"margin-bottom: 16px;padding: 0px\"><span class=\"virbac-blue\">Posologia<\/span><\/p>\n<p style=\"margin-bottom: 16px;padding: 0px\">Posologia b\u00e1sica: 1,25 a 1,8 mg de dimetilglicina\/kg de peso corporal, diariamente, 2 vezes ao dia, durante 3 a 4 dias antes de exerc\u00edcios extenuantes.<\/p>\n<p style=\"margin-bottom: 16px;padding: 0px\">P\u00f3s Exerc\u00edcio, administrar 1,25 a 1,8 mg de dimetilglicina\/kg de peso corporal, diariamente, 1 vez ao dia, conforme necess\u00e1rio.<\/p>\n<p style=\"margin-bottom: 16px;padding: 0px\"><span class=\"virbac-blue\">Dose Pr\u00e1tica<\/span><\/p>\n<p style=\"margin-bottom: 16px;padding: 0px\">Equinos at\u00e9 400 kg: 8 g (2 medidas) de Endurance<span style=\"font-size: 10.5px;line-height: 0;vertical-align: baseline\">\u00ae<\/span>&nbsp;a cada administra\u00e7\u00e3o.<\/p>\n<p style=\"margin-bottom: 16px;padding: 0px\">Equinos de 400 a 600 kg: 12 g (3 a 4 medidas) de Endurance<span style=\"font-size: 10.5px;line-height: 0;vertical-align: baseline\">\u00ae<\/span>&nbsp;a cada administra\u00e7\u00e3o.<\/p>\n<p style=\"margin-bottom: 16px;padding: 0px\"><span class=\"virbac-blue\">Apresenta\u00e7\u00e3o<\/span><\/p>\n<p style=\"margin-bottom: 16px;padding: 0px\">Balde pl\u00e1stico contendo de 500 g, acompanhado de dosador pl\u00e1stico com capacidade para 4 g.<\/p>\n<p style=\"margin-bottom: 16px;padding: 0px\"><span class=\"virbac-blue\">Propriedades<\/span><\/p>\n<p style=\"margin-bottom: 16px;padding: 0px\">Endurance<span style=\"font-size: 10.5px;line-height: 0;vertical-align: baseline\">\u00ae<\/span>&nbsp;\u00e9 um suplemento oral para Equinos de esporte, indicado para aumentar a utiliza\u00e7\u00e3o de oxig\u00eanio e reduzir a forma\u00e7\u00e3o de \u00e1cido l\u00e1tico p\u00f3s-exerc\u00edcio. A dimetilglicina proporciona est\u00edmulo do sistema imune, aumento da utiliza\u00e7\u00e3o de oxig\u00eanio e de energia e melhoria do metabolismo da glicose.<\/p>\n<p style=\"margin-bottom: 16px;padding: 0px\"><span class=\"virbac-blue\">Data do Vencimento<\/span><\/p>\n<p style=\"margin-bottom: 16px;padding: 0px\">02 (dois) anos ap\u00f3s a data de fabrica\u00e7\u00e3o.&nbsp;<\/p>\n<\/div>\n","protected":false},"excerpt":{"rendered":"<p>Suplemento oral para equinos de esporte. F\u00f3rmula Cada 100g cont\u00e9m: Dimetilglicina (hidrocloridrato)&#8230;&#8230;&#8230;&#8230;&#8230;&#8230;.6,521 g Excipiente&#8230;&#8230;&#8230;.q.s.p&#8230;&#8230;&#8230;&#8230;&#8230;&#8230;&#8230;&#8230;&#8230;&#8230;&#8230;.100,0 g &nbsp; Via de Administra\u00e7\u00e3o e Modo de<\/p>\n","protected":false},"featured_media":17186,"template":"","meta":{"_acf_changed":false},"product_brand":[968],"product_cat":[163,189,178],"product_tag":[201,865,987],"class_list":{"0":"post-17185","1":"product","2":"type-product","3":"status-publish","4":"has-post-thumbnail","6":"product_brand-virbac","7":"product_cat-equinos","8":"product_cat-racoes-suplementos-alimentar-2","9":"product_cat-suplementos-e-vitaminas-2","10":"product_tag-suplemento","11":"product_tag-suplemento-alimentar","12":"product_tag-virbac","14":"first","15":"instock","16":"purchasable","17":"product-type-simple"},"acf":[],"_links":{"self":[{"href":"https:\/\/vetsul.com\/index.php\/wp-json\/wp\/v2\/product\/17185","targetHints":{"allow":["GET"]}}],"collection":[{"href":"https:\/\/vetsul.com\/index.php\/wp-json\/wp\/v2\/product"}],"about":[{"href":"https:\/\/vetsul.com\/index.php\/wp-json\/wp\/v2\/types\/product"}],"wp:featuredmedia":[{"embeddable":true,"href":"https:\/\/vetsul.com\/index.php\/wp-json\/wp\/v2\/media\/17186"}],"wp:attachment":[{"href":"https:\/\/vetsul.com\/index.php\/wp-json\/wp\/v2\/media?parent=17185"}],"wp:term":[{"taxonomy":"product_brand","embeddable":true,"href":"https:\/\/vetsul.com\/index.php\/wp-json\/wp\/v2\/product_brand?post=17185"},{"taxonomy":"product_cat","embeddable":true,"href":"https:\/\/vetsul.com\/index.php\/wp-json\/wp\/v2\/product_cat?post=17185"},{"taxonomy":"product_tag","embeddable":true,"href":"https:\/\/vetsul.com\/index.php\/wp-json\/wp\/v2\/product_tag?post=17185"}],"curies":[{"name":"wp","href":"https:\/\/api.w.org\/{rel}","templated":true}]}}