{"id":17158,"date":"2020-08-12T14:26:25","date_gmt":"2020-08-12T17:26:25","guid":{"rendered":"http:\/\/35.194.95.18\/wp-admin\/?post_type=product&#038;p=17158"},"modified":"2025-04-04T09:34:11","modified_gmt":"2025-04-04T12:34:11","slug":"desinfetante-lavifen-01lt-amonia","status":"publish","type":"product","link":"https:\/\/vetsul.com\/index.php\/product\/desinfetante-lavifen-01lt-amonia\/","title":{"rendered":"Desinfetante Lavifen 01lt &#8211; Am\u00f4nia"},"content":{"rendered":"<div id=\"ctl00_ContentPlaceHolder2_divDescProduto\" style=\"font-family: Lato; font-size: 14px; color: rgb(65, 64, 66);\">\n<p style=\"margin-bottom: 10px;\">Desinfetante de a\u00e7\u00e3o detergente, bactericida e fungicida \u00e0 base de cloreto de benzalc\u00f4nio(Amonia Quartenaria na concentra\u00e7\u00e3o de 20{bad89740ab836af8afd78adf22d5854117f226b234e4f8ee83a0ac8d28f68ffc}, o que proporciona maior rendimento e efic\u00e1cia contra os microorganismos sens\u00edveis ao princ\u00edpio ativo do produto. N\u00e3o corrosivo, n\u00e3o mancha tecidos e \u00e9 altamente seguro.<\/p>\n<\/div>\n<div id=\"ctl00_ContentPlaceHolder2_divIndicacao\" style=\"font-family: Lato; font-size: 14px; font-style: italic; color: rgb(65, 64, 66);\">Desinfec\u00e7\u00e3o e desodoriza\u00e7\u00e3o de instala\u00e7\u00f5es, equipamentos, incubadoras, material cir\u00fargico, l\u00e2minas de banho e tosa, campo operat\u00f3rio, cl\u00ednicas e hospitais veterin\u00e1rios, canis, gatis e outros materiais.<\/div>\n<div id=\"ctl00_ContentPlaceHolder2_divIndicacao\" style=\"font-family: Lato; font-size: 14px; font-style: italic; color: rgb(65, 64, 66);\">\n<table class=\"table  table-striped table-hover modo_apresentacao\" style=\"background-color: rgb(255, 255, 255); width: 372px; margin-bottom: 40px; border-radius: 5px; margin-top: 20px; color: rgb(114, 114, 114); font-style: normal; border-spacing: inherit !important; border-collapse: inherit !important; border: 1px solid rgb(199, 199, 199) !important;\">\n<tbody>\n<tr>\n<td style=\"vertical-align: top; border-bottom-right-radius: 5px; border-bottom-left-radius: 5px; overflow: hidden;\">Desinfec\u00e7\u00e3o de instala\u00e7\u00f5es, equipamentos: 1 mL\/litro de \u00e1gua.<\/td>\n<\/tr>\n<tr>\n<td style=\"vertical-align: top; border-bottom-right-radius: 5px; border-bottom-left-radius: 5px; overflow: hidden;\">Desinfec\u00e7\u00e3o de campo operat\u00f3rio e material cir\u00fargico: 2 mL\/litro de \u00e1gua.<\/td>\n<\/tr>\n<tr>\n<td style=\"vertical-align: top; border-bottom-right-radius: 5px; border-bottom-left-radius: 5px; overflow: hidden;\"><\/td>\n<\/tr>\n<tr>\n<td style=\"vertical-align: top; border-bottom-right-radius: 5px; border-bottom-left-radius: 5px; overflow: hidden;\">*Recomenda-se deixar o produto agir por tempo n\u00e3o inferior a 3 minutos.<\/td>\n<\/tr>\n<\/tbody>\n<\/table>\n<\/div>\n<div id=\"ctl00_ContentPlaceHolder2_divIndicacao\" style=\"\">\n<div id=\"ctl00_ContentPlaceHolder2_divIndicacao\" style=\"\"><font color=\"#414042\" face=\"Lato\"><span style=\"font-size: 14px;\"><i>COMPOSI\u00c7\u00c3O: Cloreto de benzalc\u00f4nio.<\/i><\/span><\/font><\/div>\n<div id=\"ctl00_ContentPlaceHolder2_divIndicacao\" style=\"\"><font color=\"#414042\" face=\"Lato\"><span style=\"font-size: 14px;\"><i><br \/><\/i><\/span><\/font><\/div>\n<div id=\"ctl00_ContentPlaceHolder2_divIndicacao\" style=\"\"><font color=\"#414042\" face=\"Lato\"><span style=\"font-size: 14px;\"><i>F\u00d3RMULA: Cloreto de Benzalc\u00f4nio&nbsp; 200 g &#8211; Es\u00eancias q.s. &#8211; Ve\u00edculo q.s.p. 1000 ml<\/i><\/span><\/font><\/div>\n<div id=\"ctl00_ContentPlaceHolder2_divIndicacao\" style=\"\"><font color=\"#414042\" face=\"Lato\"><span style=\"font-size: 14px;\"><i><br \/><\/i><\/span><\/font><\/div>\n<div id=\"ctl00_ContentPlaceHolder2_divIndicacao\" style=\"\"><font color=\"#414042\" face=\"Lato\"><span style=\"font-size: 14px;\"><i>INDICA\u00c7\u00c3O: Para desinfec\u00e7\u00e3o de instala\u00e7\u00f5es, equipamentos, animais, incubadoras, material cir\u00fargico, campo operat\u00f3rio, m\u00e3os dos tratadores de animais, sendo ativo contra: Germes Gram-positivos e Gram-negativos: Staphylococcus spp, Streptococcus spp, Erysipelothrix rhusiopatiae, Escherichia coli, Salmonella spp; Fungos: Dermatophilus congolensis, Trichophyton spp.<\/i><\/span><\/font><\/div>\n<div id=\"ctl00_ContentPlaceHolder2_divIndicacao\" style=\"\"><font color=\"#414042\" face=\"Lato\"><span style=\"font-size: 14px;\"><i><br \/><\/i><\/span><\/font><\/div>\n<div id=\"ctl00_ContentPlaceHolder2_divIndicacao\" style=\"\"><font color=\"#414042\" face=\"Lato\"><span style=\"font-size: 14px;\"><i>MODO DE USO: Uso local, depois de dilu\u00eddo em \u00e1gua, por imers\u00e3o, aspers\u00e3o ou pulveriza\u00e7\u00e3o. Para desinfec\u00e7\u00e3o de instala\u00e7\u00f5es, equipamentos, comedouros, bebedouros, fundo de gailoa; desinfec\u00e7\u00e3o de estradas de acesso aos galinheiros, currais e est\u00e1bulos; desinfec\u00e7\u00e3o de animais; desinfec\u00e7\u00e3o das m\u00e3os dos tratadores dos animais: Dilui\u00e7\u00e3o a 0,1ou seja 1 ml de Lavi-Fen para cada litro \u00e1gua limpa. Para desinfec\u00e7\u00e3o de incubadoras: Dilui\u00e7\u00e3o a 0,5 ou seja, 5 ml de Lavfi-Fen para cada litro de \u00e1gua limpa. Para desinfec\u00e7\u00e3o do campo operat\u00f3rio e do material cir\u00fargico: Dilui\u00e7\u00e3o a 0,2 ou seja, 2ml de Lavi-Fen para cada litro de \u00e1gua limpa.<\/i><\/span><\/font><\/div>\n<\/div>\n","protected":false},"excerpt":{"rendered":"<p>Desinfetante de a\u00e7\u00e3o detergente, bactericida e fungicida \u00e0 base de cloreto de benzalc\u00f4nio(Amonia Quartenaria na concentra\u00e7\u00e3o de 20{bad89740ab836af8afd78adf22d5854117f226b234e4f8ee83a0ac8d28f68ffc}, o que proporciona maior<\/p>\n","protected":false},"featured_media":17159,"template":"","meta":{"_acf_changed":false},"product_brand":[952],"product_cat":[164,163,166,165,194],"product_tag":[363,860,983],"class_list":{"0":"post-17158","1":"product","2":"type-product","3":"status-publish","4":"has-post-thumbnail","6":"product_brand-lavizoo","7":"product_cat-bovinos-e-ovinos","8":"product_cat-equinos","9":"product_cat-equipamentos-utensilios-e-materiais-hospitalares","10":"product_cat-pet","11":"product_cat-todos-os-produtos","12":"product_tag-amonia","13":"product_tag-covid","14":"product_tag-lavizoo","16":"first","17":"instock","18":"purchasable","19":"product-type-simple"},"acf":[],"_links":{"self":[{"href":"https:\/\/vetsul.com\/index.php\/wp-json\/wp\/v2\/product\/17158","targetHints":{"allow":["GET"]}}],"collection":[{"href":"https:\/\/vetsul.com\/index.php\/wp-json\/wp\/v2\/product"}],"about":[{"href":"https:\/\/vetsul.com\/index.php\/wp-json\/wp\/v2\/types\/product"}],"wp:featuredmedia":[{"embeddable":true,"href":"https:\/\/vetsul.com\/index.php\/wp-json\/wp\/v2\/media\/17159"}],"wp:attachment":[{"href":"https:\/\/vetsul.com\/index.php\/wp-json\/wp\/v2\/media?parent=17158"}],"wp:term":[{"taxonomy":"product_brand","embeddable":true,"href":"https:\/\/vetsul.com\/index.php\/wp-json\/wp\/v2\/product_brand?post=17158"},{"taxonomy":"product_cat","embeddable":true,"href":"https:\/\/vetsul.com\/index.php\/wp-json\/wp\/v2\/product_cat?post=17158"},{"taxonomy":"product_tag","embeddable":true,"href":"https:\/\/vetsul.com\/index.php\/wp-json\/wp\/v2\/product_tag?post=17158"}],"curies":[{"name":"wp","href":"https:\/\/api.w.org\/{rel}","templated":true}]}}