{"id":17150,"date":"2020-08-04T11:47:54","date_gmt":"2020-08-04T14:47:54","guid":{"rendered":"http:\/\/35.194.95.18\/wp-admin\/?post_type=product&#038;p=17150"},"modified":"2025-08-25T11:58:51","modified_gmt":"2025-08-25T14:58:51","slug":"kromium-proteico-tortuga-25kg","status":"publish","type":"product","link":"https:\/\/vetsul.com\/index.php\/product\/kromium-proteico-tortuga-25kg\/","title":{"rendered":"Kromium Prot\u00e9ico Tortuga 25kg"},"content":{"rendered":"<p class=\"MsoNormal\"><span style=\"font-size: 21pt;, sans-serif;background-image: initial;background-position: initial;background-size: initial;background-attachment: initial\">Kromium Proteico<\/span><\/p>\n<p class=\"MsoNormal\" style=\"margin-bottom:0cm;margin-bottom:.0001pt;line-height:12.75pt;vertical-align:baseline\"><b><span style=\"font-size:9.0pt;,serif;color:#002664;border:none windowtext 1.0pt;padding:0cm\">Indica\u00e7\u00f5es:<br \/>\n<\/span><\/b><span style=\"font-size:9.0pt;,serif;color:#002664\">Suplemento composto por minerais em forma org\u00e2nica<br \/>\ne prote\u00edna de origem vegetal, indicado para animais em regime de pasto que n\u00e3o<br \/>\nrecebem ra\u00e7\u00e3o concentrada diariamente, atendendo a todas as fases de vida do<br \/>\nanimal. A prote\u00edna das pastagens existentes no Brasil tem grande oscila\u00e7\u00e3o<br \/>\ndurante o ano e este produto equilibra as defici\u00eancias proteicas do pasto.<\/span><\/p>\n<p class=\"MsoNormal\" style=\"margin-bottom:0cm;margin-bottom:.0001pt;line-height:12.75pt;vertical-align:baseline\"><b><span style=\"font-size:9.0pt;,serif;color:#002664;border:none windowtext 1.0pt;padding:0cm\">Benef\u00edcios:<\/span><\/b><span style=\"font-size:9.0pt;,serif;color:#002664\"><\/span><\/p>\n<p class=\"MsoNormal\" style=\"margin-top:0cm;margin-right:0cm;margin-bottom:0cm;margin-left:12.0pt;margin-bottom:.0001pt;text-indent:-18.0pt;line-height:normal;vertical-align:baseline\"><!--[if !supportLists]--><span style=\"font-size:10.0pt;font-family:Symbol;color:#002664\">\u00b7<span style=\"font-size: 7pt;line-height: normal\">&nbsp;&nbsp;&nbsp;&nbsp;&nbsp;&nbsp;&nbsp;&nbsp;<br \/>\n<\/span><\/span><!--[endif]--><span style=\"font-size:9.0pt;,serif;color:#002664\">\u00d3timo custo-benef\u00edcio por dispensar o<br \/>\nuso de ra\u00e7\u00e3o concentrada para animais mantidos no campo.<\/span><\/p>\n<p class=\"MsoNormal\" style=\"margin-top:0cm;margin-right:0cm;margin-bottom:0cm;margin-left:12.0pt;margin-bottom:.0001pt;text-indent:-18.0pt;line-height:normal;vertical-align:baseline\"><!--[if !supportLists]--><span style=\"font-size:10.0pt;font-family:Symbol;color:#002664\">\u00b7<span style=\"font-size: 7pt;line-height: normal\">&nbsp;&nbsp;&nbsp;&nbsp;&nbsp;&nbsp;&nbsp;&nbsp;<br \/>\n<\/span><\/span><!--[endif]--><span style=\"font-size:9.0pt;,serif;color:#002664\">Fonte de prote\u00edna vegetal de alta<br \/>\ndigestibilidade.<\/span><\/p>\n<p class=\"MsoNormal\" style=\"margin-top:0cm;margin-right:0cm;margin-bottom:0cm;margin-left:12.0pt;margin-bottom:.0001pt;text-indent:-18.0pt;line-height:normal;vertical-align:baseline\"><!--[if !supportLists]--><span style=\"font-size:10.0pt;font-family:Symbol;color:#002664\">\u00b7<span style=\"font-size: 7pt;line-height: normal\">&nbsp;&nbsp;&nbsp;&nbsp;&nbsp;&nbsp;&nbsp;&nbsp;<br \/>\n<\/span><\/span><!--[endif]--><span style=\"font-size:9.0pt;,serif;color:#002664\">\u00danico no mercado.<\/span><\/p>\n<p class=\"MsoNormal\" style=\"margin-top:0cm;margin-right:0cm;margin-bottom:0cm;margin-left:12.0pt;margin-bottom:.0001pt;text-indent:-18.0pt;line-height:normal;vertical-align:baseline\"><!--[if !supportLists]--><span style=\"font-size:10.0pt;font-family:Symbol;color:#002664\">\u00b7<span style=\"font-size: 7pt;line-height: normal\">&nbsp;&nbsp;&nbsp;&nbsp;&nbsp;&nbsp;&nbsp;&nbsp;<br \/>\n<\/span><\/span><!--[endif]--><span style=\"font-size:9.0pt;,serif;color:#002664\">Facilidade de uso.<\/span><\/p>\n<p class=\"MsoNormal\" style=\"margin-top:0cm;margin-right:0cm;margin-bottom:0cm;margin-left:12.0pt;margin-bottom:.0001pt;text-indent:-18.0pt;line-height:normal;vertical-align:baseline\"><!--[if !supportLists]--><span style=\"font-size:10.0pt;font-family:Symbol;color:#002664\">\u00b7<span style=\"font-size: 7pt;line-height: normal\">&nbsp;&nbsp;&nbsp;&nbsp;&nbsp;&nbsp;&nbsp;&nbsp;<br \/>\n<\/span><\/span><!--[endif]--><span style=\"font-size:9.0pt;,serif;color:#002664\">Melhoria da condi\u00e7\u00e3o corporal e<br \/>\npelagem.<\/span><\/p>\n<p class=\"MsoNormal\" style=\"margin-top:0cm;margin-right:0cm;margin-bottom:0cm;margin-left:12.0pt;margin-bottom:.0001pt;text-indent:-18.0pt;line-height:normal;vertical-align:baseline\"><!--[if !supportLists]--><span style=\"font-size:10.0pt;font-family:Symbol;color:#002664\">\u00b7<span style=\"font-size: 7pt;line-height: normal\">&nbsp;&nbsp;&nbsp;&nbsp;&nbsp;&nbsp;&nbsp;&nbsp;<br \/>\n<\/span><\/span><!--[endif]--><span style=\"font-size:9.0pt;,serif;color:#002664\">Auxilia na recupera\u00e7\u00e3o ap\u00f3s o<br \/>\ntrabalho intenso.<\/span><\/p>\n<p class=\"MsoNormal\" style=\"margin-top:0cm;margin-right:0cm;margin-bottom:0cm;margin-left:12.0pt;margin-bottom:.0001pt;text-indent:-18.0pt;line-height:normal;vertical-align:baseline\"><!--[if !supportLists]--><span style=\"font-size:10.0pt;font-family:Symbol;color:#002664\">\u00b7<span style=\"font-size: 7pt;line-height: normal\">&nbsp;&nbsp;&nbsp;&nbsp;&nbsp;&nbsp;&nbsp;&nbsp;<br \/>\n<\/span><\/span><!--[endif]--><span style=\"font-size:9.0pt;,serif;color:#002664\">Alta biodisponibilidade dos minerais<br \/>\nem forma org\u00e2nica.<\/span><\/p>\n<p class=\"MsoNormal\" style=\"margin-top:0cm;margin-right:0cm;margin-bottom:0cm;margin-left:12.0pt;margin-bottom:.0001pt;line-height:normal;vertical-align:baseline\"><span style=\"font-size:9.0pt;,serif;color:#002664\">&nbsp;<\/span><\/p>\n<p class=\"MsoNormal\" style=\"margin-bottom:0cm;margin-bottom:.0001pt;line-height:12.75pt;vertical-align:baseline\"><b><span style=\"font-size:9.0pt;,serif;color:#002664;border:none windowtext 1.0pt;padding:0cm\">N\u00edveis de garantia<br \/>\n(por kg do produto):<\/span><\/b><span style=\"font-size:9.0pt;,serif;color:#002664\"><\/span><\/p>\n<table class=\"MsoNormalTable\" border=\"0\" cellspacing=\"0\" cellpadding=\"0\" width=\"64{bad89740ab836af8afd78adf22d5854117f226b234e4f8ee83a0ac8d28f68ffc}\">\n<tbody>\n<tr style=\"height:5.65pt\">\n<td width=\"254\" valign=\"top\" style=\"width:152.25pt;border-top:none;border-left:  none;border-bottom:solid #D2D8E4 1.0pt;border-right:solid #D2D8E4 1.0pt;padding:4.5pt 4.5pt 4.5pt 4.5pt;height:5.65pt\">\n<p class=\"MsoNormal\" style=\"margin-bottom:0cm;margin-bottom:.0001pt;line-height:  normal\"><span style=\"font-size:8.5pt;,serif;color:#002664\">Prote\u00edna bruta (m\u00edn)<\/span><\/p>\n<\/td>\n<td width=\"119\" valign=\"top\" style=\"width:71.65pt;border-top:none;border-left:  none;border-bottom:solid #D2D8E4 1.0pt;border-right:solid #D2D8E4 1.0pt;padding:4.5pt 4.5pt 4.5pt 4.5pt;height:5.65pt\">\n<p class=\"MsoNormal\" style=\"margin-bottom:0cm;margin-bottom:.0001pt;line-height:  normal\"><span style=\"font-size:8.5pt;,serif;color:#002664\">130,00<\/span><\/p>\n<\/td>\n<td width=\"81\" valign=\"top\" style=\"width:48.7pt;border:none;border-bottom:solid #D2D8E4 1.0pt;padding:4.5pt 4.5pt 4.5pt 4.5pt;height:5.65pt\">\n<p class=\"MsoNormal\" style=\"margin-bottom:0cm;margin-bottom:.0001pt;line-height:  normal\"><span style=\"font-size:8.5pt;,serif;color:#002664\">g\/kg<\/span><\/p>\n<\/td>\n<\/tr>\n<tr style=\"height:5.65pt\">\n<td valign=\"top\" style=\"border-top:none;border-left:none;border-bottom:solid #D2D8E4 1.0pt;border-right:solid #D2D8E4 1.0pt;padding:4.5pt 4.5pt 4.5pt 4.5pt;height:5.65pt\">\n<p class=\"MsoNormal\" style=\"margin-bottom:0cm;margin-bottom:.0001pt;line-height:  normal\"><span style=\"font-size:8.5pt;,serif;color:#002664\">C\u00e1lcio (m\u00edn)<\/span><\/p>\n<\/td>\n<td valign=\"top\" style=\"border-top:none;border-left:none;border-bottom:solid #D2D8E4 1.0pt;border-right:solid #D2D8E4 1.0pt;padding:4.5pt 4.5pt 4.5pt 4.5pt;height:5.65pt\">\n<p class=\"MsoNormal\" style=\"margin-bottom:0cm;margin-bottom:.0001pt;line-height:  normal\"><span style=\"font-size:8.5pt;,serif;color:#002664\">43,00<\/span><\/p>\n<\/td>\n<td valign=\"top\" style=\"border:none;border-bottom:solid #D2D8E4 1.0pt;padding:4.5pt 4.5pt 4.5pt 4.5pt;height:5.65pt\">\n<p class=\"MsoNormal\" style=\"margin-bottom:0cm;margin-bottom:.0001pt;line-height:  normal\"><span style=\"font-size:8.5pt;,serif;color:#002664\">g\/kg<\/span><\/p>\n<\/td>\n<\/tr>\n<tr style=\"height:5.65pt\">\n<td valign=\"top\" style=\"border-top:none;border-left:none;border-bottom:solid #D2D8E4 1.0pt;border-right:solid #D2D8E4 1.0pt;padding:4.5pt 4.5pt 4.5pt 4.5pt;height:5.65pt\">\n<p class=\"MsoNormal\" style=\"margin-bottom:0cm;margin-bottom:.0001pt;line-height:  normal\"><span style=\"font-size:8.5pt;,serif;color:#002664\">C\u00e1lcio (m\u00e1x)<\/span><\/p>\n<\/td>\n<td valign=\"top\" style=\"border-top:none;border-left:none;border-bottom:solid #D2D8E4 1.0pt;border-right:solid #D2D8E4 1.0pt;padding:4.5pt 4.5pt 4.5pt 4.5pt;height:5.65pt\">\n<p class=\"MsoNormal\" style=\"margin-bottom:0cm;margin-bottom:.0001pt;line-height:  normal\"><span style=\"font-size:8.5pt;,serif;color:#002664\">48,00<\/span><\/p>\n<\/td>\n<td valign=\"top\" style=\"border:none;border-bottom:solid #D2D8E4 1.0pt;padding:4.5pt 4.5pt 4.5pt 4.5pt;height:5.65pt\">\n<p class=\"MsoNormal\" style=\"margin-bottom:0cm;margin-bottom:.0001pt;line-height:  normal\"><span style=\"font-size:8.5pt;,serif;color:#002664\">g\/kg<\/span><\/p>\n<\/td>\n<\/tr>\n<tr style=\"height:5.65pt\">\n<td valign=\"top\" style=\"border-top:none;border-left:none;border-bottom:solid #D2D8E4 1.0pt;border-right:solid #D2D8E4 1.0pt;padding:4.5pt 4.5pt 4.5pt 4.5pt;height:5.65pt\">\n<p class=\"MsoNormal\" style=\"margin-bottom:0cm;margin-bottom:.0001pt;line-height:  normal\"><span style=\"font-size:8.5pt;,serif;color:#002664\">F\u00f3sforo (m\u00edn)<\/span><\/p>\n<\/td>\n<td valign=\"top\" style=\"border-top:none;border-left:none;border-bottom:solid #D2D8E4 1.0pt;border-right:solid #D2D8E4 1.0pt;padding:4.5pt 4.5pt 4.5pt 4.5pt;height:5.65pt\">\n<p class=\"MsoNormal\" style=\"margin-bottom:0cm;margin-bottom:.0001pt;line-height:  normal\"><span style=\"font-size:8.5pt;,serif;color:#002664\">30,00<\/span><\/p>\n<\/td>\n<td valign=\"top\" style=\"border:none;border-bottom:solid #D2D8E4 1.0pt;padding:4.5pt 4.5pt 4.5pt 4.5pt;height:5.65pt\">\n<p class=\"MsoNormal\" style=\"margin-bottom:0cm;margin-bottom:.0001pt;line-height:  normal\"><span style=\"font-size:8.5pt;,serif;color:#002664\">g\/kg<\/span><\/p>\n<\/td>\n<\/tr>\n<tr style=\"height:5.65pt\">\n<td valign=\"top\" style=\"border-top:none;border-left:none;border-bottom:solid #D2D8E4 1.0pt;border-right:solid #D2D8E4 1.0pt;padding:4.5pt 4.5pt 4.5pt 4.5pt;height:5.65pt\">\n<p class=\"MsoNormal\" style=\"margin-bottom:0cm;margin-bottom:.0001pt;line-height:  normal\"><span style=\"font-size:8.5pt;,serif;color:#002664\">Cloro (m\u00edn)<\/span><\/p>\n<\/td>\n<td valign=\"top\" style=\"border-top:none;border-left:none;border-bottom:solid #D2D8E4 1.0pt;border-right:solid #D2D8E4 1.0pt;padding:4.5pt 4.5pt 4.5pt 4.5pt;height:5.65pt\">\n<p class=\"MsoNormal\" style=\"margin-bottom:0cm;margin-bottom:.0001pt;line-height:  normal\"><span style=\"font-size:8.5pt;,serif;color:#002664\">71,00<\/span><\/p>\n<\/td>\n<td valign=\"top\" style=\"border:none;border-bottom:solid #D2D8E4 1.0pt;padding:4.5pt 4.5pt 4.5pt 4.5pt;height:5.65pt\">\n<p class=\"MsoNormal\" style=\"margin-bottom:0cm;margin-bottom:.0001pt;line-height:  normal\"><span style=\"font-size:8.5pt;,serif;color:#002664\">g\/kg<\/span><\/p>\n<\/td>\n<\/tr>\n<tr style=\"height:5.65pt\">\n<td valign=\"top\" style=\"border-top:none;border-left:none;border-bottom:solid #D2D8E4 1.0pt;border-right:solid #D2D8E4 1.0pt;padding:4.5pt 4.5pt 4.5pt 4.5pt;height:5.65pt\">\n<p class=\"MsoNormal\" style=\"margin-bottom:0cm;margin-bottom:.0001pt;line-height:  normal\"><span style=\"font-size:8.5pt;,serif;color:#002664\">Enxofre (m\u00edn)<\/span><\/p>\n<\/td>\n<td valign=\"top\" style=\"border-top:none;border-left:none;border-bottom:solid #D2D8E4 1.0pt;border-right:solid #D2D8E4 1.0pt;padding:4.5pt 4.5pt 4.5pt 4.5pt;height:5.65pt\">\n<p class=\"MsoNormal\" style=\"margin-bottom:0cm;margin-bottom:.0001pt;line-height:  normal\"><span style=\"font-size:8.5pt;,serif;color:#002664\">2.500,00<\/span><\/p>\n<\/td>\n<td valign=\"top\" style=\"border:none;border-bottom:solid #D2D8E4 1.0pt;padding:4.5pt 4.5pt 4.5pt 4.5pt;height:5.65pt\">\n<p class=\"MsoNormal\" style=\"margin-bottom:0cm;margin-bottom:.0001pt;line-height:  normal\"><span style=\"font-size:8.5pt;,serif;color:#002664\">mg\/kg<\/span><\/p>\n<\/td>\n<\/tr>\n<tr style=\"height:5.65pt\">\n<td valign=\"top\" style=\"border-top:none;border-left:none;border-bottom:solid #D2D8E4 1.0pt;border-right:solid #D2D8E4 1.0pt;padding:4.5pt 4.5pt 4.5pt 4.5pt;height:5.65pt\">\n<p class=\"MsoNormal\" style=\"margin-bottom:0cm;margin-bottom:.0001pt;line-height:  normal\"><span style=\"font-size:8.5pt;,serif;color:#002664\">Magn\u00e9sio (m\u00edn)<\/span><\/p>\n<\/td>\n<td valign=\"top\" style=\"border-top:none;border-left:none;border-bottom:solid #D2D8E4 1.0pt;border-right:solid #D2D8E4 1.0pt;padding:4.5pt 4.5pt 4.5pt 4.5pt;height:5.65pt\">\n<p class=\"MsoNormal\" style=\"margin-bottom:0cm;margin-bottom:.0001pt;line-height:  normal\"><span style=\"font-size:8.5pt;,serif;color:#002664\">19,10<\/span><\/p>\n<\/td>\n<td valign=\"top\" style=\"border:none;border-bottom:solid #D2D8E4 1.0pt;padding:4.5pt 4.5pt 4.5pt 4.5pt;height:5.65pt\">\n<p class=\"MsoNormal\" style=\"margin-bottom:0cm;margin-bottom:.0001pt;line-height:  normal\"><span style=\"font-size:8.5pt;,serif;color:#002664\">g\/kg<\/span><\/p>\n<\/td>\n<\/tr>\n<tr style=\"height:5.65pt\">\n<td valign=\"top\" style=\"border-top:none;border-left:none;border-bottom:solid #D2D8E4 1.0pt;border-right:solid #D2D8E4 1.0pt;padding:4.5pt 4.5pt 4.5pt 4.5pt;height:5.65pt\">\n<p class=\"MsoNormal\" style=\"margin-bottom:0cm;margin-bottom:.0001pt;line-height:  normal\"><span style=\"font-size:8.5pt;,serif;color:#002664\">S\u00f3dio (m\u00edn)<\/span><\/p>\n<\/td>\n<td valign=\"top\" style=\"border-top:none;border-left:none;border-bottom:solid #D2D8E4 1.0pt;border-right:solid #D2D8E4 1.0pt;padding:4.5pt 4.5pt 4.5pt 4.5pt;height:5.65pt\">\n<p class=\"MsoNormal\" style=\"margin-bottom:0cm;margin-bottom:.0001pt;line-height:  normal\"><span style=\"font-size:8.5pt;,serif;color:#002664\">46,00<\/span><\/p>\n<\/td>\n<td valign=\"top\" style=\"border:none;border-bottom:solid #D2D8E4 1.0pt;padding:4.5pt 4.5pt 4.5pt 4.5pt;height:5.65pt\">\n<p class=\"MsoNormal\" style=\"margin-bottom:0cm;margin-bottom:.0001pt;line-height:  normal\"><span style=\"font-size:8.5pt;,serif;color:#002664\">g\/kg<\/span><\/p>\n<\/td>\n<\/tr>\n<tr style=\"height:5.65pt\">\n<td valign=\"top\" style=\"border-top:none;border-left:none;border-bottom:solid #D2D8E4 1.0pt;border-right:solid #D2D8E4 1.0pt;padding:4.5pt 4.5pt 4.5pt 4.5pt;height:5.65pt\">\n<p class=\"MsoNormal\" style=\"margin-bottom:0cm;margin-bottom:.0001pt;line-height:  normal\"><span style=\"font-size:8.5pt;,serif;color:#002664\">Cobalto (m\u00edn)<\/span><\/p>\n<\/td>\n<td valign=\"top\" style=\"border-top:none;border-left:none;border-bottom:solid #D2D8E4 1.0pt;border-right:solid #D2D8E4 1.0pt;padding:4.5pt 4.5pt 4.5pt 4.5pt;height:5.65pt\">\n<p class=\"MsoNormal\" style=\"margin-bottom:0cm;margin-bottom:.0001pt;line-height:  normal\"><span style=\"font-size:8.5pt;,serif;color:#002664\">5,00<\/span><\/p>\n<\/td>\n<td valign=\"top\" style=\"border:none;border-bottom:solid #D2D8E4 1.0pt;padding:4.5pt 4.5pt 4.5pt 4.5pt;height:5.65pt\">\n<p class=\"MsoNormal\" style=\"margin-bottom:0cm;margin-bottom:.0001pt;line-height:  normal\"><span style=\"font-size:8.5pt;,serif;color:#002664\">mg\/kg<\/span><\/p>\n<\/td>\n<\/tr>\n<tr style=\"height:5.65pt\">\n<td valign=\"top\" style=\"border-top:none;border-left:none;border-bottom:solid #D2D8E4 1.0pt;border-right:solid #D2D8E4 1.0pt;padding:4.5pt 4.5pt 4.5pt 4.5pt;height:5.65pt\">\n<p class=\"MsoNormal\" style=\"margin-bottom:0cm;margin-bottom:.0001pt;line-height:  normal\"><span style=\"font-size:8.5pt;,serif;color:#002664\">Cobre (m\u00edn)<\/span><\/p>\n<\/td>\n<td valign=\"top\" style=\"border-top:none;border-left:none;border-bottom:solid #D2D8E4 1.0pt;border-right:solid #D2D8E4 1.0pt;padding:4.5pt 4.5pt 4.5pt 4.5pt;height:5.65pt\">\n<p class=\"MsoNormal\" style=\"margin-bottom:0cm;margin-bottom:.0001pt;line-height:  normal\"><span style=\"font-size:8.5pt;,serif;color:#002664\">500,00<\/span><\/p>\n<\/td>\n<td valign=\"top\" style=\"border:none;border-bottom:solid #D2D8E4 1.0pt;padding:4.5pt 4.5pt 4.5pt 4.5pt;height:5.65pt\">\n<p class=\"MsoNormal\" style=\"margin-bottom:0cm;margin-bottom:.0001pt;line-height:  normal\"><span style=\"font-size:8.5pt;,serif;color:#002664\">mg\/kg<\/span><\/p>\n<\/td>\n<\/tr>\n<tr style=\"height:5.65pt\">\n<td valign=\"top\" style=\"border-top:none;border-left:none;border-bottom:solid #D2D8E4 1.0pt;border-right:solid #D2D8E4 1.0pt;padding:4.5pt 4.5pt 4.5pt 4.5pt;height:5.65pt\">\n<p class=\"MsoNormal\" style=\"margin-bottom:0cm;margin-bottom:.0001pt;line-height:  normal\"><span style=\"font-size:8.5pt;,serif;color:#002664\">Cromo (m\u00edn)<\/span><\/p>\n<\/td>\n<td valign=\"top\" style=\"border-top:none;border-left:none;border-bottom:solid #D2D8E4 1.0pt;border-right:solid #D2D8E4 1.0pt;padding:4.5pt 4.5pt 4.5pt 4.5pt;height:5.65pt\">\n<p class=\"MsoNormal\" style=\"margin-bottom:0cm;margin-bottom:.0001pt;line-height:  normal\"><span style=\"font-size:8.5pt;,serif;color:#002664\">12,00<\/span><\/p>\n<\/td>\n<td valign=\"top\" style=\"border:none;border-bottom:solid #D2D8E4 1.0pt;padding:4.5pt 4.5pt 4.5pt 4.5pt;height:5.65pt\">\n<p class=\"MsoNormal\" style=\"margin-bottom:0cm;margin-bottom:.0001pt;line-height:  normal\"><span style=\"font-size:8.5pt;,serif;color:#002664\">mg\/kg<\/span><\/p>\n<\/td>\n<\/tr>\n<tr style=\"height:5.65pt\">\n<td valign=\"top\" style=\"border-top:none;border-left:none;border-bottom:solid #D2D8E4 1.0pt;border-right:solid #D2D8E4 1.0pt;padding:4.5pt 4.5pt 4.5pt 4.5pt;height:5.65pt\">\n<p class=\"MsoNormal\" style=\"margin-bottom:0cm;margin-bottom:.0001pt;line-height:  normal\"><span style=\"font-size:8.5pt;,serif;color:#002664\">Ferro (m\u00edn)<\/span><\/p>\n<\/td>\n<td valign=\"top\" style=\"border-top:none;border-left:none;border-bottom:solid #D2D8E4 1.0pt;border-right:solid #D2D8E4 1.0pt;padding:4.5pt 4.5pt 4.5pt 4.5pt;height:5.65pt\">\n<p class=\"MsoNormal\" style=\"margin-bottom:0cm;margin-bottom:.0001pt;line-height:  normal\"><span style=\"font-size:8.5pt;,serif;color:#002664\">582,00<\/span><\/p>\n<\/td>\n<td valign=\"top\" style=\"border:none;border-bottom:solid #D2D8E4 1.0pt;padding:4.5pt 4.5pt 4.5pt 4.5pt;height:5.65pt\">\n<p class=\"MsoNormal\" style=\"margin-bottom:0cm;margin-bottom:.0001pt;line-height:  normal\"><span style=\"font-size:8.5pt;,serif;color:#002664\">mg\/kg<\/span><\/p>\n<\/td>\n<\/tr>\n<tr style=\"height:5.65pt\">\n<td valign=\"top\" style=\"border-top:none;border-left:none;border-bottom:solid #D2D8E4 1.0pt;border-right:solid #D2D8E4 1.0pt;padding:4.5pt 4.5pt 4.5pt 4.5pt;height:5.65pt\">\n<p class=\"MsoNormal\" style=\"margin-bottom:0cm;margin-bottom:.0001pt;line-height:  normal\"><span style=\"font-size:8.5pt;,serif;color:#002664\">Iodo (m\u00edn)<\/span><\/p>\n<\/td>\n<td valign=\"top\" style=\"border-top:none;border-left:none;border-bottom:solid #D2D8E4 1.0pt;border-right:solid #D2D8E4 1.0pt;padding:4.5pt 4.5pt 4.5pt 4.5pt;height:5.65pt\">\n<p class=\"MsoNormal\" style=\"margin-bottom:0cm;margin-bottom:.0001pt;line-height:  normal\"><span style=\"font-size:8.5pt;,serif;color:#002664\">32,00<\/span><\/p>\n<\/td>\n<td valign=\"top\" style=\"border:none;border-bottom:solid #D2D8E4 1.0pt;padding:4.5pt 4.5pt 4.5pt 4.5pt;height:5.65pt\">\n<p class=\"MsoNormal\" style=\"margin-bottom:0cm;margin-bottom:.0001pt;line-height:  normal\"><span style=\"font-size:8.5pt;,serif;color:#002664\">mg\/kg<\/span><\/p>\n<\/td>\n<\/tr>\n<tr style=\"height:5.65pt\">\n<td valign=\"top\" style=\"border-top:none;border-left:none;border-bottom:solid #D2D8E4 1.0pt;border-right:solid #D2D8E4 1.0pt;padding:4.5pt 4.5pt 4.5pt 4.5pt;height:5.65pt\">\n<p class=\"MsoNormal\" style=\"margin-bottom:0cm;margin-bottom:.0001pt;line-height:  normal\"><span style=\"font-size:8.5pt;,serif;color:#002664\">Mangan\u00eas (m\u00edn)<\/span><\/p>\n<\/td>\n<td valign=\"top\" style=\"border-top:none;border-left:none;border-bottom:solid #D2D8E4 1.0pt;border-right:solid #D2D8E4 1.0pt;padding:4.5pt 4.5pt 4.5pt 4.5pt;height:5.65pt\">\n<p class=\"MsoNormal\" style=\"margin-bottom:0cm;margin-bottom:.0001pt;line-height:  normal\"><span style=\"font-size:8.5pt;,serif;color:#002664\">570,00<\/span><\/p>\n<\/td>\n<td valign=\"top\" style=\"border:none;border-bottom:solid #D2D8E4 1.0pt;padding:4.5pt 4.5pt 4.5pt 4.5pt;height:5.65pt\">\n<p class=\"MsoNormal\" style=\"margin-bottom:0cm;margin-bottom:.0001pt;line-height:  normal\"><span style=\"font-size:8.5pt;,serif;color:#002664\">mg\/kg<\/span><\/p>\n<\/td>\n<\/tr>\n<tr style=\"height:5.65pt\">\n<td valign=\"top\" style=\"border-top:none;border-left:none;border-bottom:solid #D2D8E4 1.0pt;border-right:solid #D2D8E4 1.0pt;padding:4.5pt 4.5pt 4.5pt 4.5pt;height:5.65pt\">\n<p class=\"MsoNormal\" style=\"margin-bottom:0cm;margin-bottom:.0001pt;line-height:  normal\"><span style=\"font-size:8.5pt;,serif;color:#002664\">Sel\u00eanio (m\u00edn)<\/span><\/p>\n<\/td>\n<td valign=\"top\" style=\"border-top:none;border-left:none;border-bottom:solid #D2D8E4 1.0pt;border-right:solid #D2D8E4 1.0pt;padding:4.5pt 4.5pt 4.5pt 4.5pt;height:5.65pt\">\n<p class=\"MsoNormal\" style=\"margin-bottom:0cm;margin-bottom:.0001pt;line-height:  normal\"><span style=\"font-size:8.5pt;,serif;color:#002664\">4,00<\/span><\/p>\n<\/td>\n<td valign=\"top\" style=\"border:none;border-bottom:solid #D2D8E4 1.0pt;padding:4.5pt 4.5pt 4.5pt 4.5pt;height:5.65pt\">\n<p class=\"MsoNormal\" style=\"margin-bottom:0cm;margin-bottom:.0001pt;line-height:  normal\"><span style=\"font-size:8.5pt;,serif;color:#002664\">mg\/kg<\/span><\/p>\n<\/td>\n<\/tr>\n<tr style=\"height:5.65pt\">\n<td valign=\"top\" style=\"border-top:none;border-left:none;border-bottom:solid #D2D8E4 1.0pt;border-right:solid #D2D8E4 1.0pt;padding:4.5pt 4.5pt 4.5pt 4.5pt;height:5.65pt\">\n<p class=\"MsoNormal\" style=\"margin-bottom:0cm;margin-bottom:.0001pt;line-height:  normal\"><span style=\"font-size:8.5pt;,serif;color:#002664\">Zinco (m\u00edn)<\/span><\/p>\n<\/td>\n<td valign=\"top\" style=\"border-top:none;border-left:none;border-bottom:solid #D2D8E4 1.0pt;border-right:solid #D2D8E4 1.0pt;padding:4.5pt 4.5pt 4.5pt 4.5pt;height:5.65pt\">\n<p class=\"MsoNormal\" style=\"margin-bottom:0cm;margin-bottom:.0001pt;line-height:  normal\"><span style=\"font-size:8.5pt;,serif;color:#002664\">1.500,00<\/span><\/p>\n<\/td>\n<td valign=\"top\" style=\"border:none;border-bottom:solid #D2D8E4 1.0pt;padding:4.5pt 4.5pt 4.5pt 4.5pt;height:5.65pt\">\n<p class=\"MsoNormal\" style=\"margin-bottom:0cm;margin-bottom:.0001pt;line-height:  normal\"><span style=\"font-size:8.5pt;,serif;color:#002664\">mg\/kg<\/span><\/p>\n<\/td>\n<\/tr>\n<tr style=\"height:5.65pt\">\n<td valign=\"top\" style=\"border:none;border-right:solid #D2D8E4 1.0pt;padding:4.5pt 4.5pt 4.5pt 4.5pt;height:5.65pt\">\n<p class=\"MsoNormal\" style=\"margin-bottom:0cm;margin-bottom:.0001pt;line-height:  normal\"><span style=\"font-size:8.5pt;,serif;color:#002664\">Fl\u00faor (m\u00e1x)<\/span><\/p>\n<\/td>\n<td valign=\"top\" style=\"border:none;border-right:solid #D2D8E4 1.0pt;padding:4.5pt 4.5pt 4.5pt 4.5pt;height:5.65pt\">\n<p class=\"MsoNormal\" style=\"margin-bottom:0cm;margin-bottom:.0001pt;line-height:  normal\"><span style=\"font-size:8.5pt;,serif;color:#002664\">300,00<\/span><\/p>\n<\/td>\n<td valign=\"top\" style=\"border:none;padding:4.5pt 4.5pt 4.5pt 4.5pt;height:5.65pt\">\n<p class=\"MsoNormal\" style=\"margin-bottom:0cm;margin-bottom:.0001pt;line-height:  normal\"><span style=\"font-size:8.5pt;,serif;color:#002664\">mg\/kg<\/span><\/p>\n<\/td>\n<\/tr>\n<\/tbody>\n<\/table>\n<p class=\"MsoNormal\" style=\"margin-bottom:0cm;margin-bottom:.0001pt;line-height:12.75pt;vertical-align:baseline\"><b><span style=\"font-size:9.0pt;,serif;color:#002664;border:none windowtext 1.0pt;padding:0cm\">&nbsp;<\/span><\/b><\/p>\n<p class=\"MsoNormal\" style=\"margin-bottom:0cm;margin-bottom:.0001pt;line-height:12.75pt;vertical-align:baseline\"><b><span style=\"font-size:9.0pt;,serif;color:#002664;border:none windowtext 1.0pt;padding:0cm\">Modo de usar:<br \/>\n<\/span><\/b><span style=\"font-size:9.0pt;,serif;color:#002664\">Mistura pronta para ser usada diretamente no cocho.<br \/>\nReposi\u00e7\u00e3o di\u00e1ria.<\/span><\/p>\n<p><b><span style=\"font-size:9.0pt;,serif;color:#002664;border:none windowtext 1.0pt;padding:0cm\">Embalagem:&nbsp;<\/span><\/b><span style=\"font-size:9.0pt;,serif;color:#002664\">Sacos de 25kg.<\/span><\/p>\n","protected":false},"excerpt":{"rendered":"<p>Kromium Proteico Indica\u00e7\u00f5es: Suplemento composto por minerais em forma org\u00e2nica e prote\u00edna de origem vegetal, indicado para animais em regime de pasto<\/p>\n","protected":false},"featured_media":17151,"template":"","meta":{"_acf_changed":false},"product_brand":[],"product_cat":[189,190,173,178],"product_tag":[863,862,864,865],"class_list":{"0":"post-17150","1":"product","2":"type-product","3":"status-publish","4":"has-post-thumbnail","6":"product_cat-racoes-suplementos-alimentar-2","7":"product_cat-racoes-suplementos-alimentar","8":"product_cat-suplementos-e-vitaminas","9":"product_cat-suplementos-e-vitaminas-2","10":"product_tag-sal","11":"product_tag-sal-equino","12":"product_tag-sal-mineral","13":"product_tag-suplemento-alimentar","15":"first","16":"instock","17":"purchasable","18":"product-type-simple"},"acf":[],"_links":{"self":[{"href":"https:\/\/vetsul.com\/index.php\/wp-json\/wp\/v2\/product\/17150","targetHints":{"allow":["GET"]}}],"collection":[{"href":"https:\/\/vetsul.com\/index.php\/wp-json\/wp\/v2\/product"}],"about":[{"href":"https:\/\/vetsul.com\/index.php\/wp-json\/wp\/v2\/types\/product"}],"wp:featuredmedia":[{"embeddable":true,"href":"https:\/\/vetsul.com\/index.php\/wp-json\/wp\/v2\/media\/17151"}],"wp:attachment":[{"href":"https:\/\/vetsul.com\/index.php\/wp-json\/wp\/v2\/media?parent=17150"}],"wp:term":[{"taxonomy":"product_brand","embeddable":true,"href":"https:\/\/vetsul.com\/index.php\/wp-json\/wp\/v2\/product_brand?post=17150"},{"taxonomy":"product_cat","embeddable":true,"href":"https:\/\/vetsul.com\/index.php\/wp-json\/wp\/v2\/product_cat?post=17150"},{"taxonomy":"product_tag","embeddable":true,"href":"https:\/\/vetsul.com\/index.php\/wp-json\/wp\/v2\/product_tag?post=17150"}],"curies":[{"name":"wp","href":"https:\/\/api.w.org\/{rel}","templated":true}]}}