{"id":17148,"date":"2020-08-04T11:45:24","date_gmt":"2020-08-04T14:45:24","guid":{"rendered":"http:\/\/35.194.95.18\/wp-admin\/?post_type=product&#038;p=17148"},"modified":"2025-08-01T08:48:35","modified_gmt":"2025-08-01T11:48:35","slug":"kromium-tortuga-25kg","status":"publish","type":"product","link":"https:\/\/vetsul.com\/index.php\/product\/kromium-tortuga-25kg\/","title":{"rendered":"Kromium Tortuga 25kg"},"content":{"rendered":"<div class=\"title subtitle\" style=\"border: 0px;line-height: inherit;font-family: verdana;font-size: 12px;margin: 0px;padding: 0px;vertical-align: baseline;color: #002664\">\n<h1 style=\"border: 0px;font-style: inherit;font-variant: inherit;font-weight: inherit;line-height: 34px;font-family: 'Trebuchet MS';font-size: 28px;margin-bottom: 14px;padding: 0px;vertical-align: baseline;color: #008fd5\">Kromium\u00ae<\/h1>\n<\/div>\n<div class=\"subtitle\" style=\"border: 0px;line-height: inherit;font-family: verdana;font-size: 12px;margin: 0px;padding: 0px;vertical-align: baseline;color: #002664\"><\/div>\n<div class=\"intro subtitle\" style=\"border: 0px;line-height: 20px;font-family: 'Trebuchet MS';font-size: 15px;margin: 0px 0px 17px;padding: 0px;vertical-align: baseline;color: #002664\"><\/div>\n<div class=\"par parsys\" style=\"border: 0px;line-height: inherit;font-family: verdana;font-size: 12px;margin: 0px;padding: 0px;vertical-align: baseline;color: #002664\">\n<div class=\"textimage parbase section\" style=\"border: 0px;font-style: inherit;font-variant: inherit;font-weight: inherit;line-height: inherit;font-family: inherit;margin: 0px;padding: 0px;vertical-align: baseline\">\n<div id=\"cq-textimage-jsp-\/content\/products\/tortuga\/pt_BR\/products-and-programs\/details\/kromium\/jcr:content\/par\/textimage\" class=\"image image_\" style=\"border: 0px;font-style: inherit;font-variant: inherit;font-weight: inherit;line-height: 0;font-family: inherit;margin: 0px 1em 1em 0px;padding: 0px;vertical-align: baseline;overflow: hidden;float: left\"><\/div>\n<div class=\"text\" style=\"border: 0px;font-style: inherit;font-variant: inherit;font-weight: inherit;line-height: inherit;font-family: inherit;margin: 0px;padding: 0px;vertical-align: baseline\">\n<p style=\"border: 0px;font-style: inherit;font-variant: inherit;font-weight: inherit;line-height: 17px;font-family: inherit;margin-bottom: 17px;padding: 0px;vertical-align: baseline\">Suplemento mineral de alta biodisponibilidade que atende \u00e0s exig\u00eancias em minerais dos equinos, asininos e muares, proporcionando maior vigor f\u00edsico, bom aspecto corporal e excelente fertilidade.<\/p>\n<p style=\"border: 0px;font-style: inherit;font-variant: inherit;font-weight: inherit;line-height: 17px;font-family: inherit;margin-bottom: 17px;padding: 0px;vertical-align: baseline\"><b style=\"border: 0px;font-style: inherit;font-variant: inherit;line-height: inherit;font-family: inherit;margin: 0px;padding: 0px;vertical-align: baseline\">Benef\u00edcios:<\/b><\/p>\n<ul style=\"border: 0px;font-style: inherit;font-variant: inherit;font-weight: inherit;line-height: 17px;font-family: inherit;margin-right: 0px;margin-bottom: 17px;margin-left: 0px;padding: 0px;vertical-align: baseline\">\n<li style=\"border: 0px;font-style: inherit;font-variant: inherit;font-weight: inherit;line-height: 1.6em;font-family: inherit;margin: 0px 0px 0px 16px;padding: 0px 0px 0px 3px;vertical-align: baseline\">Melhora as fun\u00e7\u00f5es f\u00edsicas e imunol\u00f3gicas.<\/li>\n<li style=\"border: 0px;font-style: inherit;font-variant: inherit;font-weight: inherit;line-height: 1.6em;font-family: inherit;margin: 0px 0px 0px 16px;padding: 0px 0px 0px 3px;vertical-align: baseline\">Proporciona recupera\u00e7\u00e3o mais r\u00e1pida dos animais ap\u00f3s esfor\u00e7os f\u00edsicos intensos.<\/li>\n<li style=\"border: 0px;font-style: inherit;font-variant: inherit;font-weight: inherit;line-height: 1.6em;font-family: inherit;margin: 0px 0px 0px 16px;padding: 0px 0px 0px 3px;vertical-align: baseline\">Redu\u00e7\u00e3o no surgimento de problemas ortop\u00e9dicos (sobre ossos em potros).<\/li>\n<li style=\"border: 0px;font-style: inherit;font-variant: inherit;font-weight: inherit;line-height: 1.6em;font-family: inherit;margin: 0px 0px 0px 16px;padding: 0px 0px 0px 3px;vertical-align: baseline\">Melhoria da fertilidade de garanh\u00f5es e \u00e9guas.<\/li>\n<li style=\"border: 0px;font-style: inherit;font-variant: inherit;font-weight: inherit;line-height: 1.6em;font-family: inherit;margin: 0px 0px 0px 16px;padding: 0px 0px 0px 3px;vertical-align: baseline\">Diminui o estresse, deixando os animais mais calmos e tolerantes.<\/li>\n<\/ul>\n<\/div>\n<div class=\"clear\" style=\"border: 0px;font-style: inherit;font-variant: inherit;font-weight: inherit;line-height: inherit;font-family: inherit;margin: 0px;padding: 0px;vertical-align: baseline\"><\/div>\n<\/div>\n<div class=\"text parbase section\" style=\"border: 0px;font-style: inherit;font-variant: inherit;font-weight: inherit;line-height: inherit;font-family: inherit;margin: 0px;padding: 0px;vertical-align: baseline\">\n<p style=\"border: 0px;font-style: inherit;font-variant: inherit;font-weight: inherit;line-height: 17px;font-family: inherit;margin-bottom: 17px;padding: 0px;vertical-align: baseline\"><b style=\"border: 0px;font-style: inherit;font-variant: inherit;line-height: inherit;font-family: inherit;margin: 0px;padding: 0px;vertical-align: baseline\">N\u00edveis de garantia (por kg do produto):<\/b><\/p>\n<\/div>\n<div class=\"table parbase section\" style=\"border: 0px;font-style: inherit;font-variant: inherit;font-weight: inherit;line-height: inherit;font-family: inherit;margin: 0px 0px 32px;padding: 0px;vertical-align: baseline;overflow: auto hidden\">\n<table style=\"border: 0px;font-style: inherit;font-variant: inherit;font-weight: inherit;line-height: inherit;font-family: inherit;margin: 0px;padding: 0px;vertical-align: baseline;overflow: hidden;width: 440px\" border=\"0\" cellspacing=\"0\" cellpadding=\"0\">\n<tbody style=\"border: 0px;font-style: inherit;font-variant: inherit;font-weight: inherit;line-height: inherit;font-family: inherit;margin: 0px;padding: 0px;vertical-align: baseline\">\n<tr style=\"border: 0px;font-style: inherit;font-variant: inherit;font-weight: inherit;line-height: inherit;font-family: inherit;margin: 0px;padding: 0px;vertical-align: baseline\">\n<td style=\"border-width: 0px 1px 1px 0px;font-style: inherit;font-variant: inherit;font-weight: inherit;line-height: 17px;font-family: inherit;font-size: 11px;margin: 0px 0px 17px;padding: 6px;vertical-align: top;border-color: initial #d2d8e4 #d2d8e4 initial;border-style: initial solid solid initial\" width=\"172\">C\u00e1lcio (m\u00edn)<\/td>\n<td style=\"border-width: 0px 1px 1px;font-style: inherit;font-variant: inherit;font-weight: inherit;line-height: 17px;font-family: inherit;font-size: 11px;margin: 0px 0px 17px;padding: 6px;vertical-align: top;border-color: initial #d2d8e4 #d2d8e4 #d2d8e4;border-style: initial solid solid solid\" width=\"81\">130,00<\/td>\n<td style=\"border-width: 0px 0px 1px 1px;font-style: inherit;font-variant: inherit;font-weight: inherit;line-height: 17px;font-family: inherit;font-size: 11px;margin: 0px 0px 17px;padding: 6px;vertical-align: top;border-color: initial initial #d2d8e4 #d2d8e4;border-style: initial initial solid solid\" width=\"55\">g\/kg<\/td>\n<\/tr>\n<tr style=\"border: 0px;font-style: inherit;font-variant: inherit;font-weight: inherit;line-height: inherit;font-family: inherit;margin: 0px;padding: 0px;vertical-align: baseline\">\n<td style=\"border-width: 1px 1px 1px 0px;font-style: inherit;font-variant: inherit;font-weight: inherit;line-height: 17px;font-family: inherit;font-size: 11px;margin: 0px 0px 17px;padding: 6px;vertical-align: top;border-color: #d2d8e4 #d2d8e4 #d2d8e4 initial;border-style: solid solid solid initial\">C\u00e1lcio (m\u00e1x)<\/td>\n<td style=\"border: 1px solid #d2d8e4;font-style: inherit;font-variant: inherit;font-weight: inherit;line-height: 17px;font-family: inherit;font-size: 11px;margin: 0px 0px 17px;padding: 6px;vertical-align: top\">146,00<\/td>\n<td style=\"border-width: 1px 0px 1px 1px;font-style: inherit;font-variant: inherit;font-weight: inherit;line-height: 17px;font-family: inherit;font-size: 11px;margin: 0px 0px 17px;padding: 6px;vertical-align: top;border-color: #d2d8e4 initial #d2d8e4 #d2d8e4;border-style: solid initial solid solid\">g\/kg<\/td>\n<\/tr>\n<tr style=\"border: 0px;font-style: inherit;font-variant: inherit;font-weight: inherit;line-height: inherit;font-family: inherit;margin: 0px;padding: 0px;vertical-align: baseline\">\n<td style=\"border-width: 1px 1px 1px 0px;font-style: inherit;font-variant: inherit;font-weight: inherit;line-height: 17px;font-family: inherit;font-size: 11px;margin: 0px 0px 17px;padding: 6px;vertical-align: top;border-color: #d2d8e4 #d2d8e4 #d2d8e4 initial;border-style: solid solid solid initial\">F\u00f3sforo (m\u00edn)<\/td>\n<td style=\"border: 1px solid #d2d8e4;font-style: inherit;font-variant: inherit;font-weight: inherit;line-height: 17px;font-family: inherit;font-size: 11px;margin: 0px 0px 17px;padding: 6px;vertical-align: top\">75,00<\/td>\n<td style=\"border-width: 1px 0px 1px 1px;font-style: inherit;font-variant: inherit;font-weight: inherit;line-height: 17px;font-family: inherit;font-size: 11px;margin: 0px 0px 17px;padding: 6px;vertical-align: top;border-color: #d2d8e4 initial #d2d8e4 #d2d8e4;border-style: solid initial solid solid\">g\/kg<\/td>\n<\/tr>\n<tr style=\"border: 0px;font-style: inherit;font-variant: inherit;font-weight: inherit;line-height: inherit;font-family: inherit;margin: 0px;padding: 0px;vertical-align: baseline\">\n<td style=\"border-width: 1px 1px 1px 0px;font-style: inherit;font-variant: inherit;font-weight: inherit;line-height: 17px;font-family: inherit;font-size: 11px;margin: 0px 0px 17px;padding: 6px;vertical-align: top;border-color: #d2d8e4 #d2d8e4 #d2d8e4 initial;border-style: solid solid solid initial\">Enxofre (m\u00edn)<\/td>\n<td style=\"border: 1px solid #d2d8e4;font-style: inherit;font-variant: inherit;font-weight: inherit;line-height: 17px;font-family: inherit;font-size: 11px;margin: 0px 0px 17px;padding: 6px;vertical-align: top\">5.000,00<\/td>\n<td style=\"border-width: 1px 0px 1px 1px;font-style: inherit;font-variant: inherit;font-weight: inherit;line-height: 17px;font-family: inherit;font-size: 11px;margin: 0px 0px 17px;padding: 6px;vertical-align: top;border-color: #d2d8e4 initial #d2d8e4 #d2d8e4;border-style: solid initial solid solid\">mg\/kg<\/td>\n<\/tr>\n<tr style=\"border: 0px;font-style: inherit;font-variant: inherit;font-weight: inherit;line-height: inherit;font-family: inherit;margin: 0px;padding: 0px;vertical-align: baseline\">\n<td style=\"border-width: 1px 1px 1px 0px;font-style: inherit;font-variant: inherit;font-weight: inherit;line-height: 17px;font-family: inherit;font-size: 11px;margin: 0px 0px 17px;padding: 6px;vertical-align: top;border-color: #d2d8e4 #d2d8e4 #d2d8e4 initial;border-style: solid solid solid initial\">S\u00f3dio (m\u00edn)<\/td>\n<td style=\"border: 1px solid #d2d8e4;font-style: inherit;font-variant: inherit;font-weight: inherit;line-height: 17px;font-family: inherit;font-size: 11px;margin: 0px 0px 17px;padding: 6px;vertical-align: top\">150,00<\/td>\n<td style=\"border-width: 1px 0px 1px 1px;font-style: inherit;font-variant: inherit;font-weight: inherit;line-height: 17px;font-family: inherit;font-size: 11px;margin: 0px 0px 17px;padding: 6px;vertical-align: top;border-color: #d2d8e4 initial #d2d8e4 #d2d8e4;border-style: solid initial solid solid\">g\/kg<\/td>\n<\/tr>\n<tr style=\"border: 0px;font-style: inherit;font-variant: inherit;font-weight: inherit;line-height: inherit;font-family: inherit;margin: 0px;padding: 0px;vertical-align: baseline\">\n<td style=\"border-width: 1px 1px 1px 0px;font-style: inherit;font-variant: inherit;font-weight: inherit;line-height: 17px;font-family: inherit;font-size: 11px;margin: 0px 0px 17px;padding: 6px;vertical-align: top;border-color: #d2d8e4 #d2d8e4 #d2d8e4 initial;border-style: solid solid solid initial\">Cobalto (m\u00edn)<\/td>\n<td style=\"border: 1px solid #d2d8e4;font-style: inherit;font-variant: inherit;font-weight: inherit;line-height: 17px;font-family: inherit;font-size: 11px;margin: 0px 0px 17px;padding: 6px;vertical-align: top\">14,00<\/td>\n<td style=\"border-width: 1px 0px 1px 1px;font-style: inherit;font-variant: inherit;font-weight: inherit;line-height: 17px;font-family: inherit;font-size: 11px;margin: 0px 0px 17px;padding: 6px;vertical-align: top;border-color: #d2d8e4 initial #d2d8e4 #d2d8e4;border-style: solid initial solid solid\">mg\/kg<\/td>\n<\/tr>\n<tr style=\"border: 0px;font-style: inherit;font-variant: inherit;font-weight: inherit;line-height: inherit;font-family: inherit;margin: 0px;padding: 0px;vertical-align: baseline\">\n<td style=\"border-width: 1px 1px 1px 0px;font-style: inherit;font-variant: inherit;font-weight: inherit;line-height: 17px;font-family: inherit;font-size: 11px;margin: 0px 0px 17px;padding: 6px;vertical-align: top;border-color: #d2d8e4 #d2d8e4 #d2d8e4 initial;border-style: solid solid solid initial\">Cobre (m\u00edn)<\/td>\n<td style=\"border: 1px solid #d2d8e4;font-style: inherit;font-variant: inherit;font-weight: inherit;line-height: 17px;font-family: inherit;font-size: 11px;margin: 0px 0px 17px;padding: 6px;vertical-align: top\">1.000,00<\/td>\n<td style=\"border-width: 1px 0px 1px 1px;font-style: inherit;font-variant: inherit;font-weight: inherit;line-height: 17px;font-family: inherit;font-size: 11px;margin: 0px 0px 17px;padding: 6px;vertical-align: top;border-color: #d2d8e4 initial #d2d8e4 #d2d8e4;border-style: solid initial solid solid\">mg\/kg<\/td>\n<\/tr>\n<tr style=\"border: 0px;font-style: inherit;font-variant: inherit;font-weight: inherit;line-height: inherit;font-family: inherit;margin: 0px;padding: 0px;vertical-align: baseline\">\n<td style=\"border-width: 1px 1px 1px 0px;font-style: inherit;font-variant: inherit;font-weight: inherit;line-height: 17px;font-family: inherit;font-size: 11px;margin: 0px 0px 17px;padding: 6px;vertical-align: top;border-color: #d2d8e4 #d2d8e4 #d2d8e4 initial;border-style: solid solid solid initial\">Cromo (m\u00edn)<\/td>\n<td style=\"border: 1px solid #d2d8e4;font-style: inherit;font-variant: inherit;font-weight: inherit;line-height: 17px;font-family: inherit;font-size: 11px;margin: 0px 0px 17px;padding: 6px;vertical-align: top\">40,00<\/td>\n<td style=\"border-width: 1px 0px 1px 1px;font-style: inherit;font-variant: inherit;font-weight: inherit;line-height: 17px;font-family: inherit;font-size: 11px;margin: 0px 0px 17px;padding: 6px;vertical-align: top;border-color: #d2d8e4 initial #d2d8e4 #d2d8e4;border-style: solid initial solid solid\">mg\/kg<\/td>\n<\/tr>\n<tr style=\"border: 0px;font-style: inherit;font-variant: inherit;font-weight: inherit;line-height: inherit;font-family: inherit;margin: 0px;padding: 0px;vertical-align: baseline\">\n<td style=\"border-width: 1px 1px 1px 0px;font-style: inherit;font-variant: inherit;font-weight: inherit;line-height: 17px;font-family: inherit;font-size: 11px;margin: 0px 0px 17px;padding: 6px;vertical-align: top;border-color: #d2d8e4 #d2d8e4 #d2d8e4 initial;border-style: solid solid solid initial\">Ferro (m\u00edn)<\/td>\n<td style=\"border: 1px solid #d2d8e4;font-style: inherit;font-variant: inherit;font-weight: inherit;line-height: 17px;font-family: inherit;font-size: 11px;margin: 0px 0px 17px;padding: 6px;vertical-align: top\">2.500,00<\/td>\n<td style=\"border-width: 1px 0px 1px 1px;font-style: inherit;font-variant: inherit;font-weight: inherit;line-height: 17px;font-family: inherit;font-size: 11px;margin: 0px 0px 17px;padding: 6px;vertical-align: top;border-color: #d2d8e4 initial #d2d8e4 #d2d8e4;border-style: solid initial solid solid\">mg\/kg<\/td>\n<\/tr>\n<tr style=\"border: 0px;font-style: inherit;font-variant: inherit;font-weight: inherit;line-height: inherit;font-family: inherit;margin: 0px;padding: 0px;vertical-align: baseline\">\n<td style=\"border-width: 1px 1px 1px 0px;font-style: inherit;font-variant: inherit;font-weight: inherit;line-height: 17px;font-family: inherit;font-size: 11px;margin: 0px 0px 17px;padding: 6px;vertical-align: top;border-color: #d2d8e4 #d2d8e4 #d2d8e4 initial;border-style: solid solid solid initial\">Iodo (m\u00edn)<\/td>\n<td style=\"border: 1px solid #d2d8e4;font-style: inherit;font-variant: inherit;font-weight: inherit;line-height: 17px;font-family: inherit;font-size: 11px;margin: 0px 0px 17px;padding: 6px;vertical-align: top\">90,00<\/td>\n<td style=\"border-width: 1px 0px 1px 1px;font-style: inherit;font-variant: inherit;font-weight: inherit;line-height: 17px;font-family: inherit;font-size: 11px;margin: 0px 0px 17px;padding: 6px;vertical-align: top;border-color: #d2d8e4 initial #d2d8e4 #d2d8e4;border-style: solid initial solid solid\">mg\/kg<\/td>\n<\/tr>\n<tr style=\"border: 0px;font-style: inherit;font-variant: inherit;font-weight: inherit;line-height: inherit;font-family: inherit;margin: 0px;padding: 0px;vertical-align: baseline\">\n<td style=\"border-width: 1px 1px 1px 0px;font-style: inherit;font-variant: inherit;font-weight: inherit;line-height: 17px;font-family: inherit;font-size: 11px;margin: 0px 0px 17px;padding: 6px;vertical-align: top;border-color: #d2d8e4 #d2d8e4 #d2d8e4 initial;border-style: solid solid solid initial\">Mangan\u00eas (m\u00edn)<\/td>\n<td style=\"border: 1px solid #d2d8e4;font-style: inherit;font-variant: inherit;font-weight: inherit;line-height: 17px;font-family: inherit;font-size: 11px;margin: 0px 0px 17px;padding: 6px;vertical-align: top\">2.000,00<\/td>\n<td style=\"border-width: 1px 0px 1px 1px;font-style: inherit;font-variant: inherit;font-weight: inherit;line-height: 17px;font-family: inherit;font-size: 11px;margin: 0px 0px 17px;padding: 6px;vertical-align: top;border-color: #d2d8e4 initial #d2d8e4 #d2d8e4;border-style: solid initial solid solid\">mg\/kg<\/td>\n<\/tr>\n<tr style=\"border: 0px;font-style: inherit;font-variant: inherit;font-weight: inherit;line-height: inherit;font-family: inherit;margin: 0px;padding: 0px;vertical-align: baseline\">\n<td style=\"border-width: 1px 1px 1px 0px;font-style: inherit;font-variant: inherit;font-weight: inherit;line-height: 17px;font-family: inherit;font-size: 11px;margin: 0px 0px 17px;padding: 6px;vertical-align: top;border-color: #d2d8e4 #d2d8e4 #d2d8e4 initial;border-style: solid solid solid initial\">Sel\u00eanio (m\u00edn)<\/td>\n<td style=\"border: 1px solid #d2d8e4;font-style: inherit;font-variant: inherit;font-weight: inherit;line-height: 17px;font-family: inherit;font-size: 11px;margin: 0px 0px 17px;padding: 6px;vertical-align: top\">11,00<\/td>\n<td style=\"border-width: 1px 0px 1px 1px;font-style: inherit;font-variant: inherit;font-weight: inherit;line-height: 17px;font-family: inherit;font-size: 11px;margin: 0px 0px 17px;padding: 6px;vertical-align: top;border-color: #d2d8e4 initial #d2d8e4 #d2d8e4;border-style: solid initial solid solid\">mg\/kg<\/td>\n<\/tr>\n<tr style=\"border: 0px;font-style: inherit;font-variant: inherit;font-weight: inherit;line-height: inherit;font-family: inherit;margin: 0px;padding: 0px;vertical-align: baseline\">\n<td style=\"border-width: 1px 1px 1px 0px;font-style: inherit;font-variant: inherit;font-weight: inherit;line-height: 17px;font-family: inherit;font-size: 11px;margin: 0px 0px 17px;padding: 6px;vertical-align: top;border-color: #d2d8e4 #d2d8e4 #d2d8e4 initial;border-style: solid solid solid initial\">Zinco (m\u00edn)<\/td>\n<td style=\"border: 1px solid #d2d8e4;font-style: inherit;font-variant: inherit;font-weight: inherit;line-height: 17px;font-family: inherit;font-size: 11px;margin: 0px 0px 17px;padding: 6px;vertical-align: top\">3.700,00<\/td>\n<td style=\"border-width: 1px 0px 1px 1px;font-style: inherit;font-variant: inherit;font-weight: inherit;line-height: 17px;font-family: inherit;font-size: 11px;margin: 0px 0px 17px;padding: 6px;vertical-align: top;border-color: #d2d8e4 initial #d2d8e4 #d2d8e4;border-style: solid initial solid solid\">mg\/kg<\/td>\n<\/tr>\n<tr style=\"border: 0px;font-style: inherit;font-variant: inherit;font-weight: inherit;line-height: inherit;font-family: inherit;margin: 0px;padding: 0px;vertical-align: baseline\">\n<td style=\"border-width: 1px 1px 0px 0px;font-style: inherit;font-variant: inherit;font-weight: inherit;line-height: 17px;font-family: inherit;font-size: 11px;margin: 0px 0px 17px;padding: 6px;vertical-align: top;border-color: #d2d8e4 #d2d8e4 initial initial;border-style: solid solid initial initial\">Fl\u00faor (m\u00e1x)<\/td>\n<td style=\"border-width: 1px 1px 0px;font-style: inherit;font-variant: inherit;font-weight: inherit;line-height: 17px;font-family: inherit;font-size: 11px;margin: 0px 0px 17px;padding: 6px;vertical-align: top;border-color: #d2d8e4 #d2d8e4 initial #d2d8e4;border-style: solid solid initial solid\">750,00<\/td>\n<td style=\"border-width: 1px 0px 0px 1px;font-style: inherit;font-variant: inherit;font-weight: inherit;line-height: 17px;font-family: inherit;font-size: 11px;margin: 0px 0px 17px;padding: 6px;vertical-align: top;border-color: #d2d8e4 initial initial #d2d8e4;border-style: solid initial initial solid\">mg\/kg<\/td>\n<\/tr>\n<\/tbody>\n<\/table>\n<\/div>\n<div class=\"text parbase section\" style=\"border: 0px;font-style: inherit;font-variant: inherit;font-weight: inherit;line-height: inherit;font-family: inherit;margin: 0px;padding: 0px;vertical-align: baseline\">\n<p style=\"border: 0px;font-style: inherit;font-variant: inherit;font-weight: inherit;line-height: 17px;font-family: inherit;margin-bottom: 17px;padding: 0px;vertical-align: baseline\"><b style=\"border: 0px;font-style: inherit;font-variant: inherit;line-height: inherit;font-family: inherit;margin: 0px;padding: 0px;vertical-align: baseline\">Modo de Usar:<br \/>\n<\/b>Produto pronto para uso, deve ser fornecido \u00e0 vontade em cochos pr\u00f3prios, de prefer\u00eancia cobertos. Pode tamb\u00e9m ser adicionado na formula\u00e7\u00e3o das ra\u00e7\u00f5es, com inclus\u00e3o de 2{bad89740ab836af8afd78adf22d5854117f226b234e4f8ee83a0ac8d28f68ffc} a 3{bad89740ab836af8afd78adf22d5854117f226b234e4f8ee83a0ac8d28f68ffc}.<\/p>\n<p style=\"border: 0px;font-style: inherit;font-variant: inherit;font-weight: inherit;line-height: 17px;font-family: inherit;margin-bottom: 17px;padding: 0px;vertical-align: baseline\"><b style=\"border: 0px;font-style: inherit;font-variant: inherit;line-height: inherit;font-family: inherit;margin: 0px;padding: 0px;vertical-align: baseline\">Embalagem:\u00a0<\/b>Sacos de 25 kg<\/p>\n<\/div>\n<\/div>\n","protected":false},"excerpt":{"rendered":"<p>Kromium\u00ae Suplemento mineral de alta biodisponibilidade que atende \u00e0s exig\u00eancias em minerais dos equinos, asininos e muares, proporcionando maior vigor f\u00edsico, bom<\/p>\n","protected":false},"featured_media":17149,"template":"","meta":{"_acf_changed":false},"product_brand":[],"product_cat":[189,190,173,178],"product_tag":[863,862,864,865],"class_list":{"0":"post-17148","1":"product","2":"type-product","3":"status-publish","4":"has-post-thumbnail","6":"product_cat-racoes-suplementos-alimentar-2","7":"product_cat-racoes-suplementos-alimentar","8":"product_cat-suplementos-e-vitaminas","9":"product_cat-suplementos-e-vitaminas-2","10":"product_tag-sal","11":"product_tag-sal-equino","12":"product_tag-sal-mineral","13":"product_tag-suplemento-alimentar","15":"first","16":"outofstock","17":"purchasable","18":"product-type-simple"},"acf":[],"_links":{"self":[{"href":"https:\/\/vetsul.com\/index.php\/wp-json\/wp\/v2\/product\/17148","targetHints":{"allow":["GET"]}}],"collection":[{"href":"https:\/\/vetsul.com\/index.php\/wp-json\/wp\/v2\/product"}],"about":[{"href":"https:\/\/vetsul.com\/index.php\/wp-json\/wp\/v2\/types\/product"}],"wp:featuredmedia":[{"embeddable":true,"href":"https:\/\/vetsul.com\/index.php\/wp-json\/wp\/v2\/media\/17149"}],"wp:attachment":[{"href":"https:\/\/vetsul.com\/index.php\/wp-json\/wp\/v2\/media?parent=17148"}],"wp:term":[{"taxonomy":"product_brand","embeddable":true,"href":"https:\/\/vetsul.com\/index.php\/wp-json\/wp\/v2\/product_brand?post=17148"},{"taxonomy":"product_cat","embeddable":true,"href":"https:\/\/vetsul.com\/index.php\/wp-json\/wp\/v2\/product_cat?post=17148"},{"taxonomy":"product_tag","embeddable":true,"href":"https:\/\/vetsul.com\/index.php\/wp-json\/wp\/v2\/product_tag?post=17148"}],"curies":[{"name":"wp","href":"https:\/\/api.w.org\/{rel}","templated":true}]}}