{"id":17136,"date":"2020-03-23T16:11:54","date_gmt":"2020-03-23T19:11:54","guid":{"rendered":"http:\/\/35.194.95.18\/wp-admin\/?post_type=product&#038;p=17136"},"modified":"2025-02-07T16:00:30","modified_gmt":"2025-02-07T19:00:30","slug":"lcool-99-01-litro-apenas-para-compra-na-loja-fisica-noo-enviamos-por-correio-ou-transportadora","status":"publish","type":"product","link":"https:\/\/vetsul.com\/index.php\/product\/lcool-99-01-litro-apenas-para-compra-na-loja-fisica-noo-enviamos-por-correio-ou-transportadora\/","title":{"rendered":"\u00c1lcool 70\u00b0 GEL 500 gr &#8212; Apenas para Compra na Loja F\u00edsica. N\u00e3o enviamos por correio ou transportadora."},"content":{"rendered":"<p>\u00c1lcool 99\u00b0 01 Litro &#8212; Apenas para Compra na Loja F\u00edsica. N\u00e3o enviamos por correio ou transportadora.<\/p>\n<div id=\"comp-kh84v7me\" class=\"_1Z_nJ\" data-testid=\"richTextElement\">\n<h2 class=\"font_2\"><span class=\"color_20\">\u00c1LCOOL GEL ZEPPELIN BACTERICIDA 70\u00b0 INPM<\/span><\/h2>\n<\/div>\n<div id=\"comp-kh85892v\" class=\"_1Z_nJ\" data-testid=\"richTextElement\">\n<h6 class=\"font_6\"><span class=\"color_15\">O \u00c1lcool Gel Zeppelin 70\u00ba INPM \u00e9 PROTE\u00c7\u00c3O TOTAL.<br \/>\nElimina at\u00e9 99,9% de bact\u00e9rias, como CORONAV\u00cdRUS, Pseudomonas Aeruginosa, Salmonela Choleraeusuis, Staphylococcus Aureus e Esscherichia Coli.<\/span><\/h6>\n<\/div>\n<div id=\"comp-kh84v7mi\" class=\"_1Z_nJ\" data-testid=\"richTextElement\">\n<h4 class=\"font_4\">\u200b<span class=\"color_15\">Facilidade de aplica\u00e7\u00e3o e muita seguran\u00e7a em seu uso, por conter Gel em sua formula\u00e7\u00e3o<\/span><\/h4>\n<ul class=\"font_4 color_15\">\n<li>\n<h4 class=\"font_4\"><span class=\"color_15\">Para uso:\u00a0geral &#8211; residencial\/profissional<\/span><\/h4>\n<\/li>\n<li>\n<h4 class=\"font_4\"><span class=\"color_15\">Embalagens dispon\u00edveis:\u00a0440g, 500Kg e 5Kg<\/span><\/h4>\n<\/li>\n<li>\n<h4 class=\"font_4\"><span class=\"color_15\">Rendimento Superior:<\/span><\/h4>\n<ul>\n<li>\n<h4 class=\"font_4\"><span class=\"color_15\">\u200bSua aplica\u00e7\u00e3o, por ter o Gel em sua formula\u00e7\u00e3o, resulta em uma limpeza e higieniza\u00e7\u00e3o r\u00e1pidas, de forma muito eficiente e com grande economia, gra\u00e7as ao bico dosador da sua embalagem.<\/span><\/h4>\n<\/li>\n<\/ul>\n<\/li>\n<li>\n<h4 class=\"font_4\"><span class=\"color_15\">Qualidade Superior:\u00a0\u00c1lcool com\u00a0Dupla Filtragem.<\/span><\/h4>\n<\/li>\n<li>\n<h4 class=\"font_4\"><span class=\"color_15\">Usos e Aplica\u00e7\u00f5es Recomendados:<\/span><\/h4>\n<\/li>\n<li>\n<h4 class=\"font_4\"><span class=\"color_15\">Ambiente residenciais:\u00a0salas, cozinhas, banheiros, dormit\u00f3rios, lavanderias, \u00e1reas de lazer e gourmet, assim como em condom\u00ednios e clubes.<\/span><\/h4>\n<\/li>\n<li>\n<h4 class=\"font_4\"><span class=\"color_15\">Ambientes profissionais:<\/span><\/h4>\n<ul>\n<li>\n<h4 class=\"font_4\"><span class=\"color_15\">\u200blojas, escrit\u00f3rios, hospitais, cl\u00ednicas, laborat\u00f3rios, consult\u00f3rios, ind\u00fastrias, restaurantes e lancherias, bancos, condom\u00ednios, centros comerciais e locais<br \/>\np\u00fablicos, como escolas, aeroportos, museus, reparti\u00e7\u00f5es governamentais e de outras institui\u00e7\u00f5es.<\/span><\/h4>\n<\/li>\n<\/ul>\n<\/li>\n<li>\n<h4 class=\"font_4\"><span class=\"color_15\">Modo de usar:<\/span><\/h4>\n<ul>\n<li>\n<h4 class=\"font_4\"><span class=\"color_15\">\u200baplique o produto puro para desinfec\u00e7\u00e3o de superf\u00edcies fixas, com o aux\u00edlio de um pano ou flanela. Espalhe o \u00c1lcool Gel Zeppelin Bactericida 70\u00ba INPM e deixe agir por no m\u00ednimo 10 minutos.<\/span><\/h4>\n<\/li>\n<\/ul>\n<\/li>\n<li>\n<h4 class=\"font_4\"><span class=\"color_15\">Onde n\u00e3o deve ser utilizado:<\/span><\/h4>\n<ul>\n<li>\n<h4 class=\"font_4\"><span class=\"color_15\">\u200bem superf\u00edcies sens\u00edveis ao \u00e1lcool, como superf\u00edcies enceradas, laqueadas, pintadas e envernizadas. Tamb\u00e9m n\u00e3o utilizar para desinfec\u00e7\u00e3o de alimentos.<\/span><\/h4>\n<\/li>\n<\/ul>\n<\/li>\n<li>\n<h4 class=\"font_4\"><span class=\"color_15\">Cuidados e Contraindica\u00e7\u00f5es:<\/span><\/h4>\n<ul>\n<li>\n<h4 class=\"font_4\"><span class=\"color_15\">n\u00e3o derramar sobre o fogo. Manter afastado do fogo e do calor. N\u00e3o perfurar a tampa.<\/span><\/h4>\n<\/li>\n<\/ul>\n<\/li>\n<\/ul>\n<\/div>\n","protected":false},"excerpt":{"rendered":"<div id=\"comp-kh84v7me\" class=\"_1Z_nJ\" data-testid=\"richTextElement\">\n<h2 class=\"font_2\"><span class=\"color_20\">\u00c1LCOOL GEL ZEPPELIN BACTERICIDA 70\u00b0 INPM<\/span><\/h2>\n<\/div>\n<div id=\"comp-kh85892v\" class=\"_1Z_nJ\" data-testid=\"richTextElement\">\n<h6 class=\"font_6\"><span class=\"color_15\">O \u00c1lcool Gel Zeppelin 70\u00ba INPM \u00e9 PROTE\u00c7\u00c3O TOTAL.<br \/>\nElimina at\u00e9 99,9% de bact\u00e9rias, como CORONAV\u00cdRUS, Pseudomonas Aeruginosa, Salmonela Choleraeusuis, Staphylococcus Aureus e Esscherichia Coli.<\/span><\/h6>\n<\/div>\n<div id=\"comp-kh84v7mi\" class=\"_1Z_nJ\" data-testid=\"richTextElement\">\n<h4 class=\"font_4\">\u200b<span class=\"color_15\">Facilidade de aplica\u00e7\u00e3o e muita seguran\u00e7a em seu uso, por conter Gel em sua formula\u00e7\u00e3o<\/span><\/h4>\n<ul class=\"font_4 color_15\">\n<li>\n<h4 class=\"font_4\"><span class=\"color_15\">Para uso:\u00a0geral &#8211; residencial\/profissional<\/span><\/h4>\n<\/li>\n<li>\n<h4 class=\"font_4\"><span class=\"color_15\">Embalagens dispon\u00edveis:\u00a0440g, 500Kg e 5Kg<\/span><\/h4>\n<\/li>\n<li>\n<h4 class=\"font_4\"><span class=\"color_15\">Rendimento Superior:<\/span><\/h4>\n<ul>\n<li>\n<h4 class=\"font_4\"><span class=\"color_15\">\u200bSua aplica\u00e7\u00e3o, por ter o Gel em sua formula\u00e7\u00e3o, resulta em uma limpeza e higieniza\u00e7\u00e3o r\u00e1pidas, de forma muito eficiente e com grande economia, gra\u00e7as ao bico dosador da sua embalagem.<\/span><\/h4>\n<\/li>\n<\/ul>\n<\/li>\n<li>\n<h4 class=\"font_4\"><span class=\"color_15\">Qualidade Superior:\u00a0\u00c1lcool com\u00a0Dupla Filtragem.<\/span><\/h4>\n<\/li>\n<li>\n<h4 class=\"font_4\"><span class=\"color_15\">Usos e Aplica\u00e7\u00f5es Recomendados:<\/span><\/h4>\n<\/li>\n<li>\n<h4 class=\"font_4\"><span class=\"color_15\">Ambiente residenciais:\u00a0salas, cozinhas, banheiros, dormit\u00f3rios, lavanderias, \u00e1reas de lazer e gourmet, assim como em condom\u00ednios e clubes.<\/span><\/h4>\n<\/li>\n<li>\n<h4 class=\"font_4\"><span class=\"color_15\">Ambientes profissionais:<\/span><\/h4>\n<ul>\n<li>\n<h4 class=\"font_4\"><span class=\"color_15\">\u200blojas, escrit\u00f3rios, hospitais, cl\u00ednicas, laborat\u00f3rios, consult\u00f3rios, ind\u00fastrias, restaurantes e lancherias, bancos, condom\u00ednios, centros comerciais e locais<br \/>\np\u00fablicos, como escolas, aeroportos, museus, reparti\u00e7\u00f5es governamentais e de outras institui\u00e7\u00f5es.<\/span><\/h4>\n<\/li>\n<\/ul>\n<\/li>\n<li>\n<h4 class=\"font_4\"><span class=\"color_15\">Modo de usar:<\/span><\/h4>\n<ul>\n<li>\n<h4 class=\"font_4\"><span class=\"color_15\">\u200baplique o produto puro para desinfec\u00e7\u00e3o de superf\u00edcies fixas, com o aux\u00edlio de um pano ou flanela. Espalhe o \u00c1lcool Gel Zeppelin Bactericida 70\u00ba INPM e deixe agir por no m\u00ednimo 10 minutos.<\/span><\/h4>\n<\/li>\n<\/ul>\n<\/li>\n<li>\n<h4 class=\"font_4\"><span class=\"color_15\">Onde n\u00e3o deve ser utilizado:<\/span><\/h4>\n<ul>\n<li>\n<h4 class=\"font_4\"><span class=\"color_15\">\u200bem superf\u00edcies sens\u00edveis ao \u00e1lcool, como superf\u00edcies enceradas, laqueadas, pintadas e envernizadas. Tamb\u00e9m n\u00e3o utilizar para desinfec\u00e7\u00e3o de alimentos.<\/span><\/h4>\n<\/li>\n<\/ul>\n<\/li>\n<li>\n<h4 class=\"font_4\"><span class=\"color_15\">Cuidados e Contraindica\u00e7\u00f5es:<\/span><\/h4>\n<ul>\n<li>\n<h4 class=\"font_4\"><span class=\"color_15\">n\u00e3o derramar sobre o fogo. Manter afastado do fogo e do calor. N\u00e3o perfurar a tampa.<\/span><\/h4>\n<\/li>\n<\/ul>\n<\/li>\n<\/ul>\n<\/div>\n","protected":false},"featured_media":17754,"template":"","meta":{"_acf_changed":false},"product_brand":[],"product_cat":[194],"product_tag":[860],"class_list":{"0":"post-17136","1":"product","2":"type-product","3":"status-publish","4":"has-post-thumbnail","6":"product_cat-todos-os-produtos","7":"product_tag-covid","9":"first","10":"instock","11":"purchasable","12":"product-type-simple"},"acf":[],"_links":{"self":[{"href":"https:\/\/vetsul.com\/index.php\/wp-json\/wp\/v2\/product\/17136","targetHints":{"allow":["GET"]}}],"collection":[{"href":"https:\/\/vetsul.com\/index.php\/wp-json\/wp\/v2\/product"}],"about":[{"href":"https:\/\/vetsul.com\/index.php\/wp-json\/wp\/v2\/types\/product"}],"wp:featuredmedia":[{"embeddable":true,"href":"https:\/\/vetsul.com\/index.php\/wp-json\/wp\/v2\/media\/17754"}],"wp:attachment":[{"href":"https:\/\/vetsul.com\/index.php\/wp-json\/wp\/v2\/media?parent=17136"}],"wp:term":[{"taxonomy":"product_brand","embeddable":true,"href":"https:\/\/vetsul.com\/index.php\/wp-json\/wp\/v2\/product_brand?post=17136"},{"taxonomy":"product_cat","embeddable":true,"href":"https:\/\/vetsul.com\/index.php\/wp-json\/wp\/v2\/product_cat?post=17136"},{"taxonomy":"product_tag","embeddable":true,"href":"https:\/\/vetsul.com\/index.php\/wp-json\/wp\/v2\/product_tag?post=17136"}],"curies":[{"name":"wp","href":"https:\/\/api.w.org\/{rel}","templated":true}]}}