{"id":17132,"date":"2020-03-03T15:40:34","date_gmt":"2020-03-03T18:40:34","guid":{"rendered":"http:\/\/35.194.95.18\/wp-admin\/?post_type=product&#038;p=17132"},"modified":"2025-02-07T16:00:30","modified_gmt":"2025-02-07T19:00:30","slug":"lcool-92-8-01-litro-apenas-para-compra-na-loja-fisica-noo-enviamos-por-correio-ou-transportadora","status":"publish","type":"product","link":"https:\/\/vetsul.com\/index.php\/product\/lcool-92-8-01-litro-apenas-para-compra-na-loja-fisica-noo-enviamos-por-correio-ou-transportadora\/","title":{"rendered":"\u00c1lcool 92,8\u00b0 01 Litro &#8212; Apenas para Compra na Loja F\u00edsica. N\u00e3o enviamos por correio ou transportadora."},"content":{"rendered":"<p>\u00c1lcool 92,8\u00b0 01 Litro &#8212; Apenas para Compra na Loja F\u00edsica. N\u00e3o enviamos por correio ou transportadora.&nbsp;<\/p>\n","protected":false},"excerpt":{"rendered":"<p>\u00c1lcool 92,8\u00b0 01 Litro &#8212; Apenas para Compra na Loja F\u00edsica. N\u00e3o enviamos por correio ou transportadora.&nbsp;<\/p>\n","protected":false},"featured_media":17133,"template":"","meta":{"_acf_changed":false},"product_brand":[],"product_cat":[194],"product_tag":[847],"class_list":{"0":"post-17132","1":"product","2":"type-product","3":"status-publish","4":"has-post-thumbnail","6":"product_cat-todos-os-produtos","7":"product_tag-lcool-92","9":"first","10":"instock","11":"purchasable","12":"product-type-simple"},"acf":[],"_links":{"self":[{"href":"https:\/\/vetsul.com\/index.php\/wp-json\/wp\/v2\/product\/17132","targetHints":{"allow":["GET"]}}],"collection":[{"href":"https:\/\/vetsul.com\/index.php\/wp-json\/wp\/v2\/product"}],"about":[{"href":"https:\/\/vetsul.com\/index.php\/wp-json\/wp\/v2\/types\/product"}],"wp:featuredmedia":[{"embeddable":true,"href":"https:\/\/vetsul.com\/index.php\/wp-json\/wp\/v2\/media\/17133"}],"wp:attachment":[{"href":"https:\/\/vetsul.com\/index.php\/wp-json\/wp\/v2\/media?parent=17132"}],"wp:term":[{"taxonomy":"product_brand","embeddable":true,"href":"https:\/\/vetsul.com\/index.php\/wp-json\/wp\/v2\/product_brand?post=17132"},{"taxonomy":"product_cat","embeddable":true,"href":"https:\/\/vetsul.com\/index.php\/wp-json\/wp\/v2\/product_cat?post=17132"},{"taxonomy":"product_tag","embeddable":true,"href":"https:\/\/vetsul.com\/index.php\/wp-json\/wp\/v2\/product_tag?post=17132"}],"curies":[{"name":"wp","href":"https:\/\/api.w.org\/{rel}","templated":true}]}}