{"id":17127,"date":"2019-11-05T14:21:55","date_gmt":"2019-11-05T17:21:55","guid":{"rendered":"http:\/\/35.194.95.18\/wp-admin\/?post_type=product&#038;p=17127"},"modified":"2025-02-07T16:26:26","modified_gmt":"2025-02-07T19:26:26","slug":"longamectina-premium-3-5-1-000-ml-ivermectina","status":"publish","type":"product","link":"https:\/\/vetsul.com\/index.php\/product\/longamectina-premium-3-5-1-000-ml-ivermectina\/","title":{"rendered":"Longamectina\u00ae Premium 3,5% 1.000 ml &#8211; Ivermectina"},"content":{"rendered":"<div class=\"wpb_text_column wpb_content_element \" style=\"vertical-align: baseline; font-family: &quot;Varela Round&quot;; font-size: 16px; outline: 0px; padding: 0px; margin: 0px; border: 0px;\">\n<div class=\"wpb_wrapper\" style=\"vertical-align: baseline; font-family: inherit; font-weight: inherit; font-style: inherit; outline: 0px; padding: 0px; margin: 0px; border: 0px;\">\n<h2 style=\"vertical-align: baseline; font-family: &quot;Exo 2&quot;; font-weight: 700; font-style: inherit; font-size: 42px; outline: 0px; padding: 0px; margin-right: 0px; margin-bottom: 0px; margin-left: 0px; border: 0px; line-height: 48px; color: rgb(0, 0, 0); letter-spacing: 0px; -webkit-font-smoothing: antialiased;\">Alta concentra\u00e7\u00e3o e longa a\u00e7\u00e3o.<\/h2>\n<\/div>\n<\/div>\n<div class=\"divider-wrap\" data-alignment=\"default\" style=\"vertical-align: baseline; font-family: &quot;Varela Round&quot;; font-size: 16px; outline: 0px; padding: 0px; margin: 0px; border: 0px;\">\n<div class=\"divider\" style=\"vertical-align: baseline; font-family: inherit; font-weight: inherit; font-style: inherit; outline: 0px; padding: 0px; margin: 0px; border: 0px; height: 30px;\"><\/div>\n<\/div>\n<div class=\"wpb_text_column wpb_content_element \" style=\"vertical-align: baseline; font-family: &quot;Varela Round&quot;; font-size: 16px; outline: 0px; padding: 0px; margin: 0px; border: 0px;\">\n<div class=\"wpb_wrapper\" style=\"vertical-align: baseline; font-family: inherit; font-weight: inherit; font-style: inherit; outline: 0px; padding: 0px; margin: 0px; border: 0px;\">\n<p style=\"vertical-align: baseline; font-weight: inherit; font-style: inherit; font-size: 17.5px; outline: 0px; padding: 0px; margin-bottom: 0px; border: 0px; -webkit-font-smoothing: subpixel-antialiased; letter-spacing: 1px; word-spacing: 2px; font-family: Formata-Light !important;\">Longamectina\u00ae Premium 3,5{bad89740ab836af8afd78adf22d5854117f226b234e4f8ee83a0ac8d28f68ffc} \u00e9 um endectocida altamente concentrado e de longa a\u00e7\u00e3o, que combate as verminoses e os ectoparasitas, como carrapatos e bernes. Apresenta formula\u00e7\u00e3o ajustada a 100{bad89740ab836af8afd78adf22d5854117f226b234e4f8ee83a0ac8d28f68ffc} de B1a, que \u00e9 a fra\u00e7\u00e3o da Ivermectina realmente eficaz contra os parasitas.<\/p>\n<\/div>\n<\/div>\n<div class=\"divider-wrap\" data-alignment=\"default\" style=\"vertical-align: baseline; font-family: &quot;Varela Round&quot;; font-size: 16px; outline: 0px; padding: 0px; margin: 0px; border: 0px;\">\n<div class=\"divider\" style=\"vertical-align: baseline; font-family: inherit; font-weight: inherit; font-style: inherit; outline: 0px; padding: 0px; margin: 0px; border: 0px; height: 30px;\"><\/div>\n<\/div>\n<div class=\"wpb_text_column wpb_content_element \" style=\"vertical-align: baseline; font-family: &quot;Varela Round&quot;; font-size: 16px; outline: 0px; padding: 0px; margin: 0px; border: 0px;\">\n<div class=\"wpb_wrapper\" style=\"vertical-align: baseline; font-family: inherit; font-weight: inherit; font-style: inherit; outline: 0px; padding: 0px; margin: 0px; border: 0px;\">\n<h3 style=\"vertical-align: baseline; font-family: Hind; font-weight: 700; font-style: inherit; font-size: 32px; outline: 0px; padding: 0px; margin-right: 0px; margin-bottom: 8px; margin-left: 0px; border: 0px; line-height: 32px; color: rgb(0, 0, 0); letter-spacing: 0px; -webkit-font-smoothing: antialiased;\">Modo de uso e dosagem<\/h3>\n<p style=\"vertical-align: baseline; font-weight: inherit; font-style: inherit; font-size: 17.5px; outline: 0px; padding: 0px; margin-bottom: 0px; border: 0px; -webkit-font-smoothing: subpixel-antialiased; letter-spacing: 1px; word-spacing: 2px; font-family: Formata-Light !important;\">Aplica\u00e7\u00e3o via subcut\u00e2nea (t\u00e1bua do pesco\u00e7o), na dose de 1 mL para cada 50 kg.<\/p>\n<\/div>\n<\/div>\n","protected":false},"excerpt":{"rendered":"<p>Alta concentra\u00e7\u00e3o e longa a\u00e7\u00e3o. Longamectina\u00ae Premium 3,5{bad89740ab836af8afd78adf22d5854117f226b234e4f8ee83a0ac8d28f68ffc} \u00e9 um endectocida altamente concentrado e de longa a\u00e7\u00e3o, que combate as verminoses e<\/p>\n","protected":false},"featured_media":17126,"template":"","meta":{"_acf_changed":false},"product_brand":[957],"product_cat":[164,194,167],"product_tag":[983],"class_list":{"0":"post-17127","1":"product","2":"type-product","3":"status-publish","4":"has-post-thumbnail","6":"product_brand-j-a-saude-animal","7":"product_cat-bovinos-e-ovinos","8":"product_cat-todos-os-produtos","9":"product_cat-vermifugos-e-carrapaticidas","10":"product_tag-lavizoo","12":"first","13":"outofstock","14":"purchasable","15":"product-type-simple"},"acf":[],"_links":{"self":[{"href":"https:\/\/vetsul.com\/index.php\/wp-json\/wp\/v2\/product\/17127","targetHints":{"allow":["GET"]}}],"collection":[{"href":"https:\/\/vetsul.com\/index.php\/wp-json\/wp\/v2\/product"}],"about":[{"href":"https:\/\/vetsul.com\/index.php\/wp-json\/wp\/v2\/types\/product"}],"wp:featuredmedia":[{"embeddable":true,"href":"https:\/\/vetsul.com\/index.php\/wp-json\/wp\/v2\/media\/17126"}],"wp:attachment":[{"href":"https:\/\/vetsul.com\/index.php\/wp-json\/wp\/v2\/media?parent=17127"}],"wp:term":[{"taxonomy":"product_brand","embeddable":true,"href":"https:\/\/vetsul.com\/index.php\/wp-json\/wp\/v2\/product_brand?post=17127"},{"taxonomy":"product_cat","embeddable":true,"href":"https:\/\/vetsul.com\/index.php\/wp-json\/wp\/v2\/product_cat?post=17127"},{"taxonomy":"product_tag","embeddable":true,"href":"https:\/\/vetsul.com\/index.php\/wp-json\/wp\/v2\/product_tag?post=17127"}],"curies":[{"name":"wp","href":"https:\/\/api.w.org\/{rel}","templated":true}]}}