{"id":17102,"date":"2019-05-07T10:43:39","date_gmt":"2019-05-07T13:43:39","guid":{"rendered":"http:\/\/35.194.95.18\/wp-admin\/?post_type=product&#038;p=17102"},"modified":"2025-02-07T16:00:29","modified_gmt":"2025-02-07T19:00:29","slug":"diclotril-50ml","status":"publish","type":"product","link":"https:\/\/vetsul.com\/index.php\/product\/diclotril-50ml\/","title":{"rendered":"Diclotril 50ml"},"content":{"rendered":"<p>Antimicrobiano de r\u00e1pida a\u00e7\u00e3o e amplo espectro.<\/p>\n<p>Diclotril \u00e9 um antimicrobiano bactericida de amplo espectro, associado a anti-inflamat\u00f3rio, que combate enfermidades como mastites, metrites, anaplasmose, infec\u00e7\u00f5es respirat\u00f3rias e p\u00f3s-parto.<\/p>\n<p><\/p>\n<p>Modo de uso e dosagem<\/p>\n<p>Aplica\u00e7\u00e3o via intravenosa ou intramuscular na dosagem de 1 mL\/40 kg. Nos casos de infec\u00e7\u00f5es graves e anaplasmose 1 mL\/20 kg a cada 24 horas, por pelo menos 3 dias (3 aplica\u00e7\u00f5es).<\/p>\n<p><\/p>\n<p>Apresenta\u00e7\u00e3o<\/p>\n<p>50 ml<\/p>\n","protected":false},"excerpt":{"rendered":"<p>Antimicrobiano de r\u00e1pida a\u00e7\u00e3o e amplo espectro. Diclotril \u00e9 um antimicrobiano bactericida de amplo espectro, associado a anti-inflamat\u00f3rio, que combate enfermidades como<\/p>\n","protected":false},"featured_media":17103,"template":"","meta":{"_acf_changed":false},"product_brand":[957],"product_cat":[170,164],"product_tag":[797],"class_list":{"0":"post-17102","1":"product","2":"type-product","3":"status-publish","4":"has-post-thumbnail","6":"product_brand-j-a-saude-animal","7":"product_cat-anti-microbianos","8":"product_cat-bovinos-e-ovinos","9":"product_tag-ja-saude-animal","11":"first","12":"outofstock","13":"purchasable","14":"product-type-simple"},"acf":[],"_links":{"self":[{"href":"https:\/\/vetsul.com\/index.php\/wp-json\/wp\/v2\/product\/17102","targetHints":{"allow":["GET"]}}],"collection":[{"href":"https:\/\/vetsul.com\/index.php\/wp-json\/wp\/v2\/product"}],"about":[{"href":"https:\/\/vetsul.com\/index.php\/wp-json\/wp\/v2\/types\/product"}],"wp:featuredmedia":[{"embeddable":true,"href":"https:\/\/vetsul.com\/index.php\/wp-json\/wp\/v2\/media\/17103"}],"wp:attachment":[{"href":"https:\/\/vetsul.com\/index.php\/wp-json\/wp\/v2\/media?parent=17102"}],"wp:term":[{"taxonomy":"product_brand","embeddable":true,"href":"https:\/\/vetsul.com\/index.php\/wp-json\/wp\/v2\/product_brand?post=17102"},{"taxonomy":"product_cat","embeddable":true,"href":"https:\/\/vetsul.com\/index.php\/wp-json\/wp\/v2\/product_cat?post=17102"},{"taxonomy":"product_tag","embeddable":true,"href":"https:\/\/vetsul.com\/index.php\/wp-json\/wp\/v2\/product_tag?post=17102"}],"curies":[{"name":"wp","href":"https:\/\/api.w.org\/{rel}","templated":true}]}}