{"id":17100,"date":"2019-05-07T10:40:53","date_gmt":"2019-05-07T13:40:53","guid":{"rendered":"http:\/\/35.194.95.18\/wp-admin\/?post_type=product&#038;p=17100"},"modified":"2025-02-07T16:00:29","modified_gmt":"2025-02-07T19:00:29","slug":"diclopen-10-000-000","status":"publish","type":"product","link":"https:\/\/vetsul.com\/index.php\/product\/diclopen-10-000-000\/","title":{"rendered":"Diclopen 10.000.000"},"content":{"rendered":"<p>A Penicilina 10 milh\u00f5es de r\u00e1pida a\u00e7\u00e3o e alta efic\u00e1cia.<\/p>\n<p>Diclopen 10 Milh\u00f5es \u00e9 uma associa\u00e7\u00e3o de Penicilinas de r\u00e1pida a\u00e7\u00e3o, associada a Estreptomicina e Diclofenaco de S\u00f3dio, indicada para o tratamento de doen\u00e7as como mastites, doen\u00e7as respirat\u00f3rias, pododermatites, metrites, t\u00e9tano, leptospirose, entre outras.<\/p>\n<p><\/p>\n<p>Modo de uso e dosagem<\/p>\n<p>Aplica\u00e7\u00e3o via intramuscular, na dosagem de 1 mL\/12,5 kg a cada 24 horas, por pelo menos 3 dias (3 aplica\u00e7\u00f5es).<\/p>\n","protected":false},"excerpt":{"rendered":"<p>A Penicilina 10 milh\u00f5es de r\u00e1pida a\u00e7\u00e3o e alta efic\u00e1cia. Diclopen 10 Milh\u00f5es \u00e9 uma associa\u00e7\u00e3o de Penicilinas de r\u00e1pida a\u00e7\u00e3o, associada<\/p>\n","protected":false},"featured_media":17101,"template":"","meta":{"_acf_changed":false},"product_brand":[957],"product_cat":[170,175,164,163],"product_tag":[797],"class_list":{"0":"post-17100","1":"product","2":"type-product","3":"status-publish","4":"has-post-thumbnail","6":"product_brand-j-a-saude-animal","7":"product_cat-anti-microbianos","8":"product_cat-antimicrobianos-2","9":"product_cat-bovinos-e-ovinos","10":"product_cat-equinos","11":"product_tag-ja-saude-animal","13":"first","14":"instock","15":"purchasable","16":"product-type-simple"},"acf":[],"_links":{"self":[{"href":"https:\/\/vetsul.com\/index.php\/wp-json\/wp\/v2\/product\/17100","targetHints":{"allow":["GET"]}}],"collection":[{"href":"https:\/\/vetsul.com\/index.php\/wp-json\/wp\/v2\/product"}],"about":[{"href":"https:\/\/vetsul.com\/index.php\/wp-json\/wp\/v2\/types\/product"}],"wp:featuredmedia":[{"embeddable":true,"href":"https:\/\/vetsul.com\/index.php\/wp-json\/wp\/v2\/media\/17101"}],"wp:attachment":[{"href":"https:\/\/vetsul.com\/index.php\/wp-json\/wp\/v2\/media?parent=17100"}],"wp:term":[{"taxonomy":"product_brand","embeddable":true,"href":"https:\/\/vetsul.com\/index.php\/wp-json\/wp\/v2\/product_brand?post=17100"},{"taxonomy":"product_cat","embeddable":true,"href":"https:\/\/vetsul.com\/index.php\/wp-json\/wp\/v2\/product_cat?post=17100"},{"taxonomy":"product_tag","embeddable":true,"href":"https:\/\/vetsul.com\/index.php\/wp-json\/wp\/v2\/product_tag?post=17100"}],"curies":[{"name":"wp","href":"https:\/\/api.w.org\/{rel}","templated":true}]}}