{"id":17096,"date":"2019-05-03T16:14:37","date_gmt":"2019-05-03T19:14:37","guid":{"rendered":"http:\/\/35.194.95.18\/wp-admin\/?post_type=product&#038;p=17096"},"modified":"2025-02-07T16:00:29","modified_gmt":"2025-02-07T19:00:29","slug":"bolsa-coletora-de-sangue-jp-cpda-1-500ml-com-concentrado-de-hermacias","status":"publish","type":"product","link":"https:\/\/vetsul.com\/index.php\/product\/bolsa-coletora-de-sangue-jp-cpda-1-500ml-com-concentrado-de-hermacias\/","title":{"rendered":"Bolsa Coletora de Sangue JP CPDA-1  500ml com Concentrado de Herm\u00e1cias."},"content":{"rendered":"<p>Descri\u00e7\u00e3o do produto<\/p>\n<p>Bolsa Coletora de Sangue JP CPDA-1&nbsp; 500ml com Concentrado de Herm\u00e1cias.<\/p>\n<p><\/p>\n<p>Caracter\u00edsticas do produto<\/p>\n<p>Indica\u00e7\u00f5es<span style=\"white-space:pre\">\t<\/span><\/p>\n<p>Coletar Sangue.<\/p>\n<p><\/p>\n<p>Composi\u00e7\u00e3o<span style=\"white-space:pre\">\t<\/span><\/p>\n<p>Cont\u00e9m 63 ml de solu\u00e7\u00e3o CPDA-1 para coleta de 450 ml de sangue total;<\/p>\n<p><\/p>\n<p>F\u00f3rmula: Dextrose Andara USP 2900 mg;<\/p>\n<p><\/p>\n<p>Citrato de S\u00f3dio 2H2O mg;<\/p>\n<p><\/p>\n<p>Adenina 27.5 mg;<\/p>\n<p><\/p>\n<p>Fostato de S\u00f3dio Monob\u00e1sico H2O 222 mg;<\/p>\n<p><\/p>\n<p>\u00c1gua para injet\u00e1veis q.s.p 100 ml.<\/p>\n<p><\/p>\n<p>Diferenciais e benef\u00edcios<span style=\"white-space:pre\">\t<\/span><\/p>\n<p>Bolsa para coleta de sangue com solu\u00e7\u00e3o anticoagulante CPDA-1, est\u00e9ril e apirog\u00eanica contendo 1&nbsp; bolsa sat\u00e9lite para a transfer\u00eancia de hemocomponentes;<\/p>\n<p><\/p>\n<p>As bolsas de sangue JP foram desenvolvidas para proporcionar maior facilidade em seu manuseio em todas as etapas de sua utiliza\u00e7\u00e3o. Sua unidade de produ\u00e7\u00e3o possui equipamentos de alta tecnologia que permitem que as bolsas sejam confeccionadas sem que haja o contato manual, garantindo total seguran\u00e7a \u00e0 coleta, fracionamento e estocagem do sangue e seus componentes;<\/p>\n<p><\/p>\n<p>Protetor de agulha.<\/p>\n<p><\/p>\n<p>Altura do produto (cm)<span style=\"white-space:pre\">\t<\/span>30,00<\/p>\n<p>Largura do produto (cm)<span style=\"white-space:pre\">\t<\/span>16,00<\/p>\n<p>Profundidade do produto (cm)<span style=\"white-space:pre\">\t<\/span>1,00<\/p>\n<p>Peso l\u00edquido (Kg)<span style=\"white-space:pre\">\t<\/span>0,130<\/p>\n<p>Altura da embalagem (cm)<span style=\"white-space:pre\">\t<\/span>30,00<\/p>\n<p>Largura da embalagem (cm)<span style=\"white-space:pre\">\t<\/span>16,00<\/p>\n<p>Profundidade da embalagem (cm)<span style=\"white-space:pre\">\t<\/span>1,00<\/p>\n<p>Peso bruto com embalagem (Kg)<span style=\"white-space:pre\">\t<\/span>0,130<\/p>\n<p>Higiene e Conserva\u00e7\u00e3o<span style=\"white-space:pre\">\t<\/span><\/p>\n<p>Evitar entrada de ar;<\/p>\n<p><\/p>\n<p>N\u00e3o perfure;<\/p>\n<p><\/p>\n<p>&nbsp;<\/p>\n<p><\/p>\n<p>Contraindica\u00e7\u00f5es<span style=\"white-space:pre\">\t<\/span><\/p>\n<p>N\u00e3o deve ser utilizada se houver sinal de deteriora\u00e7\u00e3o e\/ou diminui\u00e7\u00e3o do volume aparente.<\/p>\n<p><\/p>\n<p>Garantia<span style=\"white-space:pre\">\t<\/span>3 meses<\/p>\n<p>SAC do Fabricante<span style=\"white-space:pre\">\t<\/span>0800-183111<\/p>\n<p>Registro ANVISA\/M.S.<span style=\"white-space:pre\">\t<\/span>80146150058<\/p>\n<p>EAN<span style=\"white-space:pre\">\t<\/span>2820137661510<\/p>\n<p>ATEN\u00c7\u00c3O:<span style=\"white-space:pre\">\t<\/span><\/p>\n<p>Artigo de uso \u00fanico.<\/p>\n<p><\/p>\n<p>Destruir ap\u00f3s o uso.<\/p>\n","protected":false},"excerpt":{"rendered":"<p>Descri\u00e7\u00e3o do produto Bolsa Coletora de Sangue JP CPDA-1&nbsp; 500ml com Concentrado de Herm\u00e1cias. Caracter\u00edsticas do produto Indica\u00e7\u00f5es Coletar Sangue. Composi\u00e7\u00e3o Cont\u00e9m<\/p>\n","protected":false},"featured_media":17097,"template":"","meta":{"_acf_changed":false},"product_brand":[],"product_cat":[164,163,166,194],"product_tag":[1074],"class_list":{"0":"post-17096","1":"product","2":"type-product","3":"status-publish","4":"has-post-thumbnail","6":"product_cat-bovinos-e-ovinos","7":"product_cat-equinos","8":"product_cat-equipamentos-utensilios-e-materiais-hospitalares","9":"product_cat-todos-os-produtos","10":"product_tag-jp-farma","12":"first","13":"instock","14":"purchasable","15":"product-type-simple"},"acf":[],"_links":{"self":[{"href":"https:\/\/vetsul.com\/index.php\/wp-json\/wp\/v2\/product\/17096","targetHints":{"allow":["GET"]}}],"collection":[{"href":"https:\/\/vetsul.com\/index.php\/wp-json\/wp\/v2\/product"}],"about":[{"href":"https:\/\/vetsul.com\/index.php\/wp-json\/wp\/v2\/types\/product"}],"wp:featuredmedia":[{"embeddable":true,"href":"https:\/\/vetsul.com\/index.php\/wp-json\/wp\/v2\/media\/17097"}],"wp:attachment":[{"href":"https:\/\/vetsul.com\/index.php\/wp-json\/wp\/v2\/media?parent=17096"}],"wp:term":[{"taxonomy":"product_brand","embeddable":true,"href":"https:\/\/vetsul.com\/index.php\/wp-json\/wp\/v2\/product_brand?post=17096"},{"taxonomy":"product_cat","embeddable":true,"href":"https:\/\/vetsul.com\/index.php\/wp-json\/wp\/v2\/product_cat?post=17096"},{"taxonomy":"product_tag","embeddable":true,"href":"https:\/\/vetsul.com\/index.php\/wp-json\/wp\/v2\/product_tag?post=17096"}],"curies":[{"name":"wp","href":"https:\/\/api.w.org\/{rel}","templated":true}]}}