{"id":17092,"date":"2019-05-03T10:31:32","date_gmt":"2019-05-03T13:31:32","guid":{"rendered":"http:\/\/35.194.95.18\/wp-admin\/?post_type=product&#038;p=17092"},"modified":"2025-04-03T16:12:48","modified_gmt":"2025-04-03T19:12:48","slug":"barrage-pulverizacoo-01-lt","status":"publish","type":"product","link":"https:\/\/vetsul.com\/index.php\/product\/barrage-pulverizacoo-01-lt\/","title":{"rendered":"Barrage Pulveriza\u00e7\u00e3o 01 lt."},"content":{"rendered":"<p>Barrage 01 Litros<\/p>\n<p>Deve ser usado em banheiros de imers\u00e3o ou em pulveriza\u00e7\u00e3o, podendo ser aplicado em pulverizadores manuais ou motorizados. \u00c9 ativo contra todos os tipos de carrapatos em suas formas jovens ou adultas inclusive \u00e0s linhagens resistentes \u00e0 carrapaticidas de outros grupos qu\u00edmicos. Baixa toxicidade.<\/p>\n<p>F\u00f3rmula:<\/p>\n<p><\/p>\n<p>BARRAGE \u00e9 um concentrado emulsion\u00e1vel contendo 150 gramas de Alfa-ciano-3-fenoxibenzil-2,2-dimetil-3-(2,2-diclorovinil)-ciclopropano carboxilato, (CYPERMETHRIN) por litro.BARRAGE \u00e9 facilmente emulsion\u00e1vel em \u00e1gua.<\/p>\n<p><\/p>\n<p>Indica\u00e7\u00f5es:<\/p>\n<p><\/p>\n<p>BARRAGE \u00e9 muito eficaz contra a \u201cmosca-do-chifre\u201d (Haematobia irritans).<\/p>\n<p>Apresenta boa estabilidade e permanece ativo por longo per\u00edodo de tempo.<\/p>\n<p><\/p>\n<p>Dosagem:<\/p>\n<p>Em banheiro de Imers\u00e3o:<\/p>\n<p>Carga: Utilizar 1 litro de BARRAGE para 1000 litros de \u00e1gua (1: 1000).<\/p>\n<p>Recarga: Utilizar 1,5 litros de BARRAGE para 1000 litros de \u00e1gua (1,5: 1000).<\/p>\n<p>Obs.: Casos de infesta\u00e7\u00f5es severas de carrapatos, usar 1 litro de BARRAGE para cada 600 litros de \u00e1gua (1: 600).<\/p>\n<p>Em pulveriza\u00e7\u00e3o: diluir 20 ml de BARRAGE em 20 litros de \u00e1gua a serem utilizados, misturando bem.<\/p>\n<p>Recomenda-se o consumo de 5 litros de produto dilu\u00eddo no banho de cada bovino adulto.<\/p>\n<p>&nbsp;<\/p>\n<p><\/p>\n<p>Administra\u00e7\u00e3o:<\/p>\n<p>Administra\u00e7\u00e3o para Pulveriza\u00e7\u00e3o:<\/p>\n<p>Banhar a superf\u00edcie do animal, especialmente as regi\u00f5es mais sujeitas \u00e0s infesta\u00e7\u00f5es por moscas ou carrapatos, tais como: orelhas, barbela, entre membros virilhas e inser\u00e7\u00e3o de calda.Usar sempre pulverizadores com boa press\u00e3o e dirigir o jato no sentido contr\u00e1rio aos p\u00ealos.<\/p>\n<p><\/p>\n<p>Administra\u00e7\u00e3o para banho de imers\u00e3o:<\/p>\n<p>Para o preparo da calda do banho de imers\u00e3o, \u00e9 importante fazer uma pr\u00e9 mistura em um balde adicionando a quantidade necess\u00e1ria de BARRAGEao dobro deste volume em \u00e1gua agindo at\u00e9 a forma\u00e7\u00e3o de uma emuls\u00e3o homog\u00eanea. Despeja-se ent\u00e3o esta mistura no banheiro e completa-se o volume, agitando-se vigorosamente a calda para uma perfeita homogeneiza\u00e7\u00e3o. Sempre que o banheiro ficar um tempo sem uso, agitar novamente.<\/p>\n<p><\/p>\n<p>Precau\u00e7\u00f5es:<\/p>\n<p>Evitar a contamina\u00e7\u00e3o de alimentos e material de ordenha.&nbsp;<\/p>\n<p>Evitar contato com a pele do operador, especialmente antes de diluir o produto.<\/p>\n<p>Evitar fumar quando estiver pulverizando ou junto ao banheiro.<\/p>\n<p>Manter as embalagens fora do alcance de crian\u00e7as e animais dom\u00e9sticos.<\/p>\n<p>N\u00e3o usar a embalagem vazia.<\/p>\n<p>N\u00e3o guardar ou aplicar junto de alimentos, bebidas, medicamentos, produtos de higiene e dom\u00e9sticos.<\/p>\n<p>Evitar pulveriza\u00e7\u00e3o contra o operador.<\/p>\n<p>Lavar as m\u00e3os e a pele exposta antes de comer ou fumar e ap\u00f3s o trabalho.<\/p>\n<p>Produto t\u00f3xico para peixes.<\/p>\n<p>N\u00e3o contaminar cursos d\u2019\u00e1gua.<\/p>\n<p>N\u00e3o jogar res\u00edduos de banheiros carrapaticidas em rios e lagos.<\/p>\n<p>Procurar queimar ou enterrar as embalagens vazias.<\/p>\n<p>Primeiros Socorros (Tratamento de Contamina\u00e7\u00e3o Acidental): Remover imediatamente as roupas contaminadas e lavar as partes atingidas do corpo com \u00e1gua e sab\u00e3o. Se o produto atingir os olhos, lavar-se imediatamente com \u00e1gua durante 15 minutos e chamar o m\u00e9dico.<\/p>\n<p><\/p>\n<p>&nbsp;<\/p>\n<p><\/p>\n<p>Apresenta\u00e7\u00e3o:<\/p>\n<p>Frascos de 20 ml e 1000 ml.<\/p>\n<p><\/p>\n<p>&nbsp;<\/p>\n<p><\/p>\n<p>Classe Terap\u00eautica:<\/p>\n<p>ECTOPARASITICIDAS (ANTI-PARASIT\u00c1RIOS)<\/p>\n<p><\/p>\n<p>Princ\u00edpio(s) Ativo(s):<\/p>\n<p>OUTROS<\/p>\n<p>&nbsp;<\/p>\n<p><\/p>\n<p>Registro no Minist\u00e9rio da Agricultura, Pecu\u00e1ria e Abastecimento:<\/p>\n<p>1.392\/81<\/p>\n<p><\/p>\n<p>Respons\u00e1vel T\u00e9cnico:<\/p>\n<p>Christopher Roger White &#8211; CRMV: CRMV-SP N\u00ba 8473.<\/p>\n","protected":false},"excerpt":{"rendered":"<p>Barrage 01 Litros Deve ser usado em banheiros de imers\u00e3o ou em pulveriza\u00e7\u00e3o, podendo ser aplicado em pulverizadores manuais ou motorizados. \u00c9<\/p>\n","protected":false},"featured_media":17093,"template":"","meta":{"_acf_changed":false},"product_brand":[],"product_cat":[164,167],"product_tag":[819,818],"class_list":{"0":"post-17092","1":"product","2":"type-product","3":"status-publish","4":"has-post-thumbnail","6":"product_cat-bovinos-e-ovinos","7":"product_cat-vermifugos-e-carrapaticidas","8":"product_tag-anti-parasit-rios","9":"product_tag-ectoparasiticidas","11":"first","12":"instock","13":"purchasable","14":"product-type-simple"},"acf":[],"_links":{"self":[{"href":"https:\/\/vetsul.com\/index.php\/wp-json\/wp\/v2\/product\/17092","targetHints":{"allow":["GET"]}}],"collection":[{"href":"https:\/\/vetsul.com\/index.php\/wp-json\/wp\/v2\/product"}],"about":[{"href":"https:\/\/vetsul.com\/index.php\/wp-json\/wp\/v2\/types\/product"}],"wp:featuredmedia":[{"embeddable":true,"href":"https:\/\/vetsul.com\/index.php\/wp-json\/wp\/v2\/media\/17093"}],"wp:attachment":[{"href":"https:\/\/vetsul.com\/index.php\/wp-json\/wp\/v2\/media?parent=17092"}],"wp:term":[{"taxonomy":"product_brand","embeddable":true,"href":"https:\/\/vetsul.com\/index.php\/wp-json\/wp\/v2\/product_brand?post=17092"},{"taxonomy":"product_cat","embeddable":true,"href":"https:\/\/vetsul.com\/index.php\/wp-json\/wp\/v2\/product_cat?post=17092"},{"taxonomy":"product_tag","embeddable":true,"href":"https:\/\/vetsul.com\/index.php\/wp-json\/wp\/v2\/product_tag?post=17092"}],"curies":[{"name":"wp","href":"https:\/\/api.w.org\/{rel}","templated":true}]}}