{"id":17090,"date":"2019-05-03T10:26:54","date_gmt":"2019-05-03T13:26:54","guid":{"rendered":"http:\/\/35.194.95.18\/wp-admin\/?post_type=product&#038;p=17090"},"modified":"2025-08-08T17:41:07","modified_gmt":"2025-08-08T20:41:07","slug":"banhex-coco-shampoo-01-lt","status":"publish","type":"product","link":"https:\/\/vetsul.com\/index.php\/product\/banhex-coco-shampoo-01-lt\/","title":{"rendered":"Banhex C\u00f4co Shampoo 01 Lt"},"content":{"rendered":"<p style=\"margin-bottom: 10px; color: rgb(114, 114, 114); font-family: Lato; font-size: 14px;\">Produto destinado \u00e0 higiene e &nbsp;embelezamento de equinos e bovinos.<\/p>\n<p style=\"margin-bottom: 10px; color: rgb(114, 114, 114); font-family: Lato; font-size: 14px;\">\n<div class=\"clearfix\" style=\"color: rgb(114, 114, 114); font-family: Lato; font-size: 14px;\"><\/div>\n<table class=\"table table-striped table-hover modo_apresentacao\" style=\"background-color: rgb(255, 255, 255); width: 372px; margin-bottom: 20px; border-radius: 5px; margin-top: 20px; float: left; color: rgb(114, 114, 114); font-family: Lato; font-size: 14px; border-spacing: inherit !important; border-collapse: inherit !important; border: 1px solid rgb(199, 199, 199) !important;\">\n<thead style=\"background: rgb(223, 223, 223);\">\n<tr>\n<th style=\"color: rgb(42, 42, 43); font-size: 16px; padding: 10px 15px !important;\">Apresenta\u00e7\u00e3o<\/th>\n<\/tr>\n<\/thead>\n<tbody>\n<tr>\n<td style=\"vertical-align: top; border-bottom-right-radius: 5px; border-bottom-left-radius: 5px; overflow: hidden;\">Frasco contendo 1 litro e bombona contendo 5 litros.<\/td>\n<\/tr>\n<\/tbody>\n<\/table>\n<div class=\"clear\" style=\"clear: both; height: 0px; color: rgb(114, 114, 114); font-family: Lato; font-size: 14px;\"><\/div>\n<table class=\"table  table-striped table-hover modo_apresentacao\" style=\"background-color: rgb(255, 255, 255); width: 372px; margin-bottom: 40px; border-radius: 5px; margin-top: 20px; float: left; color: rgb(114, 114, 114); font-family: Lato; font-size: 14px; border-spacing: inherit !important; border-collapse: inherit !important; border: 1px solid rgb(199, 199, 199) !important;\">\n<thead style=\"background: rgb(223, 223, 223);\">\n<tr>\n<th style=\"color: rgb(42, 42, 43); font-size: 16px; padding: 10px 15px !important;\">Modo de uso<\/th>\n<\/tr>\n<\/thead>\n<tbody>\n<tr>\n<td style=\"vertical-align: top; background-color: rgb(245, 245, 245); border-bottom-right-radius: 5px; border-bottom-left-radius: 5px; overflow: hidden;\">Aplicar sobre todo o corpo do animal molhado, em quantidade suficiente para obten\u00e7\u00e3o de boa espuma, friccionando levemente. Em seguida enxaguar com \u00e1gua abundante, evitando contato com olhos, ouvidos e boca.<\/td>\n<\/tr>\n<\/tbody>\n<\/table>\n","protected":false},"excerpt":{"rendered":"<p>Produto destinado \u00e0 higiene e &nbsp;embelezamento de equinos e bovinos. Apresenta\u00e7\u00e3o Frasco contendo 1 litro e bombona contendo 5 litros. Modo de<\/p>\n","protected":false},"featured_media":17091,"template":"","meta":{"_acf_changed":false},"product_brand":[],"product_cat":[163,192],"product_tag":[811,816,983,813],"class_list":{"0":"post-17090","1":"product","2":"type-product","3":"status-publish","4":"has-post-thumbnail","6":"product_cat-equinos","7":"product_cat-higiene-e-cuidados","8":"product_tag-cuidados","9":"product_tag-higiene","10":"product_tag-lavizoo","11":"product_tag-shampoo","13":"first","14":"instock","15":"purchasable","16":"product-type-simple"},"acf":[],"_links":{"self":[{"href":"https:\/\/vetsul.com\/index.php\/wp-json\/wp\/v2\/product\/17090","targetHints":{"allow":["GET"]}}],"collection":[{"href":"https:\/\/vetsul.com\/index.php\/wp-json\/wp\/v2\/product"}],"about":[{"href":"https:\/\/vetsul.com\/index.php\/wp-json\/wp\/v2\/types\/product"}],"wp:featuredmedia":[{"embeddable":true,"href":"https:\/\/vetsul.com\/index.php\/wp-json\/wp\/v2\/media\/17091"}],"wp:attachment":[{"href":"https:\/\/vetsul.com\/index.php\/wp-json\/wp\/v2\/media?parent=17090"}],"wp:term":[{"taxonomy":"product_brand","embeddable":true,"href":"https:\/\/vetsul.com\/index.php\/wp-json\/wp\/v2\/product_brand?post=17090"},{"taxonomy":"product_cat","embeddable":true,"href":"https:\/\/vetsul.com\/index.php\/wp-json\/wp\/v2\/product_cat?post=17090"},{"taxonomy":"product_tag","embeddable":true,"href":"https:\/\/vetsul.com\/index.php\/wp-json\/wp\/v2\/product_tag?post=17090"}],"curies":[{"name":"wp","href":"https:\/\/api.w.org\/{rel}","templated":true}]}}