{"id":17088,"date":"2019-05-03T10:23:45","date_gmt":"2019-05-03T13:23:45","guid":{"rendered":"http:\/\/35.194.95.18\/wp-admin\/?post_type=product&#038;p=17088"},"modified":"2025-02-07T16:00:28","modified_gmt":"2025-02-07T19:00:28","slug":"banhex-citronela-shampoo-01-lt","status":"publish","type":"product","link":"https:\/\/vetsul.com\/index.php\/product\/banhex-citronela-shampoo-01-lt\/","title":{"rendered":"Banhex Citronela Shampoo 01 lt"},"content":{"rendered":"<div class=\"row\" style=\"color: rgb(114, 114, 114); font-family: Lato; font-size: 14px; margin: 0px !important;\">\n<div class=\"col-sm-7\" style=\"width: 402.5px;\">\n<p style=\"margin-bottom: 10px;\">Banhex Equus CITRONELA \u00e9 um shampoo destinado \u00e0 higiene de bovinos e equinos.<\/p>\n<p style=\"margin-bottom: 10px;\">\n<div class=\"clearfix\"><\/div>\n<table class=\"table table-striped table-hover modo_apresentacao\" style=\"width: 372px; margin-bottom: 20px; border-radius: 5px; margin-top: 20px; float: left; border-spacing: inherit !important; border-collapse: inherit !important; border: 1px solid rgb(199, 199, 199) !important;\">\n<thead style=\"background: rgb(223, 223, 223);\">\n<tr>\n<th style=\"color: rgb(42, 42, 43); font-size: 16px; padding: 10px 15px !important;\">Apresenta\u00e7\u00e3o<\/th>\n<\/tr>\n<\/thead>\n<tbody>\n<tr>\n<td style=\"vertical-align: top; border-bottom-right-radius: 5px; border-bottom-left-radius: 5px; overflow: hidden;\">Bombona contendo 5 litros e frasco contendo 1 litro.<\/td>\n<\/tr>\n<\/tbody>\n<\/table>\n<div class=\"clear\" style=\"clear: both; height: 0px;\"><\/div>\n<table class=\"table  table-striped table-hover modo_apresentacao\" style=\"width: 372px; margin-bottom: 40px; border-radius: 5px; margin-top: 20px; float: left; border-spacing: inherit !important; border-collapse: inherit !important; border: 1px solid rgb(199, 199, 199) !important;\">\n<thead style=\"background: rgb(223, 223, 223);\">\n<tr>\n<th style=\"color: rgb(42, 42, 43); font-size: 16px; padding: 10px 15px !important;\">Modo de uso<\/th>\n<\/tr>\n<\/thead>\n<tbody>\n<tr>\n<td style=\"vertical-align: top; border-bottom-right-radius: 5px; border-bottom-left-radius: 5px; overflow: hidden;\">Aplicar sobre todo o corpo do animal molhado, em quantidade suficiente para obten\u00e7\u00e3o de boa espuma, friccionando levemente. Em seguida enxaguar com \u00e1gua abundante, evitando contato com olhos, ouvidos e boca.<\/td>\n<\/tr>\n<\/tbody>\n<\/table>\n<\/div>\n<div class=\"col-sm-5\" style=\"width: 287.5px;\"><a class=\"representantes-small-produto\" href=\"http:\/\/www.lavizoo.com.br\/index.php\/representante\" style=\"color: rgb(66, 139, 202); margin: 20px auto 10px; float: left; width: 258px; height: 79px; background-image: url(&quot;img\/representante-small-produto.png&quot;) !important; background-position: center center !important; background-size: initial !important; background-repeat: no-repeat !important; background-attachment: initial !important; background-origin: initial !important; background-clip: initial !important;\"><\/a><\/div>\n<\/div>\n<div class=\"row\" style=\"color: rgb(114, 114, 114); font-family: Lato; font-size: 14px; margin: 0px !important;\">\n<div class=\"col-sm-12\" style=\"width: 690px;\">\n<table class=\"table table-striped table-hover modo_apresentacao\" style=\"width: 660px; margin-bottom: 40px; border-radius: 5px; margin-top: 20px; float: left; border-spacing: inherit !important; border-collapse: inherit !important; border: 1px solid rgb(199, 199, 199) !important;\">\n<thead style=\"background: rgb(223, 223, 223);\">\n<tr>\n<th style=\"color: rgb(42, 42, 43); font-size: 16px; padding: 10px 15px !important;\">Composi\u00e7\u00e3o b\u00e1sica\/F\u00f3rmula<\/th>\n<\/tr>\n<\/thead>\n<tbody>\n<tr>\n<td style=\"vertical-align: top; border-bottom-right-radius: 5px; border-bottom-left-radius: 5px; overflow: hidden;\">\u00d3leo de citronela, \u00f3leo de cravo, cocoamido propil beta\u00edna, lauril \u00e9ter sulfato de s\u00f3dio, \u00e1cido c\u00edtrico, BHT, cloreto de s\u00f3dio, diestearato de polietilenoglicol 6000, DMDM hidanto\u00edna, dietanolamina de \u00e1cido graxo de c\u00f4co e \u00e1gua.<\/td>\n<\/tr>\n<\/tbody>\n<\/table>\n<\/div>\n<\/div>\n","protected":false},"excerpt":{"rendered":"<p>Banhex Equus CITRONELA \u00e9 um shampoo destinado \u00e0 higiene de bovinos e equinos. Apresenta\u00e7\u00e3o Bombona contendo 5 litros e frasco contendo 1<\/p>\n","protected":false},"featured_media":17089,"template":"","meta":{"_acf_changed":false},"product_brand":[952],"product_cat":[163,192],"product_tag":[812,811,983,813],"class_list":{"0":"post-17088","1":"product","2":"type-product","3":"status-publish","4":"has-post-thumbnail","6":"product_brand-lavizoo","7":"product_cat-equinos","8":"product_cat-higiene-e-cuidados","9":"product_tag-banho","10":"product_tag-cuidados","11":"product_tag-lavizoo","12":"product_tag-shampoo","14":"first","15":"instock","16":"purchasable","17":"product-type-simple"},"acf":[],"_links":{"self":[{"href":"https:\/\/vetsul.com\/index.php\/wp-json\/wp\/v2\/product\/17088","targetHints":{"allow":["GET"]}}],"collection":[{"href":"https:\/\/vetsul.com\/index.php\/wp-json\/wp\/v2\/product"}],"about":[{"href":"https:\/\/vetsul.com\/index.php\/wp-json\/wp\/v2\/types\/product"}],"wp:featuredmedia":[{"embeddable":true,"href":"https:\/\/vetsul.com\/index.php\/wp-json\/wp\/v2\/media\/17089"}],"wp:attachment":[{"href":"https:\/\/vetsul.com\/index.php\/wp-json\/wp\/v2\/media?parent=17088"}],"wp:term":[{"taxonomy":"product_brand","embeddable":true,"href":"https:\/\/vetsul.com\/index.php\/wp-json\/wp\/v2\/product_brand?post=17088"},{"taxonomy":"product_cat","embeddable":true,"href":"https:\/\/vetsul.com\/index.php\/wp-json\/wp\/v2\/product_cat?post=17088"},{"taxonomy":"product_tag","embeddable":true,"href":"https:\/\/vetsul.com\/index.php\/wp-json\/wp\/v2\/product_tag?post=17088"}],"curies":[{"name":"wp","href":"https:\/\/api.w.org\/{rel}","templated":true}]}}