{"id":17085,"date":"2019-04-23T10:28:12","date_gmt":"2019-04-23T13:28:12","guid":{"rendered":"http:\/\/35.194.95.18\/wp-admin\/?post_type=product&#038;p=17085"},"modified":"2025-04-04T11:23:55","modified_gmt":"2025-04-04T14:23:55","slug":"frigoboi-facilite-5-lts","status":"publish","type":"product","link":"https:\/\/vetsul.com\/index.php\/product\/frigoboi-facilite-5-lts\/","title":{"rendered":"FRIGOBOI FACILITE  5 LTS"},"content":{"rendered":"<div class=\"wpb_text_column wpb_content_element \" style=\"vertical-align: baseline; font-size: 16px; outline: 0px; padding: 0px; margin: 0px; border: 0px;\">\n<div class=\"wpb_wrapper\" style=\"vertical-align: baseline; font-style: inherit; outline: 0px; padding: 0px; margin: 0px; border: 0px;\">\n<h2 style=\"vertical-align: baseline; font-style: inherit; font-size: 42px; outline: 0px; padding: 0px; margin-right: 0px; margin-bottom: 0px; margin-left: 0px; border: 0px; line-height: 48px; color: rgb(0, 0, 0); letter-spacing: 0px; -webkit-font-smoothing: antialiased;\"><font face=\"Arial\" style=\"\"><span style=\"font-size: 14px;\">Vermifuga e controla os ectoparasitas de forma f\u00e1cil, eficaz e sem estresse no rebanho.<\/span><\/font><\/h2>\n<\/div>\n<\/div>\n<div class=\"divider-wrap\" data-alignment=\"default\" style=\"vertical-align: baseline; font-size: 16px; outline: 0px; padding: 0px; margin: 0px; border: 0px;\">\n<div class=\"divider\" style=\"vertical-align: baseline; font-style: inherit; outline: 0px; padding: 0px; margin: 0px; border: 0px; height: 30px;\"><\/div>\n<\/div>\n<div class=\"wpb_text_column wpb_content_element \" style=\"vertical-align: baseline; font-size: 16px; outline: 0px; padding: 0px; margin: 0px; border: 0px;\">\n<div class=\"wpb_wrapper\" style=\"vertical-align: baseline; font-style: inherit; outline: 0px; padding: 0px; margin: 0px; border: 0px;\">\n<p style=\"vertical-align: baseline; font-style: inherit; font-size: 17.5px; outline: 0px; padding: 0px; margin-bottom: 0px; border: 0px; -webkit-font-smoothing: subpixel-antialiased; letter-spacing: 1px; word-spacing: 2px;\"><font face=\"Arial\"><span style=\"font-size: 14px;\">Frigoboi Facilite \u00e9 um endectocida de alta efic\u00e1cia, de praticidade na aplica\u00e7\u00e3o e de baixo per\u00edodo de car\u00eancia para o abate. Al\u00e9m de controlar os carrapatos, moscas, bicheiras e bernes, Frigoboi Facilite possui excelente efic\u00e1cia contra as verminoses, importante causa de preju\u00edzo na cria\u00e7\u00e3o de bovinos.<\/span><\/font><\/p>\n<\/div>\n<\/div>\n<div class=\"divider-wrap\" data-alignment=\"default\" style=\"vertical-align: baseline; font-size: 16px; outline: 0px; padding: 0px; margin: 0px; border: 0px;\">\n<div class=\"divider\" style=\"vertical-align: baseline; font-style: inherit; outline: 0px; padding: 0px; margin: 0px; border: 0px; height: 30px;\">\n<p style=\"margin-bottom: 10px; padding: 0px; border: 0px; outline: none; list-style: none; font-family: arial; letter-spacing: 0.4px; text-align: justify;\"><font color=\"#6b6e71\">&nbsp;<\/font><strong style=\"margin: 0px; padding: 0px; border: 0px; outline: none; list-style: none;\"><span style=\"margin: 0px; padding: 0px; border: 0px; outline: none; list-style: none; font-family: arial, sans-serif; font-size: 14px;\">F\u00f3rmula:<\/span><\/strong><\/p>\n<p style=\"margin-bottom: 10px; padding: 0px; border: 0px; outline: none; list-style: none; font-family: arial; letter-spacing: 0.4px; text-align: justify;\"><b><span style=\"margin: 0px; padding: 0px; border: 0px; outline: none; list-style: none; font-family: arial, sans-serif; font-size: 10pt;\"><span style=\"font-size: 14px;\">Cada 100 mL cont\u00e9m:&nbsp;<\/span><br style=\"margin: 0px; padding: 0px; border: 0px; outline: none; list-style: none;\"><br style=\"margin: 0px; padding: 0px; border: 0px; outline: none; list-style: none;\"><span style=\"font-size: 14px;\">Abamectina &#8230;&#8230;&#8230;&#8230;&#8230;&#8230;&#8230;&#8230;&#8230;&#8230;&#8230;&#8230;&#8230;&#8230; 0,50 g&nbsp;<\/span><br style=\"margin: 0px; padding: 0px; border: 0px; outline: none; list-style: none;\"><br style=\"margin: 0px; padding: 0px; border: 0px; outline: none; list-style: none;\"><span style=\"font-size: 14px;\">Ve\u00edculo q.s.p. &#8230;&#8230;&#8230;&#8230;&#8230;&#8230;&#8230;&#8230;&#8230;&#8230;&#8230;&#8230;100,00 mL&nbsp;<\/span><\/span><br style=\"margin: 0px; padding: 0px; border: 0px; outline: none; list-style: none;\"><br style=\"margin: 0px; padding: 0px; border: 0px; outline: none; list-style: none;\"><span style=\"margin: 0px; padding: 0px; border: 0px; outline: none; list-style: none;\"><span style=\"margin: 0px; padding: 0px; border: 0px; outline: none; list-style: none; font-family: arial, sans-serif; font-size: 14px;\">Indica\u00e7\u00f5es:<\/span><\/span><\/b><\/p>\n<p style=\"margin-bottom: 10px; padding: 0px; border: 0px; outline: none; list-style: none; font-family: arial; letter-spacing: 0.4px; text-align: justify;\"><span style=\"margin: 0px; padding: 0px; border: 0px; outline: none; list-style: none; font-family: arial, sans-serif; font-size: 14px;\"><b>Para o tratamento e controle de parasitas internos e externos dos bovinos.<\/b><\/span><\/p>\n<\/div>\n<\/div>\n<div class=\"wpb_text_column wpb_content_element \" style=\"vertical-align: baseline; font-size: 16px; outline: 0px; padding: 0px; margin: 0px; border: 0px;\">\n<div class=\"wpb_wrapper\" style=\"vertical-align: baseline; font-style: inherit; outline: 0px; padding: 0px; margin: 0px; border: 0px;\">\n<h3 style=\"vertical-align: baseline; font-style: inherit; font-size: 32px; outline: 0px; padding: 0px; margin-right: 0px; margin-bottom: 8px; margin-left: 0px; border: 0px; line-height: 32px; letter-spacing: 0px; -webkit-font-smoothing: antialiased;\"><font face=\"Arial\"><span style=\"font-size: 14px;\"><b><br \/><\/b><\/span><\/font><\/h3>\n<h3 style=\"vertical-align: baseline; font-style: inherit; font-size: 32px; outline: 0px; padding: 0px; margin-right: 0px; margin-bottom: 8px; margin-left: 0px; border: 0px; line-height: 32px; letter-spacing: 0px; -webkit-font-smoothing: antialiased;\"><font face=\"Arial\"><span style=\"font-size: 14px;\"><b><br \/><\/b><\/span><\/font><\/h3>\n<h3 style=\"vertical-align: baseline; font-style: inherit; font-size: 32px; outline: 0px; padding: 0px; margin-right: 0px; margin-bottom: 8px; margin-left: 0px; border: 0px; line-height: 32px; color: rgb(0, 0, 0); letter-spacing: 0px; -webkit-font-smoothing: antialiased;\"><font face=\"Arial\"><span style=\"font-size: 14px;\"><br \/><\/span><\/font><\/h3>\n<h3 style=\"vertical-align: baseline; font-style: inherit; font-size: 32px; outline: 0px; padding: 0px; margin-right: 0px; margin-bottom: 8px; margin-left: 0px; border: 0px; line-height: 32px; color: rgb(0, 0, 0); letter-spacing: 0px; -webkit-font-smoothing: antialiased;\"><font face=\"Arial\"><span style=\"font-size: 14px;\"><br \/><\/span><\/font><\/h3>\n<h3 style=\"vertical-align: baseline; font-style: inherit; font-size: 32px; outline: 0px; padding: 0px; margin-right: 0px; margin-bottom: 8px; margin-left: 0px; border: 0px; line-height: 32px; color: rgb(0, 0, 0); letter-spacing: 0px; -webkit-font-smoothing: antialiased;\"><font face=\"Arial\"><span style=\"font-size: 14px;\">Modo de uso e dosagem<\/span><\/font><\/h3>\n<p style=\"vertical-align: baseline; font-style: inherit; font-size: 17.5px; outline: 0px; padding: 0px; margin-bottom: 0px; border: 0px; -webkit-font-smoothing: subpixel-antialiased; letter-spacing: 1px; word-spacing: 2px;\"><font face=\"Arial\"><span style=\"font-size: 14px;\">Aplica\u00e7\u00e3o pour on na dose de 1 mL\/10 kg.<\/span><\/font><\/p>\n<\/div>\n<\/div>\n<div class=\"divider-wrap\" data-alignment=\"default\" style=\"vertical-align: baseline; font-size: 16px; outline: 0px; padding: 0px; margin: 0px; border: 0px;\">\n<div class=\"divider\" style=\"vertical-align: baseline; font-style: inherit; outline: 0px; padding: 0px; margin: 0px; border: 0px; height: 30px;\"><\/div>\n<\/div>\n<div class=\"wpb_text_column wpb_content_element \" style=\"vertical-align: baseline; font-size: 16px; outline: 0px; padding: 0px; margin: 0px; border: 0px;\">\n<div class=\"wpb_wrapper\" style=\"vertical-align: baseline; font-style: inherit; outline: 0px; padding: 0px; margin: 0px; border: 0px;\">\n<h3 style=\"vertical-align: baseline; font-style: inherit; font-size: 32px; outline: 0px; padding: 0px; margin-right: 0px; margin-bottom: 8px; margin-left: 0px; border: 0px; line-height: 32px; color: rgb(0, 0, 0); letter-spacing: 0px; -webkit-font-smoothing: antialiased;\"><font face=\"Arial\"><span style=\"font-size: 14px;\">Apresenta\u00e7\u00e3o<\/span><\/font><\/h3>\n<p style=\"vertical-align: baseline; font-style: inherit; font-size: 17.5px; outline: 0px; padding: 0px; margin-bottom: 0px; border: 0px; -webkit-font-smoothing: subpixel-antialiased; letter-spacing: 1px; word-spacing: 2px;\"><span class=\"apresentacao\" style=\"vertical-align: baseline; font-style: inherit; outline: 0px; padding: 0px; margin: 0px; border: 0px; line-height: 48px; font-size: 14px;\"><font face=\"Arial\" style=\"\">5000 mL<\/font><\/span><\/p>\n<\/div>\n<\/div>\n","protected":false},"excerpt":{"rendered":"<p>Vermifuga e controla os ectoparasitas de forma f\u00e1cil, eficaz e sem estresse no rebanho. Frigoboi Facilite \u00e9 um endectocida de alta efic\u00e1cia,<\/p>\n","protected":false},"featured_media":17086,"template":"","meta":{"_acf_changed":false},"product_brand":[957],"product_cat":[164,167],"product_tag":[501,805,797,806],"class_list":{"0":"post-17085","1":"product","2":"type-product","3":"status-publish","4":"has-post-thumbnail","6":"product_brand-j-a-saude-animal","7":"product_cat-bovinos-e-ovinos","8":"product_cat-vermifugos-e-carrapaticidas","9":"product_tag-carrapaticida","10":"product_tag-fio-do-lombo","11":"product_tag-ja-saude-animal","12":"product_tag-moscas","14":"first","15":"outofstock","16":"purchasable","17":"product-type-simple"},"acf":[],"_links":{"self":[{"href":"https:\/\/vetsul.com\/index.php\/wp-json\/wp\/v2\/product\/17085","targetHints":{"allow":["GET"]}}],"collection":[{"href":"https:\/\/vetsul.com\/index.php\/wp-json\/wp\/v2\/product"}],"about":[{"href":"https:\/\/vetsul.com\/index.php\/wp-json\/wp\/v2\/types\/product"}],"wp:featuredmedia":[{"embeddable":true,"href":"https:\/\/vetsul.com\/index.php\/wp-json\/wp\/v2\/media\/17086"}],"wp:attachment":[{"href":"https:\/\/vetsul.com\/index.php\/wp-json\/wp\/v2\/media?parent=17085"}],"wp:term":[{"taxonomy":"product_brand","embeddable":true,"href":"https:\/\/vetsul.com\/index.php\/wp-json\/wp\/v2\/product_brand?post=17085"},{"taxonomy":"product_cat","embeddable":true,"href":"https:\/\/vetsul.com\/index.php\/wp-json\/wp\/v2\/product_cat?post=17085"},{"taxonomy":"product_tag","embeddable":true,"href":"https:\/\/vetsul.com\/index.php\/wp-json\/wp\/v2\/product_tag?post=17085"}],"curies":[{"name":"wp","href":"https:\/\/api.w.org\/{rel}","templated":true}]}}