{"id":17079,"date":"2019-04-23T09:48:45","date_gmt":"2019-04-23T12:48:45","guid":{"rendered":"http:\/\/35.194.95.18\/wp-admin\/?post_type=product&#038;p=17079"},"modified":"2025-08-12T09:32:34","modified_gmt":"2025-08-12T12:32:34","slug":"turbo-c-lcio-500ml","status":"publish","type":"product","link":"https:\/\/vetsul.com\/index.php\/product\/turbo-c-lcio-500ml\/","title":{"rendered":"TURBO C\u00c1LCIO 500ML"},"content":{"rendered":"<p><span style=\"color: rgb(107, 110, 113); font-family: arial; font-size: 16px; letter-spacing: 0.4px; text-align: justify;\">O&nbsp;<\/span><strong style=\"margin: 0px; padding: 0px; border: 0px; outline: none; list-style: none; color: rgb(107, 110, 113); font-family: arial; font-size: 16px; letter-spacing: 0.4px; text-align: justify;\">Turbo&nbsp;Calcio<\/strong><span style=\"color: rgb(107, 110, 113); font-family: arial; font-size: 16px; letter-spacing: 0.4px; text-align: justify;\">&nbsp;\u00e9 indicado para o tratamento de Hipocalcemia (descalcifica\u00e7\u00e3o) e na suplementa\u00e7\u00e3o de minerais, de amino\u00e1cidos e en\u00e9rgico no bovinos.<\/span><\/p>\n<p style=\"margin-bottom: 10px; padding: 0px; border: 0px; outline: none; list-style: none; color: rgb(107, 110, 113); font-family: arial; font-size: 16px; letter-spacing: 0.4px; text-align: justify;\"><strong style=\"margin: 0px; padding: 0px; border: 0px; outline: none; list-style: none;\">F\u00d3RMULA<\/strong><\/p>\n<p style=\"margin-bottom: 10px; padding: 0px; border: 0px; outline: none; list-style: none; color: rgb(107, 110, 113); font-family: arial; font-size: 16px; letter-spacing: 0.4px; text-align: justify;\">Cada 100&nbsp;mL&nbsp;do produto cont\u00e9m:<\/p>\n<p style=\"margin-bottom: 10px; padding: 0px; border: 0px; outline: none; list-style: none; color: rgb(107, 110, 113); font-family: arial; font-size: 16px; letter-spacing: 0.4px; text-align: justify;\">Gluconato de C\u00e1lcio &#8230;&#8230;&#8230;&#8230;&#8230;&#8230;&#8230;&#8230;&#8230;&#8230;&#8230;&#8230;&#8230;&#8230;&#8230;&#8230;&#8230;&#8230;&#8230;&#8230;&#8230;&#8230;&#8230;&#8230;. 20,00 g<\/p>\n<p style=\"margin-bottom: 10px; padding: 0px; border: 0px; outline: none; list-style: none; color: rgb(107, 110, 113); font-family: arial; font-size: 16px; letter-spacing: 0.4px; text-align: justify;\">Glicerofosfato de C\u00e1lcio &#8230;&#8230;&#8230;&#8230;&#8230;&#8230;&#8230;&#8230;&#8230;&#8230;&#8230;&#8230;&#8230;&#8230;&#8230;&#8230;&#8230;&#8230;&#8230;&#8230;&#8230;&#8230;&#8230; 2,00 g<\/p>\n<p style=\"margin-bottom: 10px; padding: 0px; border: 0px; outline: none; list-style: none; color: rgb(107, 110, 113); font-family: arial; font-size: 16px; letter-spacing: 0.4px; text-align: justify;\">Cloreto de Magn\u00e9sio &#8230;&#8230;&#8230;&#8230;&#8230;&#8230;&#8230;&#8230;&#8230;&#8230;&#8230;&#8230;&#8230;&#8230;&#8230;&#8230;&#8230;&#8230;&#8230;&#8230;&#8230;&#8230;&#8230;&#8230;.. 6,00 g<\/p>\n<p style=\"margin-bottom: 10px; padding: 0px; border: 0px; outline: none; list-style: none; color: rgb(107, 110, 113); font-family: arial; font-size: 16px; letter-spacing: 0.4px; text-align: justify;\">Cloridrato de Tiamina (Vitamina&nbsp;B1) &#8230;&#8230;&#8230;&#8230;&#8230;&#8230;&#8230;&#8230;&#8230;&#8230;&#8230;&#8230;&#8230;&#8230;&#8230;&#8230;&#8230; 0,06 g<\/p>\n<p style=\"margin-bottom: 10px; padding: 0px; border: 0px; outline: none; list-style: none; color: rgb(107, 110, 113); font-family: arial; font-size: 16px; letter-spacing: 0.4px; text-align: justify;\">Sorbitol&#8230;&#8230;&#8230;&#8230;&#8230;&#8230;&#8230;&#8230;&#8230;&#8230;&#8230;&#8230;&#8230;&#8230;&#8230;&#8230;&#8230;&#8230;&#8230;&#8230;&#8230;&#8230;&#8230;&#8230;&#8230;&#8230;&#8230;&#8230;&#8230;&#8230;&#8230;.. 4,20 g<\/p>\n<p style=\"margin-bottom: 10px; padding: 0px; border: 0px; outline: none; list-style: none; color: rgb(107, 110, 113); font-family: arial; font-size: 16px; letter-spacing: 0.4px; text-align: justify;\">DL Metionina &#8230;&#8230;&#8230;&#8230;&#8230;&#8230;&#8230;&#8230;&#8230;&#8230;&#8230;&#8230;&#8230;&#8230;&#8230;&#8230;&#8230;&#8230;&#8230;&#8230;&#8230;&#8230;&#8230;&#8230;&#8230;&#8230;&#8230;&#8230;.. 0,30 g<\/p>\n<p style=\"margin-bottom: 10px; padding: 0px; border: 0px; outline: none; list-style: none; color: rgb(107, 110, 113); font-family: arial; font-size: 16px; letter-spacing: 0.4px; text-align: justify;\">DL Acetil Metionina &#8230;&#8230;&#8230;&#8230;&#8230;&#8230;&#8230;&#8230;&#8230;&#8230;&#8230;&#8230;&#8230;&#8230;&#8230;&#8230;&#8230;&#8230;&#8230;&#8230;&#8230;&#8230;&#8230;&#8230;&#8230;.. 0,90 g<\/p>\n<p style=\"margin-bottom: 10px; padding: 0px; border: 0px; outline: none; list-style: none; color: rgb(107, 110, 113); font-family: arial; font-size: 16px; letter-spacing: 0.4px; text-align: justify;\">Ve\u00edculo q.s.p. &#8230;&#8230;&#8230;&#8230;&#8230;&#8230;&#8230;&#8230;&#8230;&#8230;&#8230;&#8230;&#8230;&#8230;&#8230;&#8230;&#8230;&#8230;&#8230;&#8230;&#8230;&#8230;&#8230;&#8230;&#8230;&#8230;&#8230; 100,00&nbsp;mL<\/p>\n<p style=\"margin-bottom: 10px; padding: 0px; border: 0px; outline: none; list-style: none; color: rgb(107, 110, 113); font-family: arial; font-size: 16px; letter-spacing: 0.4px; text-align: justify;\">&nbsp;<\/p>\n<p style=\"margin-bottom: 10px; padding: 0px; border: 0px; outline: none; list-style: none; color: rgb(107, 110, 113); font-family: arial; font-size: 16px; letter-spacing: 0.4px; text-align: justify;\"><strong style=\"margin: 0px; padding: 0px; border: 0px; outline: none; list-style: none;\">INFORMA\u00c7\u00d5ES T\u00c9CNICAS<\/strong><\/p>\n<p style=\"margin-bottom: 10px; padding: 0px; border: 0px; outline: none; list-style: none; color: rgb(107, 110, 113); font-family: arial; font-size: 16px; letter-spacing: 0.4px; text-align: justify;\">O&nbsp;TURBOC\u00c1LCIO&nbsp;\u00e9 uma solu\u00e7\u00e3o injet\u00e1vel, pronta para o uso, contendo C\u00e1lcio, F\u00f3sforo, Magn\u00e9sio, Tiamina (Vitamina&nbsp;B1), Sorbitol e Metionina, indicado o tratamento da hipocalcemia e na suplementa\u00e7\u00e3o de minerais, de amino\u00e1cidos e energ\u00e9tico nos bovinos. O C\u00e1lcio \u00e9 elemento essencial na forma\u00e7\u00e3o e manuten\u00e7\u00e3o do sistema \u00f3sseo. Exerce ainda papel fundamental na permeabilidade celular, na coagula\u00e7\u00e3o sangu\u00ednea e \u00e9 parte integrante do cimento intercelular. Atua tamb\u00e9m como remineralizante na forma\u00e7\u00e3o \u00f3ssea, na prenhez, na produ\u00e7\u00e3o de leite, e etc. O papel do F\u00f3sforo no organismo animal \u00e9 de grande import\u00e2ncia para o desenvolvimento do animal jovem e manuten\u00e7\u00e3o do animal adulto. Est\u00e1 presente em todas as membranas celulares, integra a estrutura dos ossos e dentes, participa ativamente do metabolismo de glic\u00eddios, atua na contra\u00e7\u00e3o muscular, \u00e9 respons\u00e1vel por ativar enzimas e manter o balan\u00e7o \u00e1cido-b\u00e1sico do organismo. O Cloreto de Magn\u00e9sio est\u00e1 inclu\u00eddo na formula\u00e7\u00e3o, pois defici\u00eancias agudas e cr\u00f4nicas de C\u00e1lcio normalmente v\u00eam acompanhadas da defici\u00eancia de Magn\u00e9sio, o que agrava o quadro de hipocalcemia. Tamb\u00e9m estimula a produ\u00e7\u00e3o de anticorpos, sendo indispens\u00e1vel quando em presen\u00e7a de doen\u00e7as infecciosas, nos quadros de debilidade, esgotamento, envenenamento e intoxica\u00e7\u00f5es, bem como nos casos de infertilidade ligados a car\u00eancia desse mineral. A Vitamina&nbsp;B1&nbsp;\u00e9 importante na transforma\u00e7\u00e3o de carboidratos em lip\u00eddeos, atua como coenzima no metabolismo energ\u00e9tico e da glicose, fazendo a convers\u00e3o de glicose em gorduras. Atua na manuten\u00e7\u00e3o do apetite e funcionamento normal do sistema nervoso, m\u00fasculo e cora\u00e7\u00e3o. O Sorbitol atua como fonte de energia, restabelece rapidamente o equil\u00edbrio \u00e1cido-b\u00e1sico e contribui na preven\u00e7\u00e3o das insufici\u00eancias hep\u00e1ticas decorrentes de intoxica\u00e7\u00f5es alimentares, medicamentosas, paresias grav\u00eddicas do parto, da lacta\u00e7\u00e3o ou tetanias. A Metionina \u00e9 um amino\u00e1cido de elei\u00e7\u00e3o nas intoxica\u00e7\u00f5es, constituindo-se em excelente hepatoprotetor com propriedades antit\u00f3xicas, pois sendo doadora da radical metila, favorece a metila\u00e7\u00e3o de diferentes agentes qu\u00edmicos, com a finalidade de elimin\u00e1-los do organismo.<\/p>\n<p style=\"margin-bottom: 10px; padding: 0px; border: 0px; outline: none; list-style: none; color: rgb(107, 110, 113); font-family: arial; font-size: 16px; letter-spacing: 0.4px; text-align: justify;\"><strong style=\"margin: 0px; padding: 0px; border: 0px; outline: none; list-style: none;\">&nbsp;<\/strong><\/p>\n<p style=\"margin-bottom: 10px; padding: 0px; border: 0px; outline: none; list-style: none; color: rgb(107, 110, 113); font-family: arial; font-size: 16px; letter-spacing: 0.4px; text-align: justify;\"><strong style=\"margin: 0px; padding: 0px; border: 0px; outline: none; list-style: none;\">INDICA\u00c7\u00d5ES<\/strong><\/p>\n<p style=\"margin-bottom: 10px; padding: 0px; border: 0px; outline: none; list-style: none; color: rgb(107, 110, 113); font-family: arial; font-size: 16px; letter-spacing: 0.4px; text-align: justify;\">O&nbsp;TURBOC\u00c1LCIO&nbsp;\u00e9 indicado para o tratamento da hipocalcemia e na suplementa\u00e7\u00e3o de minerais, de amino\u00e1cidos e energ\u00e9tico nos bovinos.<\/p>\n<p style=\"margin-bottom: 10px; padding: 0px; border: 0px; outline: none; list-style: none; color: rgb(107, 110, 113); font-family: arial; font-size: 16px; letter-spacing: 0.4px; text-align: justify;\"><strong style=\"margin: 0px; padding: 0px; border: 0px; outline: none; list-style: none;\">&nbsp;<\/strong><\/p>\n<p style=\"margin-bottom: 10px; padding: 0px; border: 0px; outline: none; list-style: none; color: rgb(107, 110, 113); font-family: arial; font-size: 16px; letter-spacing: 0.4px; text-align: justify;\"><strong style=\"margin: 0px; padding: 0px; border: 0px; outline: none; list-style: none;\">MODO DE USO E DOSAGEM<\/strong><\/p>\n<p style=\"margin-bottom: 10px; padding: 0px; border: 0px; outline: none; list-style: none; color: rgb(107, 110, 113); font-family: arial; font-size: 16px; letter-spacing: 0.4px; text-align: justify;\">O TURBOC\u00c1LCIO deve ser administrado em dose \u00fanica, lentamente pela via intravenosa, utilizando equipo e agulha est\u00e9ril, na dose de 1 mL por kg de peso vivo. Ap\u00f3s o uso o restante deve ser descartado.<\/p>\n<p style=\"margin-bottom: 10px; padding: 0px; border: 0px; outline: none; list-style: none; color: rgb(107, 110, 113); font-family: arial; font-size: 16px; letter-spacing: 0.4px; text-align: justify;\"><strong style=\"margin: 0px; padding: 0px; border: 0px; outline: none; list-style: none;\">PRECAU\u00c7\u00d5ES E ADVERT\u00caNCIAS<\/strong><\/p>\n<p style=\"margin-bottom: 10px; padding: 0px; border: 0px; outline: none; list-style: none; color: rgb(107, 110, 113); font-family: arial; font-size: 16px; letter-spacing: 0.4px; text-align: justify;\">A administra\u00e7\u00e3o intravenosa deve ser realizada lentamente, monitorando os batimentos card\u00edacos durante o per\u00edodo de administra\u00e7\u00e3o, pois a aplica\u00e7\u00e3o intravenosa r\u00e1pida pode causar hipotens\u00e3o, arritmias e parada card\u00edaca.<\/p>\n<p style=\"margin-bottom: 10px; padding: 0px; border: 0px; outline: none; list-style: none; color: rgb(107, 110, 113); font-family: arial; font-size: 16px; letter-spacing: 0.4px; text-align: justify;\">Obedecer \u00e0 dosagem indicada para a aplica\u00e7\u00e3o do produto.<\/p>\n<p style=\"margin-bottom: 10px; padding: 0px; border: 0px; outline: none; list-style: none; color: rgb(107, 110, 113); font-family: arial; font-size: 16px; letter-spacing: 0.4px; text-align: justify;\">Utilizar equipo pr\u00f3prio para a aplica\u00e7\u00e3o intravenosa lenta.<\/p>\n<p style=\"margin-bottom: 10px; padding: 0px; border: 0px; outline: none; list-style: none; color: rgb(107, 110, 113); font-family: arial; font-size: 16px; letter-spacing: 0.4px; text-align: justify;\">&nbsp;<\/p>\n<p style=\"margin-bottom: 10px; padding: 0px; border: 0px; outline: none; list-style: none; color: rgb(107, 110, 113); font-family: arial; font-size: 16px; letter-spacing: 0.4px; text-align: justify;\"><strong style=\"margin: 0px; padding: 0px; border: 0px; outline: none; list-style: none;\">EFEITOS COLATERAIS<\/strong><\/p>\n<p style=\"margin-bottom: 10px; padding: 0px; border: 0px; outline: none; list-style: none; color: rgb(107, 110, 113); font-family: arial; font-size: 16px; letter-spacing: 0.4px; text-align: justify;\">A administra\u00e7\u00e3o do medicamento pode resultar, em alguns animais, arritmias card\u00edacas, taquicardia, bradicardia e tremores musculares, que desaparecem em alguns minutos ap\u00f3s a suspens\u00e3o do medicamento. Assim que os batimentos card\u00edacos voltarem ao normal pode-se retornar a administra\u00e7\u00e3o lentamente. A cardiotoxicidade do C\u00e1lcio pode ser revertida com o uso de 8 a 10 mg de Sulfato de Atropina, independente do peso do animal, em dose \u00fanica pela via intravenosa.<\/p>\n<p style=\"margin-bottom: 10px; padding: 0px; border: 0px; outline: none; list-style: none; color: rgb(107, 110, 113); font-family: arial; font-size: 16px; letter-spacing: 0.4px; text-align: justify;\">&nbsp;<\/p>\n<p style=\"margin-bottom: 10px; padding: 0px; border: 0px; outline: none; list-style: none; color: rgb(107, 110, 113); font-family: arial; font-size: 16px; letter-spacing: 0.4px; text-align: justify;\"><strong style=\"margin: 0px; padding: 0px; border: 0px; outline: none; list-style: none;\">CONTRAINDICA\u00c7\u00d5ES<\/strong><\/p>\n<p style=\"margin-bottom: 10px; padding: 0px; border: 0px; outline: none; list-style: none; color: rgb(107, 110, 113); font-family: arial; font-size: 16px; letter-spacing: 0.4px; text-align: justify;\">O produto \u00e9 contraindicado em pacientes com conhecida hipersensibilidade aos componentes da formula\u00e7\u00e3o. O produto n\u00e3o deve ser aplicado em animais com bloqueio card\u00edaco e insufici\u00eancia renal grave.<\/p>\n<p style=\"margin-bottom: 10px; padding: 0px; border: 0px; outline: none; list-style: none; color: rgb(107, 110, 113); font-family: arial; font-size: 16px; letter-spacing: 0.4px; text-align: justify;\">&nbsp;<\/p>\n<p style=\"margin-bottom: 10px; padding: 0px; border: 0px; outline: none; list-style: none; color: rgb(107, 110, 113); font-family: arial; font-size: 16px; letter-spacing: 0.4px; text-align: justify;\"><strong style=\"margin: 0px; padding: 0px; border: 0px; outline: none; list-style: none;\">INTERA\u00c7\u00d5ES MEDICAMENTOSAS<\/strong><\/p>\n<p style=\"margin-bottom: 10px; padding: 0px; border: 0px; outline: none; list-style: none; color: rgb(107, 110, 113); font-family: arial; font-size: 16px; letter-spacing: 0.4px; text-align: justify;\">O Gluconato de C\u00e1lcio \u00e9 incompat\u00edvel em uso concomitante com solu\u00e7\u00f5es endovenosas que contenham as seguintes drogas: E.D.T.A., Cefalotina, Nitrofurantina, Bicarbonato de S\u00f3dio, Tetraciclinas e Estreptomicina.<\/p>\n<p style=\"margin-bottom: 10px; padding: 0px; border: 0px; outline: none; list-style: none; color: rgb(107, 110, 113); font-family: arial; font-size: 16px; letter-spacing: 0.4px; text-align: justify;\"><strong style=\"margin: 0px; padding: 0px; border: 0px; outline: none; list-style: none;\">&nbsp;<\/strong><\/p>\n<p style=\"margin-bottom: 10px; padding: 0px; border: 0px; outline: none; list-style: none; color: rgb(107, 110, 113); font-family: arial; font-size: 16px; letter-spacing: 0.4px; text-align: justify;\"><strong style=\"margin: 0px; padding: 0px; border: 0px; outline: none; list-style: none;\">CONDI\u00c7\u00d5ES DE ARMAZENAMENTO<\/strong><\/p>\n<p style=\"margin-bottom: 10px; padding: 0px; border: 0px; outline: none; list-style: none; color: rgb(107, 110, 113); font-family: arial; font-size: 16px; letter-spacing: 0.4px; text-align: justify;\">Conservar em local seco e fresco, \u00e0 temperatura ambiente entre 15 \u00baC e&nbsp;&nbsp;&nbsp;&nbsp;&nbsp;&nbsp; 30 \u00baC, ao abrigo da luz solar, fora do alcance de crian\u00e7as e animais dom\u00e9sticos.<\/p>\n<p><\/p>\n","protected":false},"excerpt":{"rendered":"<p>O&nbsp;Turbo&nbsp;Calcio&nbsp;\u00e9 indicado para o tratamento de Hipocalcemia (descalcifica\u00e7\u00e3o) e na suplementa\u00e7\u00e3o de minerais, de amino\u00e1cidos e en\u00e9rgico no bovinos. F\u00d3RMULA Cada 100&nbsp;mL&nbsp;do<\/p>\n","protected":false},"featured_media":17080,"template":"","meta":{"_acf_changed":false},"product_brand":[957],"product_cat":[164,163,173,178],"product_tag":[796,797,795],"class_list":{"0":"post-17079","1":"product","2":"type-product","3":"status-publish","4":"has-post-thumbnail","6":"product_brand-j-a-saude-animal","7":"product_cat-bovinos-e-ovinos","8":"product_cat-equinos","9":"product_cat-suplementos-e-vitaminas","10":"product_cat-suplementos-e-vitaminas-2","11":"product_tag-fortificante","12":"product_tag-ja-saude-animal","13":"product_tag-vitaminas","15":"first","16":"instock","17":"purchasable","18":"product-type-simple"},"acf":[],"_links":{"self":[{"href":"https:\/\/vetsul.com\/index.php\/wp-json\/wp\/v2\/product\/17079","targetHints":{"allow":["GET"]}}],"collection":[{"href":"https:\/\/vetsul.com\/index.php\/wp-json\/wp\/v2\/product"}],"about":[{"href":"https:\/\/vetsul.com\/index.php\/wp-json\/wp\/v2\/types\/product"}],"wp:featuredmedia":[{"embeddable":true,"href":"https:\/\/vetsul.com\/index.php\/wp-json\/wp\/v2\/media\/17080"}],"wp:attachment":[{"href":"https:\/\/vetsul.com\/index.php\/wp-json\/wp\/v2\/media?parent=17079"}],"wp:term":[{"taxonomy":"product_brand","embeddable":true,"href":"https:\/\/vetsul.com\/index.php\/wp-json\/wp\/v2\/product_brand?post=17079"},{"taxonomy":"product_cat","embeddable":true,"href":"https:\/\/vetsul.com\/index.php\/wp-json\/wp\/v2\/product_cat?post=17079"},{"taxonomy":"product_tag","embeddable":true,"href":"https:\/\/vetsul.com\/index.php\/wp-json\/wp\/v2\/product_tag?post=17079"}],"curies":[{"name":"wp","href":"https:\/\/api.w.org\/{rel}","templated":true}]}}